{"id":1140,"date":"2022-02-10T15:38:45","date_gmt":"2022-02-10T15:38:45","guid":{"rendered":"http:\/\/phukienphattai.com\/?page_id=1140"},"modified":"2025-04-01T06:56:57","modified_gmt":"2025-04-01T06:56:57","slug":"bang-gia-in-uv-phang","status":"publish","type":"page","link":"https:\/\/phukienphattai.com\/?page_id=1140","title":{"rendered":"B\u1ea2NG GI\u00c1 IN GIA C\u00d4NG"},"content":{"rendered":"\n<p>Nhu c\u1ea7u s\u1eed d\u1ee5ng nh\u1eefng s\u1ea3n ph\u1ea9m in uv gi\u00e1 r\u1ebb ng\u00e0y nay c\u1ee7a kh\u00e1ch h\u00e0ng \u0111ang ng\u00e0y c\u00e0ng t\u0103ng cao. Kh\u00f4ng ch\u1ec9 trong l\u0129nh v\u1ef1c trang tr\u00ed nh\u00e0 c\u1eeda m\u00e0 c\u00f2n n\u1eb1m trong l\u0129nh v\u1ef1c qu\u1ea3ng c\u00e1o ho\u1eb7c ti\u1ebfp th\u1ecb.<\/p>\n\n\n\n<p>B\u1ea1n \u0111ang b\u0103n kho\u0103n li\u1ec7u v\u1eadt li\u1ec7u c\u1ee7a b\u1ea1n c\u00f3 th\u1ec3 \u1ee9ng d\u1ee5ng in uv \u0111\u01b0\u1ee3c kh\u00f4ng? Th\u1ef1c ch\u1ea5t b\u1ea1n c\u00f3 th\u1ec3 in uv tr\u00ean m\u1ecdi ch\u1ea5t li\u1ec7u m\u00e0 b\u1ea1n mu\u1ed1n in \u1ea5n l\u00ean \u0111\u1ea5y nh\u01b0: kim lo\u1ea1i, nh\u1ef1a, g\u1ed7, mica,\u2026 cho \u0111\u1ebfn c\u00e1c v\u1eadt li\u1ec7u kh\u00f3 in \u1ea5n nh\u01b0: k\u00ednh, g\u1ea1ch men,\u2026 b\u1ea1n \u0111\u1ec1u c\u00f3 th\u1ec3 th\u1ef1c hi\u1ec7n in \u1ea5n m\u1ed9t c\u00e1ch \u0111\u01a1n gi\u1ea3n.<\/p>\n\n\n\n<p><strong>* L\u01b0u \u00fd:<\/strong><\/p>\n\n\n\n<p>&#8211; V\u1eadt li\u1ec7u ch\u00fang t\u00f4i cung c\u1ea5p s\u1ebd \u0111\u01b0\u1ee3c t\u00ednh theo th\u1eddi gi\u00e1 th\u1ecb tr\u01b0\u1eddng<\/p>\n\n\n\n<p>&#8211; Gi\u00e1 gia c\u00f4ng th\u00eam nh\u01b0: c\u1eaft h\u00ecnh theo y\u00eau c\u1ea7u, kho\u00e9t l\u1ed7,.v.v&#8230; s\u1ebd \u0111\u01b0\u1ee3c t\u00ednh ri\u00eang theo t\u1eebng s\u1ea3n ph\u1ea9m<\/p>\n\n\n\n<p><\/p>\n\n\n\n<p><\/p>\n\n\n\n<p class=\"has-medium-font-size\"><strong>B\u1ea2NG GI\u00c1<\/strong><\/p>\n\n\n\n<p>\u0110ang c\u1eadp nh\u1eadt&#8230;.<\/p>\n","protected":false},"excerpt":{"rendered":"<p>Nhu c\u1ea7u s\u1eed d\u1ee5ng nh\u1eefng s\u1ea3n ph\u1ea9m in uv gi\u00e1 r\u1ebb ng\u00e0y nay c\u1ee7a kh\u00e1ch h\u00e0ng \u0111ang ng\u00e0y c\u00e0ng t\u0103ng cao. Kh\u00f4ng ch\u1ec9 trong l\u0129nh v\u1ef1c trang tr\u00ed nh\u00e0 c\u1eeda m\u00e0 c\u00f2n n\u1eb1m trong l\u0129nh v\u1ef1c qu\u1ea3ng c\u00e1o ho\u1eb7c ti\u1ebfp th\u1ecb. B\u1ea1n \u0111ang b\u0103n kho\u0103n li\u1ec7u v\u1eadt li\u1ec7u c\u1ee7a b\u1ea1n c\u00f3 th\u1ec3 \u1ee9ng d\u1ee5ng in &hellip; <\/p>\n","protected":false},"author":1,"featured_media":0,"parent":0,"menu_order":0,"comment_status":"closed","ping_status":"closed","template":"","meta":{"footnotes":""},"class_list":["post-1140","page","type-page","status-publish","hentry","latest_post"],"_links":{"self":[{"href":"https:\/\/phukienphattai.com\/index.php?rest_route=\/wp\/v2\/pages\/1140","targetHints":{"allow":["GET"]}}],"collection":[{"href":"https:\/\/phukienphattai.com\/index.php?rest_route=\/wp\/v2\/pages"}],"about":[{"href":"https:\/\/phukienphattai.com\/index.php?rest_route=\/wp\/v2\/types\/page"}],"author":[{"embeddable":true,"href":"https:\/\/phukienphattai.com\/index.php?rest_route=\/wp\/v2\/users\/1"}],"replies":[{"embeddable":true,"href":"https:\/\/phukienphattai.com\/index.php?rest_route=%2Fwp%2Fv2%2Fcomments&post=1140"}],"version-history":[{"count":2,"href":"https:\/\/phukienphattai.com\/index.php?rest_route=\/wp\/v2\/pages\/1140\/revisions"}],"predecessor-version":[{"id":7811,"href":"https:\/\/phukienphattai.com\/index.php?rest_route=\/wp\/v2\/pages\/1140\/revisions\/7811"}],"wp:attachment":[{"href":"https:\/\/phukienphattai.com\/index.php?rest_route=%2Fwp%2Fv2%2Fmedia&parent=1140"}],"curies":[{"name":"wp","href":"https:\/\/api.w.org\/{rel}","templated":true}]}}