{"id":563,"date":"2021-12-13T04:15:18","date_gmt":"2021-12-13T04:15:18","guid":{"rendered":"https:\/\/blockart-agency.sites.qsandbox.com\/?page_id=563"},"modified":"2025-04-01T07:29:17","modified_gmt":"2025-04-01T07:29:17","slug":"about","status":"publish","type":"page","link":"https:\/\/phukienphattai.com\/?page_id=563","title":{"rendered":"V\u1ec0 CH\u00daNG T\u00d4I"},"content":{"rendered":"\t\t<div data-elementor-type=\"wp-page\" data-elementor-id=\"563\" class=\"elementor elementor-563\">\n\t\t\t\t\t\t<section class=\"elementor-section elementor-top-section elementor-element elementor-element-61278830 elementor-section-boxed elementor-section-height-default elementor-section-height-default\" data-id=\"61278830\" data-element_type=\"section\">\n\t\t\t\t\t\t<div class=\"elementor-container elementor-column-gap-default\">\n\t\t\t\t\t<div class=\"elementor-column elementor-col-100 elementor-top-column elementor-element elementor-element-6256cc8b\" data-id=\"6256cc8b\" data-element_type=\"column\">\n\t\t\t<div class=\"elementor-widget-wrap elementor-element-populated\">\n\t\t\t\t\t\t<div class=\"elementor-element elementor-element-734a1011 elementor-widget elementor-widget-text-editor\" data-id=\"734a1011\" data-element_type=\"widget\" data-widget_type=\"text-editor.default\">\n\t\t\t\t<div class=\"elementor-widget-container\">\n\t\t\t\t\t\t\t\t\t<div>\n<p><span style=\"color: #ff0000;\">X\u01b0\u1edfng in Ph\u00e1t T\u00e0i<\/span><\/p>\n<p><span style=\"color: #000000;\"><strong>Chuy\u00ean:\u00a0<\/strong><br \/>&#8211; c\u00e1c m\u1eabu b\u1ea3ng c\u01b0\u1edbi Hot Trend: b\u1ea3ng welcome, b\u1ea3ng gia ti\u00ean, hashtag c\u1ea7m tay, nh\u00e3n d\u00e1n chai n\u01b0\u1edbc,&#8230;<br \/>&#8211; trang tr\u00ed sinh nh\u1eadt: chibi, b\u1ea3ng welcome, t\u00ean backdrop,&#8230;<br \/>&#8211; thi\u1ec7p c\u01b0\u1edbi gi\u00e1 r\u1ebb<br \/>&#8211; danh thi\u1ebfp, decal, tem nh\u00e3n, ho\u00e1 \u0111\u01a1n,&#8230;<br \/>&#8211; cung c\u1ea5p v\u1eadt t\u01b0 qu\u1ea3ng c\u00e1o: fomex, decal, pp, b\u1ea1t,&#8230;<\/span><\/p>\n<p><span style=\"color: #000000;\">\u00a0<\/span><\/p>\n<\/div>\n<p><strong>Li\u00ean h\u1ec7:<\/strong><br \/>Hotline: 0963.90.6363<br \/>Zalo: 097.709.6363<br \/>\u0110C: 47, QL50, \u1ea5p 4, x\u00e3 \u0110\u1ea1o Th\u1ea1nh, TP M\u1ef9 Tho, t\u1ec9nh Ti\u1ec1n Giang<\/p>\n<p><!-- \/wp:blockart\/section --><\/p>\t\t\t\t\t\t\t\t<\/div>\n\t\t\t\t<\/div>\n\t\t\t\t\t<\/div>\n\t\t<\/div>\n\t\t\t\t\t<\/div>\n\t\t<\/section>\n\t\t\t\t<\/div>\n\t\t","protected":false},"excerpt":{"rendered":"<p>X\u01b0\u1edfng in Ph\u00e1t T\u00e0i Chuy\u00ean:&nbsp; &#8211; c\u00e1c m\u1eabu b\u1ea3ng c\u01b0\u1edbi Hot Trend: b\u1ea3ng welcome, b\u1ea3ng gia ti\u00ean, hashtag c\u1ea7m tay, nh\u00e3n d\u00e1n chai n\u01b0\u1edbc,&#8230; &#8211; trang tr\u00ed sinh nh\u1eadt: chibi, b\u1ea3ng welcome, t\u00ean backdrop,&#8230; &#8211; thi\u1ec7p c\u01b0\u1edbi gi\u00e1 r\u1ebb &#8211; danh thi\u1ebfp, decal, tem nh\u00e3n, ho\u00e1 \u0111\u01a1n,&#8230; &#8211; cung c\u1ea5p v\u1eadt t\u01b0 qu\u1ea3ng c\u00e1o: fomex, &hellip; <\/p>\n","protected":false},"author":1,"featured_media":0,"parent":0,"menu_order":0,"comment_status":"closed","ping_status":"closed","template":"","meta":{"footnotes":""},"class_list":["post-563","page","type-page","status-publish","hentry","latest_post"],"_links":{"self":[{"href":"https:\/\/phukienphattai.com\/index.php?rest_route=\/wp\/v2\/pages\/563","targetHints":{"allow":["GET"]}}],"collection":[{"href":"https:\/\/phukienphattai.com\/index.php?rest_route=\/wp\/v2\/pages"}],"about":[{"href":"https:\/\/phukienphattai.com\/index.php?rest_route=\/wp\/v2\/types\/page"}],"author":[{"embeddable":true,"href":"https:\/\/phukienphattai.com\/index.php?rest_route=\/wp\/v2\/users\/1"}],"replies":[{"embeddable":true,"href":"https:\/\/phukienphattai.com\/index.php?rest_route=%2Fwp%2Fv2%2Fcomments&post=563"}],"version-history":[{"count":17,"href":"https:\/\/phukienphattai.com\/index.php?rest_route=\/wp\/v2\/pages\/563\/revisions"}],"predecessor-version":[{"id":7819,"href":"https:\/\/phukienphattai.com\/index.php?rest_route=\/wp\/v2\/pages\/563\/revisions\/7819"}],"wp:attachment":[{"href":"https:\/\/phukienphattai.com\/index.php?rest_route=%2Fwp%2Fv2%2Fmedia&parent=563"}],"curies":[{"name":"wp","href":"https:\/\/api.w.org\/{rel}","templated":true}]}}