{"id":1492,"date":"2022-02-12T15:30:26","date_gmt":"2022-02-12T15:30:26","guid":{"rendered":"http:\/\/phukienphattai.com\/?post_type=product&#038;p=1492"},"modified":"2022-02-12T15:30:26","modified_gmt":"2022-02-12T15:30:26","slug":"lich-de-ban-in-hinh-theo-yeu-cau","status":"publish","type":"product","link":"https:\/\/phukienphattai.com\/?product=lich-de-ban-in-hinh-theo-yeu-cau","title":{"rendered":"L\u1ecbch \u0111\u1ec3 b\u00e0n in h\u00ecnh theo y\u00eau c\u1ea7u"},"content":{"rendered":"<p><img fetchpriority=\"high\" decoding=\"async\" class=\"alignnone size-full wp-image-1500\" src=\"https:\/\/phukienphattai.com\/wp-content\/uploads\/2022\/02\/lich8.jpg\" alt=\"\" width=\"1200\" height=\"1200\" srcset=\"https:\/\/phukienphattai.com\/wp-content\/uploads\/2022\/02\/lich8.jpg 1200w, https:\/\/phukienphattai.com\/wp-content\/uploads\/2022\/02\/lich8-300x300.jpg 300w, https:\/\/phukienphattai.com\/wp-content\/uploads\/2022\/02\/lich8-1024x1024.jpg 1024w, https:\/\/phukienphattai.com\/wp-content\/uploads\/2022\/02\/lich8-150x150.jpg 150w, https:\/\/phukienphattai.com\/wp-content\/uploads\/2022\/02\/lich8-768x768.jpg 768w, https:\/\/phukienphattai.com\/wp-content\/uploads\/2022\/02\/lich8-860x860.jpg 860w, https:\/\/phukienphattai.com\/wp-content\/uploads\/2022\/02\/lich8-400x400.jpg 400w, https:\/\/phukienphattai.com\/wp-content\/uploads\/2022\/02\/lich8-600x600.jpg 600w, https:\/\/phukienphattai.com\/wp-content\/uploads\/2022\/02\/lich8-100x100.jpg 100w\" sizes=\"(max-width: 1200px) 100vw, 1200px\" \/> <img decoding=\"async\" class=\"alignnone size-full wp-image-1501\" src=\"https:\/\/phukienphattai.com\/wp-content\/uploads\/2022\/02\/lich7.jpg\" alt=\"\" width=\"1200\" height=\"1200\" srcset=\"https:\/\/phukienphattai.com\/wp-content\/uploads\/2022\/02\/lich7.jpg 1200w, https:\/\/phukienphattai.com\/wp-content\/uploads\/2022\/02\/lich7-300x300.jpg 300w, https:\/\/phukienphattai.com\/wp-content\/uploads\/2022\/02\/lich7-1024x1024.jpg 1024w, https:\/\/phukienphattai.com\/wp-content\/uploads\/2022\/02\/lich7-150x150.jpg 150w, https:\/\/phukienphattai.com\/wp-content\/uploads\/2022\/02\/lich7-768x768.jpg 768w, https:\/\/phukienphattai.com\/wp-content\/uploads\/2022\/02\/lich7-860x860.jpg 860w, https:\/\/phukienphattai.com\/wp-content\/uploads\/2022\/02\/lich7-400x400.jpg 400w, https:\/\/phukienphattai.com\/wp-content\/uploads\/2022\/02\/lich7-600x600.jpg 600w, https:\/\/phukienphattai.com\/wp-content\/uploads\/2022\/02\/lich7-100x100.jpg 100w\" sizes=\"(max-width: 1200px) 100vw, 1200px\" \/><img decoding=\"async\" class=\"alignnone size-full wp-image-1493\" src=\"https:\/\/phukienphattai.com\/wp-content\/uploads\/2022\/02\/lichdebanmau1-scaled.jpg\" alt=\"\" width=\"1097\" height=\"2560\" srcset=\"https:\/\/phukienphattai.com\/wp-content\/uploads\/2022\/02\/lichdebanmau1-scaled.jpg 1097w, https:\/\/phukienphattai.com\/wp-content\/uploads\/2022\/02\/lichdebanmau1-129x300.jpg 129w, https:\/\/phukienphattai.com\/wp-content\/uploads\/2022\/02\/lichdebanmau1-439x1024.jpg 439w, https:\/\/phukienphattai.com\/wp-content\/uploads\/2022\/02\/lichdebanmau1-768x1793.jpg 768w, https:\/\/phukienphattai.com\/wp-content\/uploads\/2022\/02\/lichdebanmau1-658x1536.jpg 658w, https:\/\/phukienphattai.com\/wp-content\/uploads\/2022\/02\/lichdebanmau1-877x2048.jpg 877w, https:\/\/phukienphattai.com\/wp-content\/uploads\/2022\/02\/lichdebanmau1-600x1401.jpg 600w\" sizes=\"(max-width: 1097px) 100vw, 1097px\" \/> <img loading=\"lazy\" decoding=\"async\" class=\"alignnone size-full wp-image-1494\" src=\"https:\/\/phukienphattai.com\/wp-content\/uploads\/2022\/02\/lichdebanmau2-scaled.jpg\" alt=\"\" width=\"1097\" height=\"2560\" srcset=\"https:\/\/phukienphattai.com\/wp-content\/uploads\/2022\/02\/lichdebanmau2-scaled.jpg 1097w, https:\/\/phukienphattai.com\/wp-content\/uploads\/2022\/02\/lichdebanmau2-129x300.jpg 129w, https:\/\/phukienphattai.com\/wp-content\/uploads\/2022\/02\/lichdebanmau2-439x1024.jpg 439w, https:\/\/phukienphattai.com\/wp-content\/uploads\/2022\/02\/lichdebanmau2-768x1793.jpg 768w, https:\/\/phukienphattai.com\/wp-content\/uploads\/2022\/02\/lichdebanmau2-658x1536.jpg 658w, https:\/\/phukienphattai.com\/wp-content\/uploads\/2022\/02\/lichdebanmau2-877x2048.jpg 877w, https:\/\/phukienphattai.com\/wp-content\/uploads\/2022\/02\/lichdebanmau2-600x1401.jpg 600w\" sizes=\"(max-width: 1097px) 100vw, 1097px\" \/> <img loading=\"lazy\" decoding=\"async\" class=\"alignnone size-full wp-image-1495\" src=\"https:\/\/phukienphattai.com\/wp-content\/uploads\/2022\/02\/lichdebanmau3-scaled.jpg\" alt=\"\" width=\"1097\" height=\"2560\" srcset=\"https:\/\/phukienphattai.com\/wp-content\/uploads\/2022\/02\/lichdebanmau3-scaled.jpg 1097w, https:\/\/phukienphattai.com\/wp-content\/uploads\/2022\/02\/lichdebanmau3-129x300.jpg 129w, https:\/\/phukienphattai.com\/wp-content\/uploads\/2022\/02\/lichdebanmau3-439x1024.jpg 439w, https:\/\/phukienphattai.com\/wp-content\/uploads\/2022\/02\/lichdebanmau3-768x1793.jpg 768w, https:\/\/phukienphattai.com\/wp-content\/uploads\/2022\/02\/lichdebanmau3-658x1536.jpg 658w, https:\/\/phukienphattai.com\/wp-content\/uploads\/2022\/02\/lichdebanmau3-877x2048.jpg 877w, https:\/\/phukienphattai.com\/wp-content\/uploads\/2022\/02\/lichdebanmau3-600x1401.jpg 600w\" sizes=\"(max-width: 1097px) 100vw, 1097px\" \/> <img loading=\"lazy\" decoding=\"async\" class=\"alignnone size-full wp-image-1496\" src=\"https:\/\/phukienphattai.com\/wp-content\/uploads\/2022\/02\/lichdebanmau4-scaled.jpg\" alt=\"\" width=\"1097\" height=\"2560\" srcset=\"https:\/\/phukienphattai.com\/wp-content\/uploads\/2022\/02\/lichdebanmau4-scaled.jpg 1097w, https:\/\/phukienphattai.com\/wp-content\/uploads\/2022\/02\/lichdebanmau4-129x300.jpg 129w, https:\/\/phukienphattai.com\/wp-content\/uploads\/2022\/02\/lichdebanmau4-439x1024.jpg 439w, https:\/\/phukienphattai.com\/wp-content\/uploads\/2022\/02\/lichdebanmau4-768x1793.jpg 768w, https:\/\/phukienphattai.com\/wp-content\/uploads\/2022\/02\/lichdebanmau4-658x1536.jpg 658w, https:\/\/phukienphattai.com\/wp-content\/uploads\/2022\/02\/lichdebanmau4-877x2048.jpg 877w, https:\/\/phukienphattai.com\/wp-content\/uploads\/2022\/02\/lichdebanmau4-600x1401.jpg 600w\" sizes=\"(max-width: 1097px) 100vw, 1097px\" \/> <img loading=\"lazy\" decoding=\"async\" class=\"alignnone size-full wp-image-1497\" src=\"https:\/\/phukienphattai.com\/wp-content\/uploads\/2022\/02\/lichdebanmau5-scaled.jpg\" alt=\"\" width=\"1097\" height=\"2560\" srcset=\"https:\/\/phukienphattai.com\/wp-content\/uploads\/2022\/02\/lichdebanmau5-scaled.jpg 1097w, https:\/\/phukienphattai.com\/wp-content\/uploads\/2022\/02\/lichdebanmau5-129x300.jpg 129w, https:\/\/phukienphattai.com\/wp-content\/uploads\/2022\/02\/lichdebanmau5-439x1024.jpg 439w, https:\/\/phukienphattai.com\/wp-content\/uploads\/2022\/02\/lichdebanmau5-768x1793.jpg 768w, https:\/\/phukienphattai.com\/wp-content\/uploads\/2022\/02\/lichdebanmau5-658x1536.jpg 658w, https:\/\/phukienphattai.com\/wp-content\/uploads\/2022\/02\/lichdebanmau5-877x2048.jpg 877w, https:\/\/phukienphattai.com\/wp-content\/uploads\/2022\/02\/lichdebanmau5-600x1401.jpg 600w\" sizes=\"(max-width: 1097px) 100vw, 1097px\" \/> <img loading=\"lazy\" decoding=\"async\" class=\"alignnone size-full wp-image-1498\" src=\"https:\/\/phukienphattai.com\/wp-content\/uploads\/2022\/02\/lichdebanmau6-scaled.jpg\" alt=\"\" width=\"1097\" height=\"2560\" srcset=\"https:\/\/phukienphattai.com\/wp-content\/uploads\/2022\/02\/lichdebanmau6-scaled.jpg 1097w, https:\/\/phukienphattai.com\/wp-content\/uploads\/2022\/02\/lichdebanmau6-129x300.jpg 129w, https:\/\/phukienphattai.com\/wp-content\/uploads\/2022\/02\/lichdebanmau6-439x1024.jpg 439w, https:\/\/phukienphattai.com\/wp-content\/uploads\/2022\/02\/lichdebanmau6-768x1793.jpg 768w, https:\/\/phukienphattai.com\/wp-content\/uploads\/2022\/02\/lichdebanmau6-658x1536.jpg 658w, https:\/\/phukienphattai.com\/wp-content\/uploads\/2022\/02\/lichdebanmau6-877x2048.jpg 877w, https:\/\/phukienphattai.com\/wp-content\/uploads\/2022\/02\/lichdebanmau6-600x1401.jpg 600w\" sizes=\"(max-width: 1097px) 100vw, 1097px\" \/> <img loading=\"lazy\" decoding=\"async\" class=\"alignnone size-full wp-image-1499\" src=\"https:\/\/phukienphattai.com\/wp-content\/uploads\/2022\/02\/lichdebanmau7-scaled.jpg\" alt=\"\" width=\"1097\" height=\"2560\" srcset=\"https:\/\/phukienphattai.com\/wp-content\/uploads\/2022\/02\/lichdebanmau7-scaled.jpg 1097w, https:\/\/phukienphattai.com\/wp-content\/uploads\/2022\/02\/lichdebanmau7-129x300.jpg 129w, https:\/\/phukienphattai.com\/wp-content\/uploads\/2022\/02\/lichdebanmau7-439x1024.jpg 439w, https:\/\/phukienphattai.com\/wp-content\/uploads\/2022\/02\/lichdebanmau7-768x1793.jpg 768w, https:\/\/phukienphattai.com\/wp-content\/uploads\/2022\/02\/lichdebanmau7-658x1536.jpg 658w, https:\/\/phukienphattai.com\/wp-content\/uploads\/2022\/02\/lichdebanmau7-877x2048.jpg 877w, https:\/\/phukienphattai.com\/wp-content\/uploads\/2022\/02\/lichdebanmau7-600x1401.jpg 600w\" sizes=\"(max-width: 1097px) 100vw, 1097px\" \/><\/p>\n","protected":false},"excerpt":{"rendered":"","protected":false},"featured_media":1500,"comment_status":"open","ping_status":"closed","template":"","meta":[],"product_brand":[],"product_cat":[45],"product_tag":[],"class_list":{"0":"post-1492","1":"product","2":"type-product","3":"status-publish","4":"has-post-thumbnail","6":"product_cat-qua-tang","7":"latest_post","9":"first","10":"instock","11":"shipping-taxable","12":"purchasable","13":"product-type-simple"},"_links":{"self":[{"href":"https:\/\/phukienphattai.com\/index.php?rest_route=\/wp\/v2\/product\/1492","targetHints":{"allow":["GET"]}}],"collection":[{"href":"https:\/\/phukienphattai.com\/index.php?rest_route=\/wp\/v2\/product"}],"about":[{"href":"https:\/\/phukienphattai.com\/index.php?rest_route=\/wp\/v2\/types\/product"}],"replies":[{"embeddable":true,"href":"https:\/\/phukienphattai.com\/index.php?rest_route=%2Fwp%2Fv2%2Fcomments&post=1492"}],"version-history":[{"count":1,"href":"https:\/\/phukienphattai.com\/index.php?rest_route=\/wp\/v2\/product\/1492\/revisions"}],"predecessor-version":[{"id":1502,"href":"https:\/\/phukienphattai.com\/index.php?rest_route=\/wp\/v2\/product\/1492\/revisions\/1502"}],"wp:featuredmedia":[{"embeddable":true,"href":"https:\/\/phukienphattai.com\/index.php?rest_route=\/wp\/v2\/media\/1500"}],"wp:attachment":[{"href":"https:\/\/phukienphattai.com\/index.php?rest_route=%2Fwp%2Fv2%2Fmedia&parent=1492"}],"wp:term":[{"taxonomy":"product_brand","embeddable":true,"href":"https:\/\/phukienphattai.com\/index.php?rest_route=%2Fwp%2Fv2%2Fproduct_brand&post=1492"},{"taxonomy":"product_cat","embeddable":true,"href":"https:\/\/phukienphattai.com\/index.php?rest_route=%2Fwp%2Fv2%2Fproduct_cat&post=1492"},{"taxonomy":"product_tag","embeddable":true,"href":"https:\/\/phukienphattai.com\/index.php?rest_route=%2Fwp%2Fv2%2Fproduct_tag&post=1492"}],"curies":[{"name":"wp","href":"https:\/\/api.w.org\/{rel}","templated":true}]}}