{"id":1551,"date":"2022-02-12T15:56:21","date_gmt":"2022-02-12T15:56:21","guid":{"rendered":"http:\/\/phukienphattai.com\/?post_type=product&#038;p=1551"},"modified":"2024-08-12T03:26:12","modified_gmt":"2024-08-12T03:26:12","slug":"in-hoa-don","status":"publish","type":"product","link":"https:\/\/phukienphattai.com\/?product=in-hoa-don","title":{"rendered":"In H\u00f3a \u0110\u01a1n 1 M\u00e0u"},"content":{"rendered":"<p>in h\u00f3a \u0111\u01a1n kh\u1ed5 A5, 100 t\u1edd\/cu\u1ed1n,\u00a0 in 1 m\u00e0u (\u0111en\/\u0111\u1ecf\/xanh l\u00e1\/xanh d\u01b0\u01a1ng)<\/p>\n<p>H\u00f3a \u0111\u01a1n 1 li\u00ean:<br \/>\n10 cuo\u0302\u0301n la\u0300 20k\/cuo\u0302\u0301n<br \/>\n20 cuo\u0302\u0301n la\u0300 17k\/cuo\u0302\u0301n<br \/>\n30 cuo\u0302\u0301n la\u0300 16k\/cuo\u0302\u0301n<br \/>\n40 cuo\u0302\u0301n la\u0300 15k\/cuo\u0302\u0301n<br \/>\n50 cuo\u0302\u0301n la\u0300 14,5k\/cuo\u0302\u0301n<br \/>\n100 cuo\u0302\u0301n la\u0300 14k\/cuo\u0302\u0301n<\/p>\n<p>H\u00f3a \u0111\u01a1n 2 li\u00ean:<br \/>\n10 cuo\u0302\u0301n la\u0300 25k\/cuo\u0302\u0301n<br \/>\n20 cuo\u0302\u0301n la\u0300 22k\/cuo\u0302\u0301n<br \/>\n40 cuo\u0302\u0301n la\u0300 21k\/cuo\u0302\u0301n<br \/>\n60 cuo\u0302\u0301n la\u0300 20k\/cuo\u0302\u0301n<br \/>\n100 cuo\u0302\u0301n la\u0300 19k\/cuo\u0302\u0301n<\/p>\n<p><img fetchpriority=\"high\" decoding=\"async\" class=\"alignnone size-full wp-image-1552\" src=\"https:\/\/phukienphattai.com\/wp-content\/uploads\/2022\/02\/hoadon1.jpg\" alt=\"\" width=\"900\" height=\"1200\" srcset=\"https:\/\/phukienphattai.com\/wp-content\/uploads\/2022\/02\/hoadon1.jpg 900w, https:\/\/phukienphattai.com\/wp-content\/uploads\/2022\/02\/hoadon1-225x300.jpg 225w, https:\/\/phukienphattai.com\/wp-content\/uploads\/2022\/02\/hoadon1-768x1024.jpg 768w, https:\/\/phukienphattai.com\/wp-content\/uploads\/2022\/02\/hoadon1-600x800.jpg 600w\" sizes=\"(max-width: 900px) 100vw, 900px\" \/> <img decoding=\"async\" class=\"alignnone size-full wp-image-1553\" src=\"https:\/\/phukienphattai.com\/wp-content\/uploads\/2022\/02\/hoadon2.jpg\" alt=\"\" width=\"900\" height=\"1200\" srcset=\"https:\/\/phukienphattai.com\/wp-content\/uploads\/2022\/02\/hoadon2.jpg 900w, https:\/\/phukienphattai.com\/wp-content\/uploads\/2022\/02\/hoadon2-225x300.jpg 225w, https:\/\/phukienphattai.com\/wp-content\/uploads\/2022\/02\/hoadon2-768x1024.jpg 768w, https:\/\/phukienphattai.com\/wp-content\/uploads\/2022\/02\/hoadon2-600x800.jpg 600w\" sizes=\"(max-width: 900px) 100vw, 900px\" \/><\/p>\n","protected":false},"excerpt":{"rendered":"<p>in h\u00f3a \u0111\u01a1n kh\u1ed5 A5, 100 t\u1edd\/cu\u1ed1n,\u00a0 in 1 m\u00e0u (\u0111en\/\u0111\u1ecf\/xanh l\u00e1\/xanh d\u01b0\u01a1ng) H\u00f3a \u0111\u01a1n 1 li\u00ean: 10 cuo\u0302\u0301n la\u0300 20k\/cuo\u0302\u0301n 20 cuo\u0302\u0301n la\u0300 17k\/cuo\u0302\u0301n 30 cuo\u0302\u0301n la\u0300 16k\/cuo\u0302\u0301n 40 cuo\u0302\u0301n la\u0300 15k\/cuo\u0302\u0301n 50 cuo\u0302\u0301n la\u0300 14,5k\/cuo\u0302\u0301n 100 cuo\u0302\u0301n la\u0300 14k\/cuo\u0302\u0301n H\u00f3a \u0111\u01a1n 2 li\u00ean: 10 cuo\u0302\u0301n la\u0300 25k\/cuo\u0302\u0301n 20 cuo\u0302\u0301n la\u0300 22k\/cuo\u0302\u0301n 40 cuo\u0302\u0301n &hellip; <\/p>\n","protected":false},"featured_media":1552,"comment_status":"open","ping_status":"closed","template":"","meta":[],"product_brand":[],"product_cat":[35],"product_tag":[],"class_list":{"0":"post-1551","1":"product","2":"type-product","3":"status-publish","4":"has-post-thumbnail","6":"product_cat-nhan-dien-thuong-hieu","7":"latest_post","9":"first","10":"instock","11":"shipping-taxable","12":"purchasable","13":"product-type-simple"},"_links":{"self":[{"href":"https:\/\/phukienphattai.com\/index.php?rest_route=\/wp\/v2\/product\/1551","targetHints":{"allow":["GET"]}}],"collection":[{"href":"https:\/\/phukienphattai.com\/index.php?rest_route=\/wp\/v2\/product"}],"about":[{"href":"https:\/\/phukienphattai.com\/index.php?rest_route=\/wp\/v2\/types\/product"}],"replies":[{"embeddable":true,"href":"https:\/\/phukienphattai.com\/index.php?rest_route=%2Fwp%2Fv2%2Fcomments&post=1551"}],"version-history":[{"count":4,"href":"https:\/\/phukienphattai.com\/index.php?rest_route=\/wp\/v2\/product\/1551\/revisions"}],"predecessor-version":[{"id":6895,"href":"https:\/\/phukienphattai.com\/index.php?rest_route=\/wp\/v2\/product\/1551\/revisions\/6895"}],"wp:featuredmedia":[{"embeddable":true,"href":"https:\/\/phukienphattai.com\/index.php?rest_route=\/wp\/v2\/media\/1552"}],"wp:attachment":[{"href":"https:\/\/phukienphattai.com\/index.php?rest_route=%2Fwp%2Fv2%2Fmedia&parent=1551"}],"wp:term":[{"taxonomy":"product_brand","embeddable":true,"href":"https:\/\/phukienphattai.com\/index.php?rest_route=%2Fwp%2Fv2%2Fproduct_brand&post=1551"},{"taxonomy":"product_cat","embeddable":true,"href":"https:\/\/phukienphattai.com\/index.php?rest_route=%2Fwp%2Fv2%2Fproduct_cat&post=1551"},{"taxonomy":"product_tag","embeddable":true,"href":"https:\/\/phukienphattai.com\/index.php?rest_route=%2Fwp%2Fv2%2Fproduct_tag&post=1551"}],"curies":[{"name":"wp","href":"https:\/\/api.w.org\/{rel}","templated":true}]}}