{"id":2388,"date":"2022-02-22T03:02:16","date_gmt":"2022-02-22T03:02:16","guid":{"rendered":"http:\/\/phukienphattai.com\/?post_type=product&#038;p=2388"},"modified":"2024-05-10T05:44:19","modified_gmt":"2024-05-10T05:44:19","slug":"in-danh-thiep","status":"publish","type":"product","link":"https:\/\/phukienphattai.com\/?product=in-danh-thiep","title":{"rendered":"in danh thi\u1ebfp"},"content":{"rendered":"<p>in danh thi\u1ebfp, th\u1ebb b\u1ea3o h\u00e0nh, th\u1ebb t\u00edch \u0111i\u1ec3m.v.v&#8230;.<\/p>\n<p>5 h\u1ed9p 220k<br \/>\n10 h\u1ed9p 320k<br \/>\n20 h\u1ed9p 500k<br \/>\n50 h\u1ed9p 850k<\/p>\n<p>*** 100 c\u00e1i\/h\u1ed9p, in 2 m\u1eb7t, c\u00f3 c\u00e1n m\u00e0n<\/p>\n<p><img fetchpriority=\"high\" decoding=\"async\" class=\"alignnone size-full wp-image-2393\" src=\"https:\/\/phukienphattai.com\/wp-content\/uploads\/2022\/02\/card1.jpg\" alt=\"\" width=\"900\" height=\"1200\" srcset=\"https:\/\/phukienphattai.com\/wp-content\/uploads\/2022\/02\/card1.jpg 900w, https:\/\/phukienphattai.com\/wp-content\/uploads\/2022\/02\/card1-225x300.jpg 225w, https:\/\/phukienphattai.com\/wp-content\/uploads\/2022\/02\/card1-768x1024.jpg 768w, https:\/\/phukienphattai.com\/wp-content\/uploads\/2022\/02\/card1-600x800.jpg 600w\" sizes=\"(max-width: 900px) 100vw, 900px\" \/> <img decoding=\"async\" class=\"alignnone size-full wp-image-2394\" src=\"https:\/\/phukienphattai.com\/wp-content\/uploads\/2022\/02\/card2.jpg\" alt=\"\" width=\"1600\" height=\"1200\" srcset=\"https:\/\/phukienphattai.com\/wp-content\/uploads\/2022\/02\/card2.jpg 1600w, https:\/\/phukienphattai.com\/wp-content\/uploads\/2022\/02\/card2-300x225.jpg 300w, https:\/\/phukienphattai.com\/wp-content\/uploads\/2022\/02\/card2-1024x768.jpg 1024w, https:\/\/phukienphattai.com\/wp-content\/uploads\/2022\/02\/card2-768x576.jpg 768w, https:\/\/phukienphattai.com\/wp-content\/uploads\/2022\/02\/card2-1536x1152.jpg 1536w, https:\/\/phukienphattai.com\/wp-content\/uploads\/2022\/02\/card2-600x450.jpg 600w\" sizes=\"(max-width: 1600px) 100vw, 1600px\" \/> <img decoding=\"async\" class=\"alignnone size-full wp-image-2395\" src=\"https:\/\/phukienphattai.com\/wp-content\/uploads\/2022\/02\/card3.jpg\" alt=\"\" width=\"900\" height=\"1200\" srcset=\"https:\/\/phukienphattai.com\/wp-content\/uploads\/2022\/02\/card3.jpg 900w, https:\/\/phukienphattai.com\/wp-content\/uploads\/2022\/02\/card3-225x300.jpg 225w, https:\/\/phukienphattai.com\/wp-content\/uploads\/2022\/02\/card3-768x1024.jpg 768w, https:\/\/phukienphattai.com\/wp-content\/uploads\/2022\/02\/card3-600x800.jpg 600w\" sizes=\"(max-width: 900px) 100vw, 900px\" \/> <img loading=\"lazy\" decoding=\"async\" class=\"alignnone size-full wp-image-2396\" src=\"https:\/\/phukienphattai.com\/wp-content\/uploads\/2022\/02\/card4.jpg\" alt=\"\" width=\"1200\" height=\"1200\" srcset=\"https:\/\/phukienphattai.com\/wp-content\/uploads\/2022\/02\/card4.jpg 1200w, https:\/\/phukienphattai.com\/wp-content\/uploads\/2022\/02\/card4-300x300.jpg 300w, https:\/\/phukienphattai.com\/wp-content\/uploads\/2022\/02\/card4-1024x1024.jpg 1024w, https:\/\/phukienphattai.com\/wp-content\/uploads\/2022\/02\/card4-150x150.jpg 150w, https:\/\/phukienphattai.com\/wp-content\/uploads\/2022\/02\/card4-768x768.jpg 768w, https:\/\/phukienphattai.com\/wp-content\/uploads\/2022\/02\/card4-860x860.jpg 860w, https:\/\/phukienphattai.com\/wp-content\/uploads\/2022\/02\/card4-400x400.jpg 400w, https:\/\/phukienphattai.com\/wp-content\/uploads\/2022\/02\/card4-600x600.jpg 600w, https:\/\/phukienphattai.com\/wp-content\/uploads\/2022\/02\/card4-100x100.jpg 100w\" sizes=\"(max-width: 1200px) 100vw, 1200px\" \/> <img loading=\"lazy\" decoding=\"async\" class=\"alignnone size-full wp-image-2397\" src=\"https:\/\/phukienphattai.com\/wp-content\/uploads\/2022\/02\/card5.jpg\" alt=\"\" width=\"1200\" height=\"1200\" srcset=\"https:\/\/phukienphattai.com\/wp-content\/uploads\/2022\/02\/card5.jpg 1200w, https:\/\/phukienphattai.com\/wp-content\/uploads\/2022\/02\/card5-300x300.jpg 300w, https:\/\/phukienphattai.com\/wp-content\/uploads\/2022\/02\/card5-1024x1024.jpg 1024w, https:\/\/phukienphattai.com\/wp-content\/uploads\/2022\/02\/card5-150x150.jpg 150w, https:\/\/phukienphattai.com\/wp-content\/uploads\/2022\/02\/card5-768x768.jpg 768w, https:\/\/phukienphattai.com\/wp-content\/uploads\/2022\/02\/card5-860x860.jpg 860w, https:\/\/phukienphattai.com\/wp-content\/uploads\/2022\/02\/card5-400x400.jpg 400w, https:\/\/phukienphattai.com\/wp-content\/uploads\/2022\/02\/card5-600x600.jpg 600w, https:\/\/phukienphattai.com\/wp-content\/uploads\/2022\/02\/card5-100x100.jpg 100w\" sizes=\"(max-width: 1200px) 100vw, 1200px\" \/> <img loading=\"lazy\" decoding=\"async\" class=\"alignnone size-full wp-image-2398\" src=\"https:\/\/phukienphattai.com\/wp-content\/uploads\/2022\/02\/card6.jpg\" alt=\"\" width=\"1200\" height=\"1200\" srcset=\"https:\/\/phukienphattai.com\/wp-content\/uploads\/2022\/02\/card6.jpg 1200w, https:\/\/phukienphattai.com\/wp-content\/uploads\/2022\/02\/card6-300x300.jpg 300w, https:\/\/phukienphattai.com\/wp-content\/uploads\/2022\/02\/card6-1024x1024.jpg 1024w, https:\/\/phukienphattai.com\/wp-content\/uploads\/2022\/02\/card6-150x150.jpg 150w, https:\/\/phukienphattai.com\/wp-content\/uploads\/2022\/02\/card6-768x768.jpg 768w, https:\/\/phukienphattai.com\/wp-content\/uploads\/2022\/02\/card6-860x860.jpg 860w, https:\/\/phukienphattai.com\/wp-content\/uploads\/2022\/02\/card6-400x400.jpg 400w, https:\/\/phukienphattai.com\/wp-content\/uploads\/2022\/02\/card6-600x600.jpg 600w, https:\/\/phukienphattai.com\/wp-content\/uploads\/2022\/02\/card6-100x100.jpg 100w\" sizes=\"(max-width: 1200px) 100vw, 1200px\" \/> <img loading=\"lazy\" decoding=\"async\" class=\"alignnone size-full wp-image-2399\" src=\"https:\/\/phukienphattai.com\/wp-content\/uploads\/2022\/02\/card7.jpg\" alt=\"\" width=\"1246\" height=\"1200\" srcset=\"https:\/\/phukienphattai.com\/wp-content\/uploads\/2022\/02\/card7.jpg 1246w, https:\/\/phukienphattai.com\/wp-content\/uploads\/2022\/02\/card7-300x289.jpg 300w, https:\/\/phukienphattai.com\/wp-content\/uploads\/2022\/02\/card7-1024x986.jpg 1024w, https:\/\/phukienphattai.com\/wp-content\/uploads\/2022\/02\/card7-768x740.jpg 768w, https:\/\/phukienphattai.com\/wp-content\/uploads\/2022\/02\/card7-600x578.jpg 600w\" sizes=\"(max-width: 1246px) 100vw, 1246px\" \/><\/p>\n","protected":false},"excerpt":{"rendered":"<p>in danh thi\u1ebfp, th\u1ebb b\u1ea3o h\u00e0nh, th\u1ebb t\u00edch \u0111i\u1ec3m.v.v&#8230;. 5 h\u1ed9p 220k 10 h\u1ed9p 320k 20 h\u1ed9p 500k 50 h\u1ed9p 850k *** 100 c\u00e1i\/h\u1ed9p, in 2 m\u1eb7t, c\u00f3 c\u00e1n m\u00e0n<\/p>\n","protected":false},"featured_media":2397,"comment_status":"open","ping_status":"closed","template":"","meta":[],"product_brand":[],"product_cat":[35],"product_tag":[],"class_list":{"0":"post-2388","1":"product","2":"type-product","3":"status-publish","4":"has-post-thumbnail","6":"product_cat-nhan-dien-thuong-hieu","7":"latest_post","9":"first","10":"instock","11":"shipping-taxable","12":"product-type-simple"},"_links":{"self":[{"href":"https:\/\/phukienphattai.com\/index.php?rest_route=\/wp\/v2\/product\/2388","targetHints":{"allow":["GET"]}}],"collection":[{"href":"https:\/\/phukienphattai.com\/index.php?rest_route=\/wp\/v2\/product"}],"about":[{"href":"https:\/\/phukienphattai.com\/index.php?rest_route=\/wp\/v2\/types\/product"}],"replies":[{"embeddable":true,"href":"https:\/\/phukienphattai.com\/index.php?rest_route=%2Fwp%2Fv2%2Fcomments&post=2388"}],"version-history":[{"count":3,"href":"https:\/\/phukienphattai.com\/index.php?rest_route=\/wp\/v2\/product\/2388\/revisions"}],"predecessor-version":[{"id":6365,"href":"https:\/\/phukienphattai.com\/index.php?rest_route=\/wp\/v2\/product\/2388\/revisions\/6365"}],"wp:featuredmedia":[{"embeddable":true,"href":"https:\/\/phukienphattai.com\/index.php?rest_route=\/wp\/v2\/media\/2397"}],"wp:attachment":[{"href":"https:\/\/phukienphattai.com\/index.php?rest_route=%2Fwp%2Fv2%2Fmedia&parent=2388"}],"wp:term":[{"taxonomy":"product_brand","embeddable":true,"href":"https:\/\/phukienphattai.com\/index.php?rest_route=%2Fwp%2Fv2%2Fproduct_brand&post=2388"},{"taxonomy":"product_cat","embeddable":true,"href":"https:\/\/phukienphattai.com\/index.php?rest_route=%2Fwp%2Fv2%2Fproduct_cat&post=2388"},{"taxonomy":"product_tag","embeddable":true,"href":"https:\/\/phukienphattai.com\/index.php?rest_route=%2Fwp%2Fv2%2Fproduct_tag&post=2388"}],"curies":[{"name":"wp","href":"https:\/\/api.w.org\/{rel}","templated":true}]}}