{"id":3598,"date":"2022-06-19T18:27:54","date_gmt":"2022-06-19T18:27:54","guid":{"rendered":"http:\/\/phukienphattai.com\/?post_type=product&#038;p=3598"},"modified":"2023-10-18T15:24:23","modified_gmt":"2023-10-18T15:24:23","slug":"combo-trang-tri-dam-cuoi-01","status":"publish","type":"product","link":"https:\/\/phukienphattai.com\/?product=combo-trang-tri-dam-cuoi-01","title":{"rendered":"Combo trang tr\u00ed \u0111\u00e1m c\u01b0\u1edbi &#8211; 01"},"content":{"rendered":"<p>Gi\u00e1 ti\u1ec1n t\u00f9y v\u00e0o size b\u1ea3ng<\/p>\n<p><img fetchpriority=\"high\" decoding=\"async\" class=\"alignnone size-full wp-image-3599\" src=\"https:\/\/phukienphattai.com\/wp-content\/uploads\/2022\/06\/cb13.png\" alt=\"\" width=\"700\" height=\"700\" srcset=\"https:\/\/phukienphattai.com\/wp-content\/uploads\/2022\/06\/cb13.png 700w, https:\/\/phukienphattai.com\/wp-content\/uploads\/2022\/06\/cb13-300x300.png 300w, https:\/\/phukienphattai.com\/wp-content\/uploads\/2022\/06\/cb13-150x150.png 150w, https:\/\/phukienphattai.com\/wp-content\/uploads\/2022\/06\/cb13-400x400.png 400w, https:\/\/phukienphattai.com\/wp-content\/uploads\/2022\/06\/cb13-600x600.png 600w, https:\/\/phukienphattai.com\/wp-content\/uploads\/2022\/06\/cb13-100x100.png 100w\" sizes=\"(max-width: 700px) 100vw, 700px\" \/><img decoding=\"async\" src=\"https:\/\/phukienphattai.com\/wp-content\/uploads\/2022\/06\/cb-wca.png\" alt=\"\" width=\"700\" height=\"700\" class=\"alignnone size-full wp-image-3829\" srcset=\"https:\/\/phukienphattai.com\/wp-content\/uploads\/2022\/06\/cb-wca.png 700w, https:\/\/phukienphattai.com\/wp-content\/uploads\/2022\/06\/cb-wca-300x300.png 300w, https:\/\/phukienphattai.com\/wp-content\/uploads\/2022\/06\/cb-wca-150x150.png 150w, https:\/\/phukienphattai.com\/wp-content\/uploads\/2022\/06\/cb-wca-400x400.png 400w, https:\/\/phukienphattai.com\/wp-content\/uploads\/2022\/06\/cb-wca-600x600.png 600w, https:\/\/phukienphattai.com\/wp-content\/uploads\/2022\/06\/cb-wca-100x100.png 100w\" sizes=\"(max-width: 700px) 100vw, 700px\" \/><img decoding=\"async\" class=\"alignnone size-full wp-image-3600\" src=\"https:\/\/phukienphattai.com\/wp-content\/uploads\/2022\/06\/cb12.png\" alt=\"\" width=\"700\" height=\"700\" srcset=\"https:\/\/phukienphattai.com\/wp-content\/uploads\/2022\/06\/cb12.png 700w, https:\/\/phukienphattai.com\/wp-content\/uploads\/2022\/06\/cb12-300x300.png 300w, https:\/\/phukienphattai.com\/wp-content\/uploads\/2022\/06\/cb12-150x150.png 150w, https:\/\/phukienphattai.com\/wp-content\/uploads\/2022\/06\/cb12-400x400.png 400w, https:\/\/phukienphattai.com\/wp-content\/uploads\/2022\/06\/cb12-600x600.png 600w, https:\/\/phukienphattai.com\/wp-content\/uploads\/2022\/06\/cb12-100x100.png 100w\" sizes=\"(max-width: 700px) 100vw, 700px\" \/> <img loading=\"lazy\" decoding=\"async\" class=\"alignnone size-full wp-image-3601\" src=\"https:\/\/phukienphattai.com\/wp-content\/uploads\/2022\/06\/cb14.png\" alt=\"\" width=\"700\" height=\"350\" srcset=\"https:\/\/phukienphattai.com\/wp-content\/uploads\/2022\/06\/cb14.png 700w, https:\/\/phukienphattai.com\/wp-content\/uploads\/2022\/06\/cb14-300x150.png 300w, https:\/\/phukienphattai.com\/wp-content\/uploads\/2022\/06\/cb14-600x300.png 600w\" sizes=\"(max-width: 700px) 100vw, 700px\" \/> <img loading=\"lazy\" decoding=\"async\" class=\"alignnone size-full wp-image-3602\" src=\"https:\/\/phukienphattai.com\/wp-content\/uploads\/2022\/06\/cb11.png\" alt=\"\" width=\"700\" height=\"700\" srcset=\"https:\/\/phukienphattai.com\/wp-content\/uploads\/2022\/06\/cb11.png 700w, https:\/\/phukienphattai.com\/wp-content\/uploads\/2022\/06\/cb11-300x300.png 300w, https:\/\/phukienphattai.com\/wp-content\/uploads\/2022\/06\/cb11-150x150.png 150w, https:\/\/phukienphattai.com\/wp-content\/uploads\/2022\/06\/cb11-400x400.png 400w, https:\/\/phukienphattai.com\/wp-content\/uploads\/2022\/06\/cb11-600x600.png 600w, https:\/\/phukienphattai.com\/wp-content\/uploads\/2022\/06\/cb11-100x100.png 100w\" sizes=\"(max-width: 700px) 100vw, 700px\" \/><\/p>\n","protected":false},"excerpt":{"rendered":"<p>Gi\u00e1 ti\u1ec1n t\u00f9y v\u00e0o size b\u1ea3ng<\/p>\n","protected":false},"featured_media":3603,"comment_status":"open","ping_status":"closed","template":"","meta":[],"product_brand":[],"product_cat":[55],"product_tag":[],"class_list":{"0":"post-3598","1":"product","2":"type-product","3":"status-publish","4":"has-post-thumbnail","6":"product_cat-combo-trang-tri-dam-cuoi","7":"latest_post","9":"first","10":"instock","11":"shipping-taxable","12":"product-type-simple"},"_links":{"self":[{"href":"https:\/\/phukienphattai.com\/index.php?rest_route=\/wp\/v2\/product\/3598","targetHints":{"allow":["GET"]}}],"collection":[{"href":"https:\/\/phukienphattai.com\/index.php?rest_route=\/wp\/v2\/product"}],"about":[{"href":"https:\/\/phukienphattai.com\/index.php?rest_route=\/wp\/v2\/types\/product"}],"replies":[{"embeddable":true,"href":"https:\/\/phukienphattai.com\/index.php?rest_route=%2Fwp%2Fv2%2Fcomments&post=3598"}],"version-history":[{"count":2,"href":"https:\/\/phukienphattai.com\/index.php?rest_route=\/wp\/v2\/product\/3598\/revisions"}],"predecessor-version":[{"id":3830,"href":"https:\/\/phukienphattai.com\/index.php?rest_route=\/wp\/v2\/product\/3598\/revisions\/3830"}],"wp:featuredmedia":[{"embeddable":true,"href":"https:\/\/phukienphattai.com\/index.php?rest_route=\/wp\/v2\/media\/3603"}],"wp:attachment":[{"href":"https:\/\/phukienphattai.com\/index.php?rest_route=%2Fwp%2Fv2%2Fmedia&parent=3598"}],"wp:term":[{"taxonomy":"product_brand","embeddable":true,"href":"https:\/\/phukienphattai.com\/index.php?rest_route=%2Fwp%2Fv2%2Fproduct_brand&post=3598"},{"taxonomy":"product_cat","embeddable":true,"href":"https:\/\/phukienphattai.com\/index.php?rest_route=%2Fwp%2Fv2%2Fproduct_cat&post=3598"},{"taxonomy":"product_tag","embeddable":true,"href":"https:\/\/phukienphattai.com\/index.php?rest_route=%2Fwp%2Fv2%2Fproduct_tag&post=3598"}],"curies":[{"name":"wp","href":"https:\/\/api.w.org\/{rel}","templated":true}]}}