{"id":3606,"date":"2022-06-19T18:41:55","date_gmt":"2022-06-19T18:41:55","guid":{"rendered":"http:\/\/phukienphattai.com\/?post_type=product&#038;p=3606"},"modified":"2023-10-18T15:24:14","modified_gmt":"2023-10-18T15:24:14","slug":"combo-trang-tri-dam-cuoi-02","status":"publish","type":"product","link":"https:\/\/phukienphattai.com\/?product=combo-trang-tri-dam-cuoi-02","title":{"rendered":"Combo trang tr\u00ed \u0111\u00e1m c\u01b0\u1edbi &#8211; 02"},"content":{"rendered":"<p>Gi\u00e1 ti\u1ec1n t\u00f9y v\u00e0o size b\u1ea3ng<\/p>\n<p><img fetchpriority=\"high\" decoding=\"async\" class=\"alignnone size-full wp-image-3611\" src=\"https:\/\/phukienphattai.com\/wp-content\/uploads\/2022\/06\/cb-wc2.png\" alt=\"\" width=\"700\" height=\"700\" srcset=\"https:\/\/phukienphattai.com\/wp-content\/uploads\/2022\/06\/cb-wc2.png 700w, https:\/\/phukienphattai.com\/wp-content\/uploads\/2022\/06\/cb-wc2-300x300.png 300w, https:\/\/phukienphattai.com\/wp-content\/uploads\/2022\/06\/cb-wc2-150x150.png 150w, https:\/\/phukienphattai.com\/wp-content\/uploads\/2022\/06\/cb-wc2-400x400.png 400w, https:\/\/phukienphattai.com\/wp-content\/uploads\/2022\/06\/cb-wc2-600x600.png 600w, https:\/\/phukienphattai.com\/wp-content\/uploads\/2022\/06\/cb-wc2-100x100.png 100w\" sizes=\"(max-width: 700px) 100vw, 700px\" \/><img decoding=\"async\" class=\"alignnone size-full wp-image-3612\" src=\"https:\/\/phukienphattai.com\/wp-content\/uploads\/2022\/06\/cb2a.png\" alt=\"\" width=\"700\" height=\"700\" srcset=\"https:\/\/phukienphattai.com\/wp-content\/uploads\/2022\/06\/cb2a.png 700w, https:\/\/phukienphattai.com\/wp-content\/uploads\/2022\/06\/cb2a-300x300.png 300w, https:\/\/phukienphattai.com\/wp-content\/uploads\/2022\/06\/cb2a-150x150.png 150w, https:\/\/phukienphattai.com\/wp-content\/uploads\/2022\/06\/cb2a-400x400.png 400w, https:\/\/phukienphattai.com\/wp-content\/uploads\/2022\/06\/cb2a-600x600.png 600w, https:\/\/phukienphattai.com\/wp-content\/uploads\/2022\/06\/cb2a-100x100.png 100w\" sizes=\"(max-width: 700px) 100vw, 700px\" \/><img decoding=\"async\" class=\"alignnone size-full wp-image-3607\" src=\"https:\/\/phukienphattai.com\/wp-content\/uploads\/2022\/06\/cb-tron3.png\" alt=\"\" width=\"700\" height=\"700\" srcset=\"https:\/\/phukienphattai.com\/wp-content\/uploads\/2022\/06\/cb-tron3.png 700w, https:\/\/phukienphattai.com\/wp-content\/uploads\/2022\/06\/cb-tron3-300x300.png 300w, https:\/\/phukienphattai.com\/wp-content\/uploads\/2022\/06\/cb-tron3-150x150.png 150w, https:\/\/phukienphattai.com\/wp-content\/uploads\/2022\/06\/cb-tron3-400x400.png 400w, https:\/\/phukienphattai.com\/wp-content\/uploads\/2022\/06\/cb-tron3-600x600.png 600w, https:\/\/phukienphattai.com\/wp-content\/uploads\/2022\/06\/cb-tron3-100x100.png 100w\" sizes=\"(max-width: 700px) 100vw, 700px\" \/><img loading=\"lazy\" decoding=\"async\" class=\"alignnone size-full wp-image-3608\" src=\"https:\/\/phukienphattai.com\/wp-content\/uploads\/2022\/06\/cb-chu2.png\" alt=\"\" width=\"700\" height=\"350\" srcset=\"https:\/\/phukienphattai.com\/wp-content\/uploads\/2022\/06\/cb-chu2.png 700w, https:\/\/phukienphattai.com\/wp-content\/uploads\/2022\/06\/cb-chu2-300x150.png 300w, https:\/\/phukienphattai.com\/wp-content\/uploads\/2022\/06\/cb-chu2-600x300.png 600w\" sizes=\"(max-width: 700px) 100vw, 700px\" \/><img loading=\"lazy\" decoding=\"async\" class=\"alignnone size-full wp-image-3610\" src=\"https:\/\/phukienphattai.com\/wp-content\/uploads\/2022\/06\/cb-nuoc2.png\" alt=\"\" width=\"700\" height=\"700\" srcset=\"https:\/\/phukienphattai.com\/wp-content\/uploads\/2022\/06\/cb-nuoc2.png 700w, https:\/\/phukienphattai.com\/wp-content\/uploads\/2022\/06\/cb-nuoc2-300x300.png 300w, https:\/\/phukienphattai.com\/wp-content\/uploads\/2022\/06\/cb-nuoc2-150x150.png 150w, https:\/\/phukienphattai.com\/wp-content\/uploads\/2022\/06\/cb-nuoc2-400x400.png 400w, https:\/\/phukienphattai.com\/wp-content\/uploads\/2022\/06\/cb-nuoc2-600x600.png 600w, https:\/\/phukienphattai.com\/wp-content\/uploads\/2022\/06\/cb-nuoc2-100x100.png 100w\" sizes=\"(max-width: 700px) 100vw, 700px\" \/><\/p>\n","protected":false},"excerpt":{"rendered":"<p>Gi\u00e1 ti\u1ec1n t\u00f9y v\u00e0o size b\u1ea3ng<\/p>\n","protected":false},"featured_media":3609,"comment_status":"open","ping_status":"closed","template":"","meta":[],"product_brand":[],"product_cat":[55],"product_tag":[],"class_list":{"0":"post-3606","1":"product","2":"type-product","3":"status-publish","4":"has-post-thumbnail","6":"product_cat-combo-trang-tri-dam-cuoi","7":"latest_post","9":"first","10":"instock","11":"shipping-taxable","12":"product-type-simple"},"_links":{"self":[{"href":"https:\/\/phukienphattai.com\/index.php?rest_route=\/wp\/v2\/product\/3606","targetHints":{"allow":["GET"]}}],"collection":[{"href":"https:\/\/phukienphattai.com\/index.php?rest_route=\/wp\/v2\/product"}],"about":[{"href":"https:\/\/phukienphattai.com\/index.php?rest_route=\/wp\/v2\/types\/product"}],"replies":[{"embeddable":true,"href":"https:\/\/phukienphattai.com\/index.php?rest_route=%2Fwp%2Fv2%2Fcomments&post=3606"}],"version-history":[{"count":1,"href":"https:\/\/phukienphattai.com\/index.php?rest_route=\/wp\/v2\/product\/3606\/revisions"}],"predecessor-version":[{"id":3613,"href":"https:\/\/phukienphattai.com\/index.php?rest_route=\/wp\/v2\/product\/3606\/revisions\/3613"}],"wp:featuredmedia":[{"embeddable":true,"href":"https:\/\/phukienphattai.com\/index.php?rest_route=\/wp\/v2\/media\/3609"}],"wp:attachment":[{"href":"https:\/\/phukienphattai.com\/index.php?rest_route=%2Fwp%2Fv2%2Fmedia&parent=3606"}],"wp:term":[{"taxonomy":"product_brand","embeddable":true,"href":"https:\/\/phukienphattai.com\/index.php?rest_route=%2Fwp%2Fv2%2Fproduct_brand&post=3606"},{"taxonomy":"product_cat","embeddable":true,"href":"https:\/\/phukienphattai.com\/index.php?rest_route=%2Fwp%2Fv2%2Fproduct_cat&post=3606"},{"taxonomy":"product_tag","embeddable":true,"href":"https:\/\/phukienphattai.com\/index.php?rest_route=%2Fwp%2Fv2%2Fproduct_tag&post=3606"}],"curies":[{"name":"wp","href":"https:\/\/api.w.org\/{rel}","templated":true}]}}