{"id":3634,"date":"2022-06-21T02:26:47","date_gmt":"2022-06-21T02:26:47","guid":{"rendered":"http:\/\/phukienphattai.com\/?post_type=product&#038;p=3634"},"modified":"2023-10-18T15:23:45","modified_gmt":"2023-10-18T15:23:45","slug":"combo-trang-tri-dam-cuoi-05","status":"publish","type":"product","link":"https:\/\/phukienphattai.com\/?product=combo-trang-tri-dam-cuoi-05","title":{"rendered":"Combo trang tr\u00ed \u0111\u00e1m c\u01b0\u1edbi &#8211; 05"},"content":{"rendered":"<p>Gi\u00e1 ti\u1ec1n t\u00f9y v\u00e0o size b\u1ea3ng<\/p>\n<p><img fetchpriority=\"high\" decoding=\"async\" class=\"alignnone size-full wp-image-3638\" src=\"https:\/\/phukienphattai.com\/wp-content\/uploads\/2022\/06\/cb-wc.png\" alt=\"\" width=\"700\" height=\"700\" srcset=\"https:\/\/phukienphattai.com\/wp-content\/uploads\/2022\/06\/cb-wc.png 700w, https:\/\/phukienphattai.com\/wp-content\/uploads\/2022\/06\/cb-wc-300x300.png 300w, https:\/\/phukienphattai.com\/wp-content\/uploads\/2022\/06\/cb-wc-150x150.png 150w, https:\/\/phukienphattai.com\/wp-content\/uploads\/2022\/06\/cb-wc-400x400.png 400w, https:\/\/phukienphattai.com\/wp-content\/uploads\/2022\/06\/cb-wc-600x600.png 600w, https:\/\/phukienphattai.com\/wp-content\/uploads\/2022\/06\/cb-wc-100x100.png 100w\" sizes=\"(max-width: 700px) 100vw, 700px\" \/> <img decoding=\"async\" class=\"alignnone size-full wp-image-3639\" src=\"https:\/\/phukienphattai.com\/wp-content\/uploads\/2022\/06\/cb-tron.png\" alt=\"\" width=\"700\" height=\"700\" srcset=\"https:\/\/phukienphattai.com\/wp-content\/uploads\/2022\/06\/cb-tron.png 700w, https:\/\/phukienphattai.com\/wp-content\/uploads\/2022\/06\/cb-tron-300x300.png 300w, https:\/\/phukienphattai.com\/wp-content\/uploads\/2022\/06\/cb-tron-150x150.png 150w, https:\/\/phukienphattai.com\/wp-content\/uploads\/2022\/06\/cb-tron-400x400.png 400w, https:\/\/phukienphattai.com\/wp-content\/uploads\/2022\/06\/cb-tron-600x600.png 600w, https:\/\/phukienphattai.com\/wp-content\/uploads\/2022\/06\/cb-tron-100x100.png 100w\" sizes=\"(max-width: 700px) 100vw, 700px\" \/> <img decoding=\"async\" class=\"alignnone size-full wp-image-3636\" src=\"https:\/\/phukienphattai.com\/wp-content\/uploads\/2022\/06\/cb-chu.png\" alt=\"\" width=\"700\" height=\"350\" srcset=\"https:\/\/phukienphattai.com\/wp-content\/uploads\/2022\/06\/cb-chu.png 700w, https:\/\/phukienphattai.com\/wp-content\/uploads\/2022\/06\/cb-chu-300x150.png 300w, https:\/\/phukienphattai.com\/wp-content\/uploads\/2022\/06\/cb-chu-600x300.png 600w\" sizes=\"(max-width: 700px) 100vw, 700px\" \/> <img loading=\"lazy\" decoding=\"async\" class=\"alignnone size-full wp-image-3637\" src=\"https:\/\/phukienphattai.com\/wp-content\/uploads\/2022\/06\/cb-nuoc.png\" alt=\"\" width=\"700\" height=\"700\" srcset=\"https:\/\/phukienphattai.com\/wp-content\/uploads\/2022\/06\/cb-nuoc.png 700w, https:\/\/phukienphattai.com\/wp-content\/uploads\/2022\/06\/cb-nuoc-300x300.png 300w, https:\/\/phukienphattai.com\/wp-content\/uploads\/2022\/06\/cb-nuoc-150x150.png 150w, https:\/\/phukienphattai.com\/wp-content\/uploads\/2022\/06\/cb-nuoc-400x400.png 400w, https:\/\/phukienphattai.com\/wp-content\/uploads\/2022\/06\/cb-nuoc-600x600.png 600w, https:\/\/phukienphattai.com\/wp-content\/uploads\/2022\/06\/cb-nuoc-100x100.png 100w\" sizes=\"(max-width: 700px) 100vw, 700px\" \/><\/p>\n","protected":false},"excerpt":{"rendered":"<p>Gi\u00e1 ti\u1ec1n t\u00f9y v\u00e0o size b\u1ea3ng<\/p>\n","protected":false},"featured_media":3635,"comment_status":"open","ping_status":"closed","template":"","meta":[],"product_brand":[],"product_cat":[55],"product_tag":[],"class_list":{"0":"post-3634","1":"product","2":"type-product","3":"status-publish","4":"has-post-thumbnail","6":"product_cat-combo-trang-tri-dam-cuoi","7":"latest_post","9":"first","10":"instock","11":"shipping-taxable","12":"product-type-simple"},"_links":{"self":[{"href":"https:\/\/phukienphattai.com\/index.php?rest_route=\/wp\/v2\/product\/3634","targetHints":{"allow":["GET"]}}],"collection":[{"href":"https:\/\/phukienphattai.com\/index.php?rest_route=\/wp\/v2\/product"}],"about":[{"href":"https:\/\/phukienphattai.com\/index.php?rest_route=\/wp\/v2\/types\/product"}],"replies":[{"embeddable":true,"href":"https:\/\/phukienphattai.com\/index.php?rest_route=%2Fwp%2Fv2%2Fcomments&post=3634"}],"version-history":[{"count":1,"href":"https:\/\/phukienphattai.com\/index.php?rest_route=\/wp\/v2\/product\/3634\/revisions"}],"predecessor-version":[{"id":3640,"href":"https:\/\/phukienphattai.com\/index.php?rest_route=\/wp\/v2\/product\/3634\/revisions\/3640"}],"wp:featuredmedia":[{"embeddable":true,"href":"https:\/\/phukienphattai.com\/index.php?rest_route=\/wp\/v2\/media\/3635"}],"wp:attachment":[{"href":"https:\/\/phukienphattai.com\/index.php?rest_route=%2Fwp%2Fv2%2Fmedia&parent=3634"}],"wp:term":[{"taxonomy":"product_brand","embeddable":true,"href":"https:\/\/phukienphattai.com\/index.php?rest_route=%2Fwp%2Fv2%2Fproduct_brand&post=3634"},{"taxonomy":"product_cat","embeddable":true,"href":"https:\/\/phukienphattai.com\/index.php?rest_route=%2Fwp%2Fv2%2Fproduct_cat&post=3634"},{"taxonomy":"product_tag","embeddable":true,"href":"https:\/\/phukienphattai.com\/index.php?rest_route=%2Fwp%2Fv2%2Fproduct_tag&post=3634"}],"curies":[{"name":"wp","href":"https:\/\/api.w.org\/{rel}","templated":true}]}}