{"id":3699,"date":"2022-07-12T17:26:02","date_gmt":"2022-07-12T17:26:02","guid":{"rendered":"http:\/\/phukienphattai.com\/?post_type=product&#038;p=3699"},"modified":"2023-10-18T15:23:31","modified_gmt":"2023-10-18T15:23:31","slug":"combo-trang-tri-dam-cuoi-07","status":"publish","type":"product","link":"https:\/\/phukienphattai.com\/?product=combo-trang-tri-dam-cuoi-07","title":{"rendered":"Combo trang tr\u00ed \u0111\u00e1m c\u01b0\u1edbi &#8211; 07 (Doremon)"},"content":{"rendered":"<p><img fetchpriority=\"high\" decoding=\"async\" class=\"alignnone size-full wp-image-4687\" src=\"https:\/\/phukienphattai.com\/wp-content\/uploads\/2022\/07\/1.png\" alt=\"\" width=\"700\" height=\"700\" srcset=\"https:\/\/phukienphattai.com\/wp-content\/uploads\/2022\/07\/1.png 700w, https:\/\/phukienphattai.com\/wp-content\/uploads\/2022\/07\/1-300x300.png 300w, https:\/\/phukienphattai.com\/wp-content\/uploads\/2022\/07\/1-150x150.png 150w, https:\/\/phukienphattai.com\/wp-content\/uploads\/2022\/07\/1-400x400.png 400w, https:\/\/phukienphattai.com\/wp-content\/uploads\/2022\/07\/1-600x600.png 600w, https:\/\/phukienphattai.com\/wp-content\/uploads\/2022\/07\/1-100x100.png 100w\" sizes=\"(max-width: 700px) 100vw, 700px\" \/> <img decoding=\"async\" class=\"alignnone size-full wp-image-4688\" src=\"https:\/\/phukienphattai.com\/wp-content\/uploads\/2022\/07\/2.png\" alt=\"\" width=\"700\" height=\"700\" srcset=\"https:\/\/phukienphattai.com\/wp-content\/uploads\/2022\/07\/2.png 700w, https:\/\/phukienphattai.com\/wp-content\/uploads\/2022\/07\/2-300x300.png 300w, https:\/\/phukienphattai.com\/wp-content\/uploads\/2022\/07\/2-150x150.png 150w, https:\/\/phukienphattai.com\/wp-content\/uploads\/2022\/07\/2-400x400.png 400w, https:\/\/phukienphattai.com\/wp-content\/uploads\/2022\/07\/2-600x600.png 600w, https:\/\/phukienphattai.com\/wp-content\/uploads\/2022\/07\/2-100x100.png 100w\" sizes=\"(max-width: 700px) 100vw, 700px\" \/> <img decoding=\"async\" class=\"alignnone size-full wp-image-4689\" src=\"https:\/\/phukienphattai.com\/wp-content\/uploads\/2022\/07\/3.png\" alt=\"\" width=\"700\" height=\"700\" srcset=\"https:\/\/phukienphattai.com\/wp-content\/uploads\/2022\/07\/3.png 700w, https:\/\/phukienphattai.com\/wp-content\/uploads\/2022\/07\/3-300x300.png 300w, https:\/\/phukienphattai.com\/wp-content\/uploads\/2022\/07\/3-150x150.png 150w, https:\/\/phukienphattai.com\/wp-content\/uploads\/2022\/07\/3-400x400.png 400w, https:\/\/phukienphattai.com\/wp-content\/uploads\/2022\/07\/3-600x600.png 600w, https:\/\/phukienphattai.com\/wp-content\/uploads\/2022\/07\/3-100x100.png 100w\" sizes=\"(max-width: 700px) 100vw, 700px\" \/> <img loading=\"lazy\" decoding=\"async\" class=\"alignnone size-full wp-image-4690\" src=\"https:\/\/phukienphattai.com\/wp-content\/uploads\/2022\/07\/4.png\" alt=\"\" width=\"700\" height=\"700\" srcset=\"https:\/\/phukienphattai.com\/wp-content\/uploads\/2022\/07\/4.png 700w, https:\/\/phukienphattai.com\/wp-content\/uploads\/2022\/07\/4-300x300.png 300w, https:\/\/phukienphattai.com\/wp-content\/uploads\/2022\/07\/4-150x150.png 150w, https:\/\/phukienphattai.com\/wp-content\/uploads\/2022\/07\/4-400x400.png 400w, https:\/\/phukienphattai.com\/wp-content\/uploads\/2022\/07\/4-600x600.png 600w, https:\/\/phukienphattai.com\/wp-content\/uploads\/2022\/07\/4-100x100.png 100w\" sizes=\"(max-width: 700px) 100vw, 700px\" \/> <img loading=\"lazy\" decoding=\"async\" class=\"alignnone size-full wp-image-4691\" src=\"https:\/\/phukienphattai.com\/wp-content\/uploads\/2022\/07\/5.png\" alt=\"\" width=\"700\" height=\"700\" srcset=\"https:\/\/phukienphattai.com\/wp-content\/uploads\/2022\/07\/5.png 700w, https:\/\/phukienphattai.com\/wp-content\/uploads\/2022\/07\/5-300x300.png 300w, https:\/\/phukienphattai.com\/wp-content\/uploads\/2022\/07\/5-150x150.png 150w, https:\/\/phukienphattai.com\/wp-content\/uploads\/2022\/07\/5-400x400.png 400w, https:\/\/phukienphattai.com\/wp-content\/uploads\/2022\/07\/5-600x600.png 600w, https:\/\/phukienphattai.com\/wp-content\/uploads\/2022\/07\/5-100x100.png 100w\" sizes=\"(max-width: 700px) 100vw, 700px\" \/> <img loading=\"lazy\" decoding=\"async\" class=\"alignnone size-full wp-image-4692\" src=\"https:\/\/phukienphattai.com\/wp-content\/uploads\/2022\/07\/6.png\" alt=\"\" width=\"700\" height=\"700\" srcset=\"https:\/\/phukienphattai.com\/wp-content\/uploads\/2022\/07\/6.png 700w, https:\/\/phukienphattai.com\/wp-content\/uploads\/2022\/07\/6-300x300.png 300w, https:\/\/phukienphattai.com\/wp-content\/uploads\/2022\/07\/6-150x150.png 150w, https:\/\/phukienphattai.com\/wp-content\/uploads\/2022\/07\/6-400x400.png 400w, https:\/\/phukienphattai.com\/wp-content\/uploads\/2022\/07\/6-600x600.png 600w, https:\/\/phukienphattai.com\/wp-content\/uploads\/2022\/07\/6-100x100.png 100w\" sizes=\"(max-width: 700px) 100vw, 700px\" \/> <img loading=\"lazy\" decoding=\"async\" class=\"alignnone size-full wp-image-4693\" src=\"https:\/\/phukienphattai.com\/wp-content\/uploads\/2022\/07\/7.png\" alt=\"\" width=\"700\" height=\"700\" srcset=\"https:\/\/phukienphattai.com\/wp-content\/uploads\/2022\/07\/7.png 700w, https:\/\/phukienphattai.com\/wp-content\/uploads\/2022\/07\/7-300x300.png 300w, https:\/\/phukienphattai.com\/wp-content\/uploads\/2022\/07\/7-150x150.png 150w, https:\/\/phukienphattai.com\/wp-content\/uploads\/2022\/07\/7-400x400.png 400w, https:\/\/phukienphattai.com\/wp-content\/uploads\/2022\/07\/7-600x600.png 600w, https:\/\/phukienphattai.com\/wp-content\/uploads\/2022\/07\/7-100x100.png 100w\" sizes=\"(max-width: 700px) 100vw, 700px\" \/> <img loading=\"lazy\" decoding=\"async\" class=\"alignnone size-full wp-image-4694\" src=\"https:\/\/phukienphattai.com\/wp-content\/uploads\/2022\/07\/9.png\" alt=\"\" width=\"700\" height=\"700\" srcset=\"https:\/\/phukienphattai.com\/wp-content\/uploads\/2022\/07\/9.png 700w, https:\/\/phukienphattai.com\/wp-content\/uploads\/2022\/07\/9-300x300.png 300w, https:\/\/phukienphattai.com\/wp-content\/uploads\/2022\/07\/9-150x150.png 150w, https:\/\/phukienphattai.com\/wp-content\/uploads\/2022\/07\/9-400x400.png 400w, https:\/\/phukienphattai.com\/wp-content\/uploads\/2022\/07\/9-600x600.png 600w, https:\/\/phukienphattai.com\/wp-content\/uploads\/2022\/07\/9-100x100.png 100w\" sizes=\"(max-width: 700px) 100vw, 700px\" \/> <img loading=\"lazy\" decoding=\"async\" class=\"alignnone size-full wp-image-4695\" src=\"https:\/\/phukienphattai.com\/wp-content\/uploads\/2022\/07\/10.png\" alt=\"\" width=\"700\" height=\"700\" srcset=\"https:\/\/phukienphattai.com\/wp-content\/uploads\/2022\/07\/10.png 700w, https:\/\/phukienphattai.com\/wp-content\/uploads\/2022\/07\/10-300x300.png 300w, https:\/\/phukienphattai.com\/wp-content\/uploads\/2022\/07\/10-150x150.png 150w, https:\/\/phukienphattai.com\/wp-content\/uploads\/2022\/07\/10-400x400.png 400w, https:\/\/phukienphattai.com\/wp-content\/uploads\/2022\/07\/10-600x600.png 600w, https:\/\/phukienphattai.com\/wp-content\/uploads\/2022\/07\/10-100x100.png 100w\" sizes=\"(max-width: 700px) 100vw, 700px\" \/> <img loading=\"lazy\" decoding=\"async\" class=\"alignnone size-full wp-image-4696\" src=\"https:\/\/phukienphattai.com\/wp-content\/uploads\/2022\/07\/11.png\" alt=\"\" width=\"700\" height=\"700\" srcset=\"https:\/\/phukienphattai.com\/wp-content\/uploads\/2022\/07\/11.png 700w, https:\/\/phukienphattai.com\/wp-content\/uploads\/2022\/07\/11-300x300.png 300w, https:\/\/phukienphattai.com\/wp-content\/uploads\/2022\/07\/11-150x150.png 150w, https:\/\/phukienphattai.com\/wp-content\/uploads\/2022\/07\/11-400x400.png 400w, https:\/\/phukienphattai.com\/wp-content\/uploads\/2022\/07\/11-600x600.png 600w, https:\/\/phukienphattai.com\/wp-content\/uploads\/2022\/07\/11-100x100.png 100w\" sizes=\"(max-width: 700px) 100vw, 700px\" \/> <img loading=\"lazy\" decoding=\"async\" class=\"alignnone size-full wp-image-4697\" src=\"https:\/\/phukienphattai.com\/wp-content\/uploads\/2022\/07\/12.png\" alt=\"\" width=\"700\" height=\"700\" srcset=\"https:\/\/phukienphattai.com\/wp-content\/uploads\/2022\/07\/12.png 700w, https:\/\/phukienphattai.com\/wp-content\/uploads\/2022\/07\/12-300x300.png 300w, https:\/\/phukienphattai.com\/wp-content\/uploads\/2022\/07\/12-150x150.png 150w, https:\/\/phukienphattai.com\/wp-content\/uploads\/2022\/07\/12-400x400.png 400w, https:\/\/phukienphattai.com\/wp-content\/uploads\/2022\/07\/12-600x600.png 600w, https:\/\/phukienphattai.com\/wp-content\/uploads\/2022\/07\/12-100x100.png 100w\" sizes=\"(max-width: 700px) 100vw, 700px\" \/> <img loading=\"lazy\" decoding=\"async\" class=\"alignnone size-full wp-image-4698\" src=\"https:\/\/phukienphattai.com\/wp-content\/uploads\/2022\/07\/14.png\" alt=\"\" width=\"700\" height=\"700\" srcset=\"https:\/\/phukienphattai.com\/wp-content\/uploads\/2022\/07\/14.png 700w, https:\/\/phukienphattai.com\/wp-content\/uploads\/2022\/07\/14-300x300.png 300w, https:\/\/phukienphattai.com\/wp-content\/uploads\/2022\/07\/14-150x150.png 150w, https:\/\/phukienphattai.com\/wp-content\/uploads\/2022\/07\/14-400x400.png 400w, https:\/\/phukienphattai.com\/wp-content\/uploads\/2022\/07\/14-600x600.png 600w, https:\/\/phukienphattai.com\/wp-content\/uploads\/2022\/07\/14-100x100.png 100w\" sizes=\"(max-width: 700px) 100vw, 700px\" \/>\u00a0 \u00a0<img loading=\"lazy\" decoding=\"async\" class=\"alignnone size-full wp-image-3710\" src=\"https:\/\/phukienphattai.com\/wp-content\/uploads\/2022\/07\/cb79.png\" alt=\"\" width=\"700\" height=\"543\" srcset=\"https:\/\/phukienphattai.com\/wp-content\/uploads\/2022\/07\/cb79.png 700w, https:\/\/phukienphattai.com\/wp-content\/uploads\/2022\/07\/cb79-300x233.png 300w, https:\/\/phukienphattai.com\/wp-content\/uploads\/2022\/07\/cb79-600x465.png 600w\" sizes=\"(max-width: 700px) 100vw, 700px\" \/><\/p>\n<p>&nbsp;<\/p>\n<p>&nbsp;<\/p>\n<p>&nbsp;<\/p>\n<p><img loading=\"lazy\" decoding=\"async\" class=\"alignnone size-full wp-image-4699\" src=\"https:\/\/phukienphattai.com\/wp-content\/uploads\/2022\/07\/1-1.png\" alt=\"\" width=\"700\" height=\"700\" srcset=\"https:\/\/phukienphattai.com\/wp-content\/uploads\/2022\/07\/1-1.png 700w, https:\/\/phukienphattai.com\/wp-content\/uploads\/2022\/07\/1-1-300x300.png 300w, https:\/\/phukienphattai.com\/wp-content\/uploads\/2022\/07\/1-1-150x150.png 150w, https:\/\/phukienphattai.com\/wp-content\/uploads\/2022\/07\/1-1-400x400.png 400w, https:\/\/phukienphattai.com\/wp-content\/uploads\/2022\/07\/1-1-600x600.png 600w, https:\/\/phukienphattai.com\/wp-content\/uploads\/2022\/07\/1-1-100x100.png 100w\" sizes=\"(max-width: 700px) 100vw, 700px\" \/> <img loading=\"lazy\" decoding=\"async\" class=\"alignnone size-full wp-image-4700\" src=\"https:\/\/phukienphattai.com\/wp-content\/uploads\/2022\/07\/2-1.png\" alt=\"\" width=\"700\" height=\"700\" srcset=\"https:\/\/phukienphattai.com\/wp-content\/uploads\/2022\/07\/2-1.png 700w, https:\/\/phukienphattai.com\/wp-content\/uploads\/2022\/07\/2-1-300x300.png 300w, https:\/\/phukienphattai.com\/wp-content\/uploads\/2022\/07\/2-1-150x150.png 150w, https:\/\/phukienphattai.com\/wp-content\/uploads\/2022\/07\/2-1-400x400.png 400w, https:\/\/phukienphattai.com\/wp-content\/uploads\/2022\/07\/2-1-600x600.png 600w, https:\/\/phukienphattai.com\/wp-content\/uploads\/2022\/07\/2-1-100x100.png 100w\" sizes=\"(max-width: 700px) 100vw, 700px\" \/> <img loading=\"lazy\" decoding=\"async\" class=\"alignnone size-full wp-image-4701\" src=\"https:\/\/phukienphattai.com\/wp-content\/uploads\/2022\/07\/3-1.png\" alt=\"\" width=\"700\" height=\"700\" srcset=\"https:\/\/phukienphattai.com\/wp-content\/uploads\/2022\/07\/3-1.png 700w, https:\/\/phukienphattai.com\/wp-content\/uploads\/2022\/07\/3-1-300x300.png 300w, https:\/\/phukienphattai.com\/wp-content\/uploads\/2022\/07\/3-1-150x150.png 150w, https:\/\/phukienphattai.com\/wp-content\/uploads\/2022\/07\/3-1-400x400.png 400w, https:\/\/phukienphattai.com\/wp-content\/uploads\/2022\/07\/3-1-600x600.png 600w, https:\/\/phukienphattai.com\/wp-content\/uploads\/2022\/07\/3-1-100x100.png 100w\" sizes=\"(max-width: 700px) 100vw, 700px\" \/> <img loading=\"lazy\" decoding=\"async\" class=\"alignnone size-full wp-image-4702\" src=\"https:\/\/phukienphattai.com\/wp-content\/uploads\/2022\/07\/4-1.png\" alt=\"\" width=\"700\" height=\"700\" srcset=\"https:\/\/phukienphattai.com\/wp-content\/uploads\/2022\/07\/4-1.png 700w, https:\/\/phukienphattai.com\/wp-content\/uploads\/2022\/07\/4-1-300x300.png 300w, https:\/\/phukienphattai.com\/wp-content\/uploads\/2022\/07\/4-1-150x150.png 150w, https:\/\/phukienphattai.com\/wp-content\/uploads\/2022\/07\/4-1-400x400.png 400w, https:\/\/phukienphattai.com\/wp-content\/uploads\/2022\/07\/4-1-600x600.png 600w, https:\/\/phukienphattai.com\/wp-content\/uploads\/2022\/07\/4-1-100x100.png 100w\" sizes=\"(max-width: 700px) 100vw, 700px\" \/> <img loading=\"lazy\" decoding=\"async\" class=\"alignnone size-full wp-image-4703\" src=\"https:\/\/phukienphattai.com\/wp-content\/uploads\/2022\/07\/5-1.png\" alt=\"\" width=\"700\" height=\"700\" srcset=\"https:\/\/phukienphattai.com\/wp-content\/uploads\/2022\/07\/5-1.png 700w, https:\/\/phukienphattai.com\/wp-content\/uploads\/2022\/07\/5-1-300x300.png 300w, https:\/\/phukienphattai.com\/wp-content\/uploads\/2022\/07\/5-1-150x150.png 150w, https:\/\/phukienphattai.com\/wp-content\/uploads\/2022\/07\/5-1-400x400.png 400w, https:\/\/phukienphattai.com\/wp-content\/uploads\/2022\/07\/5-1-600x600.png 600w, https:\/\/phukienphattai.com\/wp-content\/uploads\/2022\/07\/5-1-100x100.png 100w\" sizes=\"(max-width: 700px) 100vw, 700px\" \/> <img loading=\"lazy\" decoding=\"async\" class=\"alignnone size-full wp-image-4704\" src=\"https:\/\/phukienphattai.com\/wp-content\/uploads\/2022\/07\/6-1.png\" alt=\"\" width=\"700\" height=\"700\" srcset=\"https:\/\/phukienphattai.com\/wp-content\/uploads\/2022\/07\/6-1.png 700w, https:\/\/phukienphattai.com\/wp-content\/uploads\/2022\/07\/6-1-300x300.png 300w, https:\/\/phukienphattai.com\/wp-content\/uploads\/2022\/07\/6-1-150x150.png 150w, https:\/\/phukienphattai.com\/wp-content\/uploads\/2022\/07\/6-1-400x400.png 400w, https:\/\/phukienphattai.com\/wp-content\/uploads\/2022\/07\/6-1-600x600.png 600w, https:\/\/phukienphattai.com\/wp-content\/uploads\/2022\/07\/6-1-100x100.png 100w\" sizes=\"(max-width: 700px) 100vw, 700px\" \/> <img loading=\"lazy\" decoding=\"async\" class=\"alignnone size-full wp-image-4705\" src=\"https:\/\/phukienphattai.com\/wp-content\/uploads\/2022\/07\/7-1.png\" alt=\"\" width=\"700\" height=\"700\" srcset=\"https:\/\/phukienphattai.com\/wp-content\/uploads\/2022\/07\/7-1.png 700w, https:\/\/phukienphattai.com\/wp-content\/uploads\/2022\/07\/7-1-300x300.png 300w, https:\/\/phukienphattai.com\/wp-content\/uploads\/2022\/07\/7-1-150x150.png 150w, https:\/\/phukienphattai.com\/wp-content\/uploads\/2022\/07\/7-1-400x400.png 400w, https:\/\/phukienphattai.com\/wp-content\/uploads\/2022\/07\/7-1-600x600.png 600w, https:\/\/phukienphattai.com\/wp-content\/uploads\/2022\/07\/7-1-100x100.png 100w\" sizes=\"(max-width: 700px) 100vw, 700px\" \/> <img loading=\"lazy\" decoding=\"async\" class=\"alignnone size-full wp-image-4706\" src=\"https:\/\/phukienphattai.com\/wp-content\/uploads\/2022\/07\/8.png\" alt=\"\" width=\"700\" height=\"700\" srcset=\"https:\/\/phukienphattai.com\/wp-content\/uploads\/2022\/07\/8.png 700w, https:\/\/phukienphattai.com\/wp-content\/uploads\/2022\/07\/8-300x300.png 300w, https:\/\/phukienphattai.com\/wp-content\/uploads\/2022\/07\/8-150x150.png 150w, https:\/\/phukienphattai.com\/wp-content\/uploads\/2022\/07\/8-400x400.png 400w, https:\/\/phukienphattai.com\/wp-content\/uploads\/2022\/07\/8-600x600.png 600w, https:\/\/phukienphattai.com\/wp-content\/uploads\/2022\/07\/8-100x100.png 100w\" sizes=\"(max-width: 700px) 100vw, 700px\" \/> <img loading=\"lazy\" decoding=\"async\" class=\"alignnone size-full wp-image-4707\" src=\"https:\/\/phukienphattai.com\/wp-content\/uploads\/2022\/07\/9-1.png\" alt=\"\" width=\"700\" height=\"700\" srcset=\"https:\/\/phukienphattai.com\/wp-content\/uploads\/2022\/07\/9-1.png 700w, https:\/\/phukienphattai.com\/wp-content\/uploads\/2022\/07\/9-1-300x300.png 300w, https:\/\/phukienphattai.com\/wp-content\/uploads\/2022\/07\/9-1-150x150.png 150w, https:\/\/phukienphattai.com\/wp-content\/uploads\/2022\/07\/9-1-400x400.png 400w, https:\/\/phukienphattai.com\/wp-content\/uploads\/2022\/07\/9-1-600x600.png 600w, https:\/\/phukienphattai.com\/wp-content\/uploads\/2022\/07\/9-1-100x100.png 100w\" sizes=\"(max-width: 700px) 100vw, 700px\" \/> <img loading=\"lazy\" decoding=\"async\" class=\"alignnone size-full wp-image-4708\" src=\"https:\/\/phukienphattai.com\/wp-content\/uploads\/2022\/07\/10-1.png\" alt=\"\" width=\"700\" height=\"700\" srcset=\"https:\/\/phukienphattai.com\/wp-content\/uploads\/2022\/07\/10-1.png 700w, https:\/\/phukienphattai.com\/wp-content\/uploads\/2022\/07\/10-1-300x300.png 300w, https:\/\/phukienphattai.com\/wp-content\/uploads\/2022\/07\/10-1-150x150.png 150w, https:\/\/phukienphattai.com\/wp-content\/uploads\/2022\/07\/10-1-400x400.png 400w, https:\/\/phukienphattai.com\/wp-content\/uploads\/2022\/07\/10-1-600x600.png 600w, https:\/\/phukienphattai.com\/wp-content\/uploads\/2022\/07\/10-1-100x100.png 100w\" sizes=\"(max-width: 700px) 100vw, 700px\" \/> <img loading=\"lazy\" decoding=\"async\" class=\"alignnone size-full wp-image-4709\" src=\"https:\/\/phukienphattai.com\/wp-content\/uploads\/2022\/07\/11-1.png\" alt=\"\" width=\"700\" height=\"700\" srcset=\"https:\/\/phukienphattai.com\/wp-content\/uploads\/2022\/07\/11-1.png 700w, https:\/\/phukienphattai.com\/wp-content\/uploads\/2022\/07\/11-1-300x300.png 300w, https:\/\/phukienphattai.com\/wp-content\/uploads\/2022\/07\/11-1-150x150.png 150w, https:\/\/phukienphattai.com\/wp-content\/uploads\/2022\/07\/11-1-400x400.png 400w, https:\/\/phukienphattai.com\/wp-content\/uploads\/2022\/07\/11-1-600x600.png 600w, https:\/\/phukienphattai.com\/wp-content\/uploads\/2022\/07\/11-1-100x100.png 100w\" sizes=\"(max-width: 700px) 100vw, 700px\" \/> <img loading=\"lazy\" decoding=\"async\" class=\"alignnone size-full wp-image-4710\" src=\"https:\/\/phukienphattai.com\/wp-content\/uploads\/2022\/07\/12-1.png\" alt=\"\" width=\"700\" height=\"700\" srcset=\"https:\/\/phukienphattai.com\/wp-content\/uploads\/2022\/07\/12-1.png 700w, https:\/\/phukienphattai.com\/wp-content\/uploads\/2022\/07\/12-1-300x300.png 300w, https:\/\/phukienphattai.com\/wp-content\/uploads\/2022\/07\/12-1-150x150.png 150w, https:\/\/phukienphattai.com\/wp-content\/uploads\/2022\/07\/12-1-400x400.png 400w, https:\/\/phukienphattai.com\/wp-content\/uploads\/2022\/07\/12-1-600x600.png 600w, https:\/\/phukienphattai.com\/wp-content\/uploads\/2022\/07\/12-1-100x100.png 100w\" sizes=\"(max-width: 700px) 100vw, 700px\" \/> <img loading=\"lazy\" decoding=\"async\" class=\"alignnone size-full wp-image-4711\" src=\"https:\/\/phukienphattai.com\/wp-content\/uploads\/2022\/07\/13.png\" alt=\"\" width=\"700\" height=\"700\" srcset=\"https:\/\/phukienphattai.com\/wp-content\/uploads\/2022\/07\/13.png 700w, https:\/\/phukienphattai.com\/wp-content\/uploads\/2022\/07\/13-300x300.png 300w, https:\/\/phukienphattai.com\/wp-content\/uploads\/2022\/07\/13-150x150.png 150w, https:\/\/phukienphattai.com\/wp-content\/uploads\/2022\/07\/13-400x400.png 400w, https:\/\/phukienphattai.com\/wp-content\/uploads\/2022\/07\/13-600x600.png 600w, https:\/\/phukienphattai.com\/wp-content\/uploads\/2022\/07\/13-100x100.png 100w\" sizes=\"(max-width: 700px) 100vw, 700px\" \/><\/p>\n<p>&nbsp;<\/p>\n<p>&nbsp;<\/p>\n<p>&nbsp;<\/p>\n<p><img loading=\"lazy\" decoding=\"async\" class=\"alignnone size-full wp-image-3706\" src=\"https:\/\/phukienphattai.com\/wp-content\/uploads\/2022\/07\/cb76.png\" alt=\"\" width=\"700\" height=\"700\" srcset=\"https:\/\/phukienphattai.com\/wp-content\/uploads\/2022\/07\/cb76.png 700w, https:\/\/phukienphattai.com\/wp-content\/uploads\/2022\/07\/cb76-300x300.png 300w, https:\/\/phukienphattai.com\/wp-content\/uploads\/2022\/07\/cb76-150x150.png 150w, https:\/\/phukienphattai.com\/wp-content\/uploads\/2022\/07\/cb76-400x400.png 400w, https:\/\/phukienphattai.com\/wp-content\/uploads\/2022\/07\/cb76-600x600.png 600w, https:\/\/phukienphattai.com\/wp-content\/uploads\/2022\/07\/cb76-100x100.png 100w\" sizes=\"(max-width: 700px) 100vw, 700px\" \/> <img loading=\"lazy\" decoding=\"async\" class=\"alignnone size-full wp-image-3707\" src=\"https:\/\/phukienphattai.com\/wp-content\/uploads\/2022\/07\/cb77.png\" alt=\"\" width=\"700\" height=\"700\" srcset=\"https:\/\/phukienphattai.com\/wp-content\/uploads\/2022\/07\/cb77.png 700w, https:\/\/phukienphattai.com\/wp-content\/uploads\/2022\/07\/cb77-300x300.png 300w, https:\/\/phukienphattai.com\/wp-content\/uploads\/2022\/07\/cb77-150x150.png 150w, https:\/\/phukienphattai.com\/wp-content\/uploads\/2022\/07\/cb77-400x400.png 400w, https:\/\/phukienphattai.com\/wp-content\/uploads\/2022\/07\/cb77-600x600.png 600w, https:\/\/phukienphattai.com\/wp-content\/uploads\/2022\/07\/cb77-100x100.png 100w\" sizes=\"(max-width: 700px) 100vw, 700px\" \/> <img loading=\"lazy\" decoding=\"async\" class=\"alignnone size-full wp-image-3708\" src=\"https:\/\/phukienphattai.com\/wp-content\/uploads\/2022\/07\/cb78.png\" alt=\"\" width=\"700\" height=\"700\" srcset=\"https:\/\/phukienphattai.com\/wp-content\/uploads\/2022\/07\/cb78.png 700w, https:\/\/phukienphattai.com\/wp-content\/uploads\/2022\/07\/cb78-300x300.png 300w, https:\/\/phukienphattai.com\/wp-content\/uploads\/2022\/07\/cb78-150x150.png 150w, https:\/\/phukienphattai.com\/wp-content\/uploads\/2022\/07\/cb78-400x400.png 400w, https:\/\/phukienphattai.com\/wp-content\/uploads\/2022\/07\/cb78-600x600.png 600w, https:\/\/phukienphattai.com\/wp-content\/uploads\/2022\/07\/cb78-100x100.png 100w\" sizes=\"(max-width: 700px) 100vw, 700px\" \/><img loading=\"lazy\" decoding=\"async\" class=\"alignnone size-full wp-image-4642\" src=\"https:\/\/phukienphattai.com\/wp-content\/uploads\/2022\/07\/16.png\" alt=\"\" width=\"700\" height=\"700\" srcset=\"https:\/\/phukienphattai.com\/wp-content\/uploads\/2022\/07\/16.png 700w, https:\/\/phukienphattai.com\/wp-content\/uploads\/2022\/07\/16-300x300.png 300w, https:\/\/phukienphattai.com\/wp-content\/uploads\/2022\/07\/16-150x150.png 150w, https:\/\/phukienphattai.com\/wp-content\/uploads\/2022\/07\/16-400x400.png 400w, https:\/\/phukienphattai.com\/wp-content\/uploads\/2022\/07\/16-600x600.png 600w, https:\/\/phukienphattai.com\/wp-content\/uploads\/2022\/07\/16-100x100.png 100w\" sizes=\"(max-width: 700px) 100vw, 700px\" \/> <img loading=\"lazy\" decoding=\"async\" class=\"alignnone size-full wp-image-4643\" src=\"https:\/\/phukienphattai.com\/wp-content\/uploads\/2022\/07\/20.png\" alt=\"\" width=\"700\" height=\"700\" srcset=\"https:\/\/phukienphattai.com\/wp-content\/uploads\/2022\/07\/20.png 700w, https:\/\/phukienphattai.com\/wp-content\/uploads\/2022\/07\/20-300x300.png 300w, https:\/\/phukienphattai.com\/wp-content\/uploads\/2022\/07\/20-150x150.png 150w, https:\/\/phukienphattai.com\/wp-content\/uploads\/2022\/07\/20-400x400.png 400w, https:\/\/phukienphattai.com\/wp-content\/uploads\/2022\/07\/20-600x600.png 600w, https:\/\/phukienphattai.com\/wp-content\/uploads\/2022\/07\/20-100x100.png 100w\" sizes=\"(max-width: 700px) 100vw, 700px\" \/> <img loading=\"lazy\" decoding=\"async\" class=\"alignnone size-full wp-image-4644\" src=\"https:\/\/phukienphattai.com\/wp-content\/uploads\/2022\/07\/24.png\" alt=\"\" width=\"700\" height=\"700\" srcset=\"https:\/\/phukienphattai.com\/wp-content\/uploads\/2022\/07\/24.png 700w, https:\/\/phukienphattai.com\/wp-content\/uploads\/2022\/07\/24-300x300.png 300w, https:\/\/phukienphattai.com\/wp-content\/uploads\/2022\/07\/24-150x150.png 150w, https:\/\/phukienphattai.com\/wp-content\/uploads\/2022\/07\/24-400x400.png 400w, https:\/\/phukienphattai.com\/wp-content\/uploads\/2022\/07\/24-600x600.png 600w, https:\/\/phukienphattai.com\/wp-content\/uploads\/2022\/07\/24-100x100.png 100w\" sizes=\"(max-width: 700px) 100vw, 700px\" \/><\/p>\n","protected":false},"excerpt":{"rendered":"<p>\u00a0 \u00a0 &nbsp; &nbsp; &nbsp; &nbsp; &nbsp; &nbsp;<\/p>\n","protected":false},"featured_media":3700,"comment_status":"open","ping_status":"closed","template":"","meta":[],"product_brand":[],"product_cat":[55],"product_tag":[],"class_list":{"0":"post-3699","1":"product","2":"type-product","3":"status-publish","4":"has-post-thumbnail","6":"product_cat-combo-trang-tri-dam-cuoi","7":"latest_post","9":"first","10":"instock","11":"shipping-taxable","12":"product-type-simple"},"_links":{"self":[{"href":"https:\/\/phukienphattai.com\/index.php?rest_route=\/wp\/v2\/product\/3699","targetHints":{"allow":["GET"]}}],"collection":[{"href":"https:\/\/phukienphattai.com\/index.php?rest_route=\/wp\/v2\/product"}],"about":[{"href":"https:\/\/phukienphattai.com\/index.php?rest_route=\/wp\/v2\/types\/product"}],"replies":[{"embeddable":true,"href":"https:\/\/phukienphattai.com\/index.php?rest_route=%2Fwp%2Fv2%2Fcomments&post=3699"}],"version-history":[{"count":7,"href":"https:\/\/phukienphattai.com\/index.php?rest_route=\/wp\/v2\/product\/3699\/revisions"}],"predecessor-version":[{"id":4712,"href":"https:\/\/phukienphattai.com\/index.php?rest_route=\/wp\/v2\/product\/3699\/revisions\/4712"}],"wp:featuredmedia":[{"embeddable":true,"href":"https:\/\/phukienphattai.com\/index.php?rest_route=\/wp\/v2\/media\/3700"}],"wp:attachment":[{"href":"https:\/\/phukienphattai.com\/index.php?rest_route=%2Fwp%2Fv2%2Fmedia&parent=3699"}],"wp:term":[{"taxonomy":"product_brand","embeddable":true,"href":"https:\/\/phukienphattai.com\/index.php?rest_route=%2Fwp%2Fv2%2Fproduct_brand&post=3699"},{"taxonomy":"product_cat","embeddable":true,"href":"https:\/\/phukienphattai.com\/index.php?rest_route=%2Fwp%2Fv2%2Fproduct_cat&post=3699"},{"taxonomy":"product_tag","embeddable":true,"href":"https:\/\/phukienphattai.com\/index.php?rest_route=%2Fwp%2Fv2%2Fproduct_tag&post=3699"}],"curies":[{"name":"wp","href":"https:\/\/api.w.org\/{rel}","templated":true}]}}