{"id":3712,"date":"2022-07-15T06:01:27","date_gmt":"2022-07-15T06:01:27","guid":{"rendered":"http:\/\/phukienphattai.com\/?post_type=product&#038;p=3712"},"modified":"2023-10-18T15:23:21","modified_gmt":"2023-10-18T15:23:21","slug":"combo-trang-tri-dam-cuoi-08","status":"publish","type":"product","link":"https:\/\/phukienphattai.com\/?product=combo-trang-tri-dam-cuoi-08","title":{"rendered":"Combo trang tr\u00ed \u0111\u00e1m c\u01b0\u1edbi &#8211; 08"},"content":{"rendered":"<p>Gi\u00e1 ti\u1ec1n t\u00f9y v\u00e0o size b\u1ea3ng<\/p>\n<p><img fetchpriority=\"high\" decoding=\"async\" class=\"alignnone size-full wp-image-3718\" src=\"https:\/\/phukienphattai.com\/wp-content\/uploads\/2022\/07\/cb800.png\" alt=\"\" width=\"700\" height=\"700\" srcset=\"https:\/\/phukienphattai.com\/wp-content\/uploads\/2022\/07\/cb800.png 700w, https:\/\/phukienphattai.com\/wp-content\/uploads\/2022\/07\/cb800-300x300.png 300w, https:\/\/phukienphattai.com\/wp-content\/uploads\/2022\/07\/cb800-150x150.png 150w, https:\/\/phukienphattai.com\/wp-content\/uploads\/2022\/07\/cb800-400x400.png 400w, https:\/\/phukienphattai.com\/wp-content\/uploads\/2022\/07\/cb800-600x600.png 600w, https:\/\/phukienphattai.com\/wp-content\/uploads\/2022\/07\/cb800-100x100.png 100w\" sizes=\"(max-width: 700px) 100vw, 700px\" \/><img decoding=\"async\" class=\"alignnone size-full wp-image-3714\" src=\"https:\/\/phukienphattai.com\/wp-content\/uploads\/2022\/07\/cb82.png\" alt=\"\" width=\"700\" height=\"700\" srcset=\"https:\/\/phukienphattai.com\/wp-content\/uploads\/2022\/07\/cb82.png 700w, https:\/\/phukienphattai.com\/wp-content\/uploads\/2022\/07\/cb82-300x300.png 300w, https:\/\/phukienphattai.com\/wp-content\/uploads\/2022\/07\/cb82-150x150.png 150w, https:\/\/phukienphattai.com\/wp-content\/uploads\/2022\/07\/cb82-400x400.png 400w, https:\/\/phukienphattai.com\/wp-content\/uploads\/2022\/07\/cb82-600x600.png 600w, https:\/\/phukienphattai.com\/wp-content\/uploads\/2022\/07\/cb82-100x100.png 100w\" sizes=\"(max-width: 700px) 100vw, 700px\" \/><img decoding=\"async\" class=\"alignnone size-full wp-image-3715\" src=\"https:\/\/phukienphattai.com\/wp-content\/uploads\/2022\/07\/cb81.png\" alt=\"\" width=\"700\" height=\"700\" srcset=\"https:\/\/phukienphattai.com\/wp-content\/uploads\/2022\/07\/cb81.png 700w, https:\/\/phukienphattai.com\/wp-content\/uploads\/2022\/07\/cb81-300x300.png 300w, https:\/\/phukienphattai.com\/wp-content\/uploads\/2022\/07\/cb81-150x150.png 150w, https:\/\/phukienphattai.com\/wp-content\/uploads\/2022\/07\/cb81-400x400.png 400w, https:\/\/phukienphattai.com\/wp-content\/uploads\/2022\/07\/cb81-600x600.png 600w, https:\/\/phukienphattai.com\/wp-content\/uploads\/2022\/07\/cb81-100x100.png 100w\" sizes=\"(max-width: 700px) 100vw, 700px\" \/> <img loading=\"lazy\" decoding=\"async\" class=\"alignnone size-full wp-image-3716\" src=\"https:\/\/phukienphattai.com\/wp-content\/uploads\/2022\/07\/cb83.png\" alt=\"\" width=\"700\" height=\"350\" srcset=\"https:\/\/phukienphattai.com\/wp-content\/uploads\/2022\/07\/cb83.png 700w, https:\/\/phukienphattai.com\/wp-content\/uploads\/2022\/07\/cb83-300x150.png 300w, https:\/\/phukienphattai.com\/wp-content\/uploads\/2022\/07\/cb83-600x300.png 600w\" sizes=\"(max-width: 700px) 100vw, 700px\" \/> <img loading=\"lazy\" decoding=\"async\" class=\"alignnone size-full wp-image-3717\" src=\"https:\/\/phukienphattai.com\/wp-content\/uploads\/2022\/07\/cb84.png\" alt=\"\" width=\"700\" height=\"700\" srcset=\"https:\/\/phukienphattai.com\/wp-content\/uploads\/2022\/07\/cb84.png 700w, https:\/\/phukienphattai.com\/wp-content\/uploads\/2022\/07\/cb84-300x300.png 300w, https:\/\/phukienphattai.com\/wp-content\/uploads\/2022\/07\/cb84-150x150.png 150w, https:\/\/phukienphattai.com\/wp-content\/uploads\/2022\/07\/cb84-400x400.png 400w, https:\/\/phukienphattai.com\/wp-content\/uploads\/2022\/07\/cb84-600x600.png 600w, https:\/\/phukienphattai.com\/wp-content\/uploads\/2022\/07\/cb84-100x100.png 100w\" sizes=\"(max-width: 700px) 100vw, 700px\" \/><\/p>\n","protected":false},"excerpt":{"rendered":"<p>Gi\u00e1 ti\u1ec1n t\u00f9y v\u00e0o size b\u1ea3ng<\/p>\n","protected":false},"featured_media":3713,"comment_status":"open","ping_status":"closed","template":"","meta":[],"product_brand":[],"product_cat":[55],"product_tag":[],"class_list":{"0":"post-3712","1":"product","2":"type-product","3":"status-publish","4":"has-post-thumbnail","6":"product_cat-combo-trang-tri-dam-cuoi","7":"latest_post","9":"first","10":"instock","11":"shipping-taxable","12":"product-type-simple"},"_links":{"self":[{"href":"https:\/\/phukienphattai.com\/index.php?rest_route=\/wp\/v2\/product\/3712","targetHints":{"allow":["GET"]}}],"collection":[{"href":"https:\/\/phukienphattai.com\/index.php?rest_route=\/wp\/v2\/product"}],"about":[{"href":"https:\/\/phukienphattai.com\/index.php?rest_route=\/wp\/v2\/types\/product"}],"replies":[{"embeddable":true,"href":"https:\/\/phukienphattai.com\/index.php?rest_route=%2Fwp%2Fv2%2Fcomments&post=3712"}],"version-history":[{"count":1,"href":"https:\/\/phukienphattai.com\/index.php?rest_route=\/wp\/v2\/product\/3712\/revisions"}],"predecessor-version":[{"id":3719,"href":"https:\/\/phukienphattai.com\/index.php?rest_route=\/wp\/v2\/product\/3712\/revisions\/3719"}],"wp:featuredmedia":[{"embeddable":true,"href":"https:\/\/phukienphattai.com\/index.php?rest_route=\/wp\/v2\/media\/3713"}],"wp:attachment":[{"href":"https:\/\/phukienphattai.com\/index.php?rest_route=%2Fwp%2Fv2%2Fmedia&parent=3712"}],"wp:term":[{"taxonomy":"product_brand","embeddable":true,"href":"https:\/\/phukienphattai.com\/index.php?rest_route=%2Fwp%2Fv2%2Fproduct_brand&post=3712"},{"taxonomy":"product_cat","embeddable":true,"href":"https:\/\/phukienphattai.com\/index.php?rest_route=%2Fwp%2Fv2%2Fproduct_cat&post=3712"},{"taxonomy":"product_tag","embeddable":true,"href":"https:\/\/phukienphattai.com\/index.php?rest_route=%2Fwp%2Fv2%2Fproduct_tag&post=3712"}],"curies":[{"name":"wp","href":"https:\/\/api.w.org\/{rel}","templated":true}]}}