{"id":3873,"date":"2023-01-29T15:52:50","date_gmt":"2023-01-29T15:52:50","guid":{"rendered":"http:\/\/phukienphattai.com\/?post_type=product&#038;p=3873"},"modified":"2023-10-18T15:22:56","modified_gmt":"2023-10-18T15:22:56","slug":"combo-trang-tri-dam-cuoi-14","status":"publish","type":"product","link":"https:\/\/phukienphattai.com\/?product=combo-trang-tri-dam-cuoi-14","title":{"rendered":"Combo trang tr\u00ed \u0111\u00e1m c\u01b0\u1edbi &#8211; 14"},"content":{"rendered":"<p><img fetchpriority=\"high\" decoding=\"async\" src=\"https:\/\/phukienphattai.com\/wp-content\/uploads\/2023\/01\/cb14-1.png\" alt=\"\" width=\"700\" height=\"700\" class=\"alignnone size-full wp-image-3875\" srcset=\"https:\/\/phukienphattai.com\/wp-content\/uploads\/2023\/01\/cb14-1.png 700w, https:\/\/phukienphattai.com\/wp-content\/uploads\/2023\/01\/cb14-1-300x300.png 300w, https:\/\/phukienphattai.com\/wp-content\/uploads\/2023\/01\/cb14-1-150x150.png 150w, https:\/\/phukienphattai.com\/wp-content\/uploads\/2023\/01\/cb14-1-400x400.png 400w, https:\/\/phukienphattai.com\/wp-content\/uploads\/2023\/01\/cb14-1-600x600.png 600w, https:\/\/phukienphattai.com\/wp-content\/uploads\/2023\/01\/cb14-1-100x100.png 100w\" sizes=\"(max-width: 700px) 100vw, 700px\" \/><br \/>\n<img decoding=\"async\" src=\"https:\/\/phukienphattai.com\/wp-content\/uploads\/2023\/01\/cb14-1a.png\" alt=\"\" width=\"700\" height=\"700\" class=\"alignnone size-full wp-image-3876\" srcset=\"https:\/\/phukienphattai.com\/wp-content\/uploads\/2023\/01\/cb14-1a.png 700w, https:\/\/phukienphattai.com\/wp-content\/uploads\/2023\/01\/cb14-1a-300x300.png 300w, https:\/\/phukienphattai.com\/wp-content\/uploads\/2023\/01\/cb14-1a-150x150.png 150w, https:\/\/phukienphattai.com\/wp-content\/uploads\/2023\/01\/cb14-1a-400x400.png 400w, https:\/\/phukienphattai.com\/wp-content\/uploads\/2023\/01\/cb14-1a-600x600.png 600w, https:\/\/phukienphattai.com\/wp-content\/uploads\/2023\/01\/cb14-1a-100x100.png 100w\" sizes=\"(max-width: 700px) 100vw, 700px\" \/><br \/>\n<img decoding=\"async\" src=\"https:\/\/phukienphattai.com\/wp-content\/uploads\/2023\/01\/cb14-2.png\" alt=\"\" width=\"700\" height=\"700\" class=\"alignnone size-full wp-image-3877\" srcset=\"https:\/\/phukienphattai.com\/wp-content\/uploads\/2023\/01\/cb14-2.png 700w, https:\/\/phukienphattai.com\/wp-content\/uploads\/2023\/01\/cb14-2-300x300.png 300w, https:\/\/phukienphattai.com\/wp-content\/uploads\/2023\/01\/cb14-2-150x150.png 150w, https:\/\/phukienphattai.com\/wp-content\/uploads\/2023\/01\/cb14-2-400x400.png 400w, https:\/\/phukienphattai.com\/wp-content\/uploads\/2023\/01\/cb14-2-600x600.png 600w, https:\/\/phukienphattai.com\/wp-content\/uploads\/2023\/01\/cb14-2-100x100.png 100w\" sizes=\"(max-width: 700px) 100vw, 700px\" \/><br \/>\n<img loading=\"lazy\" decoding=\"async\" src=\"https:\/\/phukienphattai.com\/wp-content\/uploads\/2023\/01\/cb14-3.png\" alt=\"\" width=\"700\" height=\"700\" class=\"alignnone size-full wp-image-3878\" srcset=\"https:\/\/phukienphattai.com\/wp-content\/uploads\/2023\/01\/cb14-3.png 700w, https:\/\/phukienphattai.com\/wp-content\/uploads\/2023\/01\/cb14-3-300x300.png 300w, https:\/\/phukienphattai.com\/wp-content\/uploads\/2023\/01\/cb14-3-150x150.png 150w, https:\/\/phukienphattai.com\/wp-content\/uploads\/2023\/01\/cb14-3-400x400.png 400w, https:\/\/phukienphattai.com\/wp-content\/uploads\/2023\/01\/cb14-3-600x600.png 600w, https:\/\/phukienphattai.com\/wp-content\/uploads\/2023\/01\/cb14-3-100x100.png 100w\" sizes=\"(max-width: 700px) 100vw, 700px\" \/><br \/>\n<img loading=\"lazy\" decoding=\"async\" src=\"https:\/\/phukienphattai.com\/wp-content\/uploads\/2023\/01\/cb14-4a.png\" alt=\"\" width=\"700\" height=\"700\" class=\"alignnone size-full wp-image-3879\" srcset=\"https:\/\/phukienphattai.com\/wp-content\/uploads\/2023\/01\/cb14-4a.png 700w, https:\/\/phukienphattai.com\/wp-content\/uploads\/2023\/01\/cb14-4a-300x300.png 300w, https:\/\/phukienphattai.com\/wp-content\/uploads\/2023\/01\/cb14-4a-150x150.png 150w, https:\/\/phukienphattai.com\/wp-content\/uploads\/2023\/01\/cb14-4a-400x400.png 400w, https:\/\/phukienphattai.com\/wp-content\/uploads\/2023\/01\/cb14-4a-600x600.png 600w, https:\/\/phukienphattai.com\/wp-content\/uploads\/2023\/01\/cb14-4a-100x100.png 100w\" sizes=\"(max-width: 700px) 100vw, 700px\" \/><br \/>\n<img loading=\"lazy\" decoding=\"async\" src=\"https:\/\/phukienphattai.com\/wp-content\/uploads\/2023\/01\/cb14-5.png\" alt=\"\" width=\"700\" height=\"700\" class=\"alignnone size-full wp-image-3880\" srcset=\"https:\/\/phukienphattai.com\/wp-content\/uploads\/2023\/01\/cb14-5.png 700w, https:\/\/phukienphattai.com\/wp-content\/uploads\/2023\/01\/cb14-5-300x300.png 300w, https:\/\/phukienphattai.com\/wp-content\/uploads\/2023\/01\/cb14-5-150x150.png 150w, https:\/\/phukienphattai.com\/wp-content\/uploads\/2023\/01\/cb14-5-400x400.png 400w, https:\/\/phukienphattai.com\/wp-content\/uploads\/2023\/01\/cb14-5-600x600.png 600w, https:\/\/phukienphattai.com\/wp-content\/uploads\/2023\/01\/cb14-5-100x100.png 100w\" sizes=\"(max-width: 700px) 100vw, 700px\" \/><br \/>\n<img loading=\"lazy\" decoding=\"async\" src=\"https:\/\/phukienphattai.com\/wp-content\/uploads\/2023\/01\/cb14-6.png\" alt=\"\" width=\"800\" height=\"800\" class=\"alignnone size-full wp-image-3881\" srcset=\"https:\/\/phukienphattai.com\/wp-content\/uploads\/2023\/01\/cb14-6.png 800w, https:\/\/phukienphattai.com\/wp-content\/uploads\/2023\/01\/cb14-6-300x300.png 300w, https:\/\/phukienphattai.com\/wp-content\/uploads\/2023\/01\/cb14-6-150x150.png 150w, https:\/\/phukienphattai.com\/wp-content\/uploads\/2023\/01\/cb14-6-768x768.png 768w, https:\/\/phukienphattai.com\/wp-content\/uploads\/2023\/01\/cb14-6-400x400.png 400w, https:\/\/phukienphattai.com\/wp-content\/uploads\/2023\/01\/cb14-6-600x600.png 600w, https:\/\/phukienphattai.com\/wp-content\/uploads\/2023\/01\/cb14-6-100x100.png 100w\" sizes=\"(max-width: 800px) 100vw, 800px\" \/><\/p>\n","protected":false},"excerpt":{"rendered":"","protected":false},"featured_media":3874,"comment_status":"open","ping_status":"closed","template":"","meta":[],"product_brand":[],"product_cat":[55],"product_tag":[],"class_list":{"0":"post-3873","1":"product","2":"type-product","3":"status-publish","4":"has-post-thumbnail","6":"product_cat-combo-trang-tri-dam-cuoi","7":"latest_post","9":"first","10":"instock","11":"shipping-taxable","12":"product-type-simple"},"_links":{"self":[{"href":"https:\/\/phukienphattai.com\/index.php?rest_route=\/wp\/v2\/product\/3873","targetHints":{"allow":["GET"]}}],"collection":[{"href":"https:\/\/phukienphattai.com\/index.php?rest_route=\/wp\/v2\/product"}],"about":[{"href":"https:\/\/phukienphattai.com\/index.php?rest_route=\/wp\/v2\/types\/product"}],"replies":[{"embeddable":true,"href":"https:\/\/phukienphattai.com\/index.php?rest_route=%2Fwp%2Fv2%2Fcomments&post=3873"}],"version-history":[{"count":1,"href":"https:\/\/phukienphattai.com\/index.php?rest_route=\/wp\/v2\/product\/3873\/revisions"}],"predecessor-version":[{"id":3882,"href":"https:\/\/phukienphattai.com\/index.php?rest_route=\/wp\/v2\/product\/3873\/revisions\/3882"}],"wp:featuredmedia":[{"embeddable":true,"href":"https:\/\/phukienphattai.com\/index.php?rest_route=\/wp\/v2\/media\/3874"}],"wp:attachment":[{"href":"https:\/\/phukienphattai.com\/index.php?rest_route=%2Fwp%2Fv2%2Fmedia&parent=3873"}],"wp:term":[{"taxonomy":"product_brand","embeddable":true,"href":"https:\/\/phukienphattai.com\/index.php?rest_route=%2Fwp%2Fv2%2Fproduct_brand&post=3873"},{"taxonomy":"product_cat","embeddable":true,"href":"https:\/\/phukienphattai.com\/index.php?rest_route=%2Fwp%2Fv2%2Fproduct_cat&post=3873"},{"taxonomy":"product_tag","embeddable":true,"href":"https:\/\/phukienphattai.com\/index.php?rest_route=%2Fwp%2Fv2%2Fproduct_tag&post=3873"}],"curies":[{"name":"wp","href":"https:\/\/api.w.org\/{rel}","templated":true}]}}