{"id":3893,"date":"2023-01-29T15:55:53","date_gmt":"2023-01-29T15:55:53","guid":{"rendered":"http:\/\/phukienphattai.com\/?post_type=product&#038;p=3893"},"modified":"2023-10-18T15:22:42","modified_gmt":"2023-10-18T15:22:42","slug":"combo-trang-tri-dam-cuoi-16","status":"publish","type":"product","link":"https:\/\/phukienphattai.com\/?product=combo-trang-tri-dam-cuoi-16","title":{"rendered":"Combo trang tr\u00ed \u0111\u00e1m c\u01b0\u1edbi &#8211; 16"},"content":{"rendered":"<p><img fetchpriority=\"high\" decoding=\"async\" src=\"https:\/\/phukienphattai.com\/wp-content\/uploads\/2023\/01\/cb16-1.png\" alt=\"\" width=\"700\" height=\"700\" class=\"alignnone size-full wp-image-3895\" srcset=\"https:\/\/phukienphattai.com\/wp-content\/uploads\/2023\/01\/cb16-1.png 700w, https:\/\/phukienphattai.com\/wp-content\/uploads\/2023\/01\/cb16-1-300x300.png 300w, https:\/\/phukienphattai.com\/wp-content\/uploads\/2023\/01\/cb16-1-150x150.png 150w, https:\/\/phukienphattai.com\/wp-content\/uploads\/2023\/01\/cb16-1-400x400.png 400w, https:\/\/phukienphattai.com\/wp-content\/uploads\/2023\/01\/cb16-1-600x600.png 600w, https:\/\/phukienphattai.com\/wp-content\/uploads\/2023\/01\/cb16-1-100x100.png 100w\" sizes=\"(max-width: 700px) 100vw, 700px\" \/><br \/>\n<img decoding=\"async\" src=\"https:\/\/phukienphattai.com\/wp-content\/uploads\/2023\/01\/cb16-2.png\" alt=\"\" width=\"700\" height=\"700\" class=\"alignnone size-full wp-image-3896\" srcset=\"https:\/\/phukienphattai.com\/wp-content\/uploads\/2023\/01\/cb16-2.png 700w, https:\/\/phukienphattai.com\/wp-content\/uploads\/2023\/01\/cb16-2-300x300.png 300w, https:\/\/phukienphattai.com\/wp-content\/uploads\/2023\/01\/cb16-2-150x150.png 150w, https:\/\/phukienphattai.com\/wp-content\/uploads\/2023\/01\/cb16-2-400x400.png 400w, https:\/\/phukienphattai.com\/wp-content\/uploads\/2023\/01\/cb16-2-600x600.png 600w, https:\/\/phukienphattai.com\/wp-content\/uploads\/2023\/01\/cb16-2-100x100.png 100w\" sizes=\"(max-width: 700px) 100vw, 700px\" \/><br \/>\n<img decoding=\"async\" src=\"https:\/\/phukienphattai.com\/wp-content\/uploads\/2023\/01\/cb16-3.png\" alt=\"\" width=\"700\" height=\"700\" class=\"alignnone size-full wp-image-3897\" srcset=\"https:\/\/phukienphattai.com\/wp-content\/uploads\/2023\/01\/cb16-3.png 700w, https:\/\/phukienphattai.com\/wp-content\/uploads\/2023\/01\/cb16-3-300x300.png 300w, https:\/\/phukienphattai.com\/wp-content\/uploads\/2023\/01\/cb16-3-150x150.png 150w, https:\/\/phukienphattai.com\/wp-content\/uploads\/2023\/01\/cb16-3-400x400.png 400w, https:\/\/phukienphattai.com\/wp-content\/uploads\/2023\/01\/cb16-3-600x600.png 600w, https:\/\/phukienphattai.com\/wp-content\/uploads\/2023\/01\/cb16-3-100x100.png 100w\" sizes=\"(max-width: 700px) 100vw, 700px\" \/><br \/>\n<img loading=\"lazy\" decoding=\"async\" src=\"https:\/\/phukienphattai.com\/wp-content\/uploads\/2023\/01\/cb16-3a.png\" alt=\"\" width=\"700\" height=\"700\" class=\"alignnone size-full wp-image-3898\" srcset=\"https:\/\/phukienphattai.com\/wp-content\/uploads\/2023\/01\/cb16-3a.png 700w, https:\/\/phukienphattai.com\/wp-content\/uploads\/2023\/01\/cb16-3a-300x300.png 300w, https:\/\/phukienphattai.com\/wp-content\/uploads\/2023\/01\/cb16-3a-150x150.png 150w, https:\/\/phukienphattai.com\/wp-content\/uploads\/2023\/01\/cb16-3a-400x400.png 400w, https:\/\/phukienphattai.com\/wp-content\/uploads\/2023\/01\/cb16-3a-600x600.png 600w, https:\/\/phukienphattai.com\/wp-content\/uploads\/2023\/01\/cb16-3a-100x100.png 100w\" sizes=\"(max-width: 700px) 100vw, 700px\" \/><br \/>\n<img loading=\"lazy\" decoding=\"async\" src=\"https:\/\/phukienphattai.com\/wp-content\/uploads\/2023\/01\/cb16-4.png\" alt=\"\" width=\"700\" height=\"700\" class=\"alignnone size-full wp-image-3899\" srcset=\"https:\/\/phukienphattai.com\/wp-content\/uploads\/2023\/01\/cb16-4.png 700w, https:\/\/phukienphattai.com\/wp-content\/uploads\/2023\/01\/cb16-4-300x300.png 300w, https:\/\/phukienphattai.com\/wp-content\/uploads\/2023\/01\/cb16-4-150x150.png 150w, https:\/\/phukienphattai.com\/wp-content\/uploads\/2023\/01\/cb16-4-400x400.png 400w, https:\/\/phukienphattai.com\/wp-content\/uploads\/2023\/01\/cb16-4-600x600.png 600w, https:\/\/phukienphattai.com\/wp-content\/uploads\/2023\/01\/cb16-4-100x100.png 100w\" sizes=\"(max-width: 700px) 100vw, 700px\" \/><br \/>\n<img loading=\"lazy\" decoding=\"async\" src=\"https:\/\/phukienphattai.com\/wp-content\/uploads\/2023\/01\/cb16-5.png\" alt=\"\" width=\"700\" height=\"700\" class=\"alignnone size-full wp-image-3900\" srcset=\"https:\/\/phukienphattai.com\/wp-content\/uploads\/2023\/01\/cb16-5.png 700w, https:\/\/phukienphattai.com\/wp-content\/uploads\/2023\/01\/cb16-5-300x300.png 300w, https:\/\/phukienphattai.com\/wp-content\/uploads\/2023\/01\/cb16-5-150x150.png 150w, https:\/\/phukienphattai.com\/wp-content\/uploads\/2023\/01\/cb16-5-400x400.png 400w, https:\/\/phukienphattai.com\/wp-content\/uploads\/2023\/01\/cb16-5-600x600.png 600w, https:\/\/phukienphattai.com\/wp-content\/uploads\/2023\/01\/cb16-5-100x100.png 100w\" sizes=\"(max-width: 700px) 100vw, 700px\" \/><br \/>\n<img loading=\"lazy\" decoding=\"async\" src=\"https:\/\/phukienphattai.com\/wp-content\/uploads\/2023\/01\/cb16-6.png\" alt=\"\" width=\"800\" height=\"800\" class=\"alignnone size-full wp-image-3901\" srcset=\"https:\/\/phukienphattai.com\/wp-content\/uploads\/2023\/01\/cb16-6.png 800w, https:\/\/phukienphattai.com\/wp-content\/uploads\/2023\/01\/cb16-6-300x300.png 300w, https:\/\/phukienphattai.com\/wp-content\/uploads\/2023\/01\/cb16-6-150x150.png 150w, https:\/\/phukienphattai.com\/wp-content\/uploads\/2023\/01\/cb16-6-768x768.png 768w, https:\/\/phukienphattai.com\/wp-content\/uploads\/2023\/01\/cb16-6-400x400.png 400w, https:\/\/phukienphattai.com\/wp-content\/uploads\/2023\/01\/cb16-6-600x600.png 600w, https:\/\/phukienphattai.com\/wp-content\/uploads\/2023\/01\/cb16-6-100x100.png 100w\" sizes=\"(max-width: 800px) 100vw, 800px\" \/><\/p>\n","protected":false},"excerpt":{"rendered":"","protected":false},"featured_media":3894,"comment_status":"open","ping_status":"closed","template":"","meta":[],"product_brand":[],"product_cat":[55],"product_tag":[],"class_list":{"0":"post-3893","1":"product","2":"type-product","3":"status-publish","4":"has-post-thumbnail","6":"product_cat-combo-trang-tri-dam-cuoi","7":"latest_post","9":"first","10":"instock","11":"shipping-taxable","12":"product-type-simple"},"_links":{"self":[{"href":"https:\/\/phukienphattai.com\/index.php?rest_route=\/wp\/v2\/product\/3893","targetHints":{"allow":["GET"]}}],"collection":[{"href":"https:\/\/phukienphattai.com\/index.php?rest_route=\/wp\/v2\/product"}],"about":[{"href":"https:\/\/phukienphattai.com\/index.php?rest_route=\/wp\/v2\/types\/product"}],"replies":[{"embeddable":true,"href":"https:\/\/phukienphattai.com\/index.php?rest_route=%2Fwp%2Fv2%2Fcomments&post=3893"}],"version-history":[{"count":1,"href":"https:\/\/phukienphattai.com\/index.php?rest_route=\/wp\/v2\/product\/3893\/revisions"}],"predecessor-version":[{"id":3902,"href":"https:\/\/phukienphattai.com\/index.php?rest_route=\/wp\/v2\/product\/3893\/revisions\/3902"}],"wp:featuredmedia":[{"embeddable":true,"href":"https:\/\/phukienphattai.com\/index.php?rest_route=\/wp\/v2\/media\/3894"}],"wp:attachment":[{"href":"https:\/\/phukienphattai.com\/index.php?rest_route=%2Fwp%2Fv2%2Fmedia&parent=3893"}],"wp:term":[{"taxonomy":"product_brand","embeddable":true,"href":"https:\/\/phukienphattai.com\/index.php?rest_route=%2Fwp%2Fv2%2Fproduct_brand&post=3893"},{"taxonomy":"product_cat","embeddable":true,"href":"https:\/\/phukienphattai.com\/index.php?rest_route=%2Fwp%2Fv2%2Fproduct_cat&post=3893"},{"taxonomy":"product_tag","embeddable":true,"href":"https:\/\/phukienphattai.com\/index.php?rest_route=%2Fwp%2Fv2%2Fproduct_tag&post=3893"}],"curies":[{"name":"wp","href":"https:\/\/api.w.org\/{rel}","templated":true}]}}