{"id":3912,"date":"2023-01-30T14:16:39","date_gmt":"2023-01-30T14:16:39","guid":{"rendered":"http:\/\/phukienphattai.com\/?post_type=product&#038;p=3912"},"modified":"2023-10-18T15:22:30","modified_gmt":"2023-10-18T15:22:30","slug":"combo-trang-tri-dam-cuoi-11","status":"publish","type":"product","link":"https:\/\/phukienphattai.com\/?product=combo-trang-tri-dam-cuoi-11","title":{"rendered":"Combo trang tr\u00ed \u0111\u00e1m c\u01b0\u1edbi &#8211; 11"},"content":{"rendered":"<p><img fetchpriority=\"high\" decoding=\"async\" src=\"https:\/\/phukienphattai.com\/wp-content\/uploads\/2023\/01\/cb11-1.png\" alt=\"\" width=\"700\" height=\"700\" class=\"alignnone size-full wp-image-3914\" srcset=\"https:\/\/phukienphattai.com\/wp-content\/uploads\/2023\/01\/cb11-1.png 700w, https:\/\/phukienphattai.com\/wp-content\/uploads\/2023\/01\/cb11-1-300x300.png 300w, https:\/\/phukienphattai.com\/wp-content\/uploads\/2023\/01\/cb11-1-150x150.png 150w, https:\/\/phukienphattai.com\/wp-content\/uploads\/2023\/01\/cb11-1-400x400.png 400w, https:\/\/phukienphattai.com\/wp-content\/uploads\/2023\/01\/cb11-1-600x600.png 600w, https:\/\/phukienphattai.com\/wp-content\/uploads\/2023\/01\/cb11-1-100x100.png 100w\" sizes=\"(max-width: 700px) 100vw, 700px\" \/><br \/>\n<img decoding=\"async\" src=\"https:\/\/phukienphattai.com\/wp-content\/uploads\/2023\/01\/cb11-2.png\" alt=\"\" width=\"700\" height=\"700\" class=\"alignnone size-full wp-image-3915\" srcset=\"https:\/\/phukienphattai.com\/wp-content\/uploads\/2023\/01\/cb11-2.png 700w, https:\/\/phukienphattai.com\/wp-content\/uploads\/2023\/01\/cb11-2-300x300.png 300w, https:\/\/phukienphattai.com\/wp-content\/uploads\/2023\/01\/cb11-2-150x150.png 150w, https:\/\/phukienphattai.com\/wp-content\/uploads\/2023\/01\/cb11-2-400x400.png 400w, https:\/\/phukienphattai.com\/wp-content\/uploads\/2023\/01\/cb11-2-600x600.png 600w, https:\/\/phukienphattai.com\/wp-content\/uploads\/2023\/01\/cb11-2-100x100.png 100w\" sizes=\"(max-width: 700px) 100vw, 700px\" \/><br \/>\n<img decoding=\"async\" src=\"https:\/\/phukienphattai.com\/wp-content\/uploads\/2023\/01\/cb11-3.png\" alt=\"\" width=\"700\" height=\"700\" class=\"alignnone size-full wp-image-3916\" srcset=\"https:\/\/phukienphattai.com\/wp-content\/uploads\/2023\/01\/cb11-3.png 700w, https:\/\/phukienphattai.com\/wp-content\/uploads\/2023\/01\/cb11-3-300x300.png 300w, https:\/\/phukienphattai.com\/wp-content\/uploads\/2023\/01\/cb11-3-150x150.png 150w, https:\/\/phukienphattai.com\/wp-content\/uploads\/2023\/01\/cb11-3-400x400.png 400w, https:\/\/phukienphattai.com\/wp-content\/uploads\/2023\/01\/cb11-3-600x600.png 600w, https:\/\/phukienphattai.com\/wp-content\/uploads\/2023\/01\/cb11-3-100x100.png 100w\" sizes=\"(max-width: 700px) 100vw, 700px\" \/><br \/>\n<img loading=\"lazy\" decoding=\"async\" src=\"https:\/\/phukienphattai.com\/wp-content\/uploads\/2023\/01\/cb11-4.png\" alt=\"\" width=\"700\" height=\"700\" class=\"alignnone size-full wp-image-3917\" srcset=\"https:\/\/phukienphattai.com\/wp-content\/uploads\/2023\/01\/cb11-4.png 700w, https:\/\/phukienphattai.com\/wp-content\/uploads\/2023\/01\/cb11-4-300x300.png 300w, https:\/\/phukienphattai.com\/wp-content\/uploads\/2023\/01\/cb11-4-150x150.png 150w, https:\/\/phukienphattai.com\/wp-content\/uploads\/2023\/01\/cb11-4-400x400.png 400w, https:\/\/phukienphattai.com\/wp-content\/uploads\/2023\/01\/cb11-4-600x600.png 600w, https:\/\/phukienphattai.com\/wp-content\/uploads\/2023\/01\/cb11-4-100x100.png 100w\" sizes=\"(max-width: 700px) 100vw, 700px\" \/><br \/>\n<img loading=\"lazy\" decoding=\"async\" src=\"https:\/\/phukienphattai.com\/wp-content\/uploads\/2023\/01\/cb11-5.png\" alt=\"\" width=\"700\" height=\"700\" class=\"alignnone size-full wp-image-3918\" srcset=\"https:\/\/phukienphattai.com\/wp-content\/uploads\/2023\/01\/cb11-5.png 700w, https:\/\/phukienphattai.com\/wp-content\/uploads\/2023\/01\/cb11-5-300x300.png 300w, https:\/\/phukienphattai.com\/wp-content\/uploads\/2023\/01\/cb11-5-150x150.png 150w, https:\/\/phukienphattai.com\/wp-content\/uploads\/2023\/01\/cb11-5-400x400.png 400w, https:\/\/phukienphattai.com\/wp-content\/uploads\/2023\/01\/cb11-5-600x600.png 600w, https:\/\/phukienphattai.com\/wp-content\/uploads\/2023\/01\/cb11-5-100x100.png 100w\" sizes=\"(max-width: 700px) 100vw, 700px\" \/><br \/>\n<img loading=\"lazy\" decoding=\"async\" src=\"https:\/\/phukienphattai.com\/wp-content\/uploads\/2023\/01\/cb11-6.jpg\" alt=\"\" width=\"800\" height=\"800\" class=\"alignnone size-full wp-image-3919\" srcset=\"https:\/\/phukienphattai.com\/wp-content\/uploads\/2023\/01\/cb11-6.jpg 800w, https:\/\/phukienphattai.com\/wp-content\/uploads\/2023\/01\/cb11-6-300x300.jpg 300w, https:\/\/phukienphattai.com\/wp-content\/uploads\/2023\/01\/cb11-6-150x150.jpg 150w, https:\/\/phukienphattai.com\/wp-content\/uploads\/2023\/01\/cb11-6-768x768.jpg 768w, https:\/\/phukienphattai.com\/wp-content\/uploads\/2023\/01\/cb11-6-400x400.jpg 400w, https:\/\/phukienphattai.com\/wp-content\/uploads\/2023\/01\/cb11-6-600x600.jpg 600w, https:\/\/phukienphattai.com\/wp-content\/uploads\/2023\/01\/cb11-6-100x100.jpg 100w\" sizes=\"(max-width: 800px) 100vw, 800px\" \/><\/p>\n","protected":false},"excerpt":{"rendered":"","protected":false},"featured_media":3913,"comment_status":"open","ping_status":"closed","template":"","meta":[],"product_brand":[],"product_cat":[55],"product_tag":[],"class_list":{"0":"post-3912","1":"product","2":"type-product","3":"status-publish","4":"has-post-thumbnail","6":"product_cat-combo-trang-tri-dam-cuoi","7":"latest_post","9":"first","10":"instock","11":"shipping-taxable","12":"product-type-simple"},"_links":{"self":[{"href":"https:\/\/phukienphattai.com\/index.php?rest_route=\/wp\/v2\/product\/3912","targetHints":{"allow":["GET"]}}],"collection":[{"href":"https:\/\/phukienphattai.com\/index.php?rest_route=\/wp\/v2\/product"}],"about":[{"href":"https:\/\/phukienphattai.com\/index.php?rest_route=\/wp\/v2\/types\/product"}],"replies":[{"embeddable":true,"href":"https:\/\/phukienphattai.com\/index.php?rest_route=%2Fwp%2Fv2%2Fcomments&post=3912"}],"version-history":[{"count":1,"href":"https:\/\/phukienphattai.com\/index.php?rest_route=\/wp\/v2\/product\/3912\/revisions"}],"predecessor-version":[{"id":3920,"href":"https:\/\/phukienphattai.com\/index.php?rest_route=\/wp\/v2\/product\/3912\/revisions\/3920"}],"wp:featuredmedia":[{"embeddable":true,"href":"https:\/\/phukienphattai.com\/index.php?rest_route=\/wp\/v2\/media\/3913"}],"wp:attachment":[{"href":"https:\/\/phukienphattai.com\/index.php?rest_route=%2Fwp%2Fv2%2Fmedia&parent=3912"}],"wp:term":[{"taxonomy":"product_brand","embeddable":true,"href":"https:\/\/phukienphattai.com\/index.php?rest_route=%2Fwp%2Fv2%2Fproduct_brand&post=3912"},{"taxonomy":"product_cat","embeddable":true,"href":"https:\/\/phukienphattai.com\/index.php?rest_route=%2Fwp%2Fv2%2Fproduct_cat&post=3912"},{"taxonomy":"product_tag","embeddable":true,"href":"https:\/\/phukienphattai.com\/index.php?rest_route=%2Fwp%2Fv2%2Fproduct_tag&post=3912"}],"curies":[{"name":"wp","href":"https:\/\/api.w.org\/{rel}","templated":true}]}}