{"id":3928,"date":"2023-02-06T04:53:51","date_gmt":"2023-02-06T04:53:51","guid":{"rendered":"http:\/\/phukienphattai.com\/?post_type=product&#038;p=3928"},"modified":"2023-10-18T15:22:20","modified_gmt":"2023-10-18T15:22:20","slug":"combo-trang-tri-dam-cuoi-18","status":"publish","type":"product","link":"https:\/\/phukienphattai.com\/?product=combo-trang-tri-dam-cuoi-18","title":{"rendered":"Combo trang tr\u00ed \u0111\u00e1m c\u01b0\u1edbi &#8211; 18"},"content":{"rendered":"<p><img fetchpriority=\"high\" decoding=\"async\" src=\"https:\/\/phukienphattai.com\/wp-content\/uploads\/2023\/02\/cb18-1.png\" alt=\"\" width=\"700\" height=\"700\" class=\"alignnone size-full wp-image-3930\" srcset=\"https:\/\/phukienphattai.com\/wp-content\/uploads\/2023\/02\/cb18-1.png 700w, https:\/\/phukienphattai.com\/wp-content\/uploads\/2023\/02\/cb18-1-300x300.png 300w, https:\/\/phukienphattai.com\/wp-content\/uploads\/2023\/02\/cb18-1-150x150.png 150w, https:\/\/phukienphattai.com\/wp-content\/uploads\/2023\/02\/cb18-1-400x400.png 400w, https:\/\/phukienphattai.com\/wp-content\/uploads\/2023\/02\/cb18-1-600x600.png 600w, https:\/\/phukienphattai.com\/wp-content\/uploads\/2023\/02\/cb18-1-100x100.png 100w\" sizes=\"(max-width: 700px) 100vw, 700px\" \/><br \/>\n<img decoding=\"async\" src=\"https:\/\/phukienphattai.com\/wp-content\/uploads\/2023\/02\/cb18-1a.png\" alt=\"\" width=\"700\" height=\"700\" class=\"alignnone size-full wp-image-3931\" srcset=\"https:\/\/phukienphattai.com\/wp-content\/uploads\/2023\/02\/cb18-1a.png 700w, https:\/\/phukienphattai.com\/wp-content\/uploads\/2023\/02\/cb18-1a-300x300.png 300w, https:\/\/phukienphattai.com\/wp-content\/uploads\/2023\/02\/cb18-1a-150x150.png 150w, https:\/\/phukienphattai.com\/wp-content\/uploads\/2023\/02\/cb18-1a-400x400.png 400w, https:\/\/phukienphattai.com\/wp-content\/uploads\/2023\/02\/cb18-1a-600x600.png 600w, https:\/\/phukienphattai.com\/wp-content\/uploads\/2023\/02\/cb18-1a-100x100.png 100w\" sizes=\"(max-width: 700px) 100vw, 700px\" \/><br \/>\n<img decoding=\"async\" src=\"https:\/\/phukienphattai.com\/wp-content\/uploads\/2023\/02\/cb18-2.png\" alt=\"\" width=\"700\" height=\"700\" class=\"alignnone size-full wp-image-3932\" srcset=\"https:\/\/phukienphattai.com\/wp-content\/uploads\/2023\/02\/cb18-2.png 700w, https:\/\/phukienphattai.com\/wp-content\/uploads\/2023\/02\/cb18-2-300x300.png 300w, https:\/\/phukienphattai.com\/wp-content\/uploads\/2023\/02\/cb18-2-150x150.png 150w, https:\/\/phukienphattai.com\/wp-content\/uploads\/2023\/02\/cb18-2-400x400.png 400w, https:\/\/phukienphattai.com\/wp-content\/uploads\/2023\/02\/cb18-2-600x600.png 600w, https:\/\/phukienphattai.com\/wp-content\/uploads\/2023\/02\/cb18-2-100x100.png 100w\" sizes=\"(max-width: 700px) 100vw, 700px\" \/><br \/>\n<img loading=\"lazy\" decoding=\"async\" src=\"https:\/\/phukienphattai.com\/wp-content\/uploads\/2023\/02\/cb18-3.png\" alt=\"\" width=\"700\" height=\"700\" class=\"alignnone size-full wp-image-3933\" srcset=\"https:\/\/phukienphattai.com\/wp-content\/uploads\/2023\/02\/cb18-3.png 700w, https:\/\/phukienphattai.com\/wp-content\/uploads\/2023\/02\/cb18-3-300x300.png 300w, https:\/\/phukienphattai.com\/wp-content\/uploads\/2023\/02\/cb18-3-150x150.png 150w, https:\/\/phukienphattai.com\/wp-content\/uploads\/2023\/02\/cb18-3-400x400.png 400w, https:\/\/phukienphattai.com\/wp-content\/uploads\/2023\/02\/cb18-3-600x600.png 600w, https:\/\/phukienphattai.com\/wp-content\/uploads\/2023\/02\/cb18-3-100x100.png 100w\" sizes=\"(max-width: 700px) 100vw, 700px\" \/><br \/>\n<img loading=\"lazy\" decoding=\"async\" src=\"https:\/\/phukienphattai.com\/wp-content\/uploads\/2023\/02\/cb18-4.png\" alt=\"\" width=\"700\" height=\"700\" class=\"alignnone size-full wp-image-3934\" srcset=\"https:\/\/phukienphattai.com\/wp-content\/uploads\/2023\/02\/cb18-4.png 700w, https:\/\/phukienphattai.com\/wp-content\/uploads\/2023\/02\/cb18-4-300x300.png 300w, https:\/\/phukienphattai.com\/wp-content\/uploads\/2023\/02\/cb18-4-150x150.png 150w, https:\/\/phukienphattai.com\/wp-content\/uploads\/2023\/02\/cb18-4-400x400.png 400w, https:\/\/phukienphattai.com\/wp-content\/uploads\/2023\/02\/cb18-4-600x600.png 600w, https:\/\/phukienphattai.com\/wp-content\/uploads\/2023\/02\/cb18-4-100x100.png 100w\" sizes=\"(max-width: 700px) 100vw, 700px\" \/><br \/>\n<img loading=\"lazy\" decoding=\"async\" src=\"https:\/\/phukienphattai.com\/wp-content\/uploads\/2023\/02\/cb18-5.png\" alt=\"\" width=\"800\" height=\"800\" class=\"alignnone size-full wp-image-3935\" srcset=\"https:\/\/phukienphattai.com\/wp-content\/uploads\/2023\/02\/cb18-5.png 800w, https:\/\/phukienphattai.com\/wp-content\/uploads\/2023\/02\/cb18-5-300x300.png 300w, https:\/\/phukienphattai.com\/wp-content\/uploads\/2023\/02\/cb18-5-150x150.png 150w, https:\/\/phukienphattai.com\/wp-content\/uploads\/2023\/02\/cb18-5-768x768.png 768w, https:\/\/phukienphattai.com\/wp-content\/uploads\/2023\/02\/cb18-5-400x400.png 400w, https:\/\/phukienphattai.com\/wp-content\/uploads\/2023\/02\/cb18-5-600x600.png 600w, https:\/\/phukienphattai.com\/wp-content\/uploads\/2023\/02\/cb18-5-100x100.png 100w\" sizes=\"(max-width: 800px) 100vw, 800px\" \/><\/p>\n","protected":false},"excerpt":{"rendered":"","protected":false},"featured_media":3929,"comment_status":"open","ping_status":"closed","template":"","meta":[],"product_brand":[],"product_cat":[55],"product_tag":[],"class_list":{"0":"post-3928","1":"product","2":"type-product","3":"status-publish","4":"has-post-thumbnail","6":"product_cat-combo-trang-tri-dam-cuoi","7":"latest_post","9":"first","10":"instock","11":"shipping-taxable","12":"product-type-simple"},"_links":{"self":[{"href":"https:\/\/phukienphattai.com\/index.php?rest_route=\/wp\/v2\/product\/3928","targetHints":{"allow":["GET"]}}],"collection":[{"href":"https:\/\/phukienphattai.com\/index.php?rest_route=\/wp\/v2\/product"}],"about":[{"href":"https:\/\/phukienphattai.com\/index.php?rest_route=\/wp\/v2\/types\/product"}],"replies":[{"embeddable":true,"href":"https:\/\/phukienphattai.com\/index.php?rest_route=%2Fwp%2Fv2%2Fcomments&post=3928"}],"version-history":[{"count":1,"href":"https:\/\/phukienphattai.com\/index.php?rest_route=\/wp\/v2\/product\/3928\/revisions"}],"predecessor-version":[{"id":3936,"href":"https:\/\/phukienphattai.com\/index.php?rest_route=\/wp\/v2\/product\/3928\/revisions\/3936"}],"wp:featuredmedia":[{"embeddable":true,"href":"https:\/\/phukienphattai.com\/index.php?rest_route=\/wp\/v2\/media\/3929"}],"wp:attachment":[{"href":"https:\/\/phukienphattai.com\/index.php?rest_route=%2Fwp%2Fv2%2Fmedia&parent=3928"}],"wp:term":[{"taxonomy":"product_brand","embeddable":true,"href":"https:\/\/phukienphattai.com\/index.php?rest_route=%2Fwp%2Fv2%2Fproduct_brand&post=3928"},{"taxonomy":"product_cat","embeddable":true,"href":"https:\/\/phukienphattai.com\/index.php?rest_route=%2Fwp%2Fv2%2Fproduct_cat&post=3928"},{"taxonomy":"product_tag","embeddable":true,"href":"https:\/\/phukienphattai.com\/index.php?rest_route=%2Fwp%2Fv2%2Fproduct_tag&post=3928"}],"curies":[{"name":"wp","href":"https:\/\/api.w.org\/{rel}","templated":true}]}}