{"id":3994,"date":"2023-02-10T18:15:42","date_gmt":"2023-02-10T18:15:42","guid":{"rendered":"http:\/\/phukienphattai.com\/?post_type=product&#038;p=3994"},"modified":"2023-10-18T15:21:40","modified_gmt":"2023-10-18T15:21:40","slug":"combo-trang-tri-dam-cuoi-23","status":"publish","type":"product","link":"https:\/\/phukienphattai.com\/?product=combo-trang-tri-dam-cuoi-23","title":{"rendered":"Combo trang tr\u00ed \u0111\u00e1m c\u01b0\u1edbi &#8211; 23"},"content":{"rendered":"<p><img fetchpriority=\"high\" decoding=\"async\" src=\"https:\/\/phukienphattai.com\/wp-content\/uploads\/2023\/02\/cb23-1.png\" alt=\"\" width=\"700\" height=\"700\" class=\"alignnone size-full wp-image-3996\" srcset=\"https:\/\/phukienphattai.com\/wp-content\/uploads\/2023\/02\/cb23-1.png 700w, https:\/\/phukienphattai.com\/wp-content\/uploads\/2023\/02\/cb23-1-300x300.png 300w, https:\/\/phukienphattai.com\/wp-content\/uploads\/2023\/02\/cb23-1-150x150.png 150w, https:\/\/phukienphattai.com\/wp-content\/uploads\/2023\/02\/cb23-1-400x400.png 400w, https:\/\/phukienphattai.com\/wp-content\/uploads\/2023\/02\/cb23-1-600x600.png 600w, https:\/\/phukienphattai.com\/wp-content\/uploads\/2023\/02\/cb23-1-100x100.png 100w\" sizes=\"(max-width: 700px) 100vw, 700px\" \/><br \/>\n<img decoding=\"async\" src=\"https:\/\/phukienphattai.com\/wp-content\/uploads\/2023\/02\/cb23-1a.png\" alt=\"\" width=\"700\" height=\"700\" class=\"alignnone size-full wp-image-3997\" srcset=\"https:\/\/phukienphattai.com\/wp-content\/uploads\/2023\/02\/cb23-1a.png 700w, https:\/\/phukienphattai.com\/wp-content\/uploads\/2023\/02\/cb23-1a-300x300.png 300w, https:\/\/phukienphattai.com\/wp-content\/uploads\/2023\/02\/cb23-1a-150x150.png 150w, https:\/\/phukienphattai.com\/wp-content\/uploads\/2023\/02\/cb23-1a-400x400.png 400w, https:\/\/phukienphattai.com\/wp-content\/uploads\/2023\/02\/cb23-1a-600x600.png 600w, https:\/\/phukienphattai.com\/wp-content\/uploads\/2023\/02\/cb23-1a-100x100.png 100w\" sizes=\"(max-width: 700px) 100vw, 700px\" \/><br \/>\n<img decoding=\"async\" src=\"https:\/\/phukienphattai.com\/wp-content\/uploads\/2023\/02\/cb23-1b.png\" alt=\"\" width=\"700\" height=\"700\" class=\"alignnone size-full wp-image-4065\" srcset=\"https:\/\/phukienphattai.com\/wp-content\/uploads\/2023\/02\/cb23-1b.png 700w, https:\/\/phukienphattai.com\/wp-content\/uploads\/2023\/02\/cb23-1b-300x300.png 300w, https:\/\/phukienphattai.com\/wp-content\/uploads\/2023\/02\/cb23-1b-150x150.png 150w, https:\/\/phukienphattai.com\/wp-content\/uploads\/2023\/02\/cb23-1b-400x400.png 400w, https:\/\/phukienphattai.com\/wp-content\/uploads\/2023\/02\/cb23-1b-600x600.png 600w, https:\/\/phukienphattai.com\/wp-content\/uploads\/2023\/02\/cb23-1b-100x100.png 100w\" sizes=\"(max-width: 700px) 100vw, 700px\" \/><br \/>\n<img loading=\"lazy\" decoding=\"async\" src=\"https:\/\/phukienphattai.com\/wp-content\/uploads\/2023\/02\/cb23-2.png\" alt=\"\" width=\"700\" height=\"700\" class=\"alignnone size-full wp-image-3998\" srcset=\"https:\/\/phukienphattai.com\/wp-content\/uploads\/2023\/02\/cb23-2.png 700w, https:\/\/phukienphattai.com\/wp-content\/uploads\/2023\/02\/cb23-2-300x300.png 300w, https:\/\/phukienphattai.com\/wp-content\/uploads\/2023\/02\/cb23-2-150x150.png 150w, https:\/\/phukienphattai.com\/wp-content\/uploads\/2023\/02\/cb23-2-400x400.png 400w, https:\/\/phukienphattai.com\/wp-content\/uploads\/2023\/02\/cb23-2-600x600.png 600w, https:\/\/phukienphattai.com\/wp-content\/uploads\/2023\/02\/cb23-2-100x100.png 100w\" sizes=\"(max-width: 700px) 100vw, 700px\" \/><br \/>\n<img loading=\"lazy\" decoding=\"async\" src=\"https:\/\/phukienphattai.com\/wp-content\/uploads\/2023\/02\/cb23-3.png\" alt=\"\" width=\"700\" height=\"700\" class=\"alignnone size-full wp-image-3999\" srcset=\"https:\/\/phukienphattai.com\/wp-content\/uploads\/2023\/02\/cb23-3.png 700w, https:\/\/phukienphattai.com\/wp-content\/uploads\/2023\/02\/cb23-3-300x300.png 300w, https:\/\/phukienphattai.com\/wp-content\/uploads\/2023\/02\/cb23-3-150x150.png 150w, https:\/\/phukienphattai.com\/wp-content\/uploads\/2023\/02\/cb23-3-400x400.png 400w, https:\/\/phukienphattai.com\/wp-content\/uploads\/2023\/02\/cb23-3-600x600.png 600w, https:\/\/phukienphattai.com\/wp-content\/uploads\/2023\/02\/cb23-3-100x100.png 100w\" sizes=\"(max-width: 700px) 100vw, 700px\" \/><br \/>\n<img loading=\"lazy\" decoding=\"async\" src=\"https:\/\/phukienphattai.com\/wp-content\/uploads\/2023\/02\/cb23-4.png\" alt=\"\" width=\"700\" height=\"700\" class=\"alignnone size-full wp-image-4000\" srcset=\"https:\/\/phukienphattai.com\/wp-content\/uploads\/2023\/02\/cb23-4.png 700w, https:\/\/phukienphattai.com\/wp-content\/uploads\/2023\/02\/cb23-4-300x300.png 300w, https:\/\/phukienphattai.com\/wp-content\/uploads\/2023\/02\/cb23-4-150x150.png 150w, https:\/\/phukienphattai.com\/wp-content\/uploads\/2023\/02\/cb23-4-400x400.png 400w, https:\/\/phukienphattai.com\/wp-content\/uploads\/2023\/02\/cb23-4-600x600.png 600w, https:\/\/phukienphattai.com\/wp-content\/uploads\/2023\/02\/cb23-4-100x100.png 100w\" sizes=\"(max-width: 700px) 100vw, 700px\" \/><br \/>\n<img loading=\"lazy\" decoding=\"async\" src=\"https:\/\/phukienphattai.com\/wp-content\/uploads\/2023\/02\/cb23-5.png\" alt=\"\" width=\"700\" height=\"700\" class=\"alignnone size-full wp-image-4001\" srcset=\"https:\/\/phukienphattai.com\/wp-content\/uploads\/2023\/02\/cb23-5.png 700w, https:\/\/phukienphattai.com\/wp-content\/uploads\/2023\/02\/cb23-5-300x300.png 300w, https:\/\/phukienphattai.com\/wp-content\/uploads\/2023\/02\/cb23-5-150x150.png 150w, https:\/\/phukienphattai.com\/wp-content\/uploads\/2023\/02\/cb23-5-400x400.png 400w, https:\/\/phukienphattai.com\/wp-content\/uploads\/2023\/02\/cb23-5-600x600.png 600w, https:\/\/phukienphattai.com\/wp-content\/uploads\/2023\/02\/cb23-5-100x100.png 100w\" sizes=\"(max-width: 700px) 100vw, 700px\" \/><br \/>\n<img loading=\"lazy\" decoding=\"async\" src=\"https:\/\/phukienphattai.com\/wp-content\/uploads\/2023\/02\/cb23-6.png\" alt=\"\" width=\"800\" height=\"800\" class=\"alignnone size-full wp-image-4002\" srcset=\"https:\/\/phukienphattai.com\/wp-content\/uploads\/2023\/02\/cb23-6.png 800w, https:\/\/phukienphattai.com\/wp-content\/uploads\/2023\/02\/cb23-6-300x300.png 300w, https:\/\/phukienphattai.com\/wp-content\/uploads\/2023\/02\/cb23-6-150x150.png 150w, https:\/\/phukienphattai.com\/wp-content\/uploads\/2023\/02\/cb23-6-768x768.png 768w, https:\/\/phukienphattai.com\/wp-content\/uploads\/2023\/02\/cb23-6-400x400.png 400w, https:\/\/phukienphattai.com\/wp-content\/uploads\/2023\/02\/cb23-6-600x600.png 600w, https:\/\/phukienphattai.com\/wp-content\/uploads\/2023\/02\/cb23-6-100x100.png 100w\" sizes=\"(max-width: 800px) 100vw, 800px\" \/><\/p>\n","protected":false},"excerpt":{"rendered":"","protected":false},"featured_media":3995,"comment_status":"open","ping_status":"closed","template":"","meta":[],"product_brand":[],"product_cat":[55],"product_tag":[],"class_list":{"0":"post-3994","1":"product","2":"type-product","3":"status-publish","4":"has-post-thumbnail","6":"product_cat-combo-trang-tri-dam-cuoi","7":"latest_post","9":"first","10":"instock","11":"shipping-taxable","12":"product-type-simple"},"_links":{"self":[{"href":"https:\/\/phukienphattai.com\/index.php?rest_route=\/wp\/v2\/product\/3994","targetHints":{"allow":["GET"]}}],"collection":[{"href":"https:\/\/phukienphattai.com\/index.php?rest_route=\/wp\/v2\/product"}],"about":[{"href":"https:\/\/phukienphattai.com\/index.php?rest_route=\/wp\/v2\/types\/product"}],"replies":[{"embeddable":true,"href":"https:\/\/phukienphattai.com\/index.php?rest_route=%2Fwp%2Fv2%2Fcomments&post=3994"}],"version-history":[{"count":2,"href":"https:\/\/phukienphattai.com\/index.php?rest_route=\/wp\/v2\/product\/3994\/revisions"}],"predecessor-version":[{"id":4066,"href":"https:\/\/phukienphattai.com\/index.php?rest_route=\/wp\/v2\/product\/3994\/revisions\/4066"}],"wp:featuredmedia":[{"embeddable":true,"href":"https:\/\/phukienphattai.com\/index.php?rest_route=\/wp\/v2\/media\/3995"}],"wp:attachment":[{"href":"https:\/\/phukienphattai.com\/index.php?rest_route=%2Fwp%2Fv2%2Fmedia&parent=3994"}],"wp:term":[{"taxonomy":"product_brand","embeddable":true,"href":"https:\/\/phukienphattai.com\/index.php?rest_route=%2Fwp%2Fv2%2Fproduct_brand&post=3994"},{"taxonomy":"product_cat","embeddable":true,"href":"https:\/\/phukienphattai.com\/index.php?rest_route=%2Fwp%2Fv2%2Fproduct_cat&post=3994"},{"taxonomy":"product_tag","embeddable":true,"href":"https:\/\/phukienphattai.com\/index.php?rest_route=%2Fwp%2Fv2%2Fproduct_tag&post=3994"}],"curies":[{"name":"wp","href":"https:\/\/api.w.org\/{rel}","templated":true}]}}