{"id":4052,"date":"2023-02-20T04:56:02","date_gmt":"2023-02-20T04:56:02","guid":{"rendered":"http:\/\/phukienphattai.com\/?post_type=product&#038;p=4052"},"modified":"2023-10-18T15:21:07","modified_gmt":"2023-10-18T15:21:07","slug":"combo-trang-tri-dam-cuoi-28","status":"publish","type":"product","link":"https:\/\/phukienphattai.com\/?product=combo-trang-tri-dam-cuoi-28","title":{"rendered":"Combo trang tr\u00ed \u0111\u00e1m c\u01b0\u1edbi &#8211; 28"},"content":{"rendered":"<p><img fetchpriority=\"high\" decoding=\"async\" src=\"https:\/\/phukienphattai.com\/wp-content\/uploads\/2023\/02\/cb28-1.png\" alt=\"\" width=\"700\" height=\"700\" class=\"alignnone size-full wp-image-4054\" srcset=\"https:\/\/phukienphattai.com\/wp-content\/uploads\/2023\/02\/cb28-1.png 700w, https:\/\/phukienphattai.com\/wp-content\/uploads\/2023\/02\/cb28-1-300x300.png 300w, https:\/\/phukienphattai.com\/wp-content\/uploads\/2023\/02\/cb28-1-150x150.png 150w, https:\/\/phukienphattai.com\/wp-content\/uploads\/2023\/02\/cb28-1-400x400.png 400w, https:\/\/phukienphattai.com\/wp-content\/uploads\/2023\/02\/cb28-1-600x600.png 600w, https:\/\/phukienphattai.com\/wp-content\/uploads\/2023\/02\/cb28-1-100x100.png 100w\" sizes=\"(max-width: 700px) 100vw, 700px\" \/><br \/>\n<img decoding=\"async\" src=\"https:\/\/phukienphattai.com\/wp-content\/uploads\/2023\/02\/cb28-2.png\" alt=\"\" width=\"700\" height=\"700\" class=\"alignnone size-full wp-image-4055\" srcset=\"https:\/\/phukienphattai.com\/wp-content\/uploads\/2023\/02\/cb28-2.png 700w, https:\/\/phukienphattai.com\/wp-content\/uploads\/2023\/02\/cb28-2-300x300.png 300w, https:\/\/phukienphattai.com\/wp-content\/uploads\/2023\/02\/cb28-2-150x150.png 150w, https:\/\/phukienphattai.com\/wp-content\/uploads\/2023\/02\/cb28-2-400x400.png 400w, https:\/\/phukienphattai.com\/wp-content\/uploads\/2023\/02\/cb28-2-600x600.png 600w, https:\/\/phukienphattai.com\/wp-content\/uploads\/2023\/02\/cb28-2-100x100.png 100w\" sizes=\"(max-width: 700px) 100vw, 700px\" \/><br \/>\n<img decoding=\"async\" src=\"https:\/\/phukienphattai.com\/wp-content\/uploads\/2023\/02\/cb28-3.png\" alt=\"\" width=\"700\" height=\"700\" class=\"alignnone size-full wp-image-4056\" srcset=\"https:\/\/phukienphattai.com\/wp-content\/uploads\/2023\/02\/cb28-3.png 700w, https:\/\/phukienphattai.com\/wp-content\/uploads\/2023\/02\/cb28-3-300x300.png 300w, https:\/\/phukienphattai.com\/wp-content\/uploads\/2023\/02\/cb28-3-150x150.png 150w, https:\/\/phukienphattai.com\/wp-content\/uploads\/2023\/02\/cb28-3-400x400.png 400w, https:\/\/phukienphattai.com\/wp-content\/uploads\/2023\/02\/cb28-3-600x600.png 600w, https:\/\/phukienphattai.com\/wp-content\/uploads\/2023\/02\/cb28-3-100x100.png 100w\" sizes=\"(max-width: 700px) 100vw, 700px\" \/><br \/>\n<img loading=\"lazy\" decoding=\"async\" src=\"https:\/\/phukienphattai.com\/wp-content\/uploads\/2023\/02\/cb28-4.png\" alt=\"\" width=\"700\" height=\"700\" class=\"alignnone size-full wp-image-4057\" srcset=\"https:\/\/phukienphattai.com\/wp-content\/uploads\/2023\/02\/cb28-4.png 700w, https:\/\/phukienphattai.com\/wp-content\/uploads\/2023\/02\/cb28-4-300x300.png 300w, https:\/\/phukienphattai.com\/wp-content\/uploads\/2023\/02\/cb28-4-150x150.png 150w, https:\/\/phukienphattai.com\/wp-content\/uploads\/2023\/02\/cb28-4-400x400.png 400w, https:\/\/phukienphattai.com\/wp-content\/uploads\/2023\/02\/cb28-4-600x600.png 600w, https:\/\/phukienphattai.com\/wp-content\/uploads\/2023\/02\/cb28-4-100x100.png 100w\" sizes=\"(max-width: 700px) 100vw, 700px\" \/><br \/>\n<img loading=\"lazy\" decoding=\"async\" src=\"https:\/\/phukienphattai.com\/wp-content\/uploads\/2023\/02\/cb28-5.png\" alt=\"\" width=\"700\" height=\"700\" class=\"alignnone size-full wp-image-4058\" srcset=\"https:\/\/phukienphattai.com\/wp-content\/uploads\/2023\/02\/cb28-5.png 700w, https:\/\/phukienphattai.com\/wp-content\/uploads\/2023\/02\/cb28-5-300x300.png 300w, https:\/\/phukienphattai.com\/wp-content\/uploads\/2023\/02\/cb28-5-150x150.png 150w, https:\/\/phukienphattai.com\/wp-content\/uploads\/2023\/02\/cb28-5-400x400.png 400w, https:\/\/phukienphattai.com\/wp-content\/uploads\/2023\/02\/cb28-5-600x600.png 600w, https:\/\/phukienphattai.com\/wp-content\/uploads\/2023\/02\/cb28-5-100x100.png 100w\" sizes=\"(max-width: 700px) 100vw, 700px\" \/><br \/>\n<img loading=\"lazy\" decoding=\"async\" src=\"https:\/\/phukienphattai.com\/wp-content\/uploads\/2023\/02\/cb28-6.png\" alt=\"\" width=\"700\" height=\"700\" class=\"alignnone size-full wp-image-4059\" srcset=\"https:\/\/phukienphattai.com\/wp-content\/uploads\/2023\/02\/cb28-6.png 700w, https:\/\/phukienphattai.com\/wp-content\/uploads\/2023\/02\/cb28-6-300x300.png 300w, https:\/\/phukienphattai.com\/wp-content\/uploads\/2023\/02\/cb28-6-150x150.png 150w, https:\/\/phukienphattai.com\/wp-content\/uploads\/2023\/02\/cb28-6-400x400.png 400w, https:\/\/phukienphattai.com\/wp-content\/uploads\/2023\/02\/cb28-6-600x600.png 600w, https:\/\/phukienphattai.com\/wp-content\/uploads\/2023\/02\/cb28-6-100x100.png 100w\" sizes=\"(max-width: 700px) 100vw, 700px\" \/><br \/>\n<img loading=\"lazy\" decoding=\"async\" src=\"https:\/\/phukienphattai.com\/wp-content\/uploads\/2023\/02\/cb28-7.png\" alt=\"\" width=\"800\" height=\"800\" class=\"alignnone size-full wp-image-4060\" srcset=\"https:\/\/phukienphattai.com\/wp-content\/uploads\/2023\/02\/cb28-7.png 800w, https:\/\/phukienphattai.com\/wp-content\/uploads\/2023\/02\/cb28-7-300x300.png 300w, https:\/\/phukienphattai.com\/wp-content\/uploads\/2023\/02\/cb28-7-150x150.png 150w, https:\/\/phukienphattai.com\/wp-content\/uploads\/2023\/02\/cb28-7-768x768.png 768w, https:\/\/phukienphattai.com\/wp-content\/uploads\/2023\/02\/cb28-7-400x400.png 400w, https:\/\/phukienphattai.com\/wp-content\/uploads\/2023\/02\/cb28-7-600x600.png 600w, https:\/\/phukienphattai.com\/wp-content\/uploads\/2023\/02\/cb28-7-100x100.png 100w\" sizes=\"(max-width: 800px) 100vw, 800px\" \/><\/p>\n","protected":false},"excerpt":{"rendered":"","protected":false},"featured_media":4053,"comment_status":"open","ping_status":"closed","template":"","meta":[],"product_brand":[],"product_cat":[55],"product_tag":[],"class_list":{"0":"post-4052","1":"product","2":"type-product","3":"status-publish","4":"has-post-thumbnail","6":"product_cat-combo-trang-tri-dam-cuoi","7":"latest_post","9":"first","10":"instock","11":"shipping-taxable","12":"product-type-simple"},"_links":{"self":[{"href":"https:\/\/phukienphattai.com\/index.php?rest_route=\/wp\/v2\/product\/4052","targetHints":{"allow":["GET"]}}],"collection":[{"href":"https:\/\/phukienphattai.com\/index.php?rest_route=\/wp\/v2\/product"}],"about":[{"href":"https:\/\/phukienphattai.com\/index.php?rest_route=\/wp\/v2\/types\/product"}],"replies":[{"embeddable":true,"href":"https:\/\/phukienphattai.com\/index.php?rest_route=%2Fwp%2Fv2%2Fcomments&post=4052"}],"version-history":[{"count":1,"href":"https:\/\/phukienphattai.com\/index.php?rest_route=\/wp\/v2\/product\/4052\/revisions"}],"predecessor-version":[{"id":4061,"href":"https:\/\/phukienphattai.com\/index.php?rest_route=\/wp\/v2\/product\/4052\/revisions\/4061"}],"wp:featuredmedia":[{"embeddable":true,"href":"https:\/\/phukienphattai.com\/index.php?rest_route=\/wp\/v2\/media\/4053"}],"wp:attachment":[{"href":"https:\/\/phukienphattai.com\/index.php?rest_route=%2Fwp%2Fv2%2Fmedia&parent=4052"}],"wp:term":[{"taxonomy":"product_brand","embeddable":true,"href":"https:\/\/phukienphattai.com\/index.php?rest_route=%2Fwp%2Fv2%2Fproduct_brand&post=4052"},{"taxonomy":"product_cat","embeddable":true,"href":"https:\/\/phukienphattai.com\/index.php?rest_route=%2Fwp%2Fv2%2Fproduct_cat&post=4052"},{"taxonomy":"product_tag","embeddable":true,"href":"https:\/\/phukienphattai.com\/index.php?rest_route=%2Fwp%2Fv2%2Fproduct_tag&post=4052"}],"curies":[{"name":"wp","href":"https:\/\/api.w.org\/{rel}","templated":true}]}}