{"id":4316,"date":"2023-04-13T18:33:34","date_gmt":"2023-04-13T18:33:34","guid":{"rendered":"http:\/\/phukienphattai.com\/?post_type=product&#038;p=4316"},"modified":"2023-09-29T15:31:21","modified_gmt":"2023-09-29T15:31:21","slug":"hoa-tiet-trang-tri-dam-cuoi","status":"publish","type":"product","link":"https:\/\/phukienphattai.com\/?product=hoa-tiet-trang-tri-dam-cuoi","title":{"rendered":"H\u1ecda ti\u1ebft trang tr\u00ed \u0111\u00e1m c\u01b0\u1edbi"},"content":{"rendered":"<p>H\u1ecda ti\u1ebft \u0111\u01b0\u1ee3c in v\u00e0 b\u1ebf fomex th\u00e0nh ph\u1ea9m<br \/>\nHo\u1eb7c in decal kh\u00e1ch v\u1ec1 t\u1ef1 gia c\u00f4ng<\/p>\n<p><img fetchpriority=\"high\" decoding=\"async\" class=\"alignnone size-full wp-image-4318\" src=\"https:\/\/phukienphattai.com\/wp-content\/uploads\/2023\/04\/0-dau-phan-cach.png\" alt=\"\" width=\"1200\" height=\"101\" srcset=\"https:\/\/phukienphattai.com\/wp-content\/uploads\/2023\/04\/0-dau-phan-cach.png 1200w, https:\/\/phukienphattai.com\/wp-content\/uploads\/2023\/04\/0-dau-phan-cach-300x25.png 300w, https:\/\/phukienphattai.com\/wp-content\/uploads\/2023\/04\/0-dau-phan-cach-1024x86.png 1024w, https:\/\/phukienphattai.com\/wp-content\/uploads\/2023\/04\/0-dau-phan-cach-768x65.png 768w, https:\/\/phukienphattai.com\/wp-content\/uploads\/2023\/04\/0-dau-phan-cach-600x51.png 600w\" sizes=\"(max-width: 1200px) 100vw, 1200px\" \/><br \/>\n<img decoding=\"async\" class=\"alignnone size-full wp-image-4320\" src=\"https:\/\/phukienphattai.com\/wp-content\/uploads\/2023\/04\/bang-nho1.png\" alt=\"\" width=\"1200\" height=\"487\" srcset=\"https:\/\/phukienphattai.com\/wp-content\/uploads\/2023\/04\/bang-nho1.png 1200w, https:\/\/phukienphattai.com\/wp-content\/uploads\/2023\/04\/bang-nho1-300x122.png 300w, https:\/\/phukienphattai.com\/wp-content\/uploads\/2023\/04\/bang-nho1-1024x416.png 1024w, https:\/\/phukienphattai.com\/wp-content\/uploads\/2023\/04\/bang-nho1-768x312.png 768w, https:\/\/phukienphattai.com\/wp-content\/uploads\/2023\/04\/bang-nho1-600x244.png 600w\" sizes=\"(max-width: 1200px) 100vw, 1200px\" \/><\/p>\n<p><img fetchpriority=\"high\" decoding=\"async\" class=\"alignnone size-full wp-image-4318\" src=\"https:\/\/phukienphattai.com\/wp-content\/uploads\/2023\/04\/0-dau-phan-cach.png\" alt=\"\" width=\"1200\" height=\"101\" srcset=\"https:\/\/phukienphattai.com\/wp-content\/uploads\/2023\/04\/0-dau-phan-cach.png 1200w, https:\/\/phukienphattai.com\/wp-content\/uploads\/2023\/04\/0-dau-phan-cach-300x25.png 300w, https:\/\/phukienphattai.com\/wp-content\/uploads\/2023\/04\/0-dau-phan-cach-1024x86.png 1024w, https:\/\/phukienphattai.com\/wp-content\/uploads\/2023\/04\/0-dau-phan-cach-768x65.png 768w, https:\/\/phukienphattai.com\/wp-content\/uploads\/2023\/04\/0-dau-phan-cach-600x51.png 600w\" sizes=\"(max-width: 1200px) 100vw, 1200px\" \/><img decoding=\"async\" class=\"alignnone size-full wp-image-4325\" src=\"https:\/\/phukienphattai.com\/wp-content\/uploads\/2023\/04\/combo-backdrop-1.png\" alt=\"\" width=\"1200\" height=\"889\" srcset=\"https:\/\/phukienphattai.com\/wp-content\/uploads\/2023\/04\/combo-backdrop-1.png 1200w, https:\/\/phukienphattai.com\/wp-content\/uploads\/2023\/04\/combo-backdrop-1-300x222.png 300w, https:\/\/phukienphattai.com\/wp-content\/uploads\/2023\/04\/combo-backdrop-1-1024x759.png 1024w, https:\/\/phukienphattai.com\/wp-content\/uploads\/2023\/04\/combo-backdrop-1-768x569.png 768w, https:\/\/phukienphattai.com\/wp-content\/uploads\/2023\/04\/combo-backdrop-1-600x445.png 600w\" sizes=\"(max-width: 1200px) 100vw, 1200px\" \/><\/p>\n<p><img fetchpriority=\"high\" decoding=\"async\" class=\"alignnone size-full wp-image-4318\" src=\"https:\/\/phukienphattai.com\/wp-content\/uploads\/2023\/04\/0-dau-phan-cach.png\" alt=\"\" width=\"1200\" height=\"101\" srcset=\"https:\/\/phukienphattai.com\/wp-content\/uploads\/2023\/04\/0-dau-phan-cach.png 1200w, https:\/\/phukienphattai.com\/wp-content\/uploads\/2023\/04\/0-dau-phan-cach-300x25.png 300w, https:\/\/phukienphattai.com\/wp-content\/uploads\/2023\/04\/0-dau-phan-cach-1024x86.png 1024w, https:\/\/phukienphattai.com\/wp-content\/uploads\/2023\/04\/0-dau-phan-cach-768x65.png 768w, https:\/\/phukienphattai.com\/wp-content\/uploads\/2023\/04\/0-dau-phan-cach-600x51.png 600w\" sizes=\"(max-width: 1200px) 100vw, 1200px\" \/><br \/>\n<img loading=\"lazy\" decoding=\"async\" class=\"alignnone size-full wp-image-4326\" src=\"https:\/\/phukienphattai.com\/wp-content\/uploads\/2023\/04\/combo-backdrop-2.png\" alt=\"\" width=\"1200\" height=\"889\" srcset=\"https:\/\/phukienphattai.com\/wp-content\/uploads\/2023\/04\/combo-backdrop-2.png 1200w, https:\/\/phukienphattai.com\/wp-content\/uploads\/2023\/04\/combo-backdrop-2-300x222.png 300w, https:\/\/phukienphattai.com\/wp-content\/uploads\/2023\/04\/combo-backdrop-2-1024x759.png 1024w, https:\/\/phukienphattai.com\/wp-content\/uploads\/2023\/04\/combo-backdrop-2-768x569.png 768w, https:\/\/phukienphattai.com\/wp-content\/uploads\/2023\/04\/combo-backdrop-2-600x445.png 600w\" sizes=\"(max-width: 1200px) 100vw, 1200px\" \/><\/p>\n<p><img fetchpriority=\"high\" decoding=\"async\" class=\"alignnone size-full wp-image-4318\" src=\"https:\/\/phukienphattai.com\/wp-content\/uploads\/2023\/04\/0-dau-phan-cach.png\" alt=\"\" width=\"1200\" height=\"101\" srcset=\"https:\/\/phukienphattai.com\/wp-content\/uploads\/2023\/04\/0-dau-phan-cach.png 1200w, https:\/\/phukienphattai.com\/wp-content\/uploads\/2023\/04\/0-dau-phan-cach-300x25.png 300w, https:\/\/phukienphattai.com\/wp-content\/uploads\/2023\/04\/0-dau-phan-cach-1024x86.png 1024w, https:\/\/phukienphattai.com\/wp-content\/uploads\/2023\/04\/0-dau-phan-cach-768x65.png 768w, https:\/\/phukienphattai.com\/wp-content\/uploads\/2023\/04\/0-dau-phan-cach-600x51.png 600w\" sizes=\"(max-width: 1200px) 100vw, 1200px\" \/><br \/>\n<img loading=\"lazy\" decoding=\"async\" class=\"alignnone size-full wp-image-4327\" src=\"https:\/\/phukienphattai.com\/wp-content\/uploads\/2023\/04\/may1-Copy.png\" alt=\"\" width=\"1200\" height=\"878\" srcset=\"https:\/\/phukienphattai.com\/wp-content\/uploads\/2023\/04\/may1-Copy.png 1200w, https:\/\/phukienphattai.com\/wp-content\/uploads\/2023\/04\/may1-Copy-300x220.png 300w, https:\/\/phukienphattai.com\/wp-content\/uploads\/2023\/04\/may1-Copy-1024x749.png 1024w, https:\/\/phukienphattai.com\/wp-content\/uploads\/2023\/04\/may1-Copy-768x562.png 768w, https:\/\/phukienphattai.com\/wp-content\/uploads\/2023\/04\/may1-Copy-600x439.png 600w\" sizes=\"(max-width: 1200px) 100vw, 1200px\" \/><br \/>\n<img loading=\"lazy\" decoding=\"async\" class=\"alignnone size-full wp-image-4328\" src=\"https:\/\/phukienphattai.com\/wp-content\/uploads\/2023\/04\/may1.png\" alt=\"\" width=\"1200\" height=\"878\" srcset=\"https:\/\/phukienphattai.com\/wp-content\/uploads\/2023\/04\/may1.png 1200w, https:\/\/phukienphattai.com\/wp-content\/uploads\/2023\/04\/may1-300x220.png 300w, https:\/\/phukienphattai.com\/wp-content\/uploads\/2023\/04\/may1-1024x749.png 1024w, https:\/\/phukienphattai.com\/wp-content\/uploads\/2023\/04\/may1-768x562.png 768w, https:\/\/phukienphattai.com\/wp-content\/uploads\/2023\/04\/may1-600x439.png 600w\" sizes=\"(max-width: 1200px) 100vw, 1200px\" \/><br \/>\n<img loading=\"lazy\" decoding=\"async\" class=\"alignnone size-full wp-image-4329\" src=\"https:\/\/phukienphattai.com\/wp-content\/uploads\/2023\/04\/may2.png\" alt=\"\" width=\"1200\" height=\"352\" srcset=\"https:\/\/phukienphattai.com\/wp-content\/uploads\/2023\/04\/may2.png 1200w, https:\/\/phukienphattai.com\/wp-content\/uploads\/2023\/04\/may2-300x88.png 300w, https:\/\/phukienphattai.com\/wp-content\/uploads\/2023\/04\/may2-1024x300.png 1024w, https:\/\/phukienphattai.com\/wp-content\/uploads\/2023\/04\/may2-768x225.png 768w, https:\/\/phukienphattai.com\/wp-content\/uploads\/2023\/04\/may2-600x176.png 600w\" sizes=\"(max-width: 1200px) 100vw, 1200px\" \/><br \/>\n<img loading=\"lazy\" decoding=\"async\" class=\"alignnone size-full wp-image-4330\" src=\"https:\/\/phukienphattai.com\/wp-content\/uploads\/2023\/04\/may3.png\" alt=\"\" width=\"1200\" height=\"344\" srcset=\"https:\/\/phukienphattai.com\/wp-content\/uploads\/2023\/04\/may3.png 1200w, https:\/\/phukienphattai.com\/wp-content\/uploads\/2023\/04\/may3-300x86.png 300w, https:\/\/phukienphattai.com\/wp-content\/uploads\/2023\/04\/may3-1024x294.png 1024w, https:\/\/phukienphattai.com\/wp-content\/uploads\/2023\/04\/may3-768x220.png 768w, https:\/\/phukienphattai.com\/wp-content\/uploads\/2023\/04\/may3-600x172.png 600w\" sizes=\"(max-width: 1200px) 100vw, 1200px\" \/><\/p>\n<p><img fetchpriority=\"high\" decoding=\"async\" class=\"alignnone size-full wp-image-4318\" src=\"https:\/\/phukienphattai.com\/wp-content\/uploads\/2023\/04\/0-dau-phan-cach.png\" alt=\"\" width=\"1200\" height=\"101\" srcset=\"https:\/\/phukienphattai.com\/wp-content\/uploads\/2023\/04\/0-dau-phan-cach.png 1200w, https:\/\/phukienphattai.com\/wp-content\/uploads\/2023\/04\/0-dau-phan-cach-300x25.png 300w, https:\/\/phukienphattai.com\/wp-content\/uploads\/2023\/04\/0-dau-phan-cach-1024x86.png 1024w, https:\/\/phukienphattai.com\/wp-content\/uploads\/2023\/04\/0-dau-phan-cach-768x65.png 768w, https:\/\/phukienphattai.com\/wp-content\/uploads\/2023\/04\/0-dau-phan-cach-600x51.png 600w\" sizes=\"(max-width: 1200px) 100vw, 1200px\" \/><br \/>\n<img loading=\"lazy\" decoding=\"async\" class=\"alignnone size-full wp-image-4331\" src=\"https:\/\/phukienphattai.com\/wp-content\/uploads\/2023\/04\/song-hy-1.png\" alt=\"\" width=\"1200\" height=\"428\" srcset=\"https:\/\/phukienphattai.com\/wp-content\/uploads\/2023\/04\/song-hy-1.png 1200w, https:\/\/phukienphattai.com\/wp-content\/uploads\/2023\/04\/song-hy-1-300x107.png 300w, https:\/\/phukienphattai.com\/wp-content\/uploads\/2023\/04\/song-hy-1-1024x365.png 1024w, https:\/\/phukienphattai.com\/wp-content\/uploads\/2023\/04\/song-hy-1-768x274.png 768w, https:\/\/phukienphattai.com\/wp-content\/uploads\/2023\/04\/song-hy-1-600x214.png 600w\" sizes=\"(max-width: 1200px) 100vw, 1200px\" \/><\/p>\n<p><img fetchpriority=\"high\" decoding=\"async\" class=\"alignnone size-full wp-image-4318\" src=\"https:\/\/phukienphattai.com\/wp-content\/uploads\/2023\/04\/0-dau-phan-cach.png\" alt=\"\" width=\"1200\" height=\"101\" srcset=\"https:\/\/phukienphattai.com\/wp-content\/uploads\/2023\/04\/0-dau-phan-cach.png 1200w, https:\/\/phukienphattai.com\/wp-content\/uploads\/2023\/04\/0-dau-phan-cach-300x25.png 300w, https:\/\/phukienphattai.com\/wp-content\/uploads\/2023\/04\/0-dau-phan-cach-1024x86.png 1024w, https:\/\/phukienphattai.com\/wp-content\/uploads\/2023\/04\/0-dau-phan-cach-768x65.png 768w, https:\/\/phukienphattai.com\/wp-content\/uploads\/2023\/04\/0-dau-phan-cach-600x51.png 600w\" sizes=\"(max-width: 1200px) 100vw, 1200px\" \/><\/p>\n","protected":false},"excerpt":{"rendered":"<p>H\u1ecda ti\u1ebft \u0111\u01b0\u1ee3c in v\u00e0 b\u1ebf fomex th\u00e0nh ph\u1ea9m Ho\u1eb7c in decal kh\u00e1ch v\u1ec1 t\u1ef1 gia c\u00f4ng<\/p>\n","protected":false},"featured_media":5597,"comment_status":"open","ping_status":"closed","template":"","meta":[],"product_brand":[],"product_cat":[39],"product_tag":[],"class_list":{"0":"post-4316","1":"product","2":"type-product","3":"status-publish","4":"has-post-thumbnail","6":"product_cat-trang-tri-dam-cuoi","7":"latest_post","9":"first","10":"instock","11":"shipping-taxable","12":"product-type-simple"},"_links":{"self":[{"href":"https:\/\/phukienphattai.com\/index.php?rest_route=\/wp\/v2\/product\/4316","targetHints":{"allow":["GET"]}}],"collection":[{"href":"https:\/\/phukienphattai.com\/index.php?rest_route=\/wp\/v2\/product"}],"about":[{"href":"https:\/\/phukienphattai.com\/index.php?rest_route=\/wp\/v2\/types\/product"}],"replies":[{"embeddable":true,"href":"https:\/\/phukienphattai.com\/index.php?rest_route=%2Fwp%2Fv2%2Fcomments&post=4316"}],"version-history":[{"count":5,"href":"https:\/\/phukienphattai.com\/index.php?rest_route=\/wp\/v2\/product\/4316\/revisions"}],"predecessor-version":[{"id":5578,"href":"https:\/\/phukienphattai.com\/index.php?rest_route=\/wp\/v2\/product\/4316\/revisions\/5578"}],"wp:featuredmedia":[{"embeddable":true,"href":"https:\/\/phukienphattai.com\/index.php?rest_route=\/wp\/v2\/media\/5597"}],"wp:attachment":[{"href":"https:\/\/phukienphattai.com\/index.php?rest_route=%2Fwp%2Fv2%2Fmedia&parent=4316"}],"wp:term":[{"taxonomy":"product_brand","embeddable":true,"href":"https:\/\/phukienphattai.com\/index.php?rest_route=%2Fwp%2Fv2%2Fproduct_brand&post=4316"},{"taxonomy":"product_cat","embeddable":true,"href":"https:\/\/phukienphattai.com\/index.php?rest_route=%2Fwp%2Fv2%2Fproduct_cat&post=4316"},{"taxonomy":"product_tag","embeddable":true,"href":"https:\/\/phukienphattai.com\/index.php?rest_route=%2Fwp%2Fv2%2Fproduct_tag&post=4316"}],"curies":[{"name":"wp","href":"https:\/\/api.w.org\/{rel}","templated":true}]}}