{"id":4396,"date":"2023-05-22T17:16:31","date_gmt":"2023-05-22T17:16:31","guid":{"rendered":"http:\/\/phukienphattai.com\/?post_type=product&#038;p=4396"},"modified":"2024-05-19T02:43:42","modified_gmt":"2024-05-19T02:43:42","slug":"card-de-ban-dam-cuoi","status":"publish","type":"product","link":"https:\/\/phukienphattai.com\/?product=card-de-ban-dam-cuoi","title":{"rendered":"Card \u0111\u1ec3 b\u00e0n \u0111\u00e1m c\u01b0\u1edbi"},"content":{"rendered":"<p><img fetchpriority=\"high\" decoding=\"async\" src=\"https:\/\/phukienphattai.com\/wp-content\/uploads\/2023\/05\/card1.png\" alt=\"\" width=\"1200\" height=\"1200\" class=\"alignnone size-full wp-image-4397\" srcset=\"https:\/\/phukienphattai.com\/wp-content\/uploads\/2023\/05\/card1.png 1200w, https:\/\/phukienphattai.com\/wp-content\/uploads\/2023\/05\/card1-300x300.png 300w, https:\/\/phukienphattai.com\/wp-content\/uploads\/2023\/05\/card1-1024x1024.png 1024w, https:\/\/phukienphattai.com\/wp-content\/uploads\/2023\/05\/card1-150x150.png 150w, https:\/\/phukienphattai.com\/wp-content\/uploads\/2023\/05\/card1-768x768.png 768w, https:\/\/phukienphattai.com\/wp-content\/uploads\/2023\/05\/card1-860x860.png 860w, https:\/\/phukienphattai.com\/wp-content\/uploads\/2023\/05\/card1-400x400.png 400w, https:\/\/phukienphattai.com\/wp-content\/uploads\/2023\/05\/card1-600x600.png 600w, https:\/\/phukienphattai.com\/wp-content\/uploads\/2023\/05\/card1-100x100.png 100w\" sizes=\"(max-width: 1200px) 100vw, 1200px\" \/><\/p>\n<p><img decoding=\"async\" src=\"https:\/\/phukienphattai.com\/wp-content\/uploads\/2023\/05\/card2.png\" alt=\"\" width=\"1200\" height=\"1200\" class=\"alignnone size-full wp-image-4398\" srcset=\"https:\/\/phukienphattai.com\/wp-content\/uploads\/2023\/05\/card2.png 1200w, https:\/\/phukienphattai.com\/wp-content\/uploads\/2023\/05\/card2-300x300.png 300w, https:\/\/phukienphattai.com\/wp-content\/uploads\/2023\/05\/card2-1024x1024.png 1024w, https:\/\/phukienphattai.com\/wp-content\/uploads\/2023\/05\/card2-150x150.png 150w, https:\/\/phukienphattai.com\/wp-content\/uploads\/2023\/05\/card2-768x768.png 768w, https:\/\/phukienphattai.com\/wp-content\/uploads\/2023\/05\/card2-860x860.png 860w, https:\/\/phukienphattai.com\/wp-content\/uploads\/2023\/05\/card2-400x400.png 400w, https:\/\/phukienphattai.com\/wp-content\/uploads\/2023\/05\/card2-600x600.png 600w, https:\/\/phukienphattai.com\/wp-content\/uploads\/2023\/05\/card2-100x100.png 100w\" sizes=\"(max-width: 1200px) 100vw, 1200px\" \/><\/p>\n<p><img decoding=\"async\" src=\"https:\/\/phukienphattai.com\/wp-content\/uploads\/2023\/05\/card3.png\" alt=\"\" width=\"1200\" height=\"1200\" class=\"alignnone size-full wp-image-4399\" srcset=\"https:\/\/phukienphattai.com\/wp-content\/uploads\/2023\/05\/card3.png 1200w, https:\/\/phukienphattai.com\/wp-content\/uploads\/2023\/05\/card3-300x300.png 300w, https:\/\/phukienphattai.com\/wp-content\/uploads\/2023\/05\/card3-1024x1024.png 1024w, https:\/\/phukienphattai.com\/wp-content\/uploads\/2023\/05\/card3-150x150.png 150w, https:\/\/phukienphattai.com\/wp-content\/uploads\/2023\/05\/card3-768x768.png 768w, https:\/\/phukienphattai.com\/wp-content\/uploads\/2023\/05\/card3-860x860.png 860w, https:\/\/phukienphattai.com\/wp-content\/uploads\/2023\/05\/card3-400x400.png 400w, https:\/\/phukienphattai.com\/wp-content\/uploads\/2023\/05\/card3-600x600.png 600w, https:\/\/phukienphattai.com\/wp-content\/uploads\/2023\/05\/card3-100x100.png 100w\" sizes=\"(max-width: 1200px) 100vw, 1200px\" \/><\/p>\n<p><img loading=\"lazy\" decoding=\"async\" src=\"https:\/\/phukienphattai.com\/wp-content\/uploads\/2023\/05\/card4.png\" alt=\"\" width=\"1200\" height=\"1200\" class=\"alignnone size-full wp-image-4400\" srcset=\"https:\/\/phukienphattai.com\/wp-content\/uploads\/2023\/05\/card4.png 1200w, https:\/\/phukienphattai.com\/wp-content\/uploads\/2023\/05\/card4-300x300.png 300w, https:\/\/phukienphattai.com\/wp-content\/uploads\/2023\/05\/card4-1024x1024.png 1024w, https:\/\/phukienphattai.com\/wp-content\/uploads\/2023\/05\/card4-150x150.png 150w, https:\/\/phukienphattai.com\/wp-content\/uploads\/2023\/05\/card4-768x768.png 768w, https:\/\/phukienphattai.com\/wp-content\/uploads\/2023\/05\/card4-860x860.png 860w, https:\/\/phukienphattai.com\/wp-content\/uploads\/2023\/05\/card4-400x400.png 400w, https:\/\/phukienphattai.com\/wp-content\/uploads\/2023\/05\/card4-600x600.png 600w, https:\/\/phukienphattai.com\/wp-content\/uploads\/2023\/05\/card4-100x100.png 100w\" sizes=\"(max-width: 1200px) 100vw, 1200px\" \/><\/p>\n<p><img loading=\"lazy\" decoding=\"async\" src=\"https:\/\/phukienphattai.com\/wp-content\/uploads\/2023\/05\/card5.png\" alt=\"\" width=\"1200\" height=\"1200\" class=\"alignnone size-full wp-image-4401\" srcset=\"https:\/\/phukienphattai.com\/wp-content\/uploads\/2023\/05\/card5.png 1200w, https:\/\/phukienphattai.com\/wp-content\/uploads\/2023\/05\/card5-300x300.png 300w, https:\/\/phukienphattai.com\/wp-content\/uploads\/2023\/05\/card5-1024x1024.png 1024w, https:\/\/phukienphattai.com\/wp-content\/uploads\/2023\/05\/card5-150x150.png 150w, https:\/\/phukienphattai.com\/wp-content\/uploads\/2023\/05\/card5-768x768.png 768w, https:\/\/phukienphattai.com\/wp-content\/uploads\/2023\/05\/card5-860x860.png 860w, https:\/\/phukienphattai.com\/wp-content\/uploads\/2023\/05\/card5-400x400.png 400w, https:\/\/phukienphattai.com\/wp-content\/uploads\/2023\/05\/card5-600x600.png 600w, https:\/\/phukienphattai.com\/wp-content\/uploads\/2023\/05\/card5-100x100.png 100w\" sizes=\"(max-width: 1200px) 100vw, 1200px\" \/><\/p>\n<p><img loading=\"lazy\" decoding=\"async\" src=\"https:\/\/phukienphattai.com\/wp-content\/uploads\/2023\/05\/card6.png\" alt=\"\" width=\"1200\" height=\"1200\" class=\"alignnone size-full wp-image-4402\" srcset=\"https:\/\/phukienphattai.com\/wp-content\/uploads\/2023\/05\/card6.png 1200w, https:\/\/phukienphattai.com\/wp-content\/uploads\/2023\/05\/card6-300x300.png 300w, https:\/\/phukienphattai.com\/wp-content\/uploads\/2023\/05\/card6-1024x1024.png 1024w, https:\/\/phukienphattai.com\/wp-content\/uploads\/2023\/05\/card6-150x150.png 150w, https:\/\/phukienphattai.com\/wp-content\/uploads\/2023\/05\/card6-768x768.png 768w, https:\/\/phukienphattai.com\/wp-content\/uploads\/2023\/05\/card6-860x860.png 860w, https:\/\/phukienphattai.com\/wp-content\/uploads\/2023\/05\/card6-400x400.png 400w, https:\/\/phukienphattai.com\/wp-content\/uploads\/2023\/05\/card6-600x600.png 600w, https:\/\/phukienphattai.com\/wp-content\/uploads\/2023\/05\/card6-100x100.png 100w\" sizes=\"(max-width: 1200px) 100vw, 1200px\" \/><\/p>\n<p><img loading=\"lazy\" decoding=\"async\" src=\"https:\/\/phukienphattai.com\/wp-content\/uploads\/2023\/05\/card7.png\" alt=\"\" width=\"1200\" height=\"1200\" class=\"alignnone size-full wp-image-4403\" srcset=\"https:\/\/phukienphattai.com\/wp-content\/uploads\/2023\/05\/card7.png 1200w, https:\/\/phukienphattai.com\/wp-content\/uploads\/2023\/05\/card7-300x300.png 300w, https:\/\/phukienphattai.com\/wp-content\/uploads\/2023\/05\/card7-1024x1024.png 1024w, https:\/\/phukienphattai.com\/wp-content\/uploads\/2023\/05\/card7-150x150.png 150w, https:\/\/phukienphattai.com\/wp-content\/uploads\/2023\/05\/card7-768x768.png 768w, https:\/\/phukienphattai.com\/wp-content\/uploads\/2023\/05\/card7-860x860.png 860w, https:\/\/phukienphattai.com\/wp-content\/uploads\/2023\/05\/card7-400x400.png 400w, https:\/\/phukienphattai.com\/wp-content\/uploads\/2023\/05\/card7-600x600.png 600w, https:\/\/phukienphattai.com\/wp-content\/uploads\/2023\/05\/card7-100x100.png 100w\" sizes=\"(max-width: 1200px) 100vw, 1200px\" \/><\/p>\n<p><img loading=\"lazy\" decoding=\"async\" src=\"https:\/\/phukienphattai.com\/wp-content\/uploads\/2023\/05\/card8.png\" alt=\"\" width=\"1200\" height=\"1200\" class=\"alignnone size-full wp-image-4404\" srcset=\"https:\/\/phukienphattai.com\/wp-content\/uploads\/2023\/05\/card8.png 1200w, https:\/\/phukienphattai.com\/wp-content\/uploads\/2023\/05\/card8-300x300.png 300w, https:\/\/phukienphattai.com\/wp-content\/uploads\/2023\/05\/card8-1024x1024.png 1024w, https:\/\/phukienphattai.com\/wp-content\/uploads\/2023\/05\/card8-150x150.png 150w, https:\/\/phukienphattai.com\/wp-content\/uploads\/2023\/05\/card8-768x768.png 768w, https:\/\/phukienphattai.com\/wp-content\/uploads\/2023\/05\/card8-860x860.png 860w, https:\/\/phukienphattai.com\/wp-content\/uploads\/2023\/05\/card8-400x400.png 400w, https:\/\/phukienphattai.com\/wp-content\/uploads\/2023\/05\/card8-600x600.png 600w, https:\/\/phukienphattai.com\/wp-content\/uploads\/2023\/05\/card8-100x100.png 100w\" sizes=\"(max-width: 1200px) 100vw, 1200px\" \/><\/p>\n<p><img loading=\"lazy\" decoding=\"async\" src=\"https:\/\/phukienphattai.com\/wp-content\/uploads\/2023\/05\/card9.png\" alt=\"\" width=\"1200\" height=\"1200\" class=\"alignnone size-full wp-image-4405\" srcset=\"https:\/\/phukienphattai.com\/wp-content\/uploads\/2023\/05\/card9.png 1200w, https:\/\/phukienphattai.com\/wp-content\/uploads\/2023\/05\/card9-300x300.png 300w, https:\/\/phukienphattai.com\/wp-content\/uploads\/2023\/05\/card9-1024x1024.png 1024w, https:\/\/phukienphattai.com\/wp-content\/uploads\/2023\/05\/card9-150x150.png 150w, https:\/\/phukienphattai.com\/wp-content\/uploads\/2023\/05\/card9-768x768.png 768w, https:\/\/phukienphattai.com\/wp-content\/uploads\/2023\/05\/card9-860x860.png 860w, https:\/\/phukienphattai.com\/wp-content\/uploads\/2023\/05\/card9-400x400.png 400w, https:\/\/phukienphattai.com\/wp-content\/uploads\/2023\/05\/card9-600x600.png 600w, https:\/\/phukienphattai.com\/wp-content\/uploads\/2023\/05\/card9-100x100.png 100w\" sizes=\"(max-width: 1200px) 100vw, 1200px\" \/><br \/>\n<img loading=\"lazy\" decoding=\"async\" src=\"https:\/\/phukienphattai.com\/wp-content\/uploads\/2023\/05\/card10.png\" alt=\"\" width=\"1200\" height=\"1200\" class=\"alignnone size-full wp-image-5567\" srcset=\"https:\/\/phukienphattai.com\/wp-content\/uploads\/2023\/05\/card10.png 1200w, https:\/\/phukienphattai.com\/wp-content\/uploads\/2023\/05\/card10-300x300.png 300w, https:\/\/phukienphattai.com\/wp-content\/uploads\/2023\/05\/card10-1024x1024.png 1024w, https:\/\/phukienphattai.com\/wp-content\/uploads\/2023\/05\/card10-150x150.png 150w, https:\/\/phukienphattai.com\/wp-content\/uploads\/2023\/05\/card10-768x768.png 768w, https:\/\/phukienphattai.com\/wp-content\/uploads\/2023\/05\/card10-860x860.png 860w, https:\/\/phukienphattai.com\/wp-content\/uploads\/2023\/05\/card10-400x400.png 400w, https:\/\/phukienphattai.com\/wp-content\/uploads\/2023\/05\/card10-600x600.png 600w, https:\/\/phukienphattai.com\/wp-content\/uploads\/2023\/05\/card10-100x100.png 100w\" sizes=\"(max-width: 1200px) 100vw, 1200px\" \/><\/p>\n<p><img loading=\"lazy\" decoding=\"async\" src=\"https:\/\/phukienphattai.com\/wp-content\/uploads\/2023\/05\/card11.png\" alt=\"\" width=\"1200\" height=\"1200\" class=\"alignnone size-full wp-image-5568\" srcset=\"https:\/\/phukienphattai.com\/wp-content\/uploads\/2023\/05\/card11.png 1200w, https:\/\/phukienphattai.com\/wp-content\/uploads\/2023\/05\/card11-300x300.png 300w, https:\/\/phukienphattai.com\/wp-content\/uploads\/2023\/05\/card11-1024x1024.png 1024w, https:\/\/phukienphattai.com\/wp-content\/uploads\/2023\/05\/card11-150x150.png 150w, https:\/\/phukienphattai.com\/wp-content\/uploads\/2023\/05\/card11-768x768.png 768w, https:\/\/phukienphattai.com\/wp-content\/uploads\/2023\/05\/card11-860x860.png 860w, https:\/\/phukienphattai.com\/wp-content\/uploads\/2023\/05\/card11-400x400.png 400w, https:\/\/phukienphattai.com\/wp-content\/uploads\/2023\/05\/card11-600x600.png 600w, https:\/\/phukienphattai.com\/wp-content\/uploads\/2023\/05\/card11-100x100.png 100w\" sizes=\"(max-width: 1200px) 100vw, 1200px\" \/><\/p>\n<p><img loading=\"lazy\" decoding=\"async\" src=\"https:\/\/phukienphattai.com\/wp-content\/uploads\/2023\/05\/card12.png\" alt=\"\" width=\"1200\" height=\"1200\" class=\"alignnone size-full wp-image-5570\" srcset=\"https:\/\/phukienphattai.com\/wp-content\/uploads\/2023\/05\/card12.png 1200w, https:\/\/phukienphattai.com\/wp-content\/uploads\/2023\/05\/card12-300x300.png 300w, https:\/\/phukienphattai.com\/wp-content\/uploads\/2023\/05\/card12-1024x1024.png 1024w, https:\/\/phukienphattai.com\/wp-content\/uploads\/2023\/05\/card12-150x150.png 150w, https:\/\/phukienphattai.com\/wp-content\/uploads\/2023\/05\/card12-768x768.png 768w, https:\/\/phukienphattai.com\/wp-content\/uploads\/2023\/05\/card12-860x860.png 860w, https:\/\/phukienphattai.com\/wp-content\/uploads\/2023\/05\/card12-400x400.png 400w, https:\/\/phukienphattai.com\/wp-content\/uploads\/2023\/05\/card12-600x600.png 600w, https:\/\/phukienphattai.com\/wp-content\/uploads\/2023\/05\/card12-100x100.png 100w\" sizes=\"(max-width: 1200px) 100vw, 1200px\" \/><br \/>\n<img loading=\"lazy\" decoding=\"async\" src=\"https:\/\/phukienphattai.com\/wp-content\/uploads\/2023\/05\/13.png\" alt=\"\" width=\"1200\" height=\"1200\" class=\"alignnone size-full wp-image-6189\" srcset=\"https:\/\/phukienphattai.com\/wp-content\/uploads\/2023\/05\/13.png 1200w, https:\/\/phukienphattai.com\/wp-content\/uploads\/2023\/05\/13-300x300.png 300w, https:\/\/phukienphattai.com\/wp-content\/uploads\/2023\/05\/13-1024x1024.png 1024w, https:\/\/phukienphattai.com\/wp-content\/uploads\/2023\/05\/13-150x150.png 150w, https:\/\/phukienphattai.com\/wp-content\/uploads\/2023\/05\/13-768x768.png 768w, https:\/\/phukienphattai.com\/wp-content\/uploads\/2023\/05\/13-860x860.png 860w, https:\/\/phukienphattai.com\/wp-content\/uploads\/2023\/05\/13-400x400.png 400w, https:\/\/phukienphattai.com\/wp-content\/uploads\/2023\/05\/13-600x600.png 600w, https:\/\/phukienphattai.com\/wp-content\/uploads\/2023\/05\/13-100x100.png 100w\" sizes=\"(max-width: 1200px) 100vw, 1200px\" \/><\/p>\n<p><img loading=\"lazy\" decoding=\"async\" src=\"https:\/\/phukienphattai.com\/wp-content\/uploads\/2023\/05\/14.png\" alt=\"\" width=\"1200\" height=\"1200\" class=\"alignnone size-full wp-image-6190\" srcset=\"https:\/\/phukienphattai.com\/wp-content\/uploads\/2023\/05\/14.png 1200w, https:\/\/phukienphattai.com\/wp-content\/uploads\/2023\/05\/14-300x300.png 300w, https:\/\/phukienphattai.com\/wp-content\/uploads\/2023\/05\/14-1024x1024.png 1024w, https:\/\/phukienphattai.com\/wp-content\/uploads\/2023\/05\/14-150x150.png 150w, https:\/\/phukienphattai.com\/wp-content\/uploads\/2023\/05\/14-768x768.png 768w, https:\/\/phukienphattai.com\/wp-content\/uploads\/2023\/05\/14-860x860.png 860w, https:\/\/phukienphattai.com\/wp-content\/uploads\/2023\/05\/14-400x400.png 400w, https:\/\/phukienphattai.com\/wp-content\/uploads\/2023\/05\/14-600x600.png 600w, https:\/\/phukienphattai.com\/wp-content\/uploads\/2023\/05\/14-100x100.png 100w\" sizes=\"(max-width: 1200px) 100vw, 1200px\" \/><\/p>\n<p><img loading=\"lazy\" decoding=\"async\" src=\"https:\/\/phukienphattai.com\/wp-content\/uploads\/2023\/05\/15.png\" alt=\"\" width=\"1200\" height=\"1200\" class=\"alignnone size-full wp-image-6191\" srcset=\"https:\/\/phukienphattai.com\/wp-content\/uploads\/2023\/05\/15.png 1200w, https:\/\/phukienphattai.com\/wp-content\/uploads\/2023\/05\/15-300x300.png 300w, https:\/\/phukienphattai.com\/wp-content\/uploads\/2023\/05\/15-1024x1024.png 1024w, https:\/\/phukienphattai.com\/wp-content\/uploads\/2023\/05\/15-150x150.png 150w, https:\/\/phukienphattai.com\/wp-content\/uploads\/2023\/05\/15-768x768.png 768w, https:\/\/phukienphattai.com\/wp-content\/uploads\/2023\/05\/15-860x860.png 860w, https:\/\/phukienphattai.com\/wp-content\/uploads\/2023\/05\/15-400x400.png 400w, https:\/\/phukienphattai.com\/wp-content\/uploads\/2023\/05\/15-600x600.png 600w, https:\/\/phukienphattai.com\/wp-content\/uploads\/2023\/05\/15-100x100.png 100w\" sizes=\"(max-width: 1200px) 100vw, 1200px\" \/><\/p>\n<p><img loading=\"lazy\" decoding=\"async\" src=\"https:\/\/phukienphattai.com\/wp-content\/uploads\/2023\/05\/16.png\" alt=\"\" width=\"1200\" height=\"1200\" class=\"alignnone size-full wp-image-6192\" srcset=\"https:\/\/phukienphattai.com\/wp-content\/uploads\/2023\/05\/16.png 1200w, https:\/\/phukienphattai.com\/wp-content\/uploads\/2023\/05\/16-300x300.png 300w, https:\/\/phukienphattai.com\/wp-content\/uploads\/2023\/05\/16-1024x1024.png 1024w, https:\/\/phukienphattai.com\/wp-content\/uploads\/2023\/05\/16-150x150.png 150w, https:\/\/phukienphattai.com\/wp-content\/uploads\/2023\/05\/16-768x768.png 768w, https:\/\/phukienphattai.com\/wp-content\/uploads\/2023\/05\/16-860x860.png 860w, https:\/\/phukienphattai.com\/wp-content\/uploads\/2023\/05\/16-400x400.png 400w, https:\/\/phukienphattai.com\/wp-content\/uploads\/2023\/05\/16-600x600.png 600w, https:\/\/phukienphattai.com\/wp-content\/uploads\/2023\/05\/16-100x100.png 100w\" sizes=\"(max-width: 1200px) 100vw, 1200px\" \/><\/p>\n<p><img loading=\"lazy\" decoding=\"async\" src=\"https:\/\/phukienphattai.com\/wp-content\/uploads\/2023\/05\/17.png\" alt=\"\" width=\"1200\" height=\"1200\" class=\"alignnone size-full wp-image-6193\" srcset=\"https:\/\/phukienphattai.com\/wp-content\/uploads\/2023\/05\/17.png 1200w, https:\/\/phukienphattai.com\/wp-content\/uploads\/2023\/05\/17-300x300.png 300w, https:\/\/phukienphattai.com\/wp-content\/uploads\/2023\/05\/17-1024x1024.png 1024w, https:\/\/phukienphattai.com\/wp-content\/uploads\/2023\/05\/17-150x150.png 150w, https:\/\/phukienphattai.com\/wp-content\/uploads\/2023\/05\/17-768x768.png 768w, https:\/\/phukienphattai.com\/wp-content\/uploads\/2023\/05\/17-860x860.png 860w, https:\/\/phukienphattai.com\/wp-content\/uploads\/2023\/05\/17-400x400.png 400w, https:\/\/phukienphattai.com\/wp-content\/uploads\/2023\/05\/17-600x600.png 600w, https:\/\/phukienphattai.com\/wp-content\/uploads\/2023\/05\/17-100x100.png 100w\" sizes=\"(max-width: 1200px) 100vw, 1200px\" \/><\/p>\n<p><img loading=\"lazy\" decoding=\"async\" src=\"https:\/\/phukienphattai.com\/wp-content\/uploads\/2023\/05\/18.png\" alt=\"\" width=\"1200\" height=\"1200\" class=\"alignnone size-full wp-image-6194\" srcset=\"https:\/\/phukienphattai.com\/wp-content\/uploads\/2023\/05\/18.png 1200w, https:\/\/phukienphattai.com\/wp-content\/uploads\/2023\/05\/18-300x300.png 300w, https:\/\/phukienphattai.com\/wp-content\/uploads\/2023\/05\/18-1024x1024.png 1024w, https:\/\/phukienphattai.com\/wp-content\/uploads\/2023\/05\/18-150x150.png 150w, https:\/\/phukienphattai.com\/wp-content\/uploads\/2023\/05\/18-768x768.png 768w, https:\/\/phukienphattai.com\/wp-content\/uploads\/2023\/05\/18-860x860.png 860w, https:\/\/phukienphattai.com\/wp-content\/uploads\/2023\/05\/18-400x400.png 400w, https:\/\/phukienphattai.com\/wp-content\/uploads\/2023\/05\/18-600x600.png 600w, https:\/\/phukienphattai.com\/wp-content\/uploads\/2023\/05\/18-100x100.png 100w\" sizes=\"(max-width: 1200px) 100vw, 1200px\" \/><\/p>\n<p><img loading=\"lazy\" decoding=\"async\" src=\"https:\/\/phukienphattai.com\/wp-content\/uploads\/2023\/05\/19.png\" alt=\"\" width=\"1200\" height=\"1200\" class=\"alignnone size-full wp-image-6195\" srcset=\"https:\/\/phukienphattai.com\/wp-content\/uploads\/2023\/05\/19.png 1200w, https:\/\/phukienphattai.com\/wp-content\/uploads\/2023\/05\/19-300x300.png 300w, https:\/\/phukienphattai.com\/wp-content\/uploads\/2023\/05\/19-1024x1024.png 1024w, https:\/\/phukienphattai.com\/wp-content\/uploads\/2023\/05\/19-150x150.png 150w, https:\/\/phukienphattai.com\/wp-content\/uploads\/2023\/05\/19-768x768.png 768w, https:\/\/phukienphattai.com\/wp-content\/uploads\/2023\/05\/19-860x860.png 860w, https:\/\/phukienphattai.com\/wp-content\/uploads\/2023\/05\/19-400x400.png 400w, https:\/\/phukienphattai.com\/wp-content\/uploads\/2023\/05\/19-600x600.png 600w, https:\/\/phukienphattai.com\/wp-content\/uploads\/2023\/05\/19-100x100.png 100w\" sizes=\"(max-width: 1200px) 100vw, 1200px\" \/><br \/>\n<img loading=\"lazy\" decoding=\"async\" src=\"https:\/\/phukienphattai.com\/wp-content\/uploads\/2023\/05\/20.png\" alt=\"\" width=\"1200\" height=\"1200\" class=\"alignnone size-full wp-image-6433\" srcset=\"https:\/\/phukienphattai.com\/wp-content\/uploads\/2023\/05\/20.png 1200w, https:\/\/phukienphattai.com\/wp-content\/uploads\/2023\/05\/20-300x300.png 300w, https:\/\/phukienphattai.com\/wp-content\/uploads\/2023\/05\/20-1024x1024.png 1024w, https:\/\/phukienphattai.com\/wp-content\/uploads\/2023\/05\/20-150x150.png 150w, https:\/\/phukienphattai.com\/wp-content\/uploads\/2023\/05\/20-768x768.png 768w, https:\/\/phukienphattai.com\/wp-content\/uploads\/2023\/05\/20-860x860.png 860w, https:\/\/phukienphattai.com\/wp-content\/uploads\/2023\/05\/20-400x400.png 400w, https:\/\/phukienphattai.com\/wp-content\/uploads\/2023\/05\/20-600x600.png 600w, https:\/\/phukienphattai.com\/wp-content\/uploads\/2023\/05\/20-100x100.png 100w\" sizes=\"(max-width: 1200px) 100vw, 1200px\" \/><\/p>\n<p><img loading=\"lazy\" decoding=\"async\" src=\"https:\/\/phukienphattai.com\/wp-content\/uploads\/2023\/05\/21.png\" alt=\"\" width=\"1200\" height=\"1200\" class=\"alignnone size-full wp-image-6434\" srcset=\"https:\/\/phukienphattai.com\/wp-content\/uploads\/2023\/05\/21.png 1200w, https:\/\/phukienphattai.com\/wp-content\/uploads\/2023\/05\/21-300x300.png 300w, https:\/\/phukienphattai.com\/wp-content\/uploads\/2023\/05\/21-1024x1024.png 1024w, https:\/\/phukienphattai.com\/wp-content\/uploads\/2023\/05\/21-150x150.png 150w, https:\/\/phukienphattai.com\/wp-content\/uploads\/2023\/05\/21-768x768.png 768w, https:\/\/phukienphattai.com\/wp-content\/uploads\/2023\/05\/21-860x860.png 860w, https:\/\/phukienphattai.com\/wp-content\/uploads\/2023\/05\/21-400x400.png 400w, https:\/\/phukienphattai.com\/wp-content\/uploads\/2023\/05\/21-600x600.png 600w, https:\/\/phukienphattai.com\/wp-content\/uploads\/2023\/05\/21-100x100.png 100w\" sizes=\"(max-width: 1200px) 100vw, 1200px\" \/><\/p>\n<p><img loading=\"lazy\" decoding=\"async\" src=\"https:\/\/phukienphattai.com\/wp-content\/uploads\/2023\/05\/22.png\" alt=\"\" width=\"1200\" height=\"1200\" class=\"alignnone size-full wp-image-6435\" srcset=\"https:\/\/phukienphattai.com\/wp-content\/uploads\/2023\/05\/22.png 1200w, https:\/\/phukienphattai.com\/wp-content\/uploads\/2023\/05\/22-300x300.png 300w, https:\/\/phukienphattai.com\/wp-content\/uploads\/2023\/05\/22-1024x1024.png 1024w, https:\/\/phukienphattai.com\/wp-content\/uploads\/2023\/05\/22-150x150.png 150w, https:\/\/phukienphattai.com\/wp-content\/uploads\/2023\/05\/22-768x768.png 768w, https:\/\/phukienphattai.com\/wp-content\/uploads\/2023\/05\/22-860x860.png 860w, https:\/\/phukienphattai.com\/wp-content\/uploads\/2023\/05\/22-400x400.png 400w, https:\/\/phukienphattai.com\/wp-content\/uploads\/2023\/05\/22-600x600.png 600w, https:\/\/phukienphattai.com\/wp-content\/uploads\/2023\/05\/22-100x100.png 100w\" sizes=\"(max-width: 1200px) 100vw, 1200px\" \/><\/p>\n","protected":false},"excerpt":{"rendered":"","protected":false},"featured_media":4406,"comment_status":"open","ping_status":"closed","template":"","meta":[],"product_brand":[],"product_cat":[39],"product_tag":[],"class_list":{"0":"post-4396","1":"product","2":"type-product","3":"status-publish","4":"has-post-thumbnail","6":"product_cat-trang-tri-dam-cuoi","7":"latest_post","9":"first","10":"instock","11":"shipping-taxable","12":"product-type-simple"},"_links":{"self":[{"href":"https:\/\/phukienphattai.com\/index.php?rest_route=\/wp\/v2\/product\/4396","targetHints":{"allow":["GET"]}}],"collection":[{"href":"https:\/\/phukienphattai.com\/index.php?rest_route=\/wp\/v2\/product"}],"about":[{"href":"https:\/\/phukienphattai.com\/index.php?rest_route=\/wp\/v2\/types\/product"}],"replies":[{"embeddable":true,"href":"https:\/\/phukienphattai.com\/index.php?rest_route=%2Fwp%2Fv2%2Fcomments&post=4396"}],"version-history":[{"count":5,"href":"https:\/\/phukienphattai.com\/index.php?rest_route=\/wp\/v2\/product\/4396\/revisions"}],"predecessor-version":[{"id":6436,"href":"https:\/\/phukienphattai.com\/index.php?rest_route=\/wp\/v2\/product\/4396\/revisions\/6436"}],"wp:featuredmedia":[{"embeddable":true,"href":"https:\/\/phukienphattai.com\/index.php?rest_route=\/wp\/v2\/media\/4406"}],"wp:attachment":[{"href":"https:\/\/phukienphattai.com\/index.php?rest_route=%2Fwp%2Fv2%2Fmedia&parent=4396"}],"wp:term":[{"taxonomy":"product_brand","embeddable":true,"href":"https:\/\/phukienphattai.com\/index.php?rest_route=%2Fwp%2Fv2%2Fproduct_brand&post=4396"},{"taxonomy":"product_cat","embeddable":true,"href":"https:\/\/phukienphattai.com\/index.php?rest_route=%2Fwp%2Fv2%2Fproduct_cat&post=4396"},{"taxonomy":"product_tag","embeddable":true,"href":"https:\/\/phukienphattai.com\/index.php?rest_route=%2Fwp%2Fv2%2Fproduct_tag&post=4396"}],"curies":[{"name":"wp","href":"https:\/\/api.w.org\/{rel}","templated":true}]}}