{"id":4408,"date":"2023-05-22T17:17:47","date_gmt":"2023-05-22T17:17:47","guid":{"rendered":"http:\/\/phukienphattai.com\/?post_type=product&#038;p=4408"},"modified":"2023-05-22T17:17:47","modified_gmt":"2023-05-22T17:17:47","slug":"quet-ma-qr-de-ban-dam-cuoi","status":"publish","type":"product","link":"https:\/\/phukienphattai.com\/?product=quet-ma-qr-de-ban-dam-cuoi","title":{"rendered":"Qu\u00e9t m\u00e3 QR \u0111\u1ec3 b\u00e0n \u0111\u00e1m c\u01b0\u1edbi"},"content":{"rendered":"<p><img fetchpriority=\"high\" decoding=\"async\" src=\"https:\/\/phukienphattai.com\/wp-content\/uploads\/2023\/05\/1.jpg\" alt=\"\" width=\"800\" height=\"800\" class=\"alignnone size-full wp-image-4409\" srcset=\"https:\/\/phukienphattai.com\/wp-content\/uploads\/2023\/05\/1.jpg 800w, https:\/\/phukienphattai.com\/wp-content\/uploads\/2023\/05\/1-300x300.jpg 300w, https:\/\/phukienphattai.com\/wp-content\/uploads\/2023\/05\/1-150x150.jpg 150w, https:\/\/phukienphattai.com\/wp-content\/uploads\/2023\/05\/1-768x768.jpg 768w, https:\/\/phukienphattai.com\/wp-content\/uploads\/2023\/05\/1-400x400.jpg 400w, https:\/\/phukienphattai.com\/wp-content\/uploads\/2023\/05\/1-600x600.jpg 600w, https:\/\/phukienphattai.com\/wp-content\/uploads\/2023\/05\/1-100x100.jpg 100w\" sizes=\"(max-width: 800px) 100vw, 800px\" \/><\/p>\n<p><img decoding=\"async\" src=\"https:\/\/phukienphattai.com\/wp-content\/uploads\/2023\/05\/2.jpg\" alt=\"\" width=\"800\" height=\"800\" class=\"alignnone size-full wp-image-4410\" srcset=\"https:\/\/phukienphattai.com\/wp-content\/uploads\/2023\/05\/2.jpg 800w, https:\/\/phukienphattai.com\/wp-content\/uploads\/2023\/05\/2-300x300.jpg 300w, https:\/\/phukienphattai.com\/wp-content\/uploads\/2023\/05\/2-150x150.jpg 150w, https:\/\/phukienphattai.com\/wp-content\/uploads\/2023\/05\/2-768x768.jpg 768w, https:\/\/phukienphattai.com\/wp-content\/uploads\/2023\/05\/2-400x400.jpg 400w, https:\/\/phukienphattai.com\/wp-content\/uploads\/2023\/05\/2-600x600.jpg 600w, https:\/\/phukienphattai.com\/wp-content\/uploads\/2023\/05\/2-100x100.jpg 100w\" sizes=\"(max-width: 800px) 100vw, 800px\" \/><\/p>\n<p><img decoding=\"async\" src=\"https:\/\/phukienphattai.com\/wp-content\/uploads\/2023\/05\/3.jpg\" alt=\"\" width=\"800\" height=\"800\" class=\"alignnone size-full wp-image-4411\" srcset=\"https:\/\/phukienphattai.com\/wp-content\/uploads\/2023\/05\/3.jpg 800w, https:\/\/phukienphattai.com\/wp-content\/uploads\/2023\/05\/3-300x300.jpg 300w, https:\/\/phukienphattai.com\/wp-content\/uploads\/2023\/05\/3-150x150.jpg 150w, https:\/\/phukienphattai.com\/wp-content\/uploads\/2023\/05\/3-768x768.jpg 768w, https:\/\/phukienphattai.com\/wp-content\/uploads\/2023\/05\/3-400x400.jpg 400w, https:\/\/phukienphattai.com\/wp-content\/uploads\/2023\/05\/3-600x600.jpg 600w, https:\/\/phukienphattai.com\/wp-content\/uploads\/2023\/05\/3-100x100.jpg 100w\" sizes=\"(max-width: 800px) 100vw, 800px\" \/><\/p>\n<p><img loading=\"lazy\" decoding=\"async\" src=\"https:\/\/phukienphattai.com\/wp-content\/uploads\/2023\/05\/4.jpg\" alt=\"\" width=\"800\" height=\"800\" class=\"alignnone size-full wp-image-4412\" srcset=\"https:\/\/phukienphattai.com\/wp-content\/uploads\/2023\/05\/4.jpg 800w, https:\/\/phukienphattai.com\/wp-content\/uploads\/2023\/05\/4-300x300.jpg 300w, https:\/\/phukienphattai.com\/wp-content\/uploads\/2023\/05\/4-150x150.jpg 150w, https:\/\/phukienphattai.com\/wp-content\/uploads\/2023\/05\/4-768x768.jpg 768w, https:\/\/phukienphattai.com\/wp-content\/uploads\/2023\/05\/4-400x400.jpg 400w, https:\/\/phukienphattai.com\/wp-content\/uploads\/2023\/05\/4-600x600.jpg 600w, https:\/\/phukienphattai.com\/wp-content\/uploads\/2023\/05\/4-100x100.jpg 100w\" sizes=\"(max-width: 800px) 100vw, 800px\" \/><\/p>\n","protected":false},"excerpt":{"rendered":"","protected":false},"featured_media":4409,"comment_status":"open","ping_status":"closed","template":"","meta":[],"product_brand":[],"product_cat":[39],"product_tag":[],"class_list":{"0":"post-4408","1":"product","2":"type-product","3":"status-publish","4":"has-post-thumbnail","6":"product_cat-trang-tri-dam-cuoi","7":"latest_post","9":"first","10":"instock","11":"shipping-taxable","12":"product-type-simple"},"_links":{"self":[{"href":"https:\/\/phukienphattai.com\/index.php?rest_route=\/wp\/v2\/product\/4408","targetHints":{"allow":["GET"]}}],"collection":[{"href":"https:\/\/phukienphattai.com\/index.php?rest_route=\/wp\/v2\/product"}],"about":[{"href":"https:\/\/phukienphattai.com\/index.php?rest_route=\/wp\/v2\/types\/product"}],"replies":[{"embeddable":true,"href":"https:\/\/phukienphattai.com\/index.php?rest_route=%2Fwp%2Fv2%2Fcomments&post=4408"}],"version-history":[{"count":1,"href":"https:\/\/phukienphattai.com\/index.php?rest_route=\/wp\/v2\/product\/4408\/revisions"}],"predecessor-version":[{"id":4413,"href":"https:\/\/phukienphattai.com\/index.php?rest_route=\/wp\/v2\/product\/4408\/revisions\/4413"}],"wp:featuredmedia":[{"embeddable":true,"href":"https:\/\/phukienphattai.com\/index.php?rest_route=\/wp\/v2\/media\/4409"}],"wp:attachment":[{"href":"https:\/\/phukienphattai.com\/index.php?rest_route=%2Fwp%2Fv2%2Fmedia&parent=4408"}],"wp:term":[{"taxonomy":"product_brand","embeddable":true,"href":"https:\/\/phukienphattai.com\/index.php?rest_route=%2Fwp%2Fv2%2Fproduct_brand&post=4408"},{"taxonomy":"product_cat","embeddable":true,"href":"https:\/\/phukienphattai.com\/index.php?rest_route=%2Fwp%2Fv2%2Fproduct_cat&post=4408"},{"taxonomy":"product_tag","embeddable":true,"href":"https:\/\/phukienphattai.com\/index.php?rest_route=%2Fwp%2Fv2%2Fproduct_tag&post=4408"}],"curies":[{"name":"wp","href":"https:\/\/api.w.org\/{rel}","templated":true}]}}