{"id":4442,"date":"2023-06-01T16:03:32","date_gmt":"2023-06-01T16:03:32","guid":{"rendered":"http:\/\/phukienphattai.com\/?post_type=product&#038;p=4442"},"modified":"2024-10-20T07:52:47","modified_gmt":"2024-10-20T07:52:47","slug":"li-xi-dam-cuoi-mau-do-ep-kim-sang-trong","status":"publish","type":"product","link":"https:\/\/phukienphattai.com\/?product=li-xi-dam-cuoi-mau-do-ep-kim-sang-trong","title":{"rendered":"L\u00ec x\u00ec \u0111\u00e1m c\u01b0\u1edbi m\u00e0u \u0111\u1ecf \u00e9p kim sang tr\u1ecdng"},"content":{"rendered":"<p><img fetchpriority=\"high\" decoding=\"async\" class=\"alignnone size-full wp-image-6718\" src=\"https:\/\/phukienphattai.com\/wp-content\/uploads\/2023\/06\/448048894_416747954687468_7086065265353410316_n.jpg\" alt=\"\" width=\"1536\" height=\"2048\" srcset=\"https:\/\/phukienphattai.com\/wp-content\/uploads\/2023\/06\/448048894_416747954687468_7086065265353410316_n.jpg 1536w, https:\/\/phukienphattai.com\/wp-content\/uploads\/2023\/06\/448048894_416747954687468_7086065265353410316_n-225x300.jpg 225w, https:\/\/phukienphattai.com\/wp-content\/uploads\/2023\/06\/448048894_416747954687468_7086065265353410316_n-768x1024.jpg 768w, https:\/\/phukienphattai.com\/wp-content\/uploads\/2023\/06\/448048894_416747954687468_7086065265353410316_n-1152x1536.jpg 1152w, https:\/\/phukienphattai.com\/wp-content\/uploads\/2023\/06\/448048894_416747954687468_7086065265353410316_n-600x800.jpg 600w\" sizes=\"(max-width: 1536px) 100vw, 1536px\" \/><img decoding=\"async\" class=\"alignnone size-full wp-image-4445\" src=\"https:\/\/phukienphattai.com\/wp-content\/uploads\/2023\/06\/2.jpg\" alt=\"\" width=\"800\" height=\"800\" srcset=\"https:\/\/phukienphattai.com\/wp-content\/uploads\/2023\/06\/2.jpg 800w, https:\/\/phukienphattai.com\/wp-content\/uploads\/2023\/06\/2-300x300.jpg 300w, https:\/\/phukienphattai.com\/wp-content\/uploads\/2023\/06\/2-150x150.jpg 150w, https:\/\/phukienphattai.com\/wp-content\/uploads\/2023\/06\/2-768x768.jpg 768w, https:\/\/phukienphattai.com\/wp-content\/uploads\/2023\/06\/2-400x400.jpg 400w, https:\/\/phukienphattai.com\/wp-content\/uploads\/2023\/06\/2-600x600.jpg 600w, https:\/\/phukienphattai.com\/wp-content\/uploads\/2023\/06\/2-100x100.jpg 100w\" sizes=\"(max-width: 800px) 100vw, 800px\" \/><\/p>\n<p><img decoding=\"async\" class=\"alignnone size-full wp-image-6998\" src=\"https:\/\/phukienphattai.com\/wp-content\/uploads\/2023\/06\/vn-11134207-7ras8-m0snr05mldkd4a.png\" alt=\"\" width=\"1024\" height=\"1024\" srcset=\"https:\/\/phukienphattai.com\/wp-content\/uploads\/2023\/06\/vn-11134207-7ras8-m0snr05mldkd4a.png 1024w, https:\/\/phukienphattai.com\/wp-content\/uploads\/2023\/06\/vn-11134207-7ras8-m0snr05mldkd4a-300x300.png 300w, https:\/\/phukienphattai.com\/wp-content\/uploads\/2023\/06\/vn-11134207-7ras8-m0snr05mldkd4a-150x150.png 150w, https:\/\/phukienphattai.com\/wp-content\/uploads\/2023\/06\/vn-11134207-7ras8-m0snr05mldkd4a-768x768.png 768w, https:\/\/phukienphattai.com\/wp-content\/uploads\/2023\/06\/vn-11134207-7ras8-m0snr05mldkd4a-860x860.png 860w, https:\/\/phukienphattai.com\/wp-content\/uploads\/2023\/06\/vn-11134207-7ras8-m0snr05mldkd4a-400x400.png 400w, https:\/\/phukienphattai.com\/wp-content\/uploads\/2023\/06\/vn-11134207-7ras8-m0snr05mldkd4a-600x600.png 600w, https:\/\/phukienphattai.com\/wp-content\/uploads\/2023\/06\/vn-11134207-7ras8-m0snr05mldkd4a-100x100.png 100w\" sizes=\"(max-width: 1024px) 100vw, 1024px\" \/><\/p>\n<p>&nbsp;<\/p>\n","protected":false},"excerpt":{"rendered":"<p>&nbsp;<\/p>\n","protected":false},"featured_media":4443,"comment_status":"open","ping_status":"closed","template":"","meta":[],"product_brand":[],"product_cat":[56],"product_tag":[],"class_list":{"0":"post-4442","1":"product","2":"type-product","3":"status-publish","4":"has-post-thumbnail","6":"product_cat-li-xi-dam-cuoi","7":"latest_post","9":"first","10":"instock","11":"shipping-taxable","12":"product-type-simple"},"_links":{"self":[{"href":"https:\/\/phukienphattai.com\/index.php?rest_route=\/wp\/v2\/product\/4442","targetHints":{"allow":["GET"]}}],"collection":[{"href":"https:\/\/phukienphattai.com\/index.php?rest_route=\/wp\/v2\/product"}],"about":[{"href":"https:\/\/phukienphattai.com\/index.php?rest_route=\/wp\/v2\/types\/product"}],"replies":[{"embeddable":true,"href":"https:\/\/phukienphattai.com\/index.php?rest_route=%2Fwp%2Fv2%2Fcomments&post=4442"}],"version-history":[{"count":5,"href":"https:\/\/phukienphattai.com\/index.php?rest_route=\/wp\/v2\/product\/4442\/revisions"}],"predecessor-version":[{"id":6999,"href":"https:\/\/phukienphattai.com\/index.php?rest_route=\/wp\/v2\/product\/4442\/revisions\/6999"}],"wp:featuredmedia":[{"embeddable":true,"href":"https:\/\/phukienphattai.com\/index.php?rest_route=\/wp\/v2\/media\/4443"}],"wp:attachment":[{"href":"https:\/\/phukienphattai.com\/index.php?rest_route=%2Fwp%2Fv2%2Fmedia&parent=4442"}],"wp:term":[{"taxonomy":"product_brand","embeddable":true,"href":"https:\/\/phukienphattai.com\/index.php?rest_route=%2Fwp%2Fv2%2Fproduct_brand&post=4442"},{"taxonomy":"product_cat","embeddable":true,"href":"https:\/\/phukienphattai.com\/index.php?rest_route=%2Fwp%2Fv2%2Fproduct_cat&post=4442"},{"taxonomy":"product_tag","embeddable":true,"href":"https:\/\/phukienphattai.com\/index.php?rest_route=%2Fwp%2Fv2%2Fproduct_tag&post=4442"}],"curies":[{"name":"wp","href":"https:\/\/api.w.org\/{rel}","templated":true}]}}