{"id":4462,"date":"2023-06-01T16:08:17","date_gmt":"2023-06-01T16:08:17","guid":{"rendered":"http:\/\/phukienphattai.com\/?post_type=product&#038;p=4462"},"modified":"2024-10-20T07:54:59","modified_gmt":"2024-10-20T07:54:59","slug":"bao-nap-tai-vai-gam-cao-cap","status":"publish","type":"product","link":"https:\/\/phukienphattai.com\/?product=bao-nap-tai-vai-gam-cao-cap","title":{"rendered":"Bao n\u1ea1p t\u00e0i v\u1ea3i g\u1ea5m cao c\u1ea5p"},"content":{"rendered":"<p>\u2705 Ch\u1ea5t li\u1ec7u v\u1ea3i g\u1ea5m cao c\u1ea5p, d\u00e0y d\u1eb7n, h\u1ecda ti\u1ebft sang tr\u1ecdng<\/p>\n<p>\u2705 K\u00edch th\u01b0\u1edbc: 10x18cm<\/p>\n<p>&#8211; M\u00e0u \u0111\u1ecf r\u1ef1c r\u1ee1 mang \u0111\u1ebfn Ph\u01b0\u1edbc l\u00e0nh, may m\u1eafn, \u00fd ngh\u0129a t\u1ed1t \u0111\u1eb9p trong ng\u00e0y c\u01b0\u1edbi tr\u1ecdng \u0111\u1ea1i<\/p>\n<p>&#8211; Bao n\u1ea1p t\u00e0i \u0111\u01b0\u1ee3c d\u00f9ng trong t\u1ea5t c\u1ea3 c\u00e1c l\u1ec5 c\u01b0\u1edbi, l\u1ec5 \u0103n h\u1ecfi, l\u1ec5 b\u00e1o h\u1ef7 ho\u1eb7c ngay trong ng\u00e0y l\u1ec5 \u0111\u00ednh h\u00f4n c\u1ee7a c\u00f4 d\u00e2u ch\u00fa r\u1ec3.<\/p>\n<p>&#8211; \u0110\u00e2y l\u00e0 phong t\u1ee5c v\u0103n h\u00f3a mang \u00fd ngh\u0129a nh\u00e2n v\u0103n s\u00e2u s\u1eafc<\/p>\n<p>&#8211; Ngo\u00e0i ra c\u00f3 th\u1ec3 d\u00f9ng \u0111\u1ec3 trang tr\u00ed c\u00e2y qu\u1ea5t, \u0111\u00e0o, d\u00f9ng \u0111\u1ef1ng ti\u1ec1n, \u0111\u1ef1ng \u0111i\u1ec7n tho\u1ea1i<\/p>\n<p><img fetchpriority=\"high\" decoding=\"async\" class=\"alignnone size-full wp-image-4463\" src=\"https:\/\/phukienphattai.com\/wp-content\/uploads\/2023\/06\/m1.jpg\" alt=\"\" width=\"800\" height=\"800\" srcset=\"https:\/\/phukienphattai.com\/wp-content\/uploads\/2023\/06\/m1.jpg 800w, https:\/\/phukienphattai.com\/wp-content\/uploads\/2023\/06\/m1-300x300.jpg 300w, https:\/\/phukienphattai.com\/wp-content\/uploads\/2023\/06\/m1-150x150.jpg 150w, https:\/\/phukienphattai.com\/wp-content\/uploads\/2023\/06\/m1-768x768.jpg 768w, https:\/\/phukienphattai.com\/wp-content\/uploads\/2023\/06\/m1-400x400.jpg 400w, https:\/\/phukienphattai.com\/wp-content\/uploads\/2023\/06\/m1-600x600.jpg 600w, https:\/\/phukienphattai.com\/wp-content\/uploads\/2023\/06\/m1-100x100.jpg 100w\" sizes=\"(max-width: 800px) 100vw, 800px\" \/> <img decoding=\"async\" class=\"alignnone size-full wp-image-4464\" src=\"https:\/\/phukienphattai.com\/wp-content\/uploads\/2023\/06\/m2.jpg\" alt=\"\" width=\"800\" height=\"800\" srcset=\"https:\/\/phukienphattai.com\/wp-content\/uploads\/2023\/06\/m2.jpg 800w, https:\/\/phukienphattai.com\/wp-content\/uploads\/2023\/06\/m2-300x300.jpg 300w, https:\/\/phukienphattai.com\/wp-content\/uploads\/2023\/06\/m2-150x150.jpg 150w, https:\/\/phukienphattai.com\/wp-content\/uploads\/2023\/06\/m2-768x768.jpg 768w, https:\/\/phukienphattai.com\/wp-content\/uploads\/2023\/06\/m2-400x400.jpg 400w, https:\/\/phukienphattai.com\/wp-content\/uploads\/2023\/06\/m2-600x600.jpg 600w, https:\/\/phukienphattai.com\/wp-content\/uploads\/2023\/06\/m2-100x100.jpg 100w\" sizes=\"(max-width: 800px) 100vw, 800px\" \/> <img decoding=\"async\" class=\"alignnone size-full wp-image-4465\" src=\"https:\/\/phukienphattai.com\/wp-content\/uploads\/2023\/06\/m3.jpg\" alt=\"\" width=\"800\" height=\"800\" srcset=\"https:\/\/phukienphattai.com\/wp-content\/uploads\/2023\/06\/m3.jpg 800w, https:\/\/phukienphattai.com\/wp-content\/uploads\/2023\/06\/m3-300x300.jpg 300w, https:\/\/phukienphattai.com\/wp-content\/uploads\/2023\/06\/m3-150x150.jpg 150w, https:\/\/phukienphattai.com\/wp-content\/uploads\/2023\/06\/m3-768x768.jpg 768w, https:\/\/phukienphattai.com\/wp-content\/uploads\/2023\/06\/m3-400x400.jpg 400w, https:\/\/phukienphattai.com\/wp-content\/uploads\/2023\/06\/m3-600x600.jpg 600w, https:\/\/phukienphattai.com\/wp-content\/uploads\/2023\/06\/m3-100x100.jpg 100w\" sizes=\"(max-width: 800px) 100vw, 800px\" \/> <img loading=\"lazy\" decoding=\"async\" class=\"alignnone size-full wp-image-4466\" src=\"https:\/\/phukienphattai.com\/wp-content\/uploads\/2023\/06\/m4.jpg\" alt=\"\" width=\"800\" height=\"800\" srcset=\"https:\/\/phukienphattai.com\/wp-content\/uploads\/2023\/06\/m4.jpg 800w, https:\/\/phukienphattai.com\/wp-content\/uploads\/2023\/06\/m4-300x300.jpg 300w, https:\/\/phukienphattai.com\/wp-content\/uploads\/2023\/06\/m4-150x150.jpg 150w, https:\/\/phukienphattai.com\/wp-content\/uploads\/2023\/06\/m4-768x768.jpg 768w, https:\/\/phukienphattai.com\/wp-content\/uploads\/2023\/06\/m4-400x400.jpg 400w, https:\/\/phukienphattai.com\/wp-content\/uploads\/2023\/06\/m4-600x600.jpg 600w, https:\/\/phukienphattai.com\/wp-content\/uploads\/2023\/06\/m4-100x100.jpg 100w\" sizes=\"(max-width: 800px) 100vw, 800px\" \/> <img loading=\"lazy\" decoding=\"async\" class=\"alignnone size-full wp-image-4467\" src=\"https:\/\/phukienphattai.com\/wp-content\/uploads\/2023\/06\/m5.jpg\" alt=\"\" width=\"800\" height=\"800\" srcset=\"https:\/\/phukienphattai.com\/wp-content\/uploads\/2023\/06\/m5.jpg 800w, https:\/\/phukienphattai.com\/wp-content\/uploads\/2023\/06\/m5-300x300.jpg 300w, https:\/\/phukienphattai.com\/wp-content\/uploads\/2023\/06\/m5-150x150.jpg 150w, https:\/\/phukienphattai.com\/wp-content\/uploads\/2023\/06\/m5-768x768.jpg 768w, https:\/\/phukienphattai.com\/wp-content\/uploads\/2023\/06\/m5-400x400.jpg 400w, https:\/\/phukienphattai.com\/wp-content\/uploads\/2023\/06\/m5-600x600.jpg 600w, https:\/\/phukienphattai.com\/wp-content\/uploads\/2023\/06\/m5-100x100.jpg 100w\" sizes=\"(max-width: 800px) 100vw, 800px\" \/> <img loading=\"lazy\" decoding=\"async\" class=\"alignnone size-full wp-image-4468\" src=\"https:\/\/phukienphattai.com\/wp-content\/uploads\/2023\/06\/m6.jpg\" alt=\"\" width=\"800\" height=\"800\" srcset=\"https:\/\/phukienphattai.com\/wp-content\/uploads\/2023\/06\/m6.jpg 800w, https:\/\/phukienphattai.com\/wp-content\/uploads\/2023\/06\/m6-300x300.jpg 300w, https:\/\/phukienphattai.com\/wp-content\/uploads\/2023\/06\/m6-150x150.jpg 150w, https:\/\/phukienphattai.com\/wp-content\/uploads\/2023\/06\/m6-768x768.jpg 768w, https:\/\/phukienphattai.com\/wp-content\/uploads\/2023\/06\/m6-400x400.jpg 400w, https:\/\/phukienphattai.com\/wp-content\/uploads\/2023\/06\/m6-600x600.jpg 600w, https:\/\/phukienphattai.com\/wp-content\/uploads\/2023\/06\/m6-100x100.jpg 100w\" sizes=\"(max-width: 800px) 100vw, 800px\" \/> <img loading=\"lazy\" decoding=\"async\" class=\"alignnone size-full wp-image-4469\" src=\"https:\/\/phukienphattai.com\/wp-content\/uploads\/2023\/06\/O1CN01dRSCD61jDSdbZaS5V_2209085694514-0-cib.jpg\" alt=\"\" width=\"800\" height=\"800\" srcset=\"https:\/\/phukienphattai.com\/wp-content\/uploads\/2023\/06\/O1CN01dRSCD61jDSdbZaS5V_2209085694514-0-cib.jpg 800w, https:\/\/phukienphattai.com\/wp-content\/uploads\/2023\/06\/O1CN01dRSCD61jDSdbZaS5V_2209085694514-0-cib-300x300.jpg 300w, https:\/\/phukienphattai.com\/wp-content\/uploads\/2023\/06\/O1CN01dRSCD61jDSdbZaS5V_2209085694514-0-cib-150x150.jpg 150w, https:\/\/phukienphattai.com\/wp-content\/uploads\/2023\/06\/O1CN01dRSCD61jDSdbZaS5V_2209085694514-0-cib-768x768.jpg 768w, https:\/\/phukienphattai.com\/wp-content\/uploads\/2023\/06\/O1CN01dRSCD61jDSdbZaS5V_2209085694514-0-cib-400x400.jpg 400w, https:\/\/phukienphattai.com\/wp-content\/uploads\/2023\/06\/O1CN01dRSCD61jDSdbZaS5V_2209085694514-0-cib-600x600.jpg 600w, https:\/\/phukienphattai.com\/wp-content\/uploads\/2023\/06\/O1CN01dRSCD61jDSdbZaS5V_2209085694514-0-cib-100x100.jpg 100w\" sizes=\"(max-width: 800px) 100vw, 800px\" \/> <img loading=\"lazy\" decoding=\"async\" class=\"alignnone size-full wp-image-4470\" src=\"https:\/\/phukienphattai.com\/wp-content\/uploads\/2023\/06\/O1CN01fzsKif1jDSdTeYSIA_2209085694514-0-cib.jpg\" alt=\"\" width=\"800\" height=\"800\" srcset=\"https:\/\/phukienphattai.com\/wp-content\/uploads\/2023\/06\/O1CN01fzsKif1jDSdTeYSIA_2209085694514-0-cib.jpg 800w, https:\/\/phukienphattai.com\/wp-content\/uploads\/2023\/06\/O1CN01fzsKif1jDSdTeYSIA_2209085694514-0-cib-300x300.jpg 300w, https:\/\/phukienphattai.com\/wp-content\/uploads\/2023\/06\/O1CN01fzsKif1jDSdTeYSIA_2209085694514-0-cib-150x150.jpg 150w, https:\/\/phukienphattai.com\/wp-content\/uploads\/2023\/06\/O1CN01fzsKif1jDSdTeYSIA_2209085694514-0-cib-768x768.jpg 768w, https:\/\/phukienphattai.com\/wp-content\/uploads\/2023\/06\/O1CN01fzsKif1jDSdTeYSIA_2209085694514-0-cib-400x400.jpg 400w, https:\/\/phukienphattai.com\/wp-content\/uploads\/2023\/06\/O1CN01fzsKif1jDSdTeYSIA_2209085694514-0-cib-600x600.jpg 600w, https:\/\/phukienphattai.com\/wp-content\/uploads\/2023\/06\/O1CN01fzsKif1jDSdTeYSIA_2209085694514-0-cib-100x100.jpg 100w\" sizes=\"(max-width: 800px) 100vw, 800px\" \/> <img loading=\"lazy\" decoding=\"async\" class=\"alignnone size-full wp-image-4471\" src=\"https:\/\/phukienphattai.com\/wp-content\/uploads\/2023\/06\/O1CN01GSrUOh1jDSdce1x9g_2209085694514-0-cib.jpg\" alt=\"\" width=\"800\" height=\"800\" srcset=\"https:\/\/phukienphattai.com\/wp-content\/uploads\/2023\/06\/O1CN01GSrUOh1jDSdce1x9g_2209085694514-0-cib.jpg 800w, https:\/\/phukienphattai.com\/wp-content\/uploads\/2023\/06\/O1CN01GSrUOh1jDSdce1x9g_2209085694514-0-cib-300x300.jpg 300w, https:\/\/phukienphattai.com\/wp-content\/uploads\/2023\/06\/O1CN01GSrUOh1jDSdce1x9g_2209085694514-0-cib-150x150.jpg 150w, https:\/\/phukienphattai.com\/wp-content\/uploads\/2023\/06\/O1CN01GSrUOh1jDSdce1x9g_2209085694514-0-cib-768x768.jpg 768w, https:\/\/phukienphattai.com\/wp-content\/uploads\/2023\/06\/O1CN01GSrUOh1jDSdce1x9g_2209085694514-0-cib-400x400.jpg 400w, https:\/\/phukienphattai.com\/wp-content\/uploads\/2023\/06\/O1CN01GSrUOh1jDSdce1x9g_2209085694514-0-cib-600x600.jpg 600w, https:\/\/phukienphattai.com\/wp-content\/uploads\/2023\/06\/O1CN01GSrUOh1jDSdce1x9g_2209085694514-0-cib-100x100.jpg 100w\" sizes=\"(max-width: 800px) 100vw, 800px\" \/> <img loading=\"lazy\" decoding=\"async\" class=\"alignnone size-full wp-image-4472\" src=\"https:\/\/phukienphattai.com\/wp-content\/uploads\/2023\/06\/O1CN01MOyXZI1jDSdWbr2Ai_2209085694514-0-cib.jpg\" alt=\"\" width=\"710\" height=\"710\" srcset=\"https:\/\/phukienphattai.com\/wp-content\/uploads\/2023\/06\/O1CN01MOyXZI1jDSdWbr2Ai_2209085694514-0-cib.jpg 710w, https:\/\/phukienphattai.com\/wp-content\/uploads\/2023\/06\/O1CN01MOyXZI1jDSdWbr2Ai_2209085694514-0-cib-300x300.jpg 300w, https:\/\/phukienphattai.com\/wp-content\/uploads\/2023\/06\/O1CN01MOyXZI1jDSdWbr2Ai_2209085694514-0-cib-150x150.jpg 150w, https:\/\/phukienphattai.com\/wp-content\/uploads\/2023\/06\/O1CN01MOyXZI1jDSdWbr2Ai_2209085694514-0-cib-400x400.jpg 400w, https:\/\/phukienphattai.com\/wp-content\/uploads\/2023\/06\/O1CN01MOyXZI1jDSdWbr2Ai_2209085694514-0-cib-600x600.jpg 600w, https:\/\/phukienphattai.com\/wp-content\/uploads\/2023\/06\/O1CN01MOyXZI1jDSdWbr2Ai_2209085694514-0-cib-100x100.jpg 100w\" sizes=\"(max-width: 710px) 100vw, 710px\" \/> <img loading=\"lazy\" decoding=\"async\" class=\"alignnone size-full wp-image-4473\" src=\"https:\/\/phukienphattai.com\/wp-content\/uploads\/2023\/06\/O1CN01VIG6am1jDSdSHTR47_2209085694514-0-cib.jpg\" alt=\"\" width=\"708\" height=\"708\" srcset=\"https:\/\/phukienphattai.com\/wp-content\/uploads\/2023\/06\/O1CN01VIG6am1jDSdSHTR47_2209085694514-0-cib.jpg 708w, https:\/\/phukienphattai.com\/wp-content\/uploads\/2023\/06\/O1CN01VIG6am1jDSdSHTR47_2209085694514-0-cib-300x300.jpg 300w, https:\/\/phukienphattai.com\/wp-content\/uploads\/2023\/06\/O1CN01VIG6am1jDSdSHTR47_2209085694514-0-cib-150x150.jpg 150w, https:\/\/phukienphattai.com\/wp-content\/uploads\/2023\/06\/O1CN01VIG6am1jDSdSHTR47_2209085694514-0-cib-400x400.jpg 400w, https:\/\/phukienphattai.com\/wp-content\/uploads\/2023\/06\/O1CN01VIG6am1jDSdSHTR47_2209085694514-0-cib-600x600.jpg 600w, https:\/\/phukienphattai.com\/wp-content\/uploads\/2023\/06\/O1CN01VIG6am1jDSdSHTR47_2209085694514-0-cib-100x100.jpg 100w\" sizes=\"(max-width: 708px) 100vw, 708px\" \/> <img loading=\"lazy\" decoding=\"async\" class=\"alignnone size-full wp-image-4474\" src=\"https:\/\/phukienphattai.com\/wp-content\/uploads\/2023\/06\/O1CN013QhRIJ1jDSdZyvUn2_2209085694514-0-cib.jpg\" alt=\"\" width=\"790\" height=\"636\" srcset=\"https:\/\/phukienphattai.com\/wp-content\/uploads\/2023\/06\/O1CN013QhRIJ1jDSdZyvUn2_2209085694514-0-cib.jpg 790w, https:\/\/phukienphattai.com\/wp-content\/uploads\/2023\/06\/O1CN013QhRIJ1jDSdZyvUn2_2209085694514-0-cib-300x242.jpg 300w, https:\/\/phukienphattai.com\/wp-content\/uploads\/2023\/06\/O1CN013QhRIJ1jDSdZyvUn2_2209085694514-0-cib-768x618.jpg 768w, https:\/\/phukienphattai.com\/wp-content\/uploads\/2023\/06\/O1CN013QhRIJ1jDSdZyvUn2_2209085694514-0-cib-600x483.jpg 600w\" sizes=\"(max-width: 790px) 100vw, 790px\" \/><\/p>\n","protected":false},"excerpt":{"rendered":"<p>\u2705 Ch\u1ea5t li\u1ec7u v\u1ea3i g\u1ea5m cao c\u1ea5p, d\u00e0y d\u1eb7n, h\u1ecda ti\u1ebft sang tr\u1ecdng \u2705 K\u00edch th\u01b0\u1edbc: 10x18cm &#8211; M\u00e0u \u0111\u1ecf r\u1ef1c r\u1ee1 mang \u0111\u1ebfn Ph\u01b0\u1edbc l\u00e0nh, may m\u1eafn, \u00fd ngh\u0129a t\u1ed1t \u0111\u1eb9p trong ng\u00e0y c\u01b0\u1edbi tr\u1ecdng \u0111\u1ea1i &#8211; Bao n\u1ea1p t\u00e0i \u0111\u01b0\u1ee3c d\u00f9ng trong t\u1ea5t c\u1ea3 c\u00e1c l\u1ec5 c\u01b0\u1edbi, l\u1ec5 \u0103n h\u1ecfi, l\u1ec5 b\u00e1o h\u1ef7 &hellip; <\/p>\n","protected":false},"featured_media":4471,"comment_status":"open","ping_status":"closed","template":"","meta":[],"product_brand":[],"product_cat":[56],"product_tag":[],"class_list":{"0":"post-4462","1":"product","2":"type-product","3":"status-publish","4":"has-post-thumbnail","6":"product_cat-li-xi-dam-cuoi","7":"latest_post","9":"first","10":"outofstock","11":"shipping-taxable","12":"product-type-simple"},"_links":{"self":[{"href":"https:\/\/phukienphattai.com\/index.php?rest_route=\/wp\/v2\/product\/4462","targetHints":{"allow":["GET"]}}],"collection":[{"href":"https:\/\/phukienphattai.com\/index.php?rest_route=\/wp\/v2\/product"}],"about":[{"href":"https:\/\/phukienphattai.com\/index.php?rest_route=\/wp\/v2\/types\/product"}],"replies":[{"embeddable":true,"href":"https:\/\/phukienphattai.com\/index.php?rest_route=%2Fwp%2Fv2%2Fcomments&post=4462"}],"version-history":[{"count":1,"href":"https:\/\/phukienphattai.com\/index.php?rest_route=\/wp\/v2\/product\/4462\/revisions"}],"predecessor-version":[{"id":4475,"href":"https:\/\/phukienphattai.com\/index.php?rest_route=\/wp\/v2\/product\/4462\/revisions\/4475"}],"wp:featuredmedia":[{"embeddable":true,"href":"https:\/\/phukienphattai.com\/index.php?rest_route=\/wp\/v2\/media\/4471"}],"wp:attachment":[{"href":"https:\/\/phukienphattai.com\/index.php?rest_route=%2Fwp%2Fv2%2Fmedia&parent=4462"}],"wp:term":[{"taxonomy":"product_brand","embeddable":true,"href":"https:\/\/phukienphattai.com\/index.php?rest_route=%2Fwp%2Fv2%2Fproduct_brand&post=4462"},{"taxonomy":"product_cat","embeddable":true,"href":"https:\/\/phukienphattai.com\/index.php?rest_route=%2Fwp%2Fv2%2Fproduct_cat&post=4462"},{"taxonomy":"product_tag","embeddable":true,"href":"https:\/\/phukienphattai.com\/index.php?rest_route=%2Fwp%2Fv2%2Fproduct_tag&post=4462"}],"curies":[{"name":"wp","href":"https:\/\/api.w.org\/{rel}","templated":true}]}}