{"id":4545,"date":"2023-06-23T03:36:23","date_gmt":"2023-06-23T03:36:23","guid":{"rendered":"http:\/\/phukienphattai.com\/?post_type=product&#038;p=4545"},"modified":"2023-10-18T15:19:03","modified_gmt":"2023-10-18T15:19:03","slug":"combo-trang-tri-dam-cuoi-33","status":"publish","type":"product","link":"https:\/\/phukienphattai.com\/?product=combo-trang-tri-dam-cuoi-33","title":{"rendered":"Combo trang tr\u00ed \u0111\u00e1m c\u01b0\u1edbi &#8211; 33"},"content":{"rendered":"<p><img fetchpriority=\"high\" decoding=\"async\" class=\"alignnone size-full wp-image-4547\" src=\"https:\/\/phukienphattai.com\/wp-content\/uploads\/2023\/06\/1-1.png\" alt=\"\" width=\"700\" height=\"700\" srcset=\"https:\/\/phukienphattai.com\/wp-content\/uploads\/2023\/06\/1-1.png 700w, https:\/\/phukienphattai.com\/wp-content\/uploads\/2023\/06\/1-1-300x300.png 300w, https:\/\/phukienphattai.com\/wp-content\/uploads\/2023\/06\/1-1-150x150.png 150w, https:\/\/phukienphattai.com\/wp-content\/uploads\/2023\/06\/1-1-400x400.png 400w, https:\/\/phukienphattai.com\/wp-content\/uploads\/2023\/06\/1-1-600x600.png 600w, https:\/\/phukienphattai.com\/wp-content\/uploads\/2023\/06\/1-1-100x100.png 100w\" sizes=\"(max-width: 700px) 100vw, 700px\" \/><br \/>\n<img decoding=\"async\" class=\"alignnone size-full wp-image-4548\" src=\"https:\/\/phukienphattai.com\/wp-content\/uploads\/2023\/06\/2-1.png\" alt=\"\" width=\"700\" height=\"700\" srcset=\"https:\/\/phukienphattai.com\/wp-content\/uploads\/2023\/06\/2-1.png 700w, https:\/\/phukienphattai.com\/wp-content\/uploads\/2023\/06\/2-1-300x300.png 300w, https:\/\/phukienphattai.com\/wp-content\/uploads\/2023\/06\/2-1-150x150.png 150w, https:\/\/phukienphattai.com\/wp-content\/uploads\/2023\/06\/2-1-400x400.png 400w, https:\/\/phukienphattai.com\/wp-content\/uploads\/2023\/06\/2-1-600x600.png 600w, https:\/\/phukienphattai.com\/wp-content\/uploads\/2023\/06\/2-1-100x100.png 100w\" sizes=\"(max-width: 700px) 100vw, 700px\" \/><br \/>\n<img decoding=\"async\" class=\"alignnone size-full wp-image-4549\" src=\"https:\/\/phukienphattai.com\/wp-content\/uploads\/2023\/06\/3-1.png\" alt=\"\" width=\"700\" height=\"700\" srcset=\"https:\/\/phukienphattai.com\/wp-content\/uploads\/2023\/06\/3-1.png 700w, https:\/\/phukienphattai.com\/wp-content\/uploads\/2023\/06\/3-1-300x300.png 300w, https:\/\/phukienphattai.com\/wp-content\/uploads\/2023\/06\/3-1-150x150.png 150w, https:\/\/phukienphattai.com\/wp-content\/uploads\/2023\/06\/3-1-400x400.png 400w, https:\/\/phukienphattai.com\/wp-content\/uploads\/2023\/06\/3-1-600x600.png 600w, https:\/\/phukienphattai.com\/wp-content\/uploads\/2023\/06\/3-1-100x100.png 100w\" sizes=\"(max-width: 700px) 100vw, 700px\" \/><br \/>\n<img loading=\"lazy\" decoding=\"async\" class=\"alignnone size-full wp-image-4550\" src=\"https:\/\/phukienphattai.com\/wp-content\/uploads\/2023\/06\/4-1.png\" alt=\"\" width=\"700\" height=\"700\" srcset=\"https:\/\/phukienphattai.com\/wp-content\/uploads\/2023\/06\/4-1.png 700w, https:\/\/phukienphattai.com\/wp-content\/uploads\/2023\/06\/4-1-300x300.png 300w, https:\/\/phukienphattai.com\/wp-content\/uploads\/2023\/06\/4-1-150x150.png 150w, https:\/\/phukienphattai.com\/wp-content\/uploads\/2023\/06\/4-1-400x400.png 400w, https:\/\/phukienphattai.com\/wp-content\/uploads\/2023\/06\/4-1-600x600.png 600w, https:\/\/phukienphattai.com\/wp-content\/uploads\/2023\/06\/4-1-100x100.png 100w\" sizes=\"(max-width: 700px) 100vw, 700px\" \/><br \/>\n<img loading=\"lazy\" decoding=\"async\" class=\"alignnone size-full wp-image-4551\" src=\"https:\/\/phukienphattai.com\/wp-content\/uploads\/2023\/06\/5-1.png\" alt=\"\" width=\"700\" height=\"700\" srcset=\"https:\/\/phukienphattai.com\/wp-content\/uploads\/2023\/06\/5-1.png 700w, https:\/\/phukienphattai.com\/wp-content\/uploads\/2023\/06\/5-1-300x300.png 300w, https:\/\/phukienphattai.com\/wp-content\/uploads\/2023\/06\/5-1-150x150.png 150w, https:\/\/phukienphattai.com\/wp-content\/uploads\/2023\/06\/5-1-400x400.png 400w, https:\/\/phukienphattai.com\/wp-content\/uploads\/2023\/06\/5-1-600x600.png 600w, https:\/\/phukienphattai.com\/wp-content\/uploads\/2023\/06\/5-1-100x100.png 100w\" sizes=\"(max-width: 700px) 100vw, 700px\" \/><br \/>\n<img loading=\"lazy\" decoding=\"async\" class=\"alignnone size-full wp-image-4552\" src=\"https:\/\/phukienphattai.com\/wp-content\/uploads\/2023\/06\/6-1.png\" alt=\"\" width=\"800\" height=\"800\" srcset=\"https:\/\/phukienphattai.com\/wp-content\/uploads\/2023\/06\/6-1.png 800w, https:\/\/phukienphattai.com\/wp-content\/uploads\/2023\/06\/6-1-300x300.png 300w, https:\/\/phukienphattai.com\/wp-content\/uploads\/2023\/06\/6-1-150x150.png 150w, https:\/\/phukienphattai.com\/wp-content\/uploads\/2023\/06\/6-1-768x768.png 768w, https:\/\/phukienphattai.com\/wp-content\/uploads\/2023\/06\/6-1-400x400.png 400w, https:\/\/phukienphattai.com\/wp-content\/uploads\/2023\/06\/6-1-600x600.png 600w, https:\/\/phukienphattai.com\/wp-content\/uploads\/2023\/06\/6-1-100x100.png 100w\" sizes=\"(max-width: 800px) 100vw, 800px\" \/><br \/>\n<img loading=\"lazy\" decoding=\"async\" class=\"alignnone size-full wp-image-4553\" src=\"https:\/\/phukienphattai.com\/wp-content\/uploads\/2023\/06\/7-1.png\" alt=\"\" width=\"700\" height=\"700\" srcset=\"https:\/\/phukienphattai.com\/wp-content\/uploads\/2023\/06\/7-1.png 700w, https:\/\/phukienphattai.com\/wp-content\/uploads\/2023\/06\/7-1-300x300.png 300w, https:\/\/phukienphattai.com\/wp-content\/uploads\/2023\/06\/7-1-150x150.png 150w, https:\/\/phukienphattai.com\/wp-content\/uploads\/2023\/06\/7-1-400x400.png 400w, https:\/\/phukienphattai.com\/wp-content\/uploads\/2023\/06\/7-1-600x600.png 600w, https:\/\/phukienphattai.com\/wp-content\/uploads\/2023\/06\/7-1-100x100.png 100w\" sizes=\"(max-width: 700px) 100vw, 700px\" \/><\/p>\n","protected":false},"excerpt":{"rendered":"","protected":false},"featured_media":4546,"comment_status":"open","ping_status":"closed","template":"","meta":[],"product_brand":[],"product_cat":[55],"product_tag":[],"class_list":{"0":"post-4545","1":"product","2":"type-product","3":"status-publish","4":"has-post-thumbnail","6":"product_cat-combo-trang-tri-dam-cuoi","7":"latest_post","9":"first","10":"instock","11":"shipping-taxable","12":"product-type-simple"},"_links":{"self":[{"href":"https:\/\/phukienphattai.com\/index.php?rest_route=\/wp\/v2\/product\/4545","targetHints":{"allow":["GET"]}}],"collection":[{"href":"https:\/\/phukienphattai.com\/index.php?rest_route=\/wp\/v2\/product"}],"about":[{"href":"https:\/\/phukienphattai.com\/index.php?rest_route=\/wp\/v2\/types\/product"}],"replies":[{"embeddable":true,"href":"https:\/\/phukienphattai.com\/index.php?rest_route=%2Fwp%2Fv2%2Fcomments&post=4545"}],"version-history":[{"count":1,"href":"https:\/\/phukienphattai.com\/index.php?rest_route=\/wp\/v2\/product\/4545\/revisions"}],"predecessor-version":[{"id":4554,"href":"https:\/\/phukienphattai.com\/index.php?rest_route=\/wp\/v2\/product\/4545\/revisions\/4554"}],"wp:featuredmedia":[{"embeddable":true,"href":"https:\/\/phukienphattai.com\/index.php?rest_route=\/wp\/v2\/media\/4546"}],"wp:attachment":[{"href":"https:\/\/phukienphattai.com\/index.php?rest_route=%2Fwp%2Fv2%2Fmedia&parent=4545"}],"wp:term":[{"taxonomy":"product_brand","embeddable":true,"href":"https:\/\/phukienphattai.com\/index.php?rest_route=%2Fwp%2Fv2%2Fproduct_brand&post=4545"},{"taxonomy":"product_cat","embeddable":true,"href":"https:\/\/phukienphattai.com\/index.php?rest_route=%2Fwp%2Fv2%2Fproduct_cat&post=4545"},{"taxonomy":"product_tag","embeddable":true,"href":"https:\/\/phukienphattai.com\/index.php?rest_route=%2Fwp%2Fv2%2Fproduct_tag&post=4545"}],"curies":[{"name":"wp","href":"https:\/\/api.w.org\/{rel}","templated":true}]}}