{"id":4662,"date":"2023-07-15T14:14:36","date_gmt":"2023-07-15T14:14:36","guid":{"rendered":"http:\/\/phukienphattai.com\/?post_type=product&#038;p=4662"},"modified":"2023-07-15T14:14:37","modified_gmt":"2023-07-15T14:14:37","slug":"nhan-ten-be-dan-do-dung-hoc-tap","status":"publish","type":"product","link":"https:\/\/phukienphattai.com\/?product=nhan-ten-be-dan-do-dung-hoc-tap","title":{"rendered":"Nh\u00e3n t\u00ean b\u00e9 d\u00e1n \u0111\u1ed3 d\u00f9ng h\u1ecdc t\u1eadp"},"content":{"rendered":"<p><img fetchpriority=\"high\" decoding=\"async\" class=\"alignnone size-full wp-image-4663\" src=\"https:\/\/phukienphattai.com\/wp-content\/uploads\/2023\/07\/1-3.jpg\" alt=\"\" width=\"1200\" height=\"1200\" srcset=\"https:\/\/phukienphattai.com\/wp-content\/uploads\/2023\/07\/1-3.jpg 1200w, https:\/\/phukienphattai.com\/wp-content\/uploads\/2023\/07\/1-3-300x300.jpg 300w, https:\/\/phukienphattai.com\/wp-content\/uploads\/2023\/07\/1-3-1024x1024.jpg 1024w, https:\/\/phukienphattai.com\/wp-content\/uploads\/2023\/07\/1-3-150x150.jpg 150w, https:\/\/phukienphattai.com\/wp-content\/uploads\/2023\/07\/1-3-768x768.jpg 768w, https:\/\/phukienphattai.com\/wp-content\/uploads\/2023\/07\/1-3-860x860.jpg 860w, https:\/\/phukienphattai.com\/wp-content\/uploads\/2023\/07\/1-3-400x400.jpg 400w, https:\/\/phukienphattai.com\/wp-content\/uploads\/2023\/07\/1-3-600x600.jpg 600w, https:\/\/phukienphattai.com\/wp-content\/uploads\/2023\/07\/1-3-100x100.jpg 100w\" sizes=\"(max-width: 1200px) 100vw, 1200px\" \/> <img decoding=\"async\" class=\"alignnone size-full wp-image-4664\" src=\"https:\/\/phukienphattai.com\/wp-content\/uploads\/2023\/07\/2-3.jpg\" alt=\"\" width=\"1200\" height=\"1200\" srcset=\"https:\/\/phukienphattai.com\/wp-content\/uploads\/2023\/07\/2-3.jpg 1200w, https:\/\/phukienphattai.com\/wp-content\/uploads\/2023\/07\/2-3-300x300.jpg 300w, https:\/\/phukienphattai.com\/wp-content\/uploads\/2023\/07\/2-3-1024x1024.jpg 1024w, https:\/\/phukienphattai.com\/wp-content\/uploads\/2023\/07\/2-3-150x150.jpg 150w, https:\/\/phukienphattai.com\/wp-content\/uploads\/2023\/07\/2-3-768x768.jpg 768w, https:\/\/phukienphattai.com\/wp-content\/uploads\/2023\/07\/2-3-860x860.jpg 860w, https:\/\/phukienphattai.com\/wp-content\/uploads\/2023\/07\/2-3-400x400.jpg 400w, https:\/\/phukienphattai.com\/wp-content\/uploads\/2023\/07\/2-3-600x600.jpg 600w, https:\/\/phukienphattai.com\/wp-content\/uploads\/2023\/07\/2-3-100x100.jpg 100w\" sizes=\"(max-width: 1200px) 100vw, 1200px\" \/> <img decoding=\"async\" class=\"alignnone size-full wp-image-4665\" src=\"https:\/\/phukienphattai.com\/wp-content\/uploads\/2023\/07\/3-2.jpg\" alt=\"\" width=\"1200\" height=\"1200\" srcset=\"https:\/\/phukienphattai.com\/wp-content\/uploads\/2023\/07\/3-2.jpg 1200w, https:\/\/phukienphattai.com\/wp-content\/uploads\/2023\/07\/3-2-300x300.jpg 300w, https:\/\/phukienphattai.com\/wp-content\/uploads\/2023\/07\/3-2-1024x1024.jpg 1024w, https:\/\/phukienphattai.com\/wp-content\/uploads\/2023\/07\/3-2-150x150.jpg 150w, https:\/\/phukienphattai.com\/wp-content\/uploads\/2023\/07\/3-2-768x768.jpg 768w, https:\/\/phukienphattai.com\/wp-content\/uploads\/2023\/07\/3-2-860x860.jpg 860w, https:\/\/phukienphattai.com\/wp-content\/uploads\/2023\/07\/3-2-400x400.jpg 400w, https:\/\/phukienphattai.com\/wp-content\/uploads\/2023\/07\/3-2-600x600.jpg 600w, https:\/\/phukienphattai.com\/wp-content\/uploads\/2023\/07\/3-2-100x100.jpg 100w\" sizes=\"(max-width: 1200px) 100vw, 1200px\" \/> <img loading=\"lazy\" decoding=\"async\" class=\"alignnone size-full wp-image-4666\" src=\"https:\/\/phukienphattai.com\/wp-content\/uploads\/2023\/07\/4-2.jpg\" alt=\"\" width=\"1200\" height=\"1200\" srcset=\"https:\/\/phukienphattai.com\/wp-content\/uploads\/2023\/07\/4-2.jpg 1200w, https:\/\/phukienphattai.com\/wp-content\/uploads\/2023\/07\/4-2-300x300.jpg 300w, https:\/\/phukienphattai.com\/wp-content\/uploads\/2023\/07\/4-2-1024x1024.jpg 1024w, https:\/\/phukienphattai.com\/wp-content\/uploads\/2023\/07\/4-2-150x150.jpg 150w, https:\/\/phukienphattai.com\/wp-content\/uploads\/2023\/07\/4-2-768x768.jpg 768w, https:\/\/phukienphattai.com\/wp-content\/uploads\/2023\/07\/4-2-860x860.jpg 860w, https:\/\/phukienphattai.com\/wp-content\/uploads\/2023\/07\/4-2-400x400.jpg 400w, https:\/\/phukienphattai.com\/wp-content\/uploads\/2023\/07\/4-2-600x600.jpg 600w, https:\/\/phukienphattai.com\/wp-content\/uploads\/2023\/07\/4-2-100x100.jpg 100w\" sizes=\"(max-width: 1200px) 100vw, 1200px\" \/> <img loading=\"lazy\" decoding=\"async\" class=\"alignnone size-full wp-image-4667\" src=\"https:\/\/phukienphattai.com\/wp-content\/uploads\/2023\/07\/5-2.jpg\" alt=\"\" width=\"1200\" height=\"1200\" srcset=\"https:\/\/phukienphattai.com\/wp-content\/uploads\/2023\/07\/5-2.jpg 1200w, https:\/\/phukienphattai.com\/wp-content\/uploads\/2023\/07\/5-2-300x300.jpg 300w, https:\/\/phukienphattai.com\/wp-content\/uploads\/2023\/07\/5-2-1024x1024.jpg 1024w, https:\/\/phukienphattai.com\/wp-content\/uploads\/2023\/07\/5-2-150x150.jpg 150w, https:\/\/phukienphattai.com\/wp-content\/uploads\/2023\/07\/5-2-768x768.jpg 768w, https:\/\/phukienphattai.com\/wp-content\/uploads\/2023\/07\/5-2-860x860.jpg 860w, https:\/\/phukienphattai.com\/wp-content\/uploads\/2023\/07\/5-2-400x400.jpg 400w, https:\/\/phukienphattai.com\/wp-content\/uploads\/2023\/07\/5-2-600x600.jpg 600w, https:\/\/phukienphattai.com\/wp-content\/uploads\/2023\/07\/5-2-100x100.jpg 100w\" sizes=\"(max-width: 1200px) 100vw, 1200px\" \/> <img loading=\"lazy\" decoding=\"async\" class=\"alignnone size-full wp-image-4668\" src=\"https:\/\/phukienphattai.com\/wp-content\/uploads\/2023\/07\/6-2.jpg\" alt=\"\" width=\"1200\" height=\"1200\" srcset=\"https:\/\/phukienphattai.com\/wp-content\/uploads\/2023\/07\/6-2.jpg 1200w, https:\/\/phukienphattai.com\/wp-content\/uploads\/2023\/07\/6-2-300x300.jpg 300w, https:\/\/phukienphattai.com\/wp-content\/uploads\/2023\/07\/6-2-1024x1024.jpg 1024w, https:\/\/phukienphattai.com\/wp-content\/uploads\/2023\/07\/6-2-150x150.jpg 150w, https:\/\/phukienphattai.com\/wp-content\/uploads\/2023\/07\/6-2-768x768.jpg 768w, https:\/\/phukienphattai.com\/wp-content\/uploads\/2023\/07\/6-2-860x860.jpg 860w, https:\/\/phukienphattai.com\/wp-content\/uploads\/2023\/07\/6-2-400x400.jpg 400w, https:\/\/phukienphattai.com\/wp-content\/uploads\/2023\/07\/6-2-600x600.jpg 600w, https:\/\/phukienphattai.com\/wp-content\/uploads\/2023\/07\/6-2-100x100.jpg 100w\" sizes=\"(max-width: 1200px) 100vw, 1200px\" \/> <img loading=\"lazy\" decoding=\"async\" class=\"alignnone size-full wp-image-4669\" src=\"https:\/\/phukienphattai.com\/wp-content\/uploads\/2023\/07\/7-2.jpg\" alt=\"\" width=\"1200\" height=\"1200\" srcset=\"https:\/\/phukienphattai.com\/wp-content\/uploads\/2023\/07\/7-2.jpg 1200w, https:\/\/phukienphattai.com\/wp-content\/uploads\/2023\/07\/7-2-300x300.jpg 300w, https:\/\/phukienphattai.com\/wp-content\/uploads\/2023\/07\/7-2-1024x1024.jpg 1024w, https:\/\/phukienphattai.com\/wp-content\/uploads\/2023\/07\/7-2-150x150.jpg 150w, https:\/\/phukienphattai.com\/wp-content\/uploads\/2023\/07\/7-2-768x768.jpg 768w, https:\/\/phukienphattai.com\/wp-content\/uploads\/2023\/07\/7-2-860x860.jpg 860w, https:\/\/phukienphattai.com\/wp-content\/uploads\/2023\/07\/7-2-400x400.jpg 400w, https:\/\/phukienphattai.com\/wp-content\/uploads\/2023\/07\/7-2-600x600.jpg 600w, https:\/\/phukienphattai.com\/wp-content\/uploads\/2023\/07\/7-2-100x100.jpg 100w\" sizes=\"(max-width: 1200px) 100vw, 1200px\" \/> <img loading=\"lazy\" decoding=\"async\" class=\"alignnone size-full wp-image-4670\" src=\"https:\/\/phukienphattai.com\/wp-content\/uploads\/2023\/07\/8-1.jpg\" alt=\"\" width=\"1200\" height=\"1200\" srcset=\"https:\/\/phukienphattai.com\/wp-content\/uploads\/2023\/07\/8-1.jpg 1200w, https:\/\/phukienphattai.com\/wp-content\/uploads\/2023\/07\/8-1-300x300.jpg 300w, https:\/\/phukienphattai.com\/wp-content\/uploads\/2023\/07\/8-1-1024x1024.jpg 1024w, https:\/\/phukienphattai.com\/wp-content\/uploads\/2023\/07\/8-1-150x150.jpg 150w, https:\/\/phukienphattai.com\/wp-content\/uploads\/2023\/07\/8-1-768x768.jpg 768w, https:\/\/phukienphattai.com\/wp-content\/uploads\/2023\/07\/8-1-860x860.jpg 860w, https:\/\/phukienphattai.com\/wp-content\/uploads\/2023\/07\/8-1-400x400.jpg 400w, https:\/\/phukienphattai.com\/wp-content\/uploads\/2023\/07\/8-1-600x600.jpg 600w, https:\/\/phukienphattai.com\/wp-content\/uploads\/2023\/07\/8-1-100x100.jpg 100w\" sizes=\"(max-width: 1200px) 100vw, 1200px\" \/><\/p>\n","protected":false},"excerpt":{"rendered":"","protected":false},"featured_media":4671,"comment_status":"open","ping_status":"closed","template":"","meta":[],"product_brand":[],"product_cat":[53],"product_tag":[],"class_list":{"0":"post-4662","1":"product","2":"type-product","3":"status-publish","4":"has-post-thumbnail","6":"product_cat-truong-hoc","7":"latest_post","9":"first","10":"instock","11":"shipping-taxable","12":"product-type-simple"},"_links":{"self":[{"href":"https:\/\/phukienphattai.com\/index.php?rest_route=\/wp\/v2\/product\/4662","targetHints":{"allow":["GET"]}}],"collection":[{"href":"https:\/\/phukienphattai.com\/index.php?rest_route=\/wp\/v2\/product"}],"about":[{"href":"https:\/\/phukienphattai.com\/index.php?rest_route=\/wp\/v2\/types\/product"}],"replies":[{"embeddable":true,"href":"https:\/\/phukienphattai.com\/index.php?rest_route=%2Fwp%2Fv2%2Fcomments&post=4662"}],"version-history":[{"count":1,"href":"https:\/\/phukienphattai.com\/index.php?rest_route=\/wp\/v2\/product\/4662\/revisions"}],"predecessor-version":[{"id":4672,"href":"https:\/\/phukienphattai.com\/index.php?rest_route=\/wp\/v2\/product\/4662\/revisions\/4672"}],"wp:featuredmedia":[{"embeddable":true,"href":"https:\/\/phukienphattai.com\/index.php?rest_route=\/wp\/v2\/media\/4671"}],"wp:attachment":[{"href":"https:\/\/phukienphattai.com\/index.php?rest_route=%2Fwp%2Fv2%2Fmedia&parent=4662"}],"wp:term":[{"taxonomy":"product_brand","embeddable":true,"href":"https:\/\/phukienphattai.com\/index.php?rest_route=%2Fwp%2Fv2%2Fproduct_brand&post=4662"},{"taxonomy":"product_cat","embeddable":true,"href":"https:\/\/phukienphattai.com\/index.php?rest_route=%2Fwp%2Fv2%2Fproduct_cat&post=4662"},{"taxonomy":"product_tag","embeddable":true,"href":"https:\/\/phukienphattai.com\/index.php?rest_route=%2Fwp%2Fv2%2Fproduct_tag&post=4662"}],"curies":[{"name":"wp","href":"https:\/\/api.w.org\/{rel}","templated":true}]}}