{"id":5058,"date":"2023-08-01T14:02:11","date_gmt":"2023-08-01T14:02:11","guid":{"rendered":"http:\/\/phukienphattai.com\/?post_type=product&#038;p=5058"},"modified":"2023-10-18T15:18:48","modified_gmt":"2023-10-18T15:18:48","slug":"combo-trang-tri-dam-cuoi-35","status":"publish","type":"product","link":"https:\/\/phukienphattai.com\/?product=combo-trang-tri-dam-cuoi-35","title":{"rendered":"Combo trang tr\u00ed \u0111\u00e1m c\u01b0\u1edbi &#8211; 35"},"content":{"rendered":"<p><img fetchpriority=\"high\" decoding=\"async\" class=\"alignnone size-full wp-image-5060\" src=\"https:\/\/phukienphattai.com\/wp-content\/uploads\/2023\/08\/1-1.png\" alt=\"\" width=\"700\" height=\"700\" srcset=\"https:\/\/phukienphattai.com\/wp-content\/uploads\/2023\/08\/1-1.png 700w, https:\/\/phukienphattai.com\/wp-content\/uploads\/2023\/08\/1-1-300x300.png 300w, https:\/\/phukienphattai.com\/wp-content\/uploads\/2023\/08\/1-1-150x150.png 150w, https:\/\/phukienphattai.com\/wp-content\/uploads\/2023\/08\/1-1-400x400.png 400w, https:\/\/phukienphattai.com\/wp-content\/uploads\/2023\/08\/1-1-600x600.png 600w, https:\/\/phukienphattai.com\/wp-content\/uploads\/2023\/08\/1-1-100x100.png 100w\" sizes=\"(max-width: 700px) 100vw, 700px\" \/> <img decoding=\"async\" class=\"alignnone size-full wp-image-5061\" src=\"https:\/\/phukienphattai.com\/wp-content\/uploads\/2023\/08\/2-1.png\" alt=\"\" width=\"700\" height=\"700\" srcset=\"https:\/\/phukienphattai.com\/wp-content\/uploads\/2023\/08\/2-1.png 700w, https:\/\/phukienphattai.com\/wp-content\/uploads\/2023\/08\/2-1-300x300.png 300w, https:\/\/phukienphattai.com\/wp-content\/uploads\/2023\/08\/2-1-150x150.png 150w, https:\/\/phukienphattai.com\/wp-content\/uploads\/2023\/08\/2-1-400x400.png 400w, https:\/\/phukienphattai.com\/wp-content\/uploads\/2023\/08\/2-1-600x600.png 600w, https:\/\/phukienphattai.com\/wp-content\/uploads\/2023\/08\/2-1-100x100.png 100w\" sizes=\"(max-width: 700px) 100vw, 700px\" \/> <img decoding=\"async\" class=\"alignnone size-full wp-image-5062\" src=\"https:\/\/phukienphattai.com\/wp-content\/uploads\/2023\/08\/3-1.png\" alt=\"\" width=\"700\" height=\"700\" srcset=\"https:\/\/phukienphattai.com\/wp-content\/uploads\/2023\/08\/3-1.png 700w, https:\/\/phukienphattai.com\/wp-content\/uploads\/2023\/08\/3-1-300x300.png 300w, https:\/\/phukienphattai.com\/wp-content\/uploads\/2023\/08\/3-1-150x150.png 150w, https:\/\/phukienphattai.com\/wp-content\/uploads\/2023\/08\/3-1-400x400.png 400w, https:\/\/phukienphattai.com\/wp-content\/uploads\/2023\/08\/3-1-600x600.png 600w, https:\/\/phukienphattai.com\/wp-content\/uploads\/2023\/08\/3-1-100x100.png 100w\" sizes=\"(max-width: 700px) 100vw, 700px\" \/> <img loading=\"lazy\" decoding=\"async\" class=\"alignnone size-full wp-image-5063\" src=\"https:\/\/phukienphattai.com\/wp-content\/uploads\/2023\/08\/4-1.png\" alt=\"\" width=\"700\" height=\"700\" srcset=\"https:\/\/phukienphattai.com\/wp-content\/uploads\/2023\/08\/4-1.png 700w, https:\/\/phukienphattai.com\/wp-content\/uploads\/2023\/08\/4-1-300x300.png 300w, https:\/\/phukienphattai.com\/wp-content\/uploads\/2023\/08\/4-1-150x150.png 150w, https:\/\/phukienphattai.com\/wp-content\/uploads\/2023\/08\/4-1-400x400.png 400w, https:\/\/phukienphattai.com\/wp-content\/uploads\/2023\/08\/4-1-600x600.png 600w, https:\/\/phukienphattai.com\/wp-content\/uploads\/2023\/08\/4-1-100x100.png 100w\" sizes=\"(max-width: 700px) 100vw, 700px\" \/> <img loading=\"lazy\" decoding=\"async\" class=\"alignnone size-full wp-image-5064\" src=\"https:\/\/phukienphattai.com\/wp-content\/uploads\/2023\/08\/5-1.png\" alt=\"\" width=\"700\" height=\"700\" srcset=\"https:\/\/phukienphattai.com\/wp-content\/uploads\/2023\/08\/5-1.png 700w, https:\/\/phukienphattai.com\/wp-content\/uploads\/2023\/08\/5-1-300x300.png 300w, https:\/\/phukienphattai.com\/wp-content\/uploads\/2023\/08\/5-1-150x150.png 150w, https:\/\/phukienphattai.com\/wp-content\/uploads\/2023\/08\/5-1-400x400.png 400w, https:\/\/phukienphattai.com\/wp-content\/uploads\/2023\/08\/5-1-600x600.png 600w, https:\/\/phukienphattai.com\/wp-content\/uploads\/2023\/08\/5-1-100x100.png 100w\" sizes=\"(max-width: 700px) 100vw, 700px\" \/> <img loading=\"lazy\" decoding=\"async\" class=\"alignnone size-full wp-image-5065\" src=\"https:\/\/phukienphattai.com\/wp-content\/uploads\/2023\/08\/6-1.png\" alt=\"\" width=\"800\" height=\"800\" srcset=\"https:\/\/phukienphattai.com\/wp-content\/uploads\/2023\/08\/6-1.png 800w, https:\/\/phukienphattai.com\/wp-content\/uploads\/2023\/08\/6-1-300x300.png 300w, https:\/\/phukienphattai.com\/wp-content\/uploads\/2023\/08\/6-1-150x150.png 150w, https:\/\/phukienphattai.com\/wp-content\/uploads\/2023\/08\/6-1-768x768.png 768w, https:\/\/phukienphattai.com\/wp-content\/uploads\/2023\/08\/6-1-400x400.png 400w, https:\/\/phukienphattai.com\/wp-content\/uploads\/2023\/08\/6-1-600x600.png 600w, https:\/\/phukienphattai.com\/wp-content\/uploads\/2023\/08\/6-1-100x100.png 100w\" sizes=\"(max-width: 800px) 100vw, 800px\" \/> <img loading=\"lazy\" decoding=\"async\" class=\"alignnone size-full wp-image-5066\" src=\"https:\/\/phukienphattai.com\/wp-content\/uploads\/2023\/08\/7-1.png\" alt=\"\" width=\"700\" height=\"700\" srcset=\"https:\/\/phukienphattai.com\/wp-content\/uploads\/2023\/08\/7-1.png 700w, https:\/\/phukienphattai.com\/wp-content\/uploads\/2023\/08\/7-1-300x300.png 300w, https:\/\/phukienphattai.com\/wp-content\/uploads\/2023\/08\/7-1-150x150.png 150w, https:\/\/phukienphattai.com\/wp-content\/uploads\/2023\/08\/7-1-400x400.png 400w, https:\/\/phukienphattai.com\/wp-content\/uploads\/2023\/08\/7-1-600x600.png 600w, https:\/\/phukienphattai.com\/wp-content\/uploads\/2023\/08\/7-1-100x100.png 100w\" sizes=\"(max-width: 700px) 100vw, 700px\" \/> <img loading=\"lazy\" decoding=\"async\" class=\"alignnone size-full wp-image-5067\" src=\"https:\/\/phukienphattai.com\/wp-content\/uploads\/2023\/08\/8-1.png\" alt=\"\" width=\"700\" height=\"350\" srcset=\"https:\/\/phukienphattai.com\/wp-content\/uploads\/2023\/08\/8-1.png 700w, https:\/\/phukienphattai.com\/wp-content\/uploads\/2023\/08\/8-1-300x150.png 300w, https:\/\/phukienphattai.com\/wp-content\/uploads\/2023\/08\/8-1-600x300.png 600w\" sizes=\"(max-width: 700px) 100vw, 700px\" \/><\/p>\n","protected":false},"excerpt":{"rendered":"","protected":false},"featured_media":5059,"comment_status":"open","ping_status":"closed","template":"","meta":[],"product_brand":[],"product_cat":[55],"product_tag":[],"class_list":{"0":"post-5058","1":"product","2":"type-product","3":"status-publish","4":"has-post-thumbnail","6":"product_cat-combo-trang-tri-dam-cuoi","7":"latest_post","9":"first","10":"instock","11":"shipping-taxable","12":"product-type-simple"},"_links":{"self":[{"href":"https:\/\/phukienphattai.com\/index.php?rest_route=\/wp\/v2\/product\/5058","targetHints":{"allow":["GET"]}}],"collection":[{"href":"https:\/\/phukienphattai.com\/index.php?rest_route=\/wp\/v2\/product"}],"about":[{"href":"https:\/\/phukienphattai.com\/index.php?rest_route=\/wp\/v2\/types\/product"}],"replies":[{"embeddable":true,"href":"https:\/\/phukienphattai.com\/index.php?rest_route=%2Fwp%2Fv2%2Fcomments&post=5058"}],"version-history":[{"count":1,"href":"https:\/\/phukienphattai.com\/index.php?rest_route=\/wp\/v2\/product\/5058\/revisions"}],"predecessor-version":[{"id":5068,"href":"https:\/\/phukienphattai.com\/index.php?rest_route=\/wp\/v2\/product\/5058\/revisions\/5068"}],"wp:featuredmedia":[{"embeddable":true,"href":"https:\/\/phukienphattai.com\/index.php?rest_route=\/wp\/v2\/media\/5059"}],"wp:attachment":[{"href":"https:\/\/phukienphattai.com\/index.php?rest_route=%2Fwp%2Fv2%2Fmedia&parent=5058"}],"wp:term":[{"taxonomy":"product_brand","embeddable":true,"href":"https:\/\/phukienphattai.com\/index.php?rest_route=%2Fwp%2Fv2%2Fproduct_brand&post=5058"},{"taxonomy":"product_cat","embeddable":true,"href":"https:\/\/phukienphattai.com\/index.php?rest_route=%2Fwp%2Fv2%2Fproduct_cat&post=5058"},{"taxonomy":"product_tag","embeddable":true,"href":"https:\/\/phukienphattai.com\/index.php?rest_route=%2Fwp%2Fv2%2Fproduct_tag&post=5058"}],"curies":[{"name":"wp","href":"https:\/\/api.w.org\/{rel}","templated":true}]}}