{"id":5434,"date":"2023-09-12T17:00:53","date_gmt":"2023-09-12T17:00:53","guid":{"rendered":"http:\/\/phukienphattai.com\/?post_type=product&#038;p=5434"},"modified":"2023-09-12T17:00:53","modified_gmt":"2023-09-12T17:00:53","slug":"hashtag-ngay-nha-giao-viet-nam-20-11","status":"publish","type":"product","link":"https:\/\/phukienphattai.com\/?product=hashtag-ngay-nha-giao-viet-nam-20-11","title":{"rendered":"Hashtag ng\u00e0y Nh\u00e0 Gi\u00e1o Vi\u1ec7t Nam 20\/11"},"content":{"rendered":"<p><img fetchpriority=\"high\" decoding=\"async\" src=\"https:\/\/phukienphattai.com\/wp-content\/uploads\/2023\/09\/1-2.jpg\" alt=\"\" width=\"624\" height=\"624\" class=\"alignnone size-full wp-image-5435\" srcset=\"https:\/\/phukienphattai.com\/wp-content\/uploads\/2023\/09\/1-2.jpg 624w, https:\/\/phukienphattai.com\/wp-content\/uploads\/2023\/09\/1-2-300x300.jpg 300w, https:\/\/phukienphattai.com\/wp-content\/uploads\/2023\/09\/1-2-150x150.jpg 150w, https:\/\/phukienphattai.com\/wp-content\/uploads\/2023\/09\/1-2-400x400.jpg 400w, https:\/\/phukienphattai.com\/wp-content\/uploads\/2023\/09\/1-2-600x600.jpg 600w, https:\/\/phukienphattai.com\/wp-content\/uploads\/2023\/09\/1-2-100x100.jpg 100w\" sizes=\"(max-width: 624px) 100vw, 624px\" \/><br \/>\n<img decoding=\"async\" src=\"https:\/\/phukienphattai.com\/wp-content\/uploads\/2023\/09\/2-2.jpg\" alt=\"\" width=\"624\" height=\"624\" class=\"alignnone size-full wp-image-5436\" srcset=\"https:\/\/phukienphattai.com\/wp-content\/uploads\/2023\/09\/2-2.jpg 624w, https:\/\/phukienphattai.com\/wp-content\/uploads\/2023\/09\/2-2-300x300.jpg 300w, https:\/\/phukienphattai.com\/wp-content\/uploads\/2023\/09\/2-2-150x150.jpg 150w, https:\/\/phukienphattai.com\/wp-content\/uploads\/2023\/09\/2-2-400x400.jpg 400w, https:\/\/phukienphattai.com\/wp-content\/uploads\/2023\/09\/2-2-600x600.jpg 600w, https:\/\/phukienphattai.com\/wp-content\/uploads\/2023\/09\/2-2-100x100.jpg 100w\" sizes=\"(max-width: 624px) 100vw, 624px\" \/><br \/>\n<img decoding=\"async\" src=\"https:\/\/phukienphattai.com\/wp-content\/uploads\/2023\/09\/3-2.jpg\" alt=\"\" width=\"624\" height=\"624\" class=\"alignnone size-full wp-image-5437\" srcset=\"https:\/\/phukienphattai.com\/wp-content\/uploads\/2023\/09\/3-2.jpg 624w, https:\/\/phukienphattai.com\/wp-content\/uploads\/2023\/09\/3-2-300x300.jpg 300w, https:\/\/phukienphattai.com\/wp-content\/uploads\/2023\/09\/3-2-150x150.jpg 150w, https:\/\/phukienphattai.com\/wp-content\/uploads\/2023\/09\/3-2-400x400.jpg 400w, https:\/\/phukienphattai.com\/wp-content\/uploads\/2023\/09\/3-2-600x600.jpg 600w, https:\/\/phukienphattai.com\/wp-content\/uploads\/2023\/09\/3-2-100x100.jpg 100w\" sizes=\"(max-width: 624px) 100vw, 624px\" \/><br \/>\n<img loading=\"lazy\" decoding=\"async\" src=\"https:\/\/phukienphattai.com\/wp-content\/uploads\/2023\/09\/4-2.jpg\" alt=\"\" width=\"624\" height=\"624\" class=\"alignnone size-full wp-image-5438\" srcset=\"https:\/\/phukienphattai.com\/wp-content\/uploads\/2023\/09\/4-2.jpg 624w, https:\/\/phukienphattai.com\/wp-content\/uploads\/2023\/09\/4-2-300x300.jpg 300w, https:\/\/phukienphattai.com\/wp-content\/uploads\/2023\/09\/4-2-150x150.jpg 150w, https:\/\/phukienphattai.com\/wp-content\/uploads\/2023\/09\/4-2-400x400.jpg 400w, https:\/\/phukienphattai.com\/wp-content\/uploads\/2023\/09\/4-2-600x600.jpg 600w, https:\/\/phukienphattai.com\/wp-content\/uploads\/2023\/09\/4-2-100x100.jpg 100w\" sizes=\"(max-width: 624px) 100vw, 624px\" \/><br \/>\n<img loading=\"lazy\" decoding=\"async\" src=\"https:\/\/phukienphattai.com\/wp-content\/uploads\/2023\/09\/5-2.jpg\" alt=\"\" width=\"624\" height=\"624\" class=\"alignnone size-full wp-image-5439\" srcset=\"https:\/\/phukienphattai.com\/wp-content\/uploads\/2023\/09\/5-2.jpg 624w, https:\/\/phukienphattai.com\/wp-content\/uploads\/2023\/09\/5-2-300x300.jpg 300w, https:\/\/phukienphattai.com\/wp-content\/uploads\/2023\/09\/5-2-150x150.jpg 150w, https:\/\/phukienphattai.com\/wp-content\/uploads\/2023\/09\/5-2-400x400.jpg 400w, https:\/\/phukienphattai.com\/wp-content\/uploads\/2023\/09\/5-2-600x600.jpg 600w, https:\/\/phukienphattai.com\/wp-content\/uploads\/2023\/09\/5-2-100x100.jpg 100w\" sizes=\"(max-width: 624px) 100vw, 624px\" \/><br \/>\n<img loading=\"lazy\" decoding=\"async\" src=\"https:\/\/phukienphattai.com\/wp-content\/uploads\/2023\/09\/6-2.jpg\" alt=\"\" width=\"624\" height=\"624\" class=\"alignnone size-full wp-image-5440\" srcset=\"https:\/\/phukienphattai.com\/wp-content\/uploads\/2023\/09\/6-2.jpg 624w, https:\/\/phukienphattai.com\/wp-content\/uploads\/2023\/09\/6-2-300x300.jpg 300w, https:\/\/phukienphattai.com\/wp-content\/uploads\/2023\/09\/6-2-150x150.jpg 150w, https:\/\/phukienphattai.com\/wp-content\/uploads\/2023\/09\/6-2-400x400.jpg 400w, https:\/\/phukienphattai.com\/wp-content\/uploads\/2023\/09\/6-2-600x600.jpg 600w, https:\/\/phukienphattai.com\/wp-content\/uploads\/2023\/09\/6-2-100x100.jpg 100w\" sizes=\"(max-width: 624px) 100vw, 624px\" \/><br \/>\n<img loading=\"lazy\" decoding=\"async\" src=\"https:\/\/phukienphattai.com\/wp-content\/uploads\/2023\/09\/7-2.jpg\" alt=\"\" width=\"624\" height=\"624\" class=\"alignnone size-full wp-image-5441\" srcset=\"https:\/\/phukienphattai.com\/wp-content\/uploads\/2023\/09\/7-2.jpg 624w, https:\/\/phukienphattai.com\/wp-content\/uploads\/2023\/09\/7-2-300x300.jpg 300w, https:\/\/phukienphattai.com\/wp-content\/uploads\/2023\/09\/7-2-150x150.jpg 150w, https:\/\/phukienphattai.com\/wp-content\/uploads\/2023\/09\/7-2-400x400.jpg 400w, https:\/\/phukienphattai.com\/wp-content\/uploads\/2023\/09\/7-2-600x600.jpg 600w, https:\/\/phukienphattai.com\/wp-content\/uploads\/2023\/09\/7-2-100x100.jpg 100w\" sizes=\"(max-width: 624px) 100vw, 624px\" \/><br \/>\n<img loading=\"lazy\" decoding=\"async\" src=\"https:\/\/phukienphattai.com\/wp-content\/uploads\/2023\/09\/8-2.jpg\" alt=\"\" width=\"624\" height=\"624\" class=\"alignnone size-full wp-image-5442\" srcset=\"https:\/\/phukienphattai.com\/wp-content\/uploads\/2023\/09\/8-2.jpg 624w, https:\/\/phukienphattai.com\/wp-content\/uploads\/2023\/09\/8-2-300x300.jpg 300w, https:\/\/phukienphattai.com\/wp-content\/uploads\/2023\/09\/8-2-150x150.jpg 150w, https:\/\/phukienphattai.com\/wp-content\/uploads\/2023\/09\/8-2-400x400.jpg 400w, https:\/\/phukienphattai.com\/wp-content\/uploads\/2023\/09\/8-2-600x600.jpg 600w, https:\/\/phukienphattai.com\/wp-content\/uploads\/2023\/09\/8-2-100x100.jpg 100w\" sizes=\"(max-width: 624px) 100vw, 624px\" \/><br \/>\n<img loading=\"lazy\" decoding=\"async\" src=\"https:\/\/phukienphattai.com\/wp-content\/uploads\/2023\/09\/9-2.jpg\" alt=\"\" width=\"624\" height=\"624\" class=\"alignnone size-full wp-image-5443\" srcset=\"https:\/\/phukienphattai.com\/wp-content\/uploads\/2023\/09\/9-2.jpg 624w, https:\/\/phukienphattai.com\/wp-content\/uploads\/2023\/09\/9-2-300x300.jpg 300w, https:\/\/phukienphattai.com\/wp-content\/uploads\/2023\/09\/9-2-150x150.jpg 150w, https:\/\/phukienphattai.com\/wp-content\/uploads\/2023\/09\/9-2-400x400.jpg 400w, https:\/\/phukienphattai.com\/wp-content\/uploads\/2023\/09\/9-2-600x600.jpg 600w, https:\/\/phukienphattai.com\/wp-content\/uploads\/2023\/09\/9-2-100x100.jpg 100w\" sizes=\"(max-width: 624px) 100vw, 624px\" \/><br \/>\n<img loading=\"lazy\" decoding=\"async\" src=\"https:\/\/phukienphattai.com\/wp-content\/uploads\/2023\/09\/10-2.jpg\" alt=\"\" width=\"624\" height=\"624\" class=\"alignnone size-full wp-image-5444\" srcset=\"https:\/\/phukienphattai.com\/wp-content\/uploads\/2023\/09\/10-2.jpg 624w, https:\/\/phukienphattai.com\/wp-content\/uploads\/2023\/09\/10-2-300x300.jpg 300w, https:\/\/phukienphattai.com\/wp-content\/uploads\/2023\/09\/10-2-150x150.jpg 150w, https:\/\/phukienphattai.com\/wp-content\/uploads\/2023\/09\/10-2-400x400.jpg 400w, https:\/\/phukienphattai.com\/wp-content\/uploads\/2023\/09\/10-2-600x600.jpg 600w, https:\/\/phukienphattai.com\/wp-content\/uploads\/2023\/09\/10-2-100x100.jpg 100w\" sizes=\"(max-width: 624px) 100vw, 624px\" \/><br \/>\n<img loading=\"lazy\" decoding=\"async\" src=\"https:\/\/phukienphattai.com\/wp-content\/uploads\/2023\/09\/11-2.jpg\" alt=\"\" width=\"624\" height=\"624\" class=\"alignnone size-full wp-image-5445\" srcset=\"https:\/\/phukienphattai.com\/wp-content\/uploads\/2023\/09\/11-2.jpg 624w, https:\/\/phukienphattai.com\/wp-content\/uploads\/2023\/09\/11-2-300x300.jpg 300w, https:\/\/phukienphattai.com\/wp-content\/uploads\/2023\/09\/11-2-150x150.jpg 150w, https:\/\/phukienphattai.com\/wp-content\/uploads\/2023\/09\/11-2-400x400.jpg 400w, https:\/\/phukienphattai.com\/wp-content\/uploads\/2023\/09\/11-2-600x600.jpg 600w, https:\/\/phukienphattai.com\/wp-content\/uploads\/2023\/09\/11-2-100x100.jpg 100w\" sizes=\"(max-width: 624px) 100vw, 624px\" \/><br \/>\n<img loading=\"lazy\" decoding=\"async\" src=\"https:\/\/phukienphattai.com\/wp-content\/uploads\/2023\/09\/12-2.jpg\" alt=\"\" width=\"624\" height=\"624\" class=\"alignnone size-full wp-image-5446\" srcset=\"https:\/\/phukienphattai.com\/wp-content\/uploads\/2023\/09\/12-2.jpg 624w, https:\/\/phukienphattai.com\/wp-content\/uploads\/2023\/09\/12-2-300x300.jpg 300w, https:\/\/phukienphattai.com\/wp-content\/uploads\/2023\/09\/12-2-150x150.jpg 150w, https:\/\/phukienphattai.com\/wp-content\/uploads\/2023\/09\/12-2-400x400.jpg 400w, https:\/\/phukienphattai.com\/wp-content\/uploads\/2023\/09\/12-2-600x600.jpg 600w, https:\/\/phukienphattai.com\/wp-content\/uploads\/2023\/09\/12-2-100x100.jpg 100w\" sizes=\"(max-width: 624px) 100vw, 624px\" \/><br \/>\n<img loading=\"lazy\" decoding=\"async\" src=\"https:\/\/phukienphattai.com\/wp-content\/uploads\/2023\/09\/13-2.jpg\" alt=\"\" width=\"624\" height=\"624\" class=\"alignnone size-full wp-image-5447\" srcset=\"https:\/\/phukienphattai.com\/wp-content\/uploads\/2023\/09\/13-2.jpg 624w, https:\/\/phukienphattai.com\/wp-content\/uploads\/2023\/09\/13-2-300x300.jpg 300w, https:\/\/phukienphattai.com\/wp-content\/uploads\/2023\/09\/13-2-150x150.jpg 150w, https:\/\/phukienphattai.com\/wp-content\/uploads\/2023\/09\/13-2-400x400.jpg 400w, https:\/\/phukienphattai.com\/wp-content\/uploads\/2023\/09\/13-2-600x600.jpg 600w, https:\/\/phukienphattai.com\/wp-content\/uploads\/2023\/09\/13-2-100x100.jpg 100w\" sizes=\"(max-width: 624px) 100vw, 624px\" \/><br \/>\n<img loading=\"lazy\" decoding=\"async\" src=\"https:\/\/phukienphattai.com\/wp-content\/uploads\/2023\/09\/14-2.jpg\" alt=\"\" width=\"624\" height=\"624\" class=\"alignnone size-full wp-image-5448\" srcset=\"https:\/\/phukienphattai.com\/wp-content\/uploads\/2023\/09\/14-2.jpg 624w, https:\/\/phukienphattai.com\/wp-content\/uploads\/2023\/09\/14-2-300x300.jpg 300w, https:\/\/phukienphattai.com\/wp-content\/uploads\/2023\/09\/14-2-150x150.jpg 150w, https:\/\/phukienphattai.com\/wp-content\/uploads\/2023\/09\/14-2-400x400.jpg 400w, https:\/\/phukienphattai.com\/wp-content\/uploads\/2023\/09\/14-2-600x600.jpg 600w, https:\/\/phukienphattai.com\/wp-content\/uploads\/2023\/09\/14-2-100x100.jpg 100w\" sizes=\"(max-width: 624px) 100vw, 624px\" \/><br \/>\n<img loading=\"lazy\" decoding=\"async\" src=\"https:\/\/phukienphattai.com\/wp-content\/uploads\/2023\/09\/15-2.jpg\" alt=\"\" width=\"624\" height=\"624\" class=\"alignnone size-full wp-image-5449\" srcset=\"https:\/\/phukienphattai.com\/wp-content\/uploads\/2023\/09\/15-2.jpg 624w, https:\/\/phukienphattai.com\/wp-content\/uploads\/2023\/09\/15-2-300x300.jpg 300w, https:\/\/phukienphattai.com\/wp-content\/uploads\/2023\/09\/15-2-150x150.jpg 150w, https:\/\/phukienphattai.com\/wp-content\/uploads\/2023\/09\/15-2-400x400.jpg 400w, https:\/\/phukienphattai.com\/wp-content\/uploads\/2023\/09\/15-2-600x600.jpg 600w, https:\/\/phukienphattai.com\/wp-content\/uploads\/2023\/09\/15-2-100x100.jpg 100w\" sizes=\"(max-width: 624px) 100vw, 624px\" \/><br \/>\n<img loading=\"lazy\" decoding=\"async\" src=\"https:\/\/phukienphattai.com\/wp-content\/uploads\/2023\/09\/16-2.jpg\" alt=\"\" width=\"624\" height=\"624\" class=\"alignnone size-full wp-image-5450\" srcset=\"https:\/\/phukienphattai.com\/wp-content\/uploads\/2023\/09\/16-2.jpg 624w, https:\/\/phukienphattai.com\/wp-content\/uploads\/2023\/09\/16-2-300x300.jpg 300w, https:\/\/phukienphattai.com\/wp-content\/uploads\/2023\/09\/16-2-150x150.jpg 150w, https:\/\/phukienphattai.com\/wp-content\/uploads\/2023\/09\/16-2-400x400.jpg 400w, https:\/\/phukienphattai.com\/wp-content\/uploads\/2023\/09\/16-2-600x600.jpg 600w, https:\/\/phukienphattai.com\/wp-content\/uploads\/2023\/09\/16-2-100x100.jpg 100w\" sizes=\"(max-width: 624px) 100vw, 624px\" \/><br \/>\n<img loading=\"lazy\" decoding=\"async\" src=\"https:\/\/phukienphattai.com\/wp-content\/uploads\/2023\/09\/17-2.jpg\" alt=\"\" width=\"624\" height=\"624\" class=\"alignnone size-full wp-image-5451\" srcset=\"https:\/\/phukienphattai.com\/wp-content\/uploads\/2023\/09\/17-2.jpg 624w, https:\/\/phukienphattai.com\/wp-content\/uploads\/2023\/09\/17-2-300x300.jpg 300w, https:\/\/phukienphattai.com\/wp-content\/uploads\/2023\/09\/17-2-150x150.jpg 150w, https:\/\/phukienphattai.com\/wp-content\/uploads\/2023\/09\/17-2-400x400.jpg 400w, https:\/\/phukienphattai.com\/wp-content\/uploads\/2023\/09\/17-2-600x600.jpg 600w, https:\/\/phukienphattai.com\/wp-content\/uploads\/2023\/09\/17-2-100x100.jpg 100w\" sizes=\"(max-width: 624px) 100vw, 624px\" \/><br \/>\n<img loading=\"lazy\" decoding=\"async\" src=\"https:\/\/phukienphattai.com\/wp-content\/uploads\/2023\/09\/18-2.jpg\" alt=\"\" width=\"624\" height=\"624\" class=\"alignnone size-full wp-image-5452\" srcset=\"https:\/\/phukienphattai.com\/wp-content\/uploads\/2023\/09\/18-2.jpg 624w, https:\/\/phukienphattai.com\/wp-content\/uploads\/2023\/09\/18-2-300x300.jpg 300w, https:\/\/phukienphattai.com\/wp-content\/uploads\/2023\/09\/18-2-150x150.jpg 150w, https:\/\/phukienphattai.com\/wp-content\/uploads\/2023\/09\/18-2-400x400.jpg 400w, https:\/\/phukienphattai.com\/wp-content\/uploads\/2023\/09\/18-2-600x600.jpg 600w, https:\/\/phukienphattai.com\/wp-content\/uploads\/2023\/09\/18-2-100x100.jpg 100w\" sizes=\"(max-width: 624px) 100vw, 624px\" \/><br \/>\n<img loading=\"lazy\" decoding=\"async\" src=\"https:\/\/phukienphattai.com\/wp-content\/uploads\/2023\/09\/19-1.jpg\" alt=\"\" width=\"624\" height=\"624\" class=\"alignnone size-full wp-image-5453\" srcset=\"https:\/\/phukienphattai.com\/wp-content\/uploads\/2023\/09\/19-1.jpg 624w, https:\/\/phukienphattai.com\/wp-content\/uploads\/2023\/09\/19-1-300x300.jpg 300w, https:\/\/phukienphattai.com\/wp-content\/uploads\/2023\/09\/19-1-150x150.jpg 150w, https:\/\/phukienphattai.com\/wp-content\/uploads\/2023\/09\/19-1-400x400.jpg 400w, https:\/\/phukienphattai.com\/wp-content\/uploads\/2023\/09\/19-1-600x600.jpg 600w, https:\/\/phukienphattai.com\/wp-content\/uploads\/2023\/09\/19-1-100x100.jpg 100w\" sizes=\"(max-width: 624px) 100vw, 624px\" \/><br \/>\n<img loading=\"lazy\" decoding=\"async\" src=\"https:\/\/phukienphattai.com\/wp-content\/uploads\/2023\/09\/20-1.jpg\" alt=\"\" width=\"624\" height=\"624\" class=\"alignnone size-full wp-image-5454\" srcset=\"https:\/\/phukienphattai.com\/wp-content\/uploads\/2023\/09\/20-1.jpg 624w, https:\/\/phukienphattai.com\/wp-content\/uploads\/2023\/09\/20-1-300x300.jpg 300w, https:\/\/phukienphattai.com\/wp-content\/uploads\/2023\/09\/20-1-150x150.jpg 150w, https:\/\/phukienphattai.com\/wp-content\/uploads\/2023\/09\/20-1-400x400.jpg 400w, https:\/\/phukienphattai.com\/wp-content\/uploads\/2023\/09\/20-1-600x600.jpg 600w, https:\/\/phukienphattai.com\/wp-content\/uploads\/2023\/09\/20-1-100x100.jpg 100w\" sizes=\"(max-width: 624px) 100vw, 624px\" \/><br \/>\n<img loading=\"lazy\" decoding=\"async\" src=\"https:\/\/phukienphattai.com\/wp-content\/uploads\/2023\/09\/21-1.jpg\" alt=\"\" width=\"624\" height=\"624\" class=\"alignnone size-full wp-image-5455\" srcset=\"https:\/\/phukienphattai.com\/wp-content\/uploads\/2023\/09\/21-1.jpg 624w, https:\/\/phukienphattai.com\/wp-content\/uploads\/2023\/09\/21-1-300x300.jpg 300w, https:\/\/phukienphattai.com\/wp-content\/uploads\/2023\/09\/21-1-150x150.jpg 150w, https:\/\/phukienphattai.com\/wp-content\/uploads\/2023\/09\/21-1-400x400.jpg 400w, https:\/\/phukienphattai.com\/wp-content\/uploads\/2023\/09\/21-1-600x600.jpg 600w, https:\/\/phukienphattai.com\/wp-content\/uploads\/2023\/09\/21-1-100x100.jpg 100w\" sizes=\"(max-width: 624px) 100vw, 624px\" \/><br \/>\n<img loading=\"lazy\" decoding=\"async\" src=\"https:\/\/phukienphattai.com\/wp-content\/uploads\/2023\/09\/22-1.jpg\" alt=\"\" width=\"624\" height=\"624\" class=\"alignnone size-full wp-image-5456\" srcset=\"https:\/\/phukienphattai.com\/wp-content\/uploads\/2023\/09\/22-1.jpg 624w, https:\/\/phukienphattai.com\/wp-content\/uploads\/2023\/09\/22-1-300x300.jpg 300w, https:\/\/phukienphattai.com\/wp-content\/uploads\/2023\/09\/22-1-150x150.jpg 150w, https:\/\/phukienphattai.com\/wp-content\/uploads\/2023\/09\/22-1-400x400.jpg 400w, https:\/\/phukienphattai.com\/wp-content\/uploads\/2023\/09\/22-1-600x600.jpg 600w, https:\/\/phukienphattai.com\/wp-content\/uploads\/2023\/09\/22-1-100x100.jpg 100w\" sizes=\"(max-width: 624px) 100vw, 624px\" \/><br \/>\n<img loading=\"lazy\" decoding=\"async\" src=\"https:\/\/phukienphattai.com\/wp-content\/uploads\/2023\/09\/23-1.jpg\" alt=\"\" width=\"624\" height=\"624\" class=\"alignnone size-full wp-image-5457\" srcset=\"https:\/\/phukienphattai.com\/wp-content\/uploads\/2023\/09\/23-1.jpg 624w, https:\/\/phukienphattai.com\/wp-content\/uploads\/2023\/09\/23-1-300x300.jpg 300w, https:\/\/phukienphattai.com\/wp-content\/uploads\/2023\/09\/23-1-150x150.jpg 150w, https:\/\/phukienphattai.com\/wp-content\/uploads\/2023\/09\/23-1-400x400.jpg 400w, https:\/\/phukienphattai.com\/wp-content\/uploads\/2023\/09\/23-1-600x600.jpg 600w, https:\/\/phukienphattai.com\/wp-content\/uploads\/2023\/09\/23-1-100x100.jpg 100w\" sizes=\"(max-width: 624px) 100vw, 624px\" \/><br \/>\n<img loading=\"lazy\" decoding=\"async\" src=\"https:\/\/phukienphattai.com\/wp-content\/uploads\/2023\/09\/24-1.jpg\" alt=\"\" width=\"624\" height=\"624\" class=\"alignnone size-full wp-image-5458\" srcset=\"https:\/\/phukienphattai.com\/wp-content\/uploads\/2023\/09\/24-1.jpg 624w, https:\/\/phukienphattai.com\/wp-content\/uploads\/2023\/09\/24-1-300x300.jpg 300w, https:\/\/phukienphattai.com\/wp-content\/uploads\/2023\/09\/24-1-150x150.jpg 150w, https:\/\/phukienphattai.com\/wp-content\/uploads\/2023\/09\/24-1-400x400.jpg 400w, https:\/\/phukienphattai.com\/wp-content\/uploads\/2023\/09\/24-1-600x600.jpg 600w, https:\/\/phukienphattai.com\/wp-content\/uploads\/2023\/09\/24-1-100x100.jpg 100w\" sizes=\"(max-width: 624px) 100vw, 624px\" \/><br \/>\n<img loading=\"lazy\" decoding=\"async\" src=\"https:\/\/phukienphattai.com\/wp-content\/uploads\/2023\/09\/25-1.jpg\" alt=\"\" width=\"624\" height=\"624\" class=\"alignnone size-full wp-image-5459\" srcset=\"https:\/\/phukienphattai.com\/wp-content\/uploads\/2023\/09\/25-1.jpg 624w, https:\/\/phukienphattai.com\/wp-content\/uploads\/2023\/09\/25-1-300x300.jpg 300w, https:\/\/phukienphattai.com\/wp-content\/uploads\/2023\/09\/25-1-150x150.jpg 150w, https:\/\/phukienphattai.com\/wp-content\/uploads\/2023\/09\/25-1-400x400.jpg 400w, https:\/\/phukienphattai.com\/wp-content\/uploads\/2023\/09\/25-1-600x600.jpg 600w, https:\/\/phukienphattai.com\/wp-content\/uploads\/2023\/09\/25-1-100x100.jpg 100w\" sizes=\"(max-width: 624px) 100vw, 624px\" \/><br \/>\n<img loading=\"lazy\" decoding=\"async\" src=\"https:\/\/phukienphattai.com\/wp-content\/uploads\/2023\/09\/28-1.jpg\" alt=\"\" width=\"624\" height=\"624\" class=\"alignnone size-full wp-image-5460\" srcset=\"https:\/\/phukienphattai.com\/wp-content\/uploads\/2023\/09\/28-1.jpg 624w, https:\/\/phukienphattai.com\/wp-content\/uploads\/2023\/09\/28-1-300x300.jpg 300w, https:\/\/phukienphattai.com\/wp-content\/uploads\/2023\/09\/28-1-150x150.jpg 150w, https:\/\/phukienphattai.com\/wp-content\/uploads\/2023\/09\/28-1-400x400.jpg 400w, https:\/\/phukienphattai.com\/wp-content\/uploads\/2023\/09\/28-1-600x600.jpg 600w, https:\/\/phukienphattai.com\/wp-content\/uploads\/2023\/09\/28-1-100x100.jpg 100w\" sizes=\"(max-width: 624px) 100vw, 624px\" \/><br \/>\n<img loading=\"lazy\" decoding=\"async\" src=\"https:\/\/phukienphattai.com\/wp-content\/uploads\/2023\/09\/29-1.jpg\" alt=\"\" width=\"624\" height=\"624\" class=\"alignnone size-full wp-image-5461\" srcset=\"https:\/\/phukienphattai.com\/wp-content\/uploads\/2023\/09\/29-1.jpg 624w, https:\/\/phukienphattai.com\/wp-content\/uploads\/2023\/09\/29-1-300x300.jpg 300w, https:\/\/phukienphattai.com\/wp-content\/uploads\/2023\/09\/29-1-150x150.jpg 150w, https:\/\/phukienphattai.com\/wp-content\/uploads\/2023\/09\/29-1-400x400.jpg 400w, https:\/\/phukienphattai.com\/wp-content\/uploads\/2023\/09\/29-1-600x600.jpg 600w, https:\/\/phukienphattai.com\/wp-content\/uploads\/2023\/09\/29-1-100x100.jpg 100w\" sizes=\"(max-width: 624px) 100vw, 624px\" \/><br \/>\n<img loading=\"lazy\" decoding=\"async\" src=\"https:\/\/phukienphattai.com\/wp-content\/uploads\/2023\/09\/30-1.jpg\" alt=\"\" width=\"624\" height=\"624\" class=\"alignnone size-full wp-image-5462\" srcset=\"https:\/\/phukienphattai.com\/wp-content\/uploads\/2023\/09\/30-1.jpg 624w, https:\/\/phukienphattai.com\/wp-content\/uploads\/2023\/09\/30-1-300x300.jpg 300w, https:\/\/phukienphattai.com\/wp-content\/uploads\/2023\/09\/30-1-150x150.jpg 150w, https:\/\/phukienphattai.com\/wp-content\/uploads\/2023\/09\/30-1-400x400.jpg 400w, https:\/\/phukienphattai.com\/wp-content\/uploads\/2023\/09\/30-1-600x600.jpg 600w, https:\/\/phukienphattai.com\/wp-content\/uploads\/2023\/09\/30-1-100x100.jpg 100w\" sizes=\"(max-width: 624px) 100vw, 624px\" \/><br \/>\n<img loading=\"lazy\" decoding=\"async\" src=\"https:\/\/phukienphattai.com\/wp-content\/uploads\/2023\/09\/31-1.jpg\" alt=\"\" width=\"624\" height=\"624\" class=\"alignnone size-full wp-image-5463\" srcset=\"https:\/\/phukienphattai.com\/wp-content\/uploads\/2023\/09\/31-1.jpg 624w, https:\/\/phukienphattai.com\/wp-content\/uploads\/2023\/09\/31-1-300x300.jpg 300w, https:\/\/phukienphattai.com\/wp-content\/uploads\/2023\/09\/31-1-150x150.jpg 150w, https:\/\/phukienphattai.com\/wp-content\/uploads\/2023\/09\/31-1-400x400.jpg 400w, https:\/\/phukienphattai.com\/wp-content\/uploads\/2023\/09\/31-1-600x600.jpg 600w, https:\/\/phukienphattai.com\/wp-content\/uploads\/2023\/09\/31-1-100x100.jpg 100w\" sizes=\"(max-width: 624px) 100vw, 624px\" \/><br \/>\n<img loading=\"lazy\" decoding=\"async\" src=\"https:\/\/phukienphattai.com\/wp-content\/uploads\/2023\/09\/32-1.jpg\" alt=\"\" width=\"624\" height=\"624\" class=\"alignnone size-full wp-image-5464\" srcset=\"https:\/\/phukienphattai.com\/wp-content\/uploads\/2023\/09\/32-1.jpg 624w, https:\/\/phukienphattai.com\/wp-content\/uploads\/2023\/09\/32-1-300x300.jpg 300w, https:\/\/phukienphattai.com\/wp-content\/uploads\/2023\/09\/32-1-150x150.jpg 150w, https:\/\/phukienphattai.com\/wp-content\/uploads\/2023\/09\/32-1-400x400.jpg 400w, https:\/\/phukienphattai.com\/wp-content\/uploads\/2023\/09\/32-1-600x600.jpg 600w, https:\/\/phukienphattai.com\/wp-content\/uploads\/2023\/09\/32-1-100x100.jpg 100w\" sizes=\"(max-width: 624px) 100vw, 624px\" \/><br \/>\n<img loading=\"lazy\" decoding=\"async\" src=\"https:\/\/phukienphattai.com\/wp-content\/uploads\/2023\/09\/33-1.jpg\" alt=\"\" width=\"624\" height=\"624\" class=\"alignnone size-full wp-image-5465\" srcset=\"https:\/\/phukienphattai.com\/wp-content\/uploads\/2023\/09\/33-1.jpg 624w, https:\/\/phukienphattai.com\/wp-content\/uploads\/2023\/09\/33-1-300x300.jpg 300w, https:\/\/phukienphattai.com\/wp-content\/uploads\/2023\/09\/33-1-150x150.jpg 150w, https:\/\/phukienphattai.com\/wp-content\/uploads\/2023\/09\/33-1-400x400.jpg 400w, https:\/\/phukienphattai.com\/wp-content\/uploads\/2023\/09\/33-1-600x600.jpg 600w, https:\/\/phukienphattai.com\/wp-content\/uploads\/2023\/09\/33-1-100x100.jpg 100w\" sizes=\"(max-width: 624px) 100vw, 624px\" \/><\/p>\n","protected":false},"excerpt":{"rendered":"","protected":false},"featured_media":5466,"comment_status":"open","ping_status":"closed","template":"","meta":[],"product_brand":[],"product_cat":[54],"product_tag":[],"class_list":{"0":"post-5434","1":"product","2":"type-product","3":"status-publish","4":"has-post-thumbnail","6":"product_cat-cac-ngay-le-trong-nam","7":"latest_post","9":"first","10":"instock","11":"shipping-taxable","12":"product-type-simple"},"_links":{"self":[{"href":"https:\/\/phukienphattai.com\/index.php?rest_route=\/wp\/v2\/product\/5434","targetHints":{"allow":["GET"]}}],"collection":[{"href":"https:\/\/phukienphattai.com\/index.php?rest_route=\/wp\/v2\/product"}],"about":[{"href":"https:\/\/phukienphattai.com\/index.php?rest_route=\/wp\/v2\/types\/product"}],"replies":[{"embeddable":true,"href":"https:\/\/phukienphattai.com\/index.php?rest_route=%2Fwp%2Fv2%2Fcomments&post=5434"}],"version-history":[{"count":1,"href":"https:\/\/phukienphattai.com\/index.php?rest_route=\/wp\/v2\/product\/5434\/revisions"}],"predecessor-version":[{"id":5467,"href":"https:\/\/phukienphattai.com\/index.php?rest_route=\/wp\/v2\/product\/5434\/revisions\/5467"}],"wp:featuredmedia":[{"embeddable":true,"href":"https:\/\/phukienphattai.com\/index.php?rest_route=\/wp\/v2\/media\/5466"}],"wp:attachment":[{"href":"https:\/\/phukienphattai.com\/index.php?rest_route=%2Fwp%2Fv2%2Fmedia&parent=5434"}],"wp:term":[{"taxonomy":"product_brand","embeddable":true,"href":"https:\/\/phukienphattai.com\/index.php?rest_route=%2Fwp%2Fv2%2Fproduct_brand&post=5434"},{"taxonomy":"product_cat","embeddable":true,"href":"https:\/\/phukienphattai.com\/index.php?rest_route=%2Fwp%2Fv2%2Fproduct_cat&post=5434"},{"taxonomy":"product_tag","embeddable":true,"href":"https:\/\/phukienphattai.com\/index.php?rest_route=%2Fwp%2Fv2%2Fproduct_tag&post=5434"}],"curies":[{"name":"wp","href":"https:\/\/api.w.org\/{rel}","templated":true}]}}