{"id":5985,"date":"2023-10-24T20:13:24","date_gmt":"2023-10-24T20:13:24","guid":{"rendered":"http:\/\/phukienphattai.com\/?post_type=product&#038;p=5985"},"modified":"2023-10-24T20:13:24","modified_gmt":"2023-10-24T20:13:24","slug":"combo-trang-tri-dam-cuoi-45","status":"publish","type":"product","link":"https:\/\/phukienphattai.com\/?product=combo-trang-tri-dam-cuoi-45","title":{"rendered":"Combo trang tr\u00ed \u0111\u00e1m c\u01b0\u1edbi &#8211; 45"},"content":{"rendered":"<p><img fetchpriority=\"high\" decoding=\"async\" src=\"https:\/\/phukienphattai.com\/wp-content\/uploads\/2023\/09\/z4814866728839_504cd5bf1e042dea372c49d5d6df6683.jpg\" alt=\"\" width=\"1111\" height=\"738\" class=\"alignnone size-full wp-image-5983\" srcset=\"https:\/\/phukienphattai.com\/wp-content\/uploads\/2023\/09\/z4814866728839_504cd5bf1e042dea372c49d5d6df6683.jpg 1111w, https:\/\/phukienphattai.com\/wp-content\/uploads\/2023\/09\/z4814866728839_504cd5bf1e042dea372c49d5d6df6683-300x199.jpg 300w, https:\/\/phukienphattai.com\/wp-content\/uploads\/2023\/09\/z4814866728839_504cd5bf1e042dea372c49d5d6df6683-1024x680.jpg 1024w, https:\/\/phukienphattai.com\/wp-content\/uploads\/2023\/09\/z4814866728839_504cd5bf1e042dea372c49d5d6df6683-768x510.jpg 768w, https:\/\/phukienphattai.com\/wp-content\/uploads\/2023\/09\/z4814866728839_504cd5bf1e042dea372c49d5d6df6683-600x399.jpg 600w\" sizes=\"(max-width: 1111px) 100vw, 1111px\" \/><\/p>\n<p><img decoding=\"async\" src=\"https:\/\/phukienphattai.com\/wp-content\/uploads\/2023\/10\/z4814813573263_98bc5b4d369964633939cb885ec1a734.jpg\" alt=\"\" width=\"804\" height=\"825\" class=\"alignnone size-full wp-image-5981\" srcset=\"https:\/\/phukienphattai.com\/wp-content\/uploads\/2023\/10\/z4814813573263_98bc5b4d369964633939cb885ec1a734.jpg 804w, https:\/\/phukienphattai.com\/wp-content\/uploads\/2023\/10\/z4814813573263_98bc5b4d369964633939cb885ec1a734-292x300.jpg 292w, https:\/\/phukienphattai.com\/wp-content\/uploads\/2023\/10\/z4814813573263_98bc5b4d369964633939cb885ec1a734-768x788.jpg 768w, https:\/\/phukienphattai.com\/wp-content\/uploads\/2023\/10\/z4814813573263_98bc5b4d369964633939cb885ec1a734-600x616.jpg 600w\" sizes=\"(max-width: 804px) 100vw, 804px\" \/><\/p>\n<p><img decoding=\"async\" src=\"https:\/\/phukienphattai.com\/wp-content\/uploads\/2023\/10\/1.png\" alt=\"\" width=\"700\" height=\"700\" class=\"alignnone size-full wp-image-5987\" srcset=\"https:\/\/phukienphattai.com\/wp-content\/uploads\/2023\/10\/1.png 700w, https:\/\/phukienphattai.com\/wp-content\/uploads\/2023\/10\/1-300x300.png 300w, https:\/\/phukienphattai.com\/wp-content\/uploads\/2023\/10\/1-150x150.png 150w, https:\/\/phukienphattai.com\/wp-content\/uploads\/2023\/10\/1-400x400.png 400w, https:\/\/phukienphattai.com\/wp-content\/uploads\/2023\/10\/1-600x600.png 600w, https:\/\/phukienphattai.com\/wp-content\/uploads\/2023\/10\/1-100x100.png 100w\" sizes=\"(max-width: 700px) 100vw, 700px\" \/><\/p>\n<p><img loading=\"lazy\" decoding=\"async\" src=\"https:\/\/phukienphattai.com\/wp-content\/uploads\/2023\/10\/2.png\" alt=\"\" width=\"700\" height=\"700\" class=\"alignnone size-full wp-image-5988\" srcset=\"https:\/\/phukienphattai.com\/wp-content\/uploads\/2023\/10\/2.png 700w, https:\/\/phukienphattai.com\/wp-content\/uploads\/2023\/10\/2-300x300.png 300w, https:\/\/phukienphattai.com\/wp-content\/uploads\/2023\/10\/2-150x150.png 150w, https:\/\/phukienphattai.com\/wp-content\/uploads\/2023\/10\/2-400x400.png 400w, https:\/\/phukienphattai.com\/wp-content\/uploads\/2023\/10\/2-600x600.png 600w, https:\/\/phukienphattai.com\/wp-content\/uploads\/2023\/10\/2-100x100.png 100w\" sizes=\"(max-width: 700px) 100vw, 700px\" \/><\/p>\n<p><img loading=\"lazy\" decoding=\"async\" src=\"https:\/\/phukienphattai.com\/wp-content\/uploads\/2023\/10\/6.png\" alt=\"\" width=\"800\" height=\"800\" class=\"alignnone size-full wp-image-5989\" srcset=\"https:\/\/phukienphattai.com\/wp-content\/uploads\/2023\/10\/6.png 800w, https:\/\/phukienphattai.com\/wp-content\/uploads\/2023\/10\/6-300x300.png 300w, https:\/\/phukienphattai.com\/wp-content\/uploads\/2023\/10\/6-150x150.png 150w, https:\/\/phukienphattai.com\/wp-content\/uploads\/2023\/10\/6-768x768.png 768w, https:\/\/phukienphattai.com\/wp-content\/uploads\/2023\/10\/6-400x400.png 400w, https:\/\/phukienphattai.com\/wp-content\/uploads\/2023\/10\/6-600x600.png 600w, https:\/\/phukienphattai.com\/wp-content\/uploads\/2023\/10\/6-100x100.png 100w\" sizes=\"(max-width: 800px) 100vw, 800px\" \/><\/p>\n","protected":false},"excerpt":{"rendered":"","protected":false},"featured_media":5986,"comment_status":"open","ping_status":"closed","template":"","meta":[],"product_brand":[],"product_cat":[55],"product_tag":[],"class_list":{"0":"post-5985","1":"product","2":"type-product","3":"status-publish","4":"has-post-thumbnail","6":"product_cat-combo-trang-tri-dam-cuoi","7":"latest_post","9":"first","10":"instock","11":"shipping-taxable","12":"product-type-simple"},"_links":{"self":[{"href":"https:\/\/phukienphattai.com\/index.php?rest_route=\/wp\/v2\/product\/5985","targetHints":{"allow":["GET"]}}],"collection":[{"href":"https:\/\/phukienphattai.com\/index.php?rest_route=\/wp\/v2\/product"}],"about":[{"href":"https:\/\/phukienphattai.com\/index.php?rest_route=\/wp\/v2\/types\/product"}],"replies":[{"embeddable":true,"href":"https:\/\/phukienphattai.com\/index.php?rest_route=%2Fwp%2Fv2%2Fcomments&post=5985"}],"version-history":[{"count":1,"href":"https:\/\/phukienphattai.com\/index.php?rest_route=\/wp\/v2\/product\/5985\/revisions"}],"predecessor-version":[{"id":5990,"href":"https:\/\/phukienphattai.com\/index.php?rest_route=\/wp\/v2\/product\/5985\/revisions\/5990"}],"wp:featuredmedia":[{"embeddable":true,"href":"https:\/\/phukienphattai.com\/index.php?rest_route=\/wp\/v2\/media\/5986"}],"wp:attachment":[{"href":"https:\/\/phukienphattai.com\/index.php?rest_route=%2Fwp%2Fv2%2Fmedia&parent=5985"}],"wp:term":[{"taxonomy":"product_brand","embeddable":true,"href":"https:\/\/phukienphattai.com\/index.php?rest_route=%2Fwp%2Fv2%2Fproduct_brand&post=5985"},{"taxonomy":"product_cat","embeddable":true,"href":"https:\/\/phukienphattai.com\/index.php?rest_route=%2Fwp%2Fv2%2Fproduct_cat&post=5985"},{"taxonomy":"product_tag","embeddable":true,"href":"https:\/\/phukienphattai.com\/index.php?rest_route=%2Fwp%2Fv2%2Fproduct_tag&post=5985"}],"curies":[{"name":"wp","href":"https:\/\/api.w.org\/{rel}","templated":true}]}}