{"id":6438,"date":"2024-06-04T16:37:12","date_gmt":"2024-06-04T16:37:12","guid":{"rendered":"http:\/\/phukienphattai.com\/?post_type=product&#038;p=6438"},"modified":"2024-06-04T16:37:12","modified_gmt":"2024-06-04T16:37:12","slug":"bang-trang-tri-mam-cung-thoi-noi-day-thang","status":"publish","type":"product","link":"https:\/\/phukienphattai.com\/?product=bang-trang-tri-mam-cung-thoi-noi-day-thang","title":{"rendered":"B\u1ea3ng trang tr\u00ed m\u00e2m c\u00fang th\u00f4i n\u00f4i\/\u0111\u1ea7y th\u00e1ng"},"content":{"rendered":"<p><img fetchpriority=\"high\" decoding=\"async\" src=\"https:\/\/phukienphattai.com\/wp-content\/uploads\/2024\/06\/0.png\" alt=\"\" width=\"900\" height=\"900\" class=\"alignnone size-full wp-image-6446\" srcset=\"https:\/\/phukienphattai.com\/wp-content\/uploads\/2024\/06\/0.png 900w, https:\/\/phukienphattai.com\/wp-content\/uploads\/2024\/06\/0-300x300.png 300w, https:\/\/phukienphattai.com\/wp-content\/uploads\/2024\/06\/0-150x150.png 150w, https:\/\/phukienphattai.com\/wp-content\/uploads\/2024\/06\/0-768x768.png 768w, https:\/\/phukienphattai.com\/wp-content\/uploads\/2024\/06\/0-860x860.png 860w, https:\/\/phukienphattai.com\/wp-content\/uploads\/2024\/06\/0-400x400.png 400w, https:\/\/phukienphattai.com\/wp-content\/uploads\/2024\/06\/0-600x600.png 600w, https:\/\/phukienphattai.com\/wp-content\/uploads\/2024\/06\/0-100x100.png 100w\" sizes=\"(max-width: 900px) 100vw, 900px\" \/><\/p>\n<p><img decoding=\"async\" src=\"https:\/\/phukienphattai.com\/wp-content\/uploads\/2024\/06\/1.png\" alt=\"\" width=\"800\" height=\"800\" class=\"alignnone size-full wp-image-6439\" srcset=\"https:\/\/phukienphattai.com\/wp-content\/uploads\/2024\/06\/1.png 800w, https:\/\/phukienphattai.com\/wp-content\/uploads\/2024\/06\/1-300x300.png 300w, https:\/\/phukienphattai.com\/wp-content\/uploads\/2024\/06\/1-150x150.png 150w, https:\/\/phukienphattai.com\/wp-content\/uploads\/2024\/06\/1-768x768.png 768w, https:\/\/phukienphattai.com\/wp-content\/uploads\/2024\/06\/1-400x400.png 400w, https:\/\/phukienphattai.com\/wp-content\/uploads\/2024\/06\/1-600x600.png 600w, https:\/\/phukienphattai.com\/wp-content\/uploads\/2024\/06\/1-100x100.png 100w\" sizes=\"(max-width: 800px) 100vw, 800px\" \/><\/p>\n<p><img decoding=\"async\" src=\"https:\/\/phukienphattai.com\/wp-content\/uploads\/2024\/06\/2.png\" alt=\"\" width=\"800\" height=\"800\" class=\"alignnone size-full wp-image-6440\" srcset=\"https:\/\/phukienphattai.com\/wp-content\/uploads\/2024\/06\/2.png 800w, https:\/\/phukienphattai.com\/wp-content\/uploads\/2024\/06\/2-300x300.png 300w, https:\/\/phukienphattai.com\/wp-content\/uploads\/2024\/06\/2-150x150.png 150w, https:\/\/phukienphattai.com\/wp-content\/uploads\/2024\/06\/2-768x768.png 768w, https:\/\/phukienphattai.com\/wp-content\/uploads\/2024\/06\/2-400x400.png 400w, https:\/\/phukienphattai.com\/wp-content\/uploads\/2024\/06\/2-600x600.png 600w, https:\/\/phukienphattai.com\/wp-content\/uploads\/2024\/06\/2-100x100.png 100w\" sizes=\"(max-width: 800px) 100vw, 800px\" \/><\/p>\n<p><img loading=\"lazy\" decoding=\"async\" src=\"https:\/\/phukienphattai.com\/wp-content\/uploads\/2024\/06\/3.png\" alt=\"\" width=\"800\" height=\"800\" class=\"alignnone size-full wp-image-6441\" srcset=\"https:\/\/phukienphattai.com\/wp-content\/uploads\/2024\/06\/3.png 800w, https:\/\/phukienphattai.com\/wp-content\/uploads\/2024\/06\/3-300x300.png 300w, https:\/\/phukienphattai.com\/wp-content\/uploads\/2024\/06\/3-150x150.png 150w, https:\/\/phukienphattai.com\/wp-content\/uploads\/2024\/06\/3-768x768.png 768w, https:\/\/phukienphattai.com\/wp-content\/uploads\/2024\/06\/3-400x400.png 400w, https:\/\/phukienphattai.com\/wp-content\/uploads\/2024\/06\/3-600x600.png 600w, https:\/\/phukienphattai.com\/wp-content\/uploads\/2024\/06\/3-100x100.png 100w\" sizes=\"(max-width: 800px) 100vw, 800px\" \/><\/p>\n<p><img loading=\"lazy\" decoding=\"async\" src=\"https:\/\/phukienphattai.com\/wp-content\/uploads\/2024\/06\/4.png\" alt=\"\" width=\"800\" height=\"800\" class=\"alignnone size-full wp-image-6442\" srcset=\"https:\/\/phukienphattai.com\/wp-content\/uploads\/2024\/06\/4.png 800w, https:\/\/phukienphattai.com\/wp-content\/uploads\/2024\/06\/4-300x300.png 300w, https:\/\/phukienphattai.com\/wp-content\/uploads\/2024\/06\/4-150x150.png 150w, https:\/\/phukienphattai.com\/wp-content\/uploads\/2024\/06\/4-768x768.png 768w, https:\/\/phukienphattai.com\/wp-content\/uploads\/2024\/06\/4-400x400.png 400w, https:\/\/phukienphattai.com\/wp-content\/uploads\/2024\/06\/4-600x600.png 600w, https:\/\/phukienphattai.com\/wp-content\/uploads\/2024\/06\/4-100x100.png 100w\" sizes=\"(max-width: 800px) 100vw, 800px\" \/><\/p>\n<p><img loading=\"lazy\" decoding=\"async\" src=\"https:\/\/phukienphattai.com\/wp-content\/uploads\/2024\/06\/5.png\" alt=\"\" width=\"800\" height=\"800\" class=\"alignnone size-full wp-image-6443\" srcset=\"https:\/\/phukienphattai.com\/wp-content\/uploads\/2024\/06\/5.png 800w, https:\/\/phukienphattai.com\/wp-content\/uploads\/2024\/06\/5-300x300.png 300w, https:\/\/phukienphattai.com\/wp-content\/uploads\/2024\/06\/5-150x150.png 150w, https:\/\/phukienphattai.com\/wp-content\/uploads\/2024\/06\/5-768x768.png 768w, https:\/\/phukienphattai.com\/wp-content\/uploads\/2024\/06\/5-400x400.png 400w, https:\/\/phukienphattai.com\/wp-content\/uploads\/2024\/06\/5-600x600.png 600w, https:\/\/phukienphattai.com\/wp-content\/uploads\/2024\/06\/5-100x100.png 100w\" sizes=\"(max-width: 800px) 100vw, 800px\" \/><\/p>\n<p><img loading=\"lazy\" decoding=\"async\" src=\"https:\/\/phukienphattai.com\/wp-content\/uploads\/2024\/06\/6.png\" alt=\"\" width=\"800\" height=\"800\" class=\"alignnone size-full wp-image-6444\" srcset=\"https:\/\/phukienphattai.com\/wp-content\/uploads\/2024\/06\/6.png 800w, https:\/\/phukienphattai.com\/wp-content\/uploads\/2024\/06\/6-300x300.png 300w, https:\/\/phukienphattai.com\/wp-content\/uploads\/2024\/06\/6-150x150.png 150w, https:\/\/phukienphattai.com\/wp-content\/uploads\/2024\/06\/6-768x768.png 768w, https:\/\/phukienphattai.com\/wp-content\/uploads\/2024\/06\/6-400x400.png 400w, https:\/\/phukienphattai.com\/wp-content\/uploads\/2024\/06\/6-600x600.png 600w, https:\/\/phukienphattai.com\/wp-content\/uploads\/2024\/06\/6-100x100.png 100w\" sizes=\"(max-width: 800px) 100vw, 800px\" \/><\/p>\n","protected":false},"excerpt":{"rendered":"","protected":false},"featured_media":6445,"comment_status":"open","ping_status":"closed","template":"","meta":[],"product_brand":[],"product_cat":[40],"product_tag":[],"class_list":{"0":"post-6438","1":"product","2":"type-product","3":"status-publish","4":"has-post-thumbnail","6":"product_cat-trang-tri-sinh-nhat","7":"latest_post","9":"first","10":"instock","11":"shipping-taxable","12":"product-type-simple"},"_links":{"self":[{"href":"https:\/\/phukienphattai.com\/index.php?rest_route=\/wp\/v2\/product\/6438","targetHints":{"allow":["GET"]}}],"collection":[{"href":"https:\/\/phukienphattai.com\/index.php?rest_route=\/wp\/v2\/product"}],"about":[{"href":"https:\/\/phukienphattai.com\/index.php?rest_route=\/wp\/v2\/types\/product"}],"replies":[{"embeddable":true,"href":"https:\/\/phukienphattai.com\/index.php?rest_route=%2Fwp%2Fv2%2Fcomments&post=6438"}],"version-history":[{"count":1,"href":"https:\/\/phukienphattai.com\/index.php?rest_route=\/wp\/v2\/product\/6438\/revisions"}],"predecessor-version":[{"id":6447,"href":"https:\/\/phukienphattai.com\/index.php?rest_route=\/wp\/v2\/product\/6438\/revisions\/6447"}],"wp:featuredmedia":[{"embeddable":true,"href":"https:\/\/phukienphattai.com\/index.php?rest_route=\/wp\/v2\/media\/6445"}],"wp:attachment":[{"href":"https:\/\/phukienphattai.com\/index.php?rest_route=%2Fwp%2Fv2%2Fmedia&parent=6438"}],"wp:term":[{"taxonomy":"product_brand","embeddable":true,"href":"https:\/\/phukienphattai.com\/index.php?rest_route=%2Fwp%2Fv2%2Fproduct_brand&post=6438"},{"taxonomy":"product_cat","embeddable":true,"href":"https:\/\/phukienphattai.com\/index.php?rest_route=%2Fwp%2Fv2%2Fproduct_cat&post=6438"},{"taxonomy":"product_tag","embeddable":true,"href":"https:\/\/phukienphattai.com\/index.php?rest_route=%2Fwp%2Fv2%2Fproduct_tag&post=6438"}],"curies":[{"name":"wp","href":"https:\/\/api.w.org\/{rel}","templated":true}]}}