{"id":6821,"date":"2024-07-19T15:18:40","date_gmt":"2024-07-19T15:18:40","guid":{"rendered":"http:\/\/phukienphattai.com\/?post_type=product&#038;p=6821"},"modified":"2024-10-20T07:55:57","modified_gmt":"2024-10-20T07:55:57","slug":"decal-dan-chai-nuoc-hinh-dang-khac","status":"publish","type":"product","link":"https:\/\/phukienphattai.com\/?product=decal-dan-chai-nuoc-hinh-dang-khac","title":{"rendered":"Decal d\u00e1n chai n\u01b0\u1edbc h\u00ecnh d\u00e1ng kh\u00e1c"},"content":{"rendered":"<p><img fetchpriority=\"high\" decoding=\"async\" class=\"alignnone size-full wp-image-6822\" src=\"https:\/\/phukienphattai.com\/wp-content\/uploads\/2024\/07\/1.jpg\" alt=\"\" width=\"800\" height=\"800\" srcset=\"https:\/\/phukienphattai.com\/wp-content\/uploads\/2024\/07\/1.jpg 800w, https:\/\/phukienphattai.com\/wp-content\/uploads\/2024\/07\/1-300x300.jpg 300w, https:\/\/phukienphattai.com\/wp-content\/uploads\/2024\/07\/1-150x150.jpg 150w, https:\/\/phukienphattai.com\/wp-content\/uploads\/2024\/07\/1-768x768.jpg 768w, https:\/\/phukienphattai.com\/wp-content\/uploads\/2024\/07\/1-400x400.jpg 400w, https:\/\/phukienphattai.com\/wp-content\/uploads\/2024\/07\/1-600x600.jpg 600w, https:\/\/phukienphattai.com\/wp-content\/uploads\/2024\/07\/1-100x100.jpg 100w\" sizes=\"(max-width: 800px) 100vw, 800px\" \/> <img decoding=\"async\" class=\"alignnone size-full wp-image-6823\" src=\"https:\/\/phukienphattai.com\/wp-content\/uploads\/2024\/07\/2.jpg\" alt=\"\" width=\"800\" height=\"800\" srcset=\"https:\/\/phukienphattai.com\/wp-content\/uploads\/2024\/07\/2.jpg 800w, https:\/\/phukienphattai.com\/wp-content\/uploads\/2024\/07\/2-300x300.jpg 300w, https:\/\/phukienphattai.com\/wp-content\/uploads\/2024\/07\/2-150x150.jpg 150w, https:\/\/phukienphattai.com\/wp-content\/uploads\/2024\/07\/2-768x768.jpg 768w, https:\/\/phukienphattai.com\/wp-content\/uploads\/2024\/07\/2-400x400.jpg 400w, https:\/\/phukienphattai.com\/wp-content\/uploads\/2024\/07\/2-600x600.jpg 600w, https:\/\/phukienphattai.com\/wp-content\/uploads\/2024\/07\/2-100x100.jpg 100w\" sizes=\"(max-width: 800px) 100vw, 800px\" \/> <img decoding=\"async\" class=\"alignnone size-full wp-image-6824\" src=\"https:\/\/phukienphattai.com\/wp-content\/uploads\/2024\/07\/3.jpg\" alt=\"\" width=\"800\" height=\"800\" srcset=\"https:\/\/phukienphattai.com\/wp-content\/uploads\/2024\/07\/3.jpg 800w, https:\/\/phukienphattai.com\/wp-content\/uploads\/2024\/07\/3-300x300.jpg 300w, https:\/\/phukienphattai.com\/wp-content\/uploads\/2024\/07\/3-150x150.jpg 150w, https:\/\/phukienphattai.com\/wp-content\/uploads\/2024\/07\/3-768x768.jpg 768w, https:\/\/phukienphattai.com\/wp-content\/uploads\/2024\/07\/3-400x400.jpg 400w, https:\/\/phukienphattai.com\/wp-content\/uploads\/2024\/07\/3-600x600.jpg 600w, https:\/\/phukienphattai.com\/wp-content\/uploads\/2024\/07\/3-100x100.jpg 100w\" sizes=\"(max-width: 800px) 100vw, 800px\" \/> <img loading=\"lazy\" decoding=\"async\" class=\"alignnone size-full wp-image-6825\" src=\"https:\/\/phukienphattai.com\/wp-content\/uploads\/2024\/07\/4.jpg\" alt=\"\" width=\"800\" height=\"800\" srcset=\"https:\/\/phukienphattai.com\/wp-content\/uploads\/2024\/07\/4.jpg 800w, https:\/\/phukienphattai.com\/wp-content\/uploads\/2024\/07\/4-300x300.jpg 300w, https:\/\/phukienphattai.com\/wp-content\/uploads\/2024\/07\/4-150x150.jpg 150w, https:\/\/phukienphattai.com\/wp-content\/uploads\/2024\/07\/4-768x768.jpg 768w, https:\/\/phukienphattai.com\/wp-content\/uploads\/2024\/07\/4-400x400.jpg 400w, https:\/\/phukienphattai.com\/wp-content\/uploads\/2024\/07\/4-600x600.jpg 600w, https:\/\/phukienphattai.com\/wp-content\/uploads\/2024\/07\/4-100x100.jpg 100w\" sizes=\"(max-width: 800px) 100vw, 800px\" \/> <img loading=\"lazy\" decoding=\"async\" class=\"alignnone size-full wp-image-6826\" src=\"https:\/\/phukienphattai.com\/wp-content\/uploads\/2024\/07\/5.jpg\" alt=\"\" width=\"800\" height=\"800\" srcset=\"https:\/\/phukienphattai.com\/wp-content\/uploads\/2024\/07\/5.jpg 800w, https:\/\/phukienphattai.com\/wp-content\/uploads\/2024\/07\/5-300x300.jpg 300w, https:\/\/phukienphattai.com\/wp-content\/uploads\/2024\/07\/5-150x150.jpg 150w, https:\/\/phukienphattai.com\/wp-content\/uploads\/2024\/07\/5-768x768.jpg 768w, https:\/\/phukienphattai.com\/wp-content\/uploads\/2024\/07\/5-400x400.jpg 400w, https:\/\/phukienphattai.com\/wp-content\/uploads\/2024\/07\/5-600x600.jpg 600w, https:\/\/phukienphattai.com\/wp-content\/uploads\/2024\/07\/5-100x100.jpg 100w\" sizes=\"(max-width: 800px) 100vw, 800px\" \/> <img loading=\"lazy\" decoding=\"async\" class=\"alignnone size-full wp-image-6827\" src=\"https:\/\/phukienphattai.com\/wp-content\/uploads\/2024\/07\/6.jpg\" alt=\"\" width=\"800\" height=\"800\" srcset=\"https:\/\/phukienphattai.com\/wp-content\/uploads\/2024\/07\/6.jpg 800w, https:\/\/phukienphattai.com\/wp-content\/uploads\/2024\/07\/6-300x300.jpg 300w, https:\/\/phukienphattai.com\/wp-content\/uploads\/2024\/07\/6-150x150.jpg 150w, https:\/\/phukienphattai.com\/wp-content\/uploads\/2024\/07\/6-768x768.jpg 768w, https:\/\/phukienphattai.com\/wp-content\/uploads\/2024\/07\/6-400x400.jpg 400w, https:\/\/phukienphattai.com\/wp-content\/uploads\/2024\/07\/6-600x600.jpg 600w, https:\/\/phukienphattai.com\/wp-content\/uploads\/2024\/07\/6-100x100.jpg 100w\" sizes=\"(max-width: 800px) 100vw, 800px\" \/> <img loading=\"lazy\" decoding=\"async\" class=\"alignnone size-full wp-image-6828\" src=\"https:\/\/phukienphattai.com\/wp-content\/uploads\/2024\/07\/7.jpg\" alt=\"\" width=\"800\" height=\"800\" srcset=\"https:\/\/phukienphattai.com\/wp-content\/uploads\/2024\/07\/7.jpg 800w, https:\/\/phukienphattai.com\/wp-content\/uploads\/2024\/07\/7-300x300.jpg 300w, https:\/\/phukienphattai.com\/wp-content\/uploads\/2024\/07\/7-150x150.jpg 150w, https:\/\/phukienphattai.com\/wp-content\/uploads\/2024\/07\/7-768x768.jpg 768w, https:\/\/phukienphattai.com\/wp-content\/uploads\/2024\/07\/7-400x400.jpg 400w, https:\/\/phukienphattai.com\/wp-content\/uploads\/2024\/07\/7-600x600.jpg 600w, https:\/\/phukienphattai.com\/wp-content\/uploads\/2024\/07\/7-100x100.jpg 100w\" sizes=\"(max-width: 800px) 100vw, 800px\" \/> <img loading=\"lazy\" decoding=\"async\" class=\"alignnone size-full wp-image-6829\" src=\"https:\/\/phukienphattai.com\/wp-content\/uploads\/2024\/07\/8.jpg\" alt=\"\" width=\"800\" height=\"800\" srcset=\"https:\/\/phukienphattai.com\/wp-content\/uploads\/2024\/07\/8.jpg 800w, https:\/\/phukienphattai.com\/wp-content\/uploads\/2024\/07\/8-300x300.jpg 300w, https:\/\/phukienphattai.com\/wp-content\/uploads\/2024\/07\/8-150x150.jpg 150w, https:\/\/phukienphattai.com\/wp-content\/uploads\/2024\/07\/8-768x768.jpg 768w, https:\/\/phukienphattai.com\/wp-content\/uploads\/2024\/07\/8-400x400.jpg 400w, https:\/\/phukienphattai.com\/wp-content\/uploads\/2024\/07\/8-600x600.jpg 600w, https:\/\/phukienphattai.com\/wp-content\/uploads\/2024\/07\/8-100x100.jpg 100w\" sizes=\"(max-width: 800px) 100vw, 800px\" \/> <img loading=\"lazy\" decoding=\"async\" class=\"alignnone size-full wp-image-6830\" src=\"https:\/\/phukienphattai.com\/wp-content\/uploads\/2024\/07\/13.jpg\" alt=\"\" width=\"800\" height=\"800\" srcset=\"https:\/\/phukienphattai.com\/wp-content\/uploads\/2024\/07\/13.jpg 800w, https:\/\/phukienphattai.com\/wp-content\/uploads\/2024\/07\/13-300x300.jpg 300w, https:\/\/phukienphattai.com\/wp-content\/uploads\/2024\/07\/13-150x150.jpg 150w, https:\/\/phukienphattai.com\/wp-content\/uploads\/2024\/07\/13-768x768.jpg 768w, https:\/\/phukienphattai.com\/wp-content\/uploads\/2024\/07\/13-400x400.jpg 400w, https:\/\/phukienphattai.com\/wp-content\/uploads\/2024\/07\/13-600x600.jpg 600w, https:\/\/phukienphattai.com\/wp-content\/uploads\/2024\/07\/13-100x100.jpg 100w\" sizes=\"(max-width: 800px) 100vw, 800px\" \/> <img loading=\"lazy\" decoding=\"async\" class=\"alignnone size-full wp-image-6831\" src=\"https:\/\/phukienphattai.com\/wp-content\/uploads\/2024\/07\/14.jpg\" alt=\"\" width=\"800\" height=\"800\" srcset=\"https:\/\/phukienphattai.com\/wp-content\/uploads\/2024\/07\/14.jpg 800w, https:\/\/phukienphattai.com\/wp-content\/uploads\/2024\/07\/14-300x300.jpg 300w, https:\/\/phukienphattai.com\/wp-content\/uploads\/2024\/07\/14-150x150.jpg 150w, https:\/\/phukienphattai.com\/wp-content\/uploads\/2024\/07\/14-768x768.jpg 768w, https:\/\/phukienphattai.com\/wp-content\/uploads\/2024\/07\/14-400x400.jpg 400w, https:\/\/phukienphattai.com\/wp-content\/uploads\/2024\/07\/14-600x600.jpg 600w, https:\/\/phukienphattai.com\/wp-content\/uploads\/2024\/07\/14-100x100.jpg 100w\" sizes=\"(max-width: 800px) 100vw, 800px\" \/> <img loading=\"lazy\" decoding=\"async\" class=\"alignnone size-full wp-image-6832\" src=\"https:\/\/phukienphattai.com\/wp-content\/uploads\/2024\/07\/19.jpg\" alt=\"\" width=\"800\" height=\"800\" srcset=\"https:\/\/phukienphattai.com\/wp-content\/uploads\/2024\/07\/19.jpg 800w, https:\/\/phukienphattai.com\/wp-content\/uploads\/2024\/07\/19-300x300.jpg 300w, https:\/\/phukienphattai.com\/wp-content\/uploads\/2024\/07\/19-150x150.jpg 150w, https:\/\/phukienphattai.com\/wp-content\/uploads\/2024\/07\/19-768x768.jpg 768w, https:\/\/phukienphattai.com\/wp-content\/uploads\/2024\/07\/19-400x400.jpg 400w, https:\/\/phukienphattai.com\/wp-content\/uploads\/2024\/07\/19-600x600.jpg 600w, https:\/\/phukienphattai.com\/wp-content\/uploads\/2024\/07\/19-100x100.jpg 100w\" sizes=\"(max-width: 800px) 100vw, 800px\" \/> <img loading=\"lazy\" decoding=\"async\" class=\"alignnone size-full wp-image-6833\" src=\"https:\/\/phukienphattai.com\/wp-content\/uploads\/2024\/07\/20.jpg\" alt=\"\" width=\"800\" height=\"800\" srcset=\"https:\/\/phukienphattai.com\/wp-content\/uploads\/2024\/07\/20.jpg 800w, https:\/\/phukienphattai.com\/wp-content\/uploads\/2024\/07\/20-300x300.jpg 300w, https:\/\/phukienphattai.com\/wp-content\/uploads\/2024\/07\/20-150x150.jpg 150w, https:\/\/phukienphattai.com\/wp-content\/uploads\/2024\/07\/20-768x768.jpg 768w, https:\/\/phukienphattai.com\/wp-content\/uploads\/2024\/07\/20-400x400.jpg 400w, https:\/\/phukienphattai.com\/wp-content\/uploads\/2024\/07\/20-600x600.jpg 600w, https:\/\/phukienphattai.com\/wp-content\/uploads\/2024\/07\/20-100x100.jpg 100w\" sizes=\"(max-width: 800px) 100vw, 800px\" \/> <img loading=\"lazy\" decoding=\"async\" class=\"alignnone size-full wp-image-6834\" src=\"https:\/\/phukienphattai.com\/wp-content\/uploads\/2024\/07\/25.jpg\" alt=\"\" width=\"800\" height=\"800\" srcset=\"https:\/\/phukienphattai.com\/wp-content\/uploads\/2024\/07\/25.jpg 800w, https:\/\/phukienphattai.com\/wp-content\/uploads\/2024\/07\/25-300x300.jpg 300w, https:\/\/phukienphattai.com\/wp-content\/uploads\/2024\/07\/25-150x150.jpg 150w, https:\/\/phukienphattai.com\/wp-content\/uploads\/2024\/07\/25-768x768.jpg 768w, https:\/\/phukienphattai.com\/wp-content\/uploads\/2024\/07\/25-400x400.jpg 400w, https:\/\/phukienphattai.com\/wp-content\/uploads\/2024\/07\/25-600x600.jpg 600w, https:\/\/phukienphattai.com\/wp-content\/uploads\/2024\/07\/25-100x100.jpg 100w\" sizes=\"(max-width: 800px) 100vw, 800px\" \/> <img loading=\"lazy\" decoding=\"async\" class=\"alignnone size-full wp-image-6835\" src=\"https:\/\/phukienphattai.com\/wp-content\/uploads\/2024\/07\/26.jpg\" alt=\"\" width=\"800\" height=\"800\" srcset=\"https:\/\/phukienphattai.com\/wp-content\/uploads\/2024\/07\/26.jpg 800w, https:\/\/phukienphattai.com\/wp-content\/uploads\/2024\/07\/26-300x300.jpg 300w, https:\/\/phukienphattai.com\/wp-content\/uploads\/2024\/07\/26-150x150.jpg 150w, https:\/\/phukienphattai.com\/wp-content\/uploads\/2024\/07\/26-768x768.jpg 768w, https:\/\/phukienphattai.com\/wp-content\/uploads\/2024\/07\/26-400x400.jpg 400w, https:\/\/phukienphattai.com\/wp-content\/uploads\/2024\/07\/26-600x600.jpg 600w, https:\/\/phukienphattai.com\/wp-content\/uploads\/2024\/07\/26-100x100.jpg 100w\" sizes=\"(max-width: 800px) 100vw, 800px\" \/> <img loading=\"lazy\" decoding=\"async\" class=\"alignnone size-full wp-image-6836\" src=\"https:\/\/phukienphattai.com\/wp-content\/uploads\/2024\/07\/31.jpg\" alt=\"\" width=\"800\" height=\"800\" srcset=\"https:\/\/phukienphattai.com\/wp-content\/uploads\/2024\/07\/31.jpg 800w, https:\/\/phukienphattai.com\/wp-content\/uploads\/2024\/07\/31-300x300.jpg 300w, https:\/\/phukienphattai.com\/wp-content\/uploads\/2024\/07\/31-150x150.jpg 150w, https:\/\/phukienphattai.com\/wp-content\/uploads\/2024\/07\/31-768x768.jpg 768w, https:\/\/phukienphattai.com\/wp-content\/uploads\/2024\/07\/31-400x400.jpg 400w, https:\/\/phukienphattai.com\/wp-content\/uploads\/2024\/07\/31-600x600.jpg 600w, https:\/\/phukienphattai.com\/wp-content\/uploads\/2024\/07\/31-100x100.jpg 100w\" sizes=\"(max-width: 800px) 100vw, 800px\" \/> <img loading=\"lazy\" decoding=\"async\" class=\"alignnone size-full wp-image-6837\" src=\"https:\/\/phukienphattai.com\/wp-content\/uploads\/2024\/07\/32.jpg\" alt=\"\" width=\"800\" height=\"800\" srcset=\"https:\/\/phukienphattai.com\/wp-content\/uploads\/2024\/07\/32.jpg 800w, https:\/\/phukienphattai.com\/wp-content\/uploads\/2024\/07\/32-300x300.jpg 300w, https:\/\/phukienphattai.com\/wp-content\/uploads\/2024\/07\/32-150x150.jpg 150w, https:\/\/phukienphattai.com\/wp-content\/uploads\/2024\/07\/32-768x768.jpg 768w, https:\/\/phukienphattai.com\/wp-content\/uploads\/2024\/07\/32-400x400.jpg 400w, https:\/\/phukienphattai.com\/wp-content\/uploads\/2024\/07\/32-600x600.jpg 600w, https:\/\/phukienphattai.com\/wp-content\/uploads\/2024\/07\/32-100x100.jpg 100w\" sizes=\"(max-width: 800px) 100vw, 800px\" \/> <img loading=\"lazy\" decoding=\"async\" class=\"alignnone size-full wp-image-6838\" src=\"https:\/\/phukienphattai.com\/wp-content\/uploads\/2024\/07\/37.jpg\" alt=\"\" width=\"800\" height=\"800\" srcset=\"https:\/\/phukienphattai.com\/wp-content\/uploads\/2024\/07\/37.jpg 800w, https:\/\/phukienphattai.com\/wp-content\/uploads\/2024\/07\/37-300x300.jpg 300w, https:\/\/phukienphattai.com\/wp-content\/uploads\/2024\/07\/37-150x150.jpg 150w, https:\/\/phukienphattai.com\/wp-content\/uploads\/2024\/07\/37-768x768.jpg 768w, https:\/\/phukienphattai.com\/wp-content\/uploads\/2024\/07\/37-400x400.jpg 400w, https:\/\/phukienphattai.com\/wp-content\/uploads\/2024\/07\/37-600x600.jpg 600w, https:\/\/phukienphattai.com\/wp-content\/uploads\/2024\/07\/37-100x100.jpg 100w\" sizes=\"(max-width: 800px) 100vw, 800px\" \/> <img loading=\"lazy\" decoding=\"async\" class=\"alignnone size-full wp-image-6839\" src=\"https:\/\/phukienphattai.com\/wp-content\/uploads\/2024\/07\/38.jpg\" alt=\"\" width=\"800\" height=\"800\" srcset=\"https:\/\/phukienphattai.com\/wp-content\/uploads\/2024\/07\/38.jpg 800w, https:\/\/phukienphattai.com\/wp-content\/uploads\/2024\/07\/38-300x300.jpg 300w, https:\/\/phukienphattai.com\/wp-content\/uploads\/2024\/07\/38-150x150.jpg 150w, https:\/\/phukienphattai.com\/wp-content\/uploads\/2024\/07\/38-768x768.jpg 768w, https:\/\/phukienphattai.com\/wp-content\/uploads\/2024\/07\/38-400x400.jpg 400w, https:\/\/phukienphattai.com\/wp-content\/uploads\/2024\/07\/38-600x600.jpg 600w, https:\/\/phukienphattai.com\/wp-content\/uploads\/2024\/07\/38-100x100.jpg 100w\" sizes=\"(max-width: 800px) 100vw, 800px\" \/> <img loading=\"lazy\" decoding=\"async\" class=\"alignnone size-full wp-image-6840\" src=\"https:\/\/phukienphattai.com\/wp-content\/uploads\/2024\/07\/43.jpg\" alt=\"\" width=\"800\" height=\"800\" srcset=\"https:\/\/phukienphattai.com\/wp-content\/uploads\/2024\/07\/43.jpg 800w, https:\/\/phukienphattai.com\/wp-content\/uploads\/2024\/07\/43-300x300.jpg 300w, https:\/\/phukienphattai.com\/wp-content\/uploads\/2024\/07\/43-150x150.jpg 150w, https:\/\/phukienphattai.com\/wp-content\/uploads\/2024\/07\/43-768x768.jpg 768w, https:\/\/phukienphattai.com\/wp-content\/uploads\/2024\/07\/43-400x400.jpg 400w, https:\/\/phukienphattai.com\/wp-content\/uploads\/2024\/07\/43-600x600.jpg 600w, https:\/\/phukienphattai.com\/wp-content\/uploads\/2024\/07\/43-100x100.jpg 100w\" sizes=\"(max-width: 800px) 100vw, 800px\" \/> <img loading=\"lazy\" decoding=\"async\" class=\"alignnone size-full wp-image-6841\" src=\"https:\/\/phukienphattai.com\/wp-content\/uploads\/2024\/07\/44.jpg\" alt=\"\" width=\"800\" height=\"800\" srcset=\"https:\/\/phukienphattai.com\/wp-content\/uploads\/2024\/07\/44.jpg 800w, https:\/\/phukienphattai.com\/wp-content\/uploads\/2024\/07\/44-300x300.jpg 300w, https:\/\/phukienphattai.com\/wp-content\/uploads\/2024\/07\/44-150x150.jpg 150w, https:\/\/phukienphattai.com\/wp-content\/uploads\/2024\/07\/44-768x768.jpg 768w, https:\/\/phukienphattai.com\/wp-content\/uploads\/2024\/07\/44-400x400.jpg 400w, https:\/\/phukienphattai.com\/wp-content\/uploads\/2024\/07\/44-600x600.jpg 600w, https:\/\/phukienphattai.com\/wp-content\/uploads\/2024\/07\/44-100x100.jpg 100w\" sizes=\"(max-width: 800px) 100vw, 800px\" \/> <img loading=\"lazy\" decoding=\"async\" class=\"alignnone size-full wp-image-6842\" src=\"https:\/\/phukienphattai.com\/wp-content\/uploads\/2024\/07\/45.jpg\" alt=\"\" width=\"800\" height=\"800\" srcset=\"https:\/\/phukienphattai.com\/wp-content\/uploads\/2024\/07\/45.jpg 800w, https:\/\/phukienphattai.com\/wp-content\/uploads\/2024\/07\/45-300x300.jpg 300w, https:\/\/phukienphattai.com\/wp-content\/uploads\/2024\/07\/45-150x150.jpg 150w, https:\/\/phukienphattai.com\/wp-content\/uploads\/2024\/07\/45-768x768.jpg 768w, https:\/\/phukienphattai.com\/wp-content\/uploads\/2024\/07\/45-400x400.jpg 400w, https:\/\/phukienphattai.com\/wp-content\/uploads\/2024\/07\/45-600x600.jpg 600w, https:\/\/phukienphattai.com\/wp-content\/uploads\/2024\/07\/45-100x100.jpg 100w\" sizes=\"(max-width: 800px) 100vw, 800px\" \/> <img loading=\"lazy\" decoding=\"async\" class=\"alignnone size-full wp-image-6843\" src=\"https:\/\/phukienphattai.com\/wp-content\/uploads\/2024\/07\/49.jpg\" alt=\"\" width=\"800\" height=\"800\" srcset=\"https:\/\/phukienphattai.com\/wp-content\/uploads\/2024\/07\/49.jpg 800w, https:\/\/phukienphattai.com\/wp-content\/uploads\/2024\/07\/49-300x300.jpg 300w, https:\/\/phukienphattai.com\/wp-content\/uploads\/2024\/07\/49-150x150.jpg 150w, https:\/\/phukienphattai.com\/wp-content\/uploads\/2024\/07\/49-768x768.jpg 768w, https:\/\/phukienphattai.com\/wp-content\/uploads\/2024\/07\/49-400x400.jpg 400w, https:\/\/phukienphattai.com\/wp-content\/uploads\/2024\/07\/49-600x600.jpg 600w, https:\/\/phukienphattai.com\/wp-content\/uploads\/2024\/07\/49-100x100.jpg 100w\" sizes=\"(max-width: 800px) 100vw, 800px\" \/> <img loading=\"lazy\" decoding=\"async\" class=\"alignnone size-full wp-image-6844\" src=\"https:\/\/phukienphattai.com\/wp-content\/uploads\/2024\/07\/50.jpg\" alt=\"\" width=\"800\" height=\"800\" srcset=\"https:\/\/phukienphattai.com\/wp-content\/uploads\/2024\/07\/50.jpg 800w, https:\/\/phukienphattai.com\/wp-content\/uploads\/2024\/07\/50-300x300.jpg 300w, https:\/\/phukienphattai.com\/wp-content\/uploads\/2024\/07\/50-150x150.jpg 150w, https:\/\/phukienphattai.com\/wp-content\/uploads\/2024\/07\/50-768x768.jpg 768w, https:\/\/phukienphattai.com\/wp-content\/uploads\/2024\/07\/50-400x400.jpg 400w, https:\/\/phukienphattai.com\/wp-content\/uploads\/2024\/07\/50-600x600.jpg 600w, https:\/\/phukienphattai.com\/wp-content\/uploads\/2024\/07\/50-100x100.jpg 100w\" sizes=\"(max-width: 800px) 100vw, 800px\" \/><br \/>\n<img loading=\"lazy\" decoding=\"async\" src=\"https:\/\/phukienphattai.com\/wp-content\/uploads\/2024\/07\/57.jpg\" alt=\"\" width=\"800\" height=\"800\" class=\"alignnone size-full wp-image-7003\" srcset=\"https:\/\/phukienphattai.com\/wp-content\/uploads\/2024\/07\/57.jpg 800w, https:\/\/phukienphattai.com\/wp-content\/uploads\/2024\/07\/57-300x300.jpg 300w, https:\/\/phukienphattai.com\/wp-content\/uploads\/2024\/07\/57-150x150.jpg 150w, https:\/\/phukienphattai.com\/wp-content\/uploads\/2024\/07\/57-768x768.jpg 768w, https:\/\/phukienphattai.com\/wp-content\/uploads\/2024\/07\/57-400x400.jpg 400w, https:\/\/phukienphattai.com\/wp-content\/uploads\/2024\/07\/57-600x600.jpg 600w, https:\/\/phukienphattai.com\/wp-content\/uploads\/2024\/07\/57-100x100.jpg 100w\" sizes=\"(max-width: 800px) 100vw, 800px\" \/><\/p>\n","protected":false},"excerpt":{"rendered":"","protected":false},"featured_media":6845,"comment_status":"open","ping_status":"closed","template":"","meta":[],"product_brand":[],"product_cat":[57,26],"product_tag":[],"class_list":{"0":"post-6821","1":"product","2":"type-product","3":"status-publish","4":"has-post-thumbnail","6":"product_cat-chai-nuoc-dam-cuoi","7":"product_cat-in-an","8":"latest_post","10":"first","11":"instock","12":"shipping-taxable","13":"product-type-simple"},"_links":{"self":[{"href":"https:\/\/phukienphattai.com\/index.php?rest_route=\/wp\/v2\/product\/6821","targetHints":{"allow":["GET"]}}],"collection":[{"href":"https:\/\/phukienphattai.com\/index.php?rest_route=\/wp\/v2\/product"}],"about":[{"href":"https:\/\/phukienphattai.com\/index.php?rest_route=\/wp\/v2\/types\/product"}],"replies":[{"embeddable":true,"href":"https:\/\/phukienphattai.com\/index.php?rest_route=%2Fwp%2Fv2%2Fcomments&post=6821"}],"version-history":[{"count":2,"href":"https:\/\/phukienphattai.com\/index.php?rest_route=\/wp\/v2\/product\/6821\/revisions"}],"predecessor-version":[{"id":7004,"href":"https:\/\/phukienphattai.com\/index.php?rest_route=\/wp\/v2\/product\/6821\/revisions\/7004"}],"wp:featuredmedia":[{"embeddable":true,"href":"https:\/\/phukienphattai.com\/index.php?rest_route=\/wp\/v2\/media\/6845"}],"wp:attachment":[{"href":"https:\/\/phukienphattai.com\/index.php?rest_route=%2Fwp%2Fv2%2Fmedia&parent=6821"}],"wp:term":[{"taxonomy":"product_brand","embeddable":true,"href":"https:\/\/phukienphattai.com\/index.php?rest_route=%2Fwp%2Fv2%2Fproduct_brand&post=6821"},{"taxonomy":"product_cat","embeddable":true,"href":"https:\/\/phukienphattai.com\/index.php?rest_route=%2Fwp%2Fv2%2Fproduct_cat&post=6821"},{"taxonomy":"product_tag","embeddable":true,"href":"https:\/\/phukienphattai.com\/index.php?rest_route=%2Fwp%2Fv2%2Fproduct_tag&post=6821"}],"curies":[{"name":"wp","href":"https:\/\/api.w.org\/{rel}","templated":true}]}}