{"id":6848,"date":"2024-07-29T16:53:45","date_gmt":"2024-07-29T16:53:45","guid":{"rendered":"http:\/\/phukienphattai.com\/?post_type=product&#038;p=6848"},"modified":"2024-07-29T16:53:45","modified_gmt":"2024-07-29T16:53:45","slug":"bang-chu-hy-trang-tri-dam-cuoi","status":"publish","type":"product","link":"https:\/\/phukienphattai.com\/?product=bang-chu-hy-trang-tri-dam-cuoi","title":{"rendered":"B\u1ea3ng ch\u1eef H\u1ef7 trang tr\u00ed \u0111\u00e1m c\u01b0\u1edbi"},"content":{"rendered":"<p><img fetchpriority=\"high\" decoding=\"async\" class=\"alignnone size-full wp-image-6851\" src=\"https:\/\/phukienphattai.com\/wp-content\/uploads\/2024\/07\/1.png\" alt=\"\" width=\"700\" height=\"700\" srcset=\"https:\/\/phukienphattai.com\/wp-content\/uploads\/2024\/07\/1.png 700w, https:\/\/phukienphattai.com\/wp-content\/uploads\/2024\/07\/1-300x300.png 300w, https:\/\/phukienphattai.com\/wp-content\/uploads\/2024\/07\/1-150x150.png 150w, https:\/\/phukienphattai.com\/wp-content\/uploads\/2024\/07\/1-400x400.png 400w, https:\/\/phukienphattai.com\/wp-content\/uploads\/2024\/07\/1-600x600.png 600w, https:\/\/phukienphattai.com\/wp-content\/uploads\/2024\/07\/1-100x100.png 100w\" sizes=\"(max-width: 700px) 100vw, 700px\" \/> <img decoding=\"async\" class=\"alignnone size-full wp-image-6852\" src=\"https:\/\/phukienphattai.com\/wp-content\/uploads\/2024\/07\/2.png\" alt=\"\" width=\"700\" height=\"700\" srcset=\"https:\/\/phukienphattai.com\/wp-content\/uploads\/2024\/07\/2.png 700w, https:\/\/phukienphattai.com\/wp-content\/uploads\/2024\/07\/2-300x300.png 300w, https:\/\/phukienphattai.com\/wp-content\/uploads\/2024\/07\/2-150x150.png 150w, https:\/\/phukienphattai.com\/wp-content\/uploads\/2024\/07\/2-400x400.png 400w, https:\/\/phukienphattai.com\/wp-content\/uploads\/2024\/07\/2-600x600.png 600w, https:\/\/phukienphattai.com\/wp-content\/uploads\/2024\/07\/2-100x100.png 100w\" sizes=\"(max-width: 700px) 100vw, 700px\" \/> <img decoding=\"async\" class=\"alignnone size-full wp-image-6853\" src=\"https:\/\/phukienphattai.com\/wp-content\/uploads\/2024\/07\/3.png\" alt=\"\" width=\"700\" height=\"700\" srcset=\"https:\/\/phukienphattai.com\/wp-content\/uploads\/2024\/07\/3.png 700w, https:\/\/phukienphattai.com\/wp-content\/uploads\/2024\/07\/3-300x300.png 300w, https:\/\/phukienphattai.com\/wp-content\/uploads\/2024\/07\/3-150x150.png 150w, https:\/\/phukienphattai.com\/wp-content\/uploads\/2024\/07\/3-400x400.png 400w, https:\/\/phukienphattai.com\/wp-content\/uploads\/2024\/07\/3-600x600.png 600w, https:\/\/phukienphattai.com\/wp-content\/uploads\/2024\/07\/3-100x100.png 100w\" sizes=\"(max-width: 700px) 100vw, 700px\" \/> <img loading=\"lazy\" decoding=\"async\" class=\"alignnone size-full wp-image-6854\" src=\"https:\/\/phukienphattai.com\/wp-content\/uploads\/2024\/07\/4.png\" alt=\"\" width=\"700\" height=\"700\" srcset=\"https:\/\/phukienphattai.com\/wp-content\/uploads\/2024\/07\/4.png 700w, https:\/\/phukienphattai.com\/wp-content\/uploads\/2024\/07\/4-300x300.png 300w, https:\/\/phukienphattai.com\/wp-content\/uploads\/2024\/07\/4-150x150.png 150w, https:\/\/phukienphattai.com\/wp-content\/uploads\/2024\/07\/4-400x400.png 400w, https:\/\/phukienphattai.com\/wp-content\/uploads\/2024\/07\/4-600x600.png 600w, https:\/\/phukienphattai.com\/wp-content\/uploads\/2024\/07\/4-100x100.png 100w\" sizes=\"(max-width: 700px) 100vw, 700px\" \/> <img loading=\"lazy\" decoding=\"async\" class=\"alignnone size-full wp-image-6855\" src=\"https:\/\/phukienphattai.com\/wp-content\/uploads\/2024\/07\/5.png\" alt=\"\" width=\"700\" height=\"700\" srcset=\"https:\/\/phukienphattai.com\/wp-content\/uploads\/2024\/07\/5.png 700w, https:\/\/phukienphattai.com\/wp-content\/uploads\/2024\/07\/5-300x300.png 300w, https:\/\/phukienphattai.com\/wp-content\/uploads\/2024\/07\/5-150x150.png 150w, https:\/\/phukienphattai.com\/wp-content\/uploads\/2024\/07\/5-400x400.png 400w, https:\/\/phukienphattai.com\/wp-content\/uploads\/2024\/07\/5-600x600.png 600w, https:\/\/phukienphattai.com\/wp-content\/uploads\/2024\/07\/5-100x100.png 100w\" sizes=\"(max-width: 700px) 100vw, 700px\" \/> <img loading=\"lazy\" decoding=\"async\" class=\"alignnone size-full wp-image-6856\" src=\"https:\/\/phukienphattai.com\/wp-content\/uploads\/2024\/07\/6.png\" alt=\"\" width=\"700\" height=\"700\" srcset=\"https:\/\/phukienphattai.com\/wp-content\/uploads\/2024\/07\/6.png 700w, https:\/\/phukienphattai.com\/wp-content\/uploads\/2024\/07\/6-300x300.png 300w, https:\/\/phukienphattai.com\/wp-content\/uploads\/2024\/07\/6-150x150.png 150w, https:\/\/phukienphattai.com\/wp-content\/uploads\/2024\/07\/6-400x400.png 400w, https:\/\/phukienphattai.com\/wp-content\/uploads\/2024\/07\/6-600x600.png 600w, https:\/\/phukienphattai.com\/wp-content\/uploads\/2024\/07\/6-100x100.png 100w\" sizes=\"(max-width: 700px) 100vw, 700px\" \/> <img loading=\"lazy\" decoding=\"async\" class=\"alignnone size-full wp-image-6857\" src=\"https:\/\/phukienphattai.com\/wp-content\/uploads\/2024\/07\/7.png\" alt=\"\" width=\"700\" height=\"700\" srcset=\"https:\/\/phukienphattai.com\/wp-content\/uploads\/2024\/07\/7.png 700w, https:\/\/phukienphattai.com\/wp-content\/uploads\/2024\/07\/7-300x300.png 300w, https:\/\/phukienphattai.com\/wp-content\/uploads\/2024\/07\/7-150x150.png 150w, https:\/\/phukienphattai.com\/wp-content\/uploads\/2024\/07\/7-400x400.png 400w, https:\/\/phukienphattai.com\/wp-content\/uploads\/2024\/07\/7-600x600.png 600w, https:\/\/phukienphattai.com\/wp-content\/uploads\/2024\/07\/7-100x100.png 100w\" sizes=\"(max-width: 700px) 100vw, 700px\" \/> <img loading=\"lazy\" decoding=\"async\" class=\"alignnone size-full wp-image-6858\" src=\"https:\/\/phukienphattai.com\/wp-content\/uploads\/2024\/07\/8.png\" alt=\"\" width=\"700\" height=\"700\" srcset=\"https:\/\/phukienphattai.com\/wp-content\/uploads\/2024\/07\/8.png 700w, https:\/\/phukienphattai.com\/wp-content\/uploads\/2024\/07\/8-300x300.png 300w, https:\/\/phukienphattai.com\/wp-content\/uploads\/2024\/07\/8-150x150.png 150w, https:\/\/phukienphattai.com\/wp-content\/uploads\/2024\/07\/8-400x400.png 400w, https:\/\/phukienphattai.com\/wp-content\/uploads\/2024\/07\/8-600x600.png 600w, https:\/\/phukienphattai.com\/wp-content\/uploads\/2024\/07\/8-100x100.png 100w\" sizes=\"(max-width: 700px) 100vw, 700px\" \/> <img loading=\"lazy\" decoding=\"async\" class=\"alignnone size-full wp-image-6859\" src=\"https:\/\/phukienphattai.com\/wp-content\/uploads\/2024\/07\/9.png\" alt=\"\" width=\"700\" height=\"700\" srcset=\"https:\/\/phukienphattai.com\/wp-content\/uploads\/2024\/07\/9.png 700w, https:\/\/phukienphattai.com\/wp-content\/uploads\/2024\/07\/9-300x300.png 300w, https:\/\/phukienphattai.com\/wp-content\/uploads\/2024\/07\/9-150x150.png 150w, https:\/\/phukienphattai.com\/wp-content\/uploads\/2024\/07\/9-400x400.png 400w, https:\/\/phukienphattai.com\/wp-content\/uploads\/2024\/07\/9-600x600.png 600w, https:\/\/phukienphattai.com\/wp-content\/uploads\/2024\/07\/9-100x100.png 100w\" sizes=\"(max-width: 700px) 100vw, 700px\" \/> <img loading=\"lazy\" decoding=\"async\" class=\"alignnone size-full wp-image-6860\" src=\"https:\/\/phukienphattai.com\/wp-content\/uploads\/2024\/07\/10.png\" alt=\"\" width=\"700\" height=\"700\" srcset=\"https:\/\/phukienphattai.com\/wp-content\/uploads\/2024\/07\/10.png 700w, https:\/\/phukienphattai.com\/wp-content\/uploads\/2024\/07\/10-300x300.png 300w, https:\/\/phukienphattai.com\/wp-content\/uploads\/2024\/07\/10-150x150.png 150w, https:\/\/phukienphattai.com\/wp-content\/uploads\/2024\/07\/10-400x400.png 400w, https:\/\/phukienphattai.com\/wp-content\/uploads\/2024\/07\/10-600x600.png 600w, https:\/\/phukienphattai.com\/wp-content\/uploads\/2024\/07\/10-100x100.png 100w\" sizes=\"(max-width: 700px) 100vw, 700px\" \/> <img loading=\"lazy\" decoding=\"async\" class=\"alignnone size-full wp-image-6861\" src=\"https:\/\/phukienphattai.com\/wp-content\/uploads\/2024\/07\/11.png\" alt=\"\" width=\"700\" height=\"700\" srcset=\"https:\/\/phukienphattai.com\/wp-content\/uploads\/2024\/07\/11.png 700w, https:\/\/phukienphattai.com\/wp-content\/uploads\/2024\/07\/11-300x300.png 300w, https:\/\/phukienphattai.com\/wp-content\/uploads\/2024\/07\/11-150x150.png 150w, https:\/\/phukienphattai.com\/wp-content\/uploads\/2024\/07\/11-400x400.png 400w, https:\/\/phukienphattai.com\/wp-content\/uploads\/2024\/07\/11-600x600.png 600w, https:\/\/phukienphattai.com\/wp-content\/uploads\/2024\/07\/11-100x100.png 100w\" sizes=\"(max-width: 700px) 100vw, 700px\" \/> <img loading=\"lazy\" decoding=\"async\" class=\"alignnone size-full wp-image-6862\" src=\"https:\/\/phukienphattai.com\/wp-content\/uploads\/2024\/07\/12.png\" alt=\"\" width=\"700\" height=\"700\" srcset=\"https:\/\/phukienphattai.com\/wp-content\/uploads\/2024\/07\/12.png 700w, https:\/\/phukienphattai.com\/wp-content\/uploads\/2024\/07\/12-300x300.png 300w, https:\/\/phukienphattai.com\/wp-content\/uploads\/2024\/07\/12-150x150.png 150w, https:\/\/phukienphattai.com\/wp-content\/uploads\/2024\/07\/12-400x400.png 400w, https:\/\/phukienphattai.com\/wp-content\/uploads\/2024\/07\/12-600x600.png 600w, https:\/\/phukienphattai.com\/wp-content\/uploads\/2024\/07\/12-100x100.png 100w\" sizes=\"(max-width: 700px) 100vw, 700px\" \/> <img loading=\"lazy\" decoding=\"async\" class=\"alignnone size-full wp-image-6863\" src=\"https:\/\/phukienphattai.com\/wp-content\/uploads\/2024\/07\/13.png\" alt=\"\" width=\"700\" height=\"700\" srcset=\"https:\/\/phukienphattai.com\/wp-content\/uploads\/2024\/07\/13.png 700w, https:\/\/phukienphattai.com\/wp-content\/uploads\/2024\/07\/13-300x300.png 300w, https:\/\/phukienphattai.com\/wp-content\/uploads\/2024\/07\/13-150x150.png 150w, https:\/\/phukienphattai.com\/wp-content\/uploads\/2024\/07\/13-400x400.png 400w, https:\/\/phukienphattai.com\/wp-content\/uploads\/2024\/07\/13-600x600.png 600w, https:\/\/phukienphattai.com\/wp-content\/uploads\/2024\/07\/13-100x100.png 100w\" sizes=\"(max-width: 700px) 100vw, 700px\" \/> <img loading=\"lazy\" decoding=\"async\" class=\"alignnone size-full wp-image-6864\" src=\"https:\/\/phukienphattai.com\/wp-content\/uploads\/2024\/07\/14.png\" alt=\"\" width=\"700\" height=\"700\" srcset=\"https:\/\/phukienphattai.com\/wp-content\/uploads\/2024\/07\/14.png 700w, https:\/\/phukienphattai.com\/wp-content\/uploads\/2024\/07\/14-300x300.png 300w, https:\/\/phukienphattai.com\/wp-content\/uploads\/2024\/07\/14-150x150.png 150w, https:\/\/phukienphattai.com\/wp-content\/uploads\/2024\/07\/14-400x400.png 400w, https:\/\/phukienphattai.com\/wp-content\/uploads\/2024\/07\/14-600x600.png 600w, https:\/\/phukienphattai.com\/wp-content\/uploads\/2024\/07\/14-100x100.png 100w\" sizes=\"(max-width: 700px) 100vw, 700px\" \/> <img loading=\"lazy\" decoding=\"async\" class=\"alignnone size-full wp-image-6865\" src=\"https:\/\/phukienphattai.com\/wp-content\/uploads\/2024\/07\/15.png\" alt=\"\" width=\"700\" height=\"700\" srcset=\"https:\/\/phukienphattai.com\/wp-content\/uploads\/2024\/07\/15.png 700w, https:\/\/phukienphattai.com\/wp-content\/uploads\/2024\/07\/15-300x300.png 300w, https:\/\/phukienphattai.com\/wp-content\/uploads\/2024\/07\/15-150x150.png 150w, https:\/\/phukienphattai.com\/wp-content\/uploads\/2024\/07\/15-400x400.png 400w, https:\/\/phukienphattai.com\/wp-content\/uploads\/2024\/07\/15-600x600.png 600w, https:\/\/phukienphattai.com\/wp-content\/uploads\/2024\/07\/15-100x100.png 100w\" sizes=\"(max-width: 700px) 100vw, 700px\" \/> <img loading=\"lazy\" decoding=\"async\" class=\"alignnone size-full wp-image-6866\" src=\"https:\/\/phukienphattai.com\/wp-content\/uploads\/2024\/07\/16.png\" alt=\"\" width=\"700\" height=\"700\" srcset=\"https:\/\/phukienphattai.com\/wp-content\/uploads\/2024\/07\/16.png 700w, https:\/\/phukienphattai.com\/wp-content\/uploads\/2024\/07\/16-300x300.png 300w, https:\/\/phukienphattai.com\/wp-content\/uploads\/2024\/07\/16-150x150.png 150w, https:\/\/phukienphattai.com\/wp-content\/uploads\/2024\/07\/16-400x400.png 400w, https:\/\/phukienphattai.com\/wp-content\/uploads\/2024\/07\/16-600x600.png 600w, https:\/\/phukienphattai.com\/wp-content\/uploads\/2024\/07\/16-100x100.png 100w\" sizes=\"(max-width: 700px) 100vw, 700px\" \/> <img loading=\"lazy\" decoding=\"async\" class=\"alignnone size-full wp-image-6867\" src=\"https:\/\/phukienphattai.com\/wp-content\/uploads\/2024\/07\/17.png\" alt=\"\" width=\"700\" height=\"700\" srcset=\"https:\/\/phukienphattai.com\/wp-content\/uploads\/2024\/07\/17.png 700w, https:\/\/phukienphattai.com\/wp-content\/uploads\/2024\/07\/17-300x300.png 300w, https:\/\/phukienphattai.com\/wp-content\/uploads\/2024\/07\/17-150x150.png 150w, https:\/\/phukienphattai.com\/wp-content\/uploads\/2024\/07\/17-400x400.png 400w, https:\/\/phukienphattai.com\/wp-content\/uploads\/2024\/07\/17-600x600.png 600w, https:\/\/phukienphattai.com\/wp-content\/uploads\/2024\/07\/17-100x100.png 100w\" sizes=\"(max-width: 700px) 100vw, 700px\" \/> <img loading=\"lazy\" decoding=\"async\" class=\"alignnone size-full wp-image-6868\" src=\"https:\/\/phukienphattai.com\/wp-content\/uploads\/2024\/07\/18.png\" alt=\"\" width=\"700\" height=\"700\" srcset=\"https:\/\/phukienphattai.com\/wp-content\/uploads\/2024\/07\/18.png 700w, https:\/\/phukienphattai.com\/wp-content\/uploads\/2024\/07\/18-300x300.png 300w, https:\/\/phukienphattai.com\/wp-content\/uploads\/2024\/07\/18-150x150.png 150w, https:\/\/phukienphattai.com\/wp-content\/uploads\/2024\/07\/18-400x400.png 400w, https:\/\/phukienphattai.com\/wp-content\/uploads\/2024\/07\/18-600x600.png 600w, https:\/\/phukienphattai.com\/wp-content\/uploads\/2024\/07\/18-100x100.png 100w\" sizes=\"(max-width: 700px) 100vw, 700px\" \/><\/p>\n","protected":false},"excerpt":{"rendered":"","protected":false},"featured_media":6849,"comment_status":"open","ping_status":"closed","template":"","meta":[],"product_brand":[],"product_cat":[39,26],"product_tag":[],"class_list":{"0":"post-6848","1":"product","2":"type-product","3":"status-publish","4":"has-post-thumbnail","6":"product_cat-trang-tri-dam-cuoi","7":"product_cat-in-an","8":"latest_post","10":"first","11":"instock","12":"shipping-taxable","13":"product-type-simple"},"_links":{"self":[{"href":"https:\/\/phukienphattai.com\/index.php?rest_route=\/wp\/v2\/product\/6848","targetHints":{"allow":["GET"]}}],"collection":[{"href":"https:\/\/phukienphattai.com\/index.php?rest_route=\/wp\/v2\/product"}],"about":[{"href":"https:\/\/phukienphattai.com\/index.php?rest_route=\/wp\/v2\/types\/product"}],"replies":[{"embeddable":true,"href":"https:\/\/phukienphattai.com\/index.php?rest_route=%2Fwp%2Fv2%2Fcomments&post=6848"}],"version-history":[{"count":1,"href":"https:\/\/phukienphattai.com\/index.php?rest_route=\/wp\/v2\/product\/6848\/revisions"}],"predecessor-version":[{"id":6869,"href":"https:\/\/phukienphattai.com\/index.php?rest_route=\/wp\/v2\/product\/6848\/revisions\/6869"}],"wp:featuredmedia":[{"embeddable":true,"href":"https:\/\/phukienphattai.com\/index.php?rest_route=\/wp\/v2\/media\/6849"}],"wp:attachment":[{"href":"https:\/\/phukienphattai.com\/index.php?rest_route=%2Fwp%2Fv2%2Fmedia&parent=6848"}],"wp:term":[{"taxonomy":"product_brand","embeddable":true,"href":"https:\/\/phukienphattai.com\/index.php?rest_route=%2Fwp%2Fv2%2Fproduct_brand&post=6848"},{"taxonomy":"product_cat","embeddable":true,"href":"https:\/\/phukienphattai.com\/index.php?rest_route=%2Fwp%2Fv2%2Fproduct_cat&post=6848"},{"taxonomy":"product_tag","embeddable":true,"href":"https:\/\/phukienphattai.com\/index.php?rest_route=%2Fwp%2Fv2%2Fproduct_tag&post=6848"}],"curies":[{"name":"wp","href":"https:\/\/api.w.org\/{rel}","templated":true}]}}