{"id":6896,"date":"2024-08-12T03:32:54","date_gmt":"2024-08-12T03:32:54","guid":{"rendered":"http:\/\/phukienphattai.com\/?post_type=product&#038;p=6896"},"modified":"2025-12-19T09:01:39","modified_gmt":"2025-12-19T09:01:39","slug":"in-hoa-don-4-mau","status":"publish","type":"product","link":"https:\/\/phukienphattai.com\/?product=in-hoa-don-4-mau","title":{"rendered":"In H\u00f3a \u0110\u01a1n 4 M\u00e0u"},"content":{"rendered":"<p>Quy c\u00e1ch:<br \/>\n&#8211; In tr\u00ean ch\u1ea5t li\u1ec7u gi\u1ea5y carbonless, 4 m\u00e0u (CYMK), 1 m\u1eb7t<br \/>\n&#8211; R\u0103ng c\u01b0a, \u0111\u00f3ng cu\u1ed1n th\u00e0nh ph\u1ea9m, b\u00eca kh\u00f4ng in ho\u1eb7c in theo m\u1eabu c\u00f3 s\u1eb5n (in b\u00eca ri\u00eang vui l\u00f2ng li\u00ean h\u1ec7 b\u00e1o gi\u00e1)<br \/>\n&#8211; \u0110\u1ed1i v\u1edbi 1 li\u00ean: Tr\u1eafng (100 t\u1edd)<br \/>\n&#8211; \u0110\u1ed1i v\u1edbi 2 li\u00ean: Tr\u1eafng \u0111\u1ea7u &#8211; H\u1ed3ng cu\u1ed1i (50 b\u1ed9\/cu\u1ed1n &#8211; 100 t\u1edd)<br \/>\n&#8211; \u0110\u1ed1i v\u1edbi 3 li\u00ean: Tr\u1eafng \u0111\u1ea7u &#8211; H\u1ed3ng gi\u1eefa &#8211; Xanh cu\u1ed1i (50 b\u1ed9\/cu\u1ed1n &#8211; 150 t\u1edd)<br \/>\n&#8211; M\u1eabu: ch\u1ecdn m\u1eabu c\u00f3 s\u1eb5n c\u1ee7a shop (shop h\u1ed7 tr\u1ee3 \u0111\u1ed5i th\u00f4ng tin c\u00e1 nh\u00e2n\/doanh nghi\u1ec7p theo m\u1eabu c\u00f3 s\u1eb5n),<br \/>\nn\u1ebfu thi\u1ebft k\u1ebf m\u1eabu ri\u00eang theo y\u00eau c\u1ea7u c\u00f3 th\u00eam ph\u00ed thi\u1ebft k\u1ebf (vui l\u00f2ng li\u00ean h\u1ec7 b\u00e1o gi\u00e1)<\/p>\n<p><img fetchpriority=\"high\" decoding=\"async\" class=\"alignnone size-full wp-image-6924\" src=\"https:\/\/phukienphattai.com\/wp-content\/uploads\/2024\/08\/Screenshot-2024-08-12-103342-1.png\" alt=\"\" width=\"1312\" height=\"236\" srcset=\"https:\/\/phukienphattai.com\/wp-content\/uploads\/2024\/08\/Screenshot-2024-08-12-103342-1.png 1312w, https:\/\/phukienphattai.com\/wp-content\/uploads\/2024\/08\/Screenshot-2024-08-12-103342-1-300x54.png 300w, https:\/\/phukienphattai.com\/wp-content\/uploads\/2024\/08\/Screenshot-2024-08-12-103342-1-1024x184.png 1024w, https:\/\/phukienphattai.com\/wp-content\/uploads\/2024\/08\/Screenshot-2024-08-12-103342-1-768x138.png 768w, https:\/\/phukienphattai.com\/wp-content\/uploads\/2024\/08\/Screenshot-2024-08-12-103342-1-1308x236.png 1308w, https:\/\/phukienphattai.com\/wp-content\/uploads\/2024\/08\/Screenshot-2024-08-12-103342-1-600x108.png 600w\" sizes=\"(max-width: 1312px) 100vw, 1312px\" \/><\/p>\n<p><img decoding=\"async\" class=\"alignnone size-full wp-image-6901\" src=\"https:\/\/phukienphattai.com\/wp-content\/uploads\/2024\/08\/1.png\" alt=\"\" width=\"800\" height=\"800\" srcset=\"https:\/\/phukienphattai.com\/wp-content\/uploads\/2024\/08\/1.png 800w, https:\/\/phukienphattai.com\/wp-content\/uploads\/2024\/08\/1-300x300.png 300w, https:\/\/phukienphattai.com\/wp-content\/uploads\/2024\/08\/1-150x150.png 150w, https:\/\/phukienphattai.com\/wp-content\/uploads\/2024\/08\/1-768x768.png 768w, https:\/\/phukienphattai.com\/wp-content\/uploads\/2024\/08\/1-400x400.png 400w, https:\/\/phukienphattai.com\/wp-content\/uploads\/2024\/08\/1-600x600.png 600w, https:\/\/phukienphattai.com\/wp-content\/uploads\/2024\/08\/1-100x100.png 100w\" sizes=\"(max-width: 800px) 100vw, 800px\" \/> <img decoding=\"async\" class=\"alignnone size-full wp-image-6902\" src=\"https:\/\/phukienphattai.com\/wp-content\/uploads\/2024\/08\/2.png\" alt=\"\" width=\"800\" height=\"800\" srcset=\"https:\/\/phukienphattai.com\/wp-content\/uploads\/2024\/08\/2.png 800w, https:\/\/phukienphattai.com\/wp-content\/uploads\/2024\/08\/2-300x300.png 300w, https:\/\/phukienphattai.com\/wp-content\/uploads\/2024\/08\/2-150x150.png 150w, https:\/\/phukienphattai.com\/wp-content\/uploads\/2024\/08\/2-768x768.png 768w, https:\/\/phukienphattai.com\/wp-content\/uploads\/2024\/08\/2-400x400.png 400w, https:\/\/phukienphattai.com\/wp-content\/uploads\/2024\/08\/2-600x600.png 600w, https:\/\/phukienphattai.com\/wp-content\/uploads\/2024\/08\/2-100x100.png 100w\" sizes=\"(max-width: 800px) 100vw, 800px\" \/> <img loading=\"lazy\" decoding=\"async\" class=\"alignnone size-full wp-image-6903\" src=\"https:\/\/phukienphattai.com\/wp-content\/uploads\/2024\/08\/3.png\" alt=\"\" width=\"800\" height=\"800\" srcset=\"https:\/\/phukienphattai.com\/wp-content\/uploads\/2024\/08\/3.png 800w, https:\/\/phukienphattai.com\/wp-content\/uploads\/2024\/08\/3-300x300.png 300w, https:\/\/phukienphattai.com\/wp-content\/uploads\/2024\/08\/3-150x150.png 150w, https:\/\/phukienphattai.com\/wp-content\/uploads\/2024\/08\/3-768x768.png 768w, https:\/\/phukienphattai.com\/wp-content\/uploads\/2024\/08\/3-400x400.png 400w, https:\/\/phukienphattai.com\/wp-content\/uploads\/2024\/08\/3-600x600.png 600w, https:\/\/phukienphattai.com\/wp-content\/uploads\/2024\/08\/3-100x100.png 100w\" sizes=\"(max-width: 800px) 100vw, 800px\" \/> <img loading=\"lazy\" decoding=\"async\" class=\"alignnone size-full wp-image-6904\" src=\"https:\/\/phukienphattai.com\/wp-content\/uploads\/2024\/08\/4.png\" alt=\"\" width=\"800\" height=\"800\" srcset=\"https:\/\/phukienphattai.com\/wp-content\/uploads\/2024\/08\/4.png 800w, https:\/\/phukienphattai.com\/wp-content\/uploads\/2024\/08\/4-300x300.png 300w, https:\/\/phukienphattai.com\/wp-content\/uploads\/2024\/08\/4-150x150.png 150w, https:\/\/phukienphattai.com\/wp-content\/uploads\/2024\/08\/4-768x768.png 768w, https:\/\/phukienphattai.com\/wp-content\/uploads\/2024\/08\/4-400x400.png 400w, https:\/\/phukienphattai.com\/wp-content\/uploads\/2024\/08\/4-600x600.png 600w, https:\/\/phukienphattai.com\/wp-content\/uploads\/2024\/08\/4-100x100.png 100w\" sizes=\"(max-width: 800px) 100vw, 800px\" \/> <img loading=\"lazy\" decoding=\"async\" class=\"alignnone size-full wp-image-6905\" src=\"https:\/\/phukienphattai.com\/wp-content\/uploads\/2024\/08\/5.png\" alt=\"\" width=\"800\" height=\"800\" srcset=\"https:\/\/phukienphattai.com\/wp-content\/uploads\/2024\/08\/5.png 800w, https:\/\/phukienphattai.com\/wp-content\/uploads\/2024\/08\/5-300x300.png 300w, https:\/\/phukienphattai.com\/wp-content\/uploads\/2024\/08\/5-150x150.png 150w, https:\/\/phukienphattai.com\/wp-content\/uploads\/2024\/08\/5-768x768.png 768w, https:\/\/phukienphattai.com\/wp-content\/uploads\/2024\/08\/5-400x400.png 400w, https:\/\/phukienphattai.com\/wp-content\/uploads\/2024\/08\/5-600x600.png 600w, https:\/\/phukienphattai.com\/wp-content\/uploads\/2024\/08\/5-100x100.png 100w\" sizes=\"(max-width: 800px) 100vw, 800px\" \/> <img loading=\"lazy\" decoding=\"async\" class=\"alignnone size-full wp-image-6906\" src=\"https:\/\/phukienphattai.com\/wp-content\/uploads\/2024\/08\/6.png\" alt=\"\" width=\"800\" height=\"800\" srcset=\"https:\/\/phukienphattai.com\/wp-content\/uploads\/2024\/08\/6.png 800w, https:\/\/phukienphattai.com\/wp-content\/uploads\/2024\/08\/6-300x300.png 300w, https:\/\/phukienphattai.com\/wp-content\/uploads\/2024\/08\/6-150x150.png 150w, https:\/\/phukienphattai.com\/wp-content\/uploads\/2024\/08\/6-768x768.png 768w, https:\/\/phukienphattai.com\/wp-content\/uploads\/2024\/08\/6-400x400.png 400w, https:\/\/phukienphattai.com\/wp-content\/uploads\/2024\/08\/6-600x600.png 600w, https:\/\/phukienphattai.com\/wp-content\/uploads\/2024\/08\/6-100x100.png 100w\" sizes=\"(max-width: 800px) 100vw, 800px\" \/> <img loading=\"lazy\" decoding=\"async\" class=\"alignnone size-full wp-image-6907\" src=\"https:\/\/phukienphattai.com\/wp-content\/uploads\/2024\/08\/7.png\" alt=\"\" width=\"800\" height=\"800\" srcset=\"https:\/\/phukienphattai.com\/wp-content\/uploads\/2024\/08\/7.png 800w, https:\/\/phukienphattai.com\/wp-content\/uploads\/2024\/08\/7-300x300.png 300w, https:\/\/phukienphattai.com\/wp-content\/uploads\/2024\/08\/7-150x150.png 150w, https:\/\/phukienphattai.com\/wp-content\/uploads\/2024\/08\/7-768x768.png 768w, https:\/\/phukienphattai.com\/wp-content\/uploads\/2024\/08\/7-400x400.png 400w, https:\/\/phukienphattai.com\/wp-content\/uploads\/2024\/08\/7-600x600.png 600w, https:\/\/phukienphattai.com\/wp-content\/uploads\/2024\/08\/7-100x100.png 100w\" sizes=\"(max-width: 800px) 100vw, 800px\" \/> <img loading=\"lazy\" decoding=\"async\" class=\"alignnone size-full wp-image-6908\" src=\"https:\/\/phukienphattai.com\/wp-content\/uploads\/2024\/08\/8.png\" alt=\"\" width=\"800\" height=\"800\" srcset=\"https:\/\/phukienphattai.com\/wp-content\/uploads\/2024\/08\/8.png 800w, https:\/\/phukienphattai.com\/wp-content\/uploads\/2024\/08\/8-300x300.png 300w, https:\/\/phukienphattai.com\/wp-content\/uploads\/2024\/08\/8-150x150.png 150w, https:\/\/phukienphattai.com\/wp-content\/uploads\/2024\/08\/8-768x768.png 768w, https:\/\/phukienphattai.com\/wp-content\/uploads\/2024\/08\/8-400x400.png 400w, https:\/\/phukienphattai.com\/wp-content\/uploads\/2024\/08\/8-600x600.png 600w, https:\/\/phukienphattai.com\/wp-content\/uploads\/2024\/08\/8-100x100.png 100w\" sizes=\"(max-width: 800px) 100vw, 800px\" \/> <img loading=\"lazy\" decoding=\"async\" class=\"alignnone size-full wp-image-6909\" src=\"https:\/\/phukienphattai.com\/wp-content\/uploads\/2024\/08\/9.png\" alt=\"\" width=\"800\" height=\"800\" srcset=\"https:\/\/phukienphattai.com\/wp-content\/uploads\/2024\/08\/9.png 800w, https:\/\/phukienphattai.com\/wp-content\/uploads\/2024\/08\/9-300x300.png 300w, https:\/\/phukienphattai.com\/wp-content\/uploads\/2024\/08\/9-150x150.png 150w, https:\/\/phukienphattai.com\/wp-content\/uploads\/2024\/08\/9-768x768.png 768w, https:\/\/phukienphattai.com\/wp-content\/uploads\/2024\/08\/9-400x400.png 400w, https:\/\/phukienphattai.com\/wp-content\/uploads\/2024\/08\/9-600x600.png 600w, https:\/\/phukienphattai.com\/wp-content\/uploads\/2024\/08\/9-100x100.png 100w\" sizes=\"(max-width: 800px) 100vw, 800px\" \/> <img loading=\"lazy\" decoding=\"async\" class=\"alignnone size-full wp-image-6910\" src=\"https:\/\/phukienphattai.com\/wp-content\/uploads\/2024\/08\/10.png\" alt=\"\" width=\"800\" height=\"800\" srcset=\"https:\/\/phukienphattai.com\/wp-content\/uploads\/2024\/08\/10.png 800w, https:\/\/phukienphattai.com\/wp-content\/uploads\/2024\/08\/10-300x300.png 300w, https:\/\/phukienphattai.com\/wp-content\/uploads\/2024\/08\/10-150x150.png 150w, https:\/\/phukienphattai.com\/wp-content\/uploads\/2024\/08\/10-768x768.png 768w, https:\/\/phukienphattai.com\/wp-content\/uploads\/2024\/08\/10-400x400.png 400w, https:\/\/phukienphattai.com\/wp-content\/uploads\/2024\/08\/10-600x600.png 600w, https:\/\/phukienphattai.com\/wp-content\/uploads\/2024\/08\/10-100x100.png 100w\" sizes=\"(max-width: 800px) 100vw, 800px\" \/> <img loading=\"lazy\" decoding=\"async\" class=\"alignnone size-full wp-image-6911\" src=\"https:\/\/phukienphattai.com\/wp-content\/uploads\/2024\/08\/11.png\" alt=\"\" width=\"800\" height=\"800\" srcset=\"https:\/\/phukienphattai.com\/wp-content\/uploads\/2024\/08\/11.png 800w, https:\/\/phukienphattai.com\/wp-content\/uploads\/2024\/08\/11-300x300.png 300w, https:\/\/phukienphattai.com\/wp-content\/uploads\/2024\/08\/11-150x150.png 150w, https:\/\/phukienphattai.com\/wp-content\/uploads\/2024\/08\/11-768x768.png 768w, https:\/\/phukienphattai.com\/wp-content\/uploads\/2024\/08\/11-400x400.png 400w, https:\/\/phukienphattai.com\/wp-content\/uploads\/2024\/08\/11-600x600.png 600w, https:\/\/phukienphattai.com\/wp-content\/uploads\/2024\/08\/11-100x100.png 100w\" sizes=\"(max-width: 800px) 100vw, 800px\" \/> <img loading=\"lazy\" decoding=\"async\" class=\"alignnone size-full wp-image-6912\" src=\"https:\/\/phukienphattai.com\/wp-content\/uploads\/2024\/08\/12.png\" alt=\"\" width=\"800\" height=\"800\" srcset=\"https:\/\/phukienphattai.com\/wp-content\/uploads\/2024\/08\/12.png 800w, https:\/\/phukienphattai.com\/wp-content\/uploads\/2024\/08\/12-300x300.png 300w, https:\/\/phukienphattai.com\/wp-content\/uploads\/2024\/08\/12-150x150.png 150w, https:\/\/phukienphattai.com\/wp-content\/uploads\/2024\/08\/12-768x768.png 768w, https:\/\/phukienphattai.com\/wp-content\/uploads\/2024\/08\/12-400x400.png 400w, https:\/\/phukienphattai.com\/wp-content\/uploads\/2024\/08\/12-600x600.png 600w, https:\/\/phukienphattai.com\/wp-content\/uploads\/2024\/08\/12-100x100.png 100w\" sizes=\"(max-width: 800px) 100vw, 800px\" \/> <img loading=\"lazy\" decoding=\"async\" class=\"alignnone size-full wp-image-6913\" src=\"https:\/\/phukienphattai.com\/wp-content\/uploads\/2024\/08\/13.png\" alt=\"\" width=\"800\" height=\"800\" srcset=\"https:\/\/phukienphattai.com\/wp-content\/uploads\/2024\/08\/13.png 800w, https:\/\/phukienphattai.com\/wp-content\/uploads\/2024\/08\/13-300x300.png 300w, https:\/\/phukienphattai.com\/wp-content\/uploads\/2024\/08\/13-150x150.png 150w, https:\/\/phukienphattai.com\/wp-content\/uploads\/2024\/08\/13-768x768.png 768w, https:\/\/phukienphattai.com\/wp-content\/uploads\/2024\/08\/13-400x400.png 400w, https:\/\/phukienphattai.com\/wp-content\/uploads\/2024\/08\/13-600x600.png 600w, https:\/\/phukienphattai.com\/wp-content\/uploads\/2024\/08\/13-100x100.png 100w\" sizes=\"(max-width: 800px) 100vw, 800px\" \/> <img loading=\"lazy\" decoding=\"async\" class=\"alignnone size-full wp-image-6914\" src=\"https:\/\/phukienphattai.com\/wp-content\/uploads\/2024\/08\/14.png\" alt=\"\" width=\"800\" height=\"800\" srcset=\"https:\/\/phukienphattai.com\/wp-content\/uploads\/2024\/08\/14.png 800w, https:\/\/phukienphattai.com\/wp-content\/uploads\/2024\/08\/14-300x300.png 300w, https:\/\/phukienphattai.com\/wp-content\/uploads\/2024\/08\/14-150x150.png 150w, https:\/\/phukienphattai.com\/wp-content\/uploads\/2024\/08\/14-768x768.png 768w, https:\/\/phukienphattai.com\/wp-content\/uploads\/2024\/08\/14-400x400.png 400w, https:\/\/phukienphattai.com\/wp-content\/uploads\/2024\/08\/14-600x600.png 600w, https:\/\/phukienphattai.com\/wp-content\/uploads\/2024\/08\/14-100x100.png 100w\" sizes=\"(max-width: 800px) 100vw, 800px\" \/> <img loading=\"lazy\" decoding=\"async\" class=\"alignnone size-full wp-image-6915\" src=\"https:\/\/phukienphattai.com\/wp-content\/uploads\/2024\/08\/15.png\" alt=\"\" width=\"800\" height=\"800\" srcset=\"https:\/\/phukienphattai.com\/wp-content\/uploads\/2024\/08\/15.png 800w, https:\/\/phukienphattai.com\/wp-content\/uploads\/2024\/08\/15-300x300.png 300w, https:\/\/phukienphattai.com\/wp-content\/uploads\/2024\/08\/15-150x150.png 150w, https:\/\/phukienphattai.com\/wp-content\/uploads\/2024\/08\/15-768x768.png 768w, https:\/\/phukienphattai.com\/wp-content\/uploads\/2024\/08\/15-400x400.png 400w, https:\/\/phukienphattai.com\/wp-content\/uploads\/2024\/08\/15-600x600.png 600w, https:\/\/phukienphattai.com\/wp-content\/uploads\/2024\/08\/15-100x100.png 100w\" sizes=\"(max-width: 800px) 100vw, 800px\" \/> <img loading=\"lazy\" decoding=\"async\" class=\"alignnone size-full wp-image-6916\" src=\"https:\/\/phukienphattai.com\/wp-content\/uploads\/2024\/08\/16.png\" alt=\"\" width=\"800\" height=\"800\" srcset=\"https:\/\/phukienphattai.com\/wp-content\/uploads\/2024\/08\/16.png 800w, https:\/\/phukienphattai.com\/wp-content\/uploads\/2024\/08\/16-300x300.png 300w, https:\/\/phukienphattai.com\/wp-content\/uploads\/2024\/08\/16-150x150.png 150w, https:\/\/phukienphattai.com\/wp-content\/uploads\/2024\/08\/16-768x768.png 768w, https:\/\/phukienphattai.com\/wp-content\/uploads\/2024\/08\/16-400x400.png 400w, https:\/\/phukienphattai.com\/wp-content\/uploads\/2024\/08\/16-600x600.png 600w, https:\/\/phukienphattai.com\/wp-content\/uploads\/2024\/08\/16-100x100.png 100w\" sizes=\"(max-width: 800px) 100vw, 800px\" \/> <img loading=\"lazy\" decoding=\"async\" class=\"alignnone size-full wp-image-6917\" src=\"https:\/\/phukienphattai.com\/wp-content\/uploads\/2024\/08\/17.png\" alt=\"\" width=\"800\" height=\"800\" srcset=\"https:\/\/phukienphattai.com\/wp-content\/uploads\/2024\/08\/17.png 800w, https:\/\/phukienphattai.com\/wp-content\/uploads\/2024\/08\/17-300x300.png 300w, https:\/\/phukienphattai.com\/wp-content\/uploads\/2024\/08\/17-150x150.png 150w, https:\/\/phukienphattai.com\/wp-content\/uploads\/2024\/08\/17-768x768.png 768w, https:\/\/phukienphattai.com\/wp-content\/uploads\/2024\/08\/17-400x400.png 400w, https:\/\/phukienphattai.com\/wp-content\/uploads\/2024\/08\/17-600x600.png 600w, https:\/\/phukienphattai.com\/wp-content\/uploads\/2024\/08\/17-100x100.png 100w\" sizes=\"(max-width: 800px) 100vw, 800px\" \/> <img loading=\"lazy\" decoding=\"async\" class=\"alignnone size-full wp-image-6918\" src=\"https:\/\/phukienphattai.com\/wp-content\/uploads\/2024\/08\/18.png\" alt=\"\" width=\"800\" height=\"800\" srcset=\"https:\/\/phukienphattai.com\/wp-content\/uploads\/2024\/08\/18.png 800w, https:\/\/phukienphattai.com\/wp-content\/uploads\/2024\/08\/18-300x300.png 300w, https:\/\/phukienphattai.com\/wp-content\/uploads\/2024\/08\/18-150x150.png 150w, https:\/\/phukienphattai.com\/wp-content\/uploads\/2024\/08\/18-768x768.png 768w, https:\/\/phukienphattai.com\/wp-content\/uploads\/2024\/08\/18-400x400.png 400w, https:\/\/phukienphattai.com\/wp-content\/uploads\/2024\/08\/18-600x600.png 600w, https:\/\/phukienphattai.com\/wp-content\/uploads\/2024\/08\/18-100x100.png 100w\" sizes=\"(max-width: 800px) 100vw, 800px\" \/> <img loading=\"lazy\" decoding=\"async\" class=\"alignnone size-full wp-image-6919\" src=\"https:\/\/phukienphattai.com\/wp-content\/uploads\/2024\/08\/19.png\" alt=\"\" width=\"800\" height=\"800\" srcset=\"https:\/\/phukienphattai.com\/wp-content\/uploads\/2024\/08\/19.png 800w, https:\/\/phukienphattai.com\/wp-content\/uploads\/2024\/08\/19-300x300.png 300w, https:\/\/phukienphattai.com\/wp-content\/uploads\/2024\/08\/19-150x150.png 150w, https:\/\/phukienphattai.com\/wp-content\/uploads\/2024\/08\/19-768x768.png 768w, https:\/\/phukienphattai.com\/wp-content\/uploads\/2024\/08\/19-400x400.png 400w, https:\/\/phukienphattai.com\/wp-content\/uploads\/2024\/08\/19-600x600.png 600w, https:\/\/phukienphattai.com\/wp-content\/uploads\/2024\/08\/19-100x100.png 100w\" sizes=\"(max-width: 800px) 100vw, 800px\" \/> <img loading=\"lazy\" decoding=\"async\" class=\"alignnone size-full wp-image-6920\" src=\"https:\/\/phukienphattai.com\/wp-content\/uploads\/2024\/08\/20.png\" alt=\"\" width=\"800\" height=\"800\" srcset=\"https:\/\/phukienphattai.com\/wp-content\/uploads\/2024\/08\/20.png 800w, https:\/\/phukienphattai.com\/wp-content\/uploads\/2024\/08\/20-300x300.png 300w, https:\/\/phukienphattai.com\/wp-content\/uploads\/2024\/08\/20-150x150.png 150w, https:\/\/phukienphattai.com\/wp-content\/uploads\/2024\/08\/20-768x768.png 768w, https:\/\/phukienphattai.com\/wp-content\/uploads\/2024\/08\/20-400x400.png 400w, https:\/\/phukienphattai.com\/wp-content\/uploads\/2024\/08\/20-600x600.png 600w, https:\/\/phukienphattai.com\/wp-content\/uploads\/2024\/08\/20-100x100.png 100w\" sizes=\"(max-width: 800px) 100vw, 800px\" \/><\/p>\n","protected":false},"excerpt":{"rendered":"<p>Quy c\u00e1ch: &#8211; In tr\u00ean ch\u1ea5t li\u1ec7u gi\u1ea5y carbonless, 4 m\u00e0u (CYMK), 1 m\u1eb7t &#8211; R\u0103ng c\u01b0a, \u0111\u00f3ng cu\u1ed1n th\u00e0nh ph\u1ea9m, b\u00eca kh\u00f4ng in ho\u1eb7c in theo m\u1eabu c\u00f3 s\u1eb5n (in b\u00eca ri\u00eang vui l\u00f2ng li\u00ean h\u1ec7 b\u00e1o gi\u00e1) &#8211; \u0110\u1ed1i v\u1edbi 1 li\u00ean: Tr\u1eafng (100 t\u1edd) &#8211; \u0110\u1ed1i v\u1edbi 2 li\u00ean: Tr\u1eafng \u0111\u1ea7u &#8211; &hellip; <\/p>\n","protected":false},"featured_media":6900,"comment_status":"open","ping_status":"closed","template":"","meta":[],"product_brand":[],"product_cat":[35],"product_tag":[],"class_list":{"0":"post-6896","1":"product","2":"type-product","3":"status-publish","4":"has-post-thumbnail","6":"product_cat-nhan-dien-thuong-hieu","7":"latest_post","9":"first","10":"outofstock","11":"shipping-taxable","12":"product-type-simple"},"_links":{"self":[{"href":"https:\/\/phukienphattai.com\/index.php?rest_route=\/wp\/v2\/product\/6896","targetHints":{"allow":["GET"]}}],"collection":[{"href":"https:\/\/phukienphattai.com\/index.php?rest_route=\/wp\/v2\/product"}],"about":[{"href":"https:\/\/phukienphattai.com\/index.php?rest_route=\/wp\/v2\/types\/product"}],"replies":[{"embeddable":true,"href":"https:\/\/phukienphattai.com\/index.php?rest_route=%2Fwp%2Fv2%2Fcomments&post=6896"}],"version-history":[{"count":6,"href":"https:\/\/phukienphattai.com\/index.php?rest_route=\/wp\/v2\/product\/6896\/revisions"}],"predecessor-version":[{"id":6925,"href":"https:\/\/phukienphattai.com\/index.php?rest_route=\/wp\/v2\/product\/6896\/revisions\/6925"}],"wp:featuredmedia":[{"embeddable":true,"href":"https:\/\/phukienphattai.com\/index.php?rest_route=\/wp\/v2\/media\/6900"}],"wp:attachment":[{"href":"https:\/\/phukienphattai.com\/index.php?rest_route=%2Fwp%2Fv2%2Fmedia&parent=6896"}],"wp:term":[{"taxonomy":"product_brand","embeddable":true,"href":"https:\/\/phukienphattai.com\/index.php?rest_route=%2Fwp%2Fv2%2Fproduct_brand&post=6896"},{"taxonomy":"product_cat","embeddable":true,"href":"https:\/\/phukienphattai.com\/index.php?rest_route=%2Fwp%2Fv2%2Fproduct_cat&post=6896"},{"taxonomy":"product_tag","embeddable":true,"href":"https:\/\/phukienphattai.com\/index.php?rest_route=%2Fwp%2Fv2%2Fproduct_tag&post=6896"}],"curies":[{"name":"wp","href":"https:\/\/api.w.org\/{rel}","templated":true}]}}